{"id":109466,"date":"2026-03-20T18:59:44","date_gmt":"2026-03-20T18:59:44","guid":{"rendered":"https:\/\/soydeaqui.ddns.net\/pachuca\/index.php\/producto\/kit-turbohd-1080p-dvr-16-canales-16-camaras-turret-con-audio-integrado-exterior-2-8-mm-transceptores-conectores-fuente-de-poder-profesional\/"},"modified":"2026-03-20T18:59:45","modified_gmt":"2026-03-20T18:59:45","slug":"kit-turbohd-1080p-dvr-16-canales-16-camaras-turret-con-audio-integrado-exterior-2-8-mm-transceptores-conectores-fuente-de-poder-profesional","status":"publish","type":"product","link":"https:\/\/soydeaqui.ddns.net\/pachuca\/index.php\/producto\/kit-turbohd-1080p-dvr-16-canales-16-camaras-turret-con-audio-integrado-exterior-2-8-mm-transceptores-conectores-fuente-de-poder-profesional\/","title":{"rendered":"KIT TurboHD 1080p \/ DVR 16 Canales \/ 16 C\u00e1maras Turret con Audio Integrado (Exterior 2.8 mm) \/ Transceptores \/ Conectores \/ Fuente de Poder Profesional"},"content":{"rendered":"<div style='width: 100%; max-width: 1200px; margin: 0 auto; font-family: sans-serif; line-height: 1.6; color: inherit; background-color: transparent;'>\n<div style='display: flex; flex-wrap: wrap; gap: 30px; margin-bottom: 30px;'>\n<div style='flex: 1 1 300px; min-width: 280px;'>\n<h3 style='font-size: 22px; border-bottom: 2px solid currentColor; padding-bottom: 5px; margin-top: 0; color: inherit; opacity: 0.8;'>Incluye<\/h3>\n<ul style='padding-left: 20px; font-size: 15px; color: inherit;'>\n<li style='margin-bottom: 5px;'><strong>1 x <\/strong><a href='https:\/\/www.syscom.mx\/producto\/IDS-7216HQHI-M1\/XT-HIKVISION-230034.html' target='_blank' rel='noopener' style='color: inherit; text-decoration: underline;'>IDS-7216HQHI-M1\/XT<\/a><\/li>\n<li style='margin-bottom: 5px;'><strong>16 x <\/strong><a href='https:\/\/www.syscom.mx\/producto\/DS-2CE76D0T-LMFS-HIKVISION-207844.html' target='_blank' rel='noopener' style='color: inherit; text-decoration: underline;'>DS-2CE76D0T-LMFS<\/a><\/li>\n<li style='margin-bottom: 5px;'><strong>16 x <\/strong><a href='https:\/\/www.syscom.mx\/producto\/DS-1H18S\/E(B)-HIKVISION-191206.html' target='_blank' rel='noopener' style='color: inherit; text-decoration: underline;'>DS-1H18S\/E(B)<\/a><\/li>\n<li style='margin-bottom: 5px;'><strong>16 x <\/strong><a href='https:\/\/www.syscom.mx\/producto\/JR-52-EPCOM-POWERLINE-38012.html' target='_blank' rel='noopener' style='color: inherit; text-decoration: underline;'>JR-52<\/a><\/li>\n<li style='margin-bottom: 5px;'><strong>1 x <\/strong><a href='https:\/\/www.syscom.mx\/producto\/XP18DC20HD-EPCOM-POWERLINE-139198.html' style='color: inherit; text-decoration: underline;'>XP18DC20HD<\/a><\/li>\n<li style='margin-bottom: 5px;'><strong>Garant\u00eda:<\/strong> 5 a\u00f1os<\/li>\n<\/ul><\/div>\n<\/p><\/div>\n<div style='display: flex; flex-wrap: wrap; gap: 20px; margin-bottom: 30px;'>\n<div style='flex: 1 1 300px; border: 1px solid rgba(150&comma; 150&comma; 150&comma; 0.4); border-radius: 8px; overflow: hidden; display: flex; flex-direction: column;'>\n<div style='padding: 15px; border-bottom: 1px solid rgba(150&comma; 150&comma; 150&comma; 0.2); font-weight: bold; font-size: 18px; color: inherit;'>IDS-7216HQHI-M1\/XT<\/div>\n<div style='padding: 15px; color: inherit;'> <img style='width: 100%; height: auto; border: 1px solid rgba(150&comma;150&comma;150&comma;0.3); border-radius: 8px;' src='https:\/\/ftp3.syscom.mx\/usuarios\/fotos\/BancoFotografiasSyscom\/HIKVISION\/IDS7216HQHIM1_S\/IDS7216HQHIM1_S-p.PNG' alt=''> <\/p>\n<ul style='padding-left: 20px; margin: 0; font-size: 14px; list-style-type: disc;'>\n<li style='margin-bottom: 5px;'>Soporta audio en todos sus canales por coaxitron utilizando c\u00e1maras con audio integrado <a href='https:\/\/www.syscom.mx\/principal\/promociones\/camaras_hikvision_-_audio_por_coaxitron-5013.html?ordenar=Relevancia&#038;pag=1' target='_blank' rel='noopener' style='color: inherit; text-decoration: underline;'>(ver modelos compatibles)<\/a><\/li>\n<li style='margin-bottom: 5px;'>Soporta audio bidireccional con modelos compatibles.<\/li>\n<li style='margin-bottom: 5px;'>Soporta 5MP lite.<\/li>\n<li style='margin-bottom: 5px;'>Visualizaci\u00f3n remota desde HikConnect <a href='https:\/\/appstore.hikvision.com\/' target='_blank' rel='noopener' style='color: inherit; text-decoration: underline;'>(descargar aplicaci\u00f3n)<\/a><\/li>\n<li style='margin-bottom: 5px;'>Cuenta con b\u00fasquedas avanzadas de inteligencia artificial para detectar humanos y veh\u00edculos mucho m\u00e1s r\u00e1pido.<\/li>\n<\/ul><\/div>\n<\/p><\/div>\n<div style='flex: 1 1 300px; border: 1px solid rgba(150&comma; 150&comma; 150&comma; 0.4); border-radius: 8px; overflow: hidden; display: flex; flex-direction: column;'>\n<div style='padding: 15px; border-bottom: 1px solid rgba(150&comma; 150&comma; 150&comma; 0.2); font-weight: bold; font-size: 18px; color: inherit;'>DS-2CE76D0T-LMFS<\/div>\n<div style='padding: 15px; color: inherit;'> <img style='width: 100%; height: auto; border: 1px solid rgba(150&comma;150&comma;150&comma;0.3); border-radius: 8px;' src='https:\/\/ftp3.syscom.mx\/usuarios\/fotos\/BancoFotografiasSyscom\/HIKVISION\/DS2CE76D0TLMFS\/DS2CE76D0TLMFS-p.PNG' alt=''> <\/p>\n<ul style='padding-left: 20px; margin: 0; font-size: 14px; list-style-type: disc;'>\n<li style='margin-bottom: 5px;'>Lente fijo: 2.8 mm (\u00e1ngulo de apertura 106\u00b0).<\/li>\n<li style='margin-bottom: 5px;'>30 mts IR EXIR (visi\u00f3n nocturna).<\/li>\n<li style='margin-bottom: 5px;'>Soporta 4 tecnolog\u00edas seleccionables (TVI \/ AHD \/ CVI \/ CVBS).<\/li>\n<li style='margin-bottom: 5px;'>Audio por Coaxitron<\/li>\n<\/ul><\/div>\n<\/p><\/div>\n<div style='flex: 1 1 300px; border: 1px solid rgba(150&comma; 150&comma; 150&comma; 0.4); border-radius: 8px; overflow: hidden; display: flex; flex-direction: column;'>\n<div style='padding: 15px; border-bottom: 1px solid rgba(150&comma; 150&comma; 150&comma; 0.2); font-weight: bold; font-size: 18px; color: inherit;'>DS-1H18S\/E(B)<\/div>\n<div style='padding: 15px; color: inherit;'> <img style='width: 100%; height: auto; border: 1px solid rgba(150&comma;150&comma;150&comma;0.3); border-radius: 8px;' src='https:\/\/ftp3.syscom.mx\/usuarios\/fotos\/BancoFotografiasSyscom\/HIKVISION\/DS1H18S_E(B)\/DS1H18S_E(B)-p.PNG' alt=''> <\/p>\n<ul style='padding-left: 20px; margin: 0; font-size: 14px; list-style-type: disc;'>\n<li style='margin-bottom: 5px;'>Kit de transceptores pasivos TURBOHD<\/li>\n<li style='margin-bottom: 5px;'>Transmisi\u00f3n en tiempo real por cable UTP cat 5e\/6<\/li>\n<\/ul><\/div>\n<\/p><\/div>\n<div style='flex: 1 1 300px; border: 1px solid rgba(150&comma; 150&comma; 150&comma; 0.4); border-radius: 8px; overflow: hidden; display: flex; flex-direction: column;'>\n<div style='padding: 15px; border-bottom: 1px solid rgba(150&comma; 150&comma; 150&comma; 0.2); font-weight: bold; font-size: 18px; color: inherit;'>JR-52<\/div>\n<div style='padding: 15px; color: inherit;'> <img style='width: 100%; height: auto; border: 1px solid rgba(150&comma;150&comma;150&comma;0.3); border-radius: 8px;' src='https:\/\/ftp3.syscom.mx\/usuarios\/jsosa\/HIKVISION\/imagenes\/JR52%20copia.png' alt=''> <\/p>\n<ul style='padding-left: 20px; margin: 0; font-size: 14px; list-style-type: disc;'>\n<li style='margin-bottom: 5px;'>Terminales positivo-negativo tipo tornillo.<\/li>\n<li style='margin-bottom: 5px;'>Cable sugerido: calibre 18.<\/li>\n<\/ul><\/div>\n<\/p><\/div>\n<div style='flex: 1 1 300px; border: 1px solid rgba(150&comma; 150&comma; 150&comma; 0.4); border-radius: 8px; overflow: hidden; display: flex; flex-direction: column;'>\n<div style='padding: 15px; border-bottom: 1px solid rgba(150&comma; 150&comma; 150&comma; 0.2); font-weight: bold; font-size: 18px; color: inherit;'>XP18DC20HD<\/div>\n<div style='padding: 15px; color: inherit;'> <img style='width: 100%; height: auto; border: 1px solid rgba(150&comma;150&comma;150&comma;0.3); border-radius: 8px;' src='https:\/\/ftp3.syscom.mx\/cdn-cgi\/image\/format=webp&comma;width=800&comma;height=800&comma;quality=95&comma;fit=contain\/usuarios\/fotos\/BancoFotografiasSyscom\/EPCOMPOWERLINE\/XP18DC20HD\/XP18DC20HD-l.PNG' alt=''> <\/p>\n<ul style='padding-left: 20px; margin: 0; font-size: 14px; list-style-type: disc;'>\n<li style='margin-bottom: 5px;'>Fuente de poder alto desempe\u00f1o y con potenci\u00f3metro para regular la corriente entre 11 &#8211; 15Vcc&comma; 20A \/ 18 Canales<\/li>\n<li style='margin-bottom: 5px;'>OVP (Over Voltaje Protection): Protecci\u00f3n contra Sobretensi\u00f3n | OCP (Over Current Protection): Protecci\u00f3n contra Sobrecorriente | OTP (Over Temperature Protection): Protecci\u00f3n contra Sobretemperatura | SCP (Short Circuit Protection): Protecci\u00f3n contra Cortocircuito<\/li>\n<li style='margin-bottom: 5px;'>M\u00e1s informaci\u00f3n <a href='https:\/\/www.syscom.mx\/producto\/XP18DC20HD-EPCOM-POWERLINE-139198.html' style='color: inherit; text-decoration: underline;'>aqu\u00ed<\/a><\/li>\n<\/ul><\/div>\n<\/p><\/div>\n<\/p><\/div>\n<hr style='border: 0; border-top: 1px solid rgba(150&comma; 150&comma; 150&comma; 0.3); margin: 30px 0;'>\n<div style='text-align: center; margin: 30px 0;'> <img style='width: 100%; max-width: 600px; height: auto; border: 1px solid rgba(150&comma;150&comma;150&comma;0.3); border-radius: 8px;' src='https:\/\/ftp3.syscom.mx\/usuarios\/jsosa\/HIKVISION\/imagenes\/banners\/solution%20complete.png' alt=''> <\/div>\n<\/p><\/div>\n","protected":false},"excerpt":{"rendered":"<p>KIT TurboHD 1080p \/ DVR 16 Canales \/ 16 C\u00e1maras Turret con Audio Integrado (Exterior 2.8 mm) \/ Transceptores \/ Conectores \/ Fuente de Poder Profesional<\/p>\n","protected":false},"featured_media":109465,"comment_status":"open","ping_status":"closed","template":"","meta":[],"product_brand":[],"product_cat":[2246],"product_tag":[54,2232,2247],"class_list":{"0":"post-109466","1":"product","2":"type-product","3":"status-publish","4":"has-post-thumbnail","6":"product_cat-turbohd-de-16-canales","7":"product_tag-hikvision","8":"product_tag-kits-sistemas-completos","9":"product_tag-turbohd-de-16-canales","11":"first","12":"instock","13":"sale","14":"shipping-taxable","15":"purchasable","16":"product-type-simple"},"_links":{"self":[{"href":"https:\/\/soydeaqui.ddns.net\/pachuca\/index.php\/wp-json\/wp\/v2\/product\/109466","targetHints":{"allow":["GET"]}}],"collection":[{"href":"https:\/\/soydeaqui.ddns.net\/pachuca\/index.php\/wp-json\/wp\/v2\/product"}],"about":[{"href":"https:\/\/soydeaqui.ddns.net\/pachuca\/index.php\/wp-json\/wp\/v2\/types\/product"}],"replies":[{"embeddable":true,"href":"https:\/\/soydeaqui.ddns.net\/pachuca\/index.php\/wp-json\/wp\/v2\/comments?post=109466"}],"wp:featuredmedia":[{"embeddable":true,"href":"https:\/\/soydeaqui.ddns.net\/pachuca\/index.php\/wp-json\/wp\/v2\/media\/109465"}],"wp:attachment":[{"href":"https:\/\/soydeaqui.ddns.net\/pachuca\/index.php\/wp-json\/wp\/v2\/media?parent=109466"}],"wp:term":[{"taxonomy":"product_brand","embeddable":true,"href":"https:\/\/soydeaqui.ddns.net\/pachuca\/index.php\/wp-json\/wp\/v2\/product_brand?post=109466"},{"taxonomy":"product_cat","embeddable":true,"href":"https:\/\/soydeaqui.ddns.net\/pachuca\/index.php\/wp-json\/wp\/v2\/product_cat?post=109466"},{"taxonomy":"product_tag","embeddable":true,"href":"https:\/\/soydeaqui.ddns.net\/pachuca\/index.php\/wp-json\/wp\/v2\/product_tag?post=109466"}],"curies":[{"name":"wp","href":"https:\/\/api.w.org\/{rel}","templated":true}]}}