{"id":109436,"date":"2026-03-20T18:56:53","date_gmt":"2026-03-20T18:56:53","guid":{"rendered":"https:\/\/soydeaqui.ddns.net\/pachuca\/index.php\/producto\/modulo-con-lector-de-tarjetas-em-para-frente-de-calle-ip-modular\/"},"modified":"2026-03-20T18:57:09","modified_gmt":"2026-03-20T18:57:09","slug":"modulo-con-lector-de-tarjetas-em-para-frente-de-calle-ip-modular","status":"publish","type":"product","link":"https:\/\/soydeaqui.ddns.net\/pachuca\/index.php\/producto\/modulo-con-lector-de-tarjetas-em-para-frente-de-calle-ip-modular\/","title":{"rendered":"Modulo con Lector de Tarjetas EM para Frente de Calle IP Modular"},"content":{"rendered":"<div style='width: 100%; max-width: 1200px; margin: 0 auto; font-family: sans-serif; line-height: 1.6; color: inherit; background-color: transparent;'> <!-- Imagen principal --> <\/p>\n<div style='margin-bottom: 30px;'> <a href='#link' target='_blank' rel='noopener'> <img style='width: 100%; height: auto; border: 1px solid rgba(150&comma;150&comma;150&comma;0.3); border-radius: 8px;' src='https:\/\/ftp3.syscom.mx\/usuarios\/rcovarrubias\/videoporteros\/Videoporteros%20Banner-segunda-generacion-2.jpg' alt=''> <\/a> <\/div>\n<p> <!-- Videos de YouTube --> <\/p>\n<div style='display: flex; flex-wrap: wrap; gap: 20px; margin-bottom: 30px;'>\n<div style='flex: 1 1 300px; min-width: 280px; position: relative; padding-bottom: 56.25%; height: 0; overflow: hidden;'>   <\/div>\n<div style='flex: 1 1 300px; min-width: 280px; position: relative; padding-bottom: 56.25%; height: 0; overflow: hidden;'>   <\/div>\n<div style='flex: 1 1 300px; min-width: 280px; position: relative; padding-bottom: 56.25%; height: 0; overflow: hidden;'>   <\/div>\n<\/p><\/div>\n<p> <!-- Secci\u00f3n de caracter\u00edsticas --> <\/p>\n<div style='display: flex; flex-wrap: wrap; gap: 30px; margin-bottom: 30px;'>\n<div style='flex: 1 1 300px; min-width: 280px;'>\n<h3 style='font-size: 22px; border-bottom: 2px solid currentColor; padding-bottom: 5px; margin-top: 0; color: inherit; opacity: 0.8;'>Caracter\u00edsticas del Frente de calle Multiapartamento DSKDE<\/h3>\n<ul style='padding-left: 20px; font-size: 15px; color: inherit;'>\n<li style='margin-bottom: 5px;'>Funci\u00f3n de TV Portero.<\/li>\n<li style='margin-bottom: 5px;'>Lector de Tarjetas EM.<\/li>\n<li style='margin-bottom: 5px;'>Compatibe con montaje empotrado o en superficie.<\/li>\n<li style='margin-bottom: 5px;'>Soporta hasta 10&comma;000 Tarjetas EM.<\/li>\n<li style='margin-bottom: 5px;'>Configurable mediante iVMS4200.<\/li>\n<\/ul><\/div>\n<div style='flex: 1 1 300px; min-width: 280px;'>\n<h3 style='font-size: 22px; border-bottom: 2px solid currentColor; padding-bottom: 5px; margin-top: 0; color: inherit; opacity: 0.8;'>Caracter\u00edsticas F\u00edsicas y El\u00e9ctricas<\/h3>\n<ul style='padding-left: 20px; font-size: 15px; color: inherit;'>\n<li style='margin-bottom: 5px;'>Alimentaci\u00f3n mediante el m\u00f3dulo <strong style='color: inherit;'>DS-KD8003-IME1<\/strong><\/li>\n<li style='margin-bottom: 5px;'>Consumo el\u00e9ctrico: 2 W<\/li>\n<li style='margin-bottom: 5px;'>Nivel de protecci\u00f3n: IP65<\/li>\n<li style='margin-bottom: 5px;'>Material: Pl\u00e1stico.<\/li>\n<li style='margin-bottom: 5px;'>Temperatura de operaci\u00f3n: -40\u00b0 C a +60\u00b0 C (-40\u00b0 F a 140\u00b0 F)<\/li>\n<li style='margin-bottom: 5px;'>Dimensiones: 98.5 mm \u00d7 100 mm \u00d7 33.7 mm (3.87&#8242; \u00d7 3.95&#8242; \u00d7 1.33&#8242;)<\/li>\n<\/ul><\/div>\n<div style='flex: 1 1 300px; min-width: 280px;'>\n<h3 style='font-size: 22px; border-bottom: 2px solid currentColor; padding-bottom: 5px; margin-top: 0; color: inherit; opacity: 0.8;'>Caracter\u00edsticas Destacadas<\/h3>\n<ul style='padding-left: 20px; font-size: 15px; color: inherit;'>\n<li style='margin-bottom: 5px;'>M\u00f3dulo para apertura con tarjeta EM.<\/li>\n<li style='margin-bottom: 5px;'>Se conecta en cascada para alimentaci\u00f3n y\/o datos al m\u00f3dulo principal <strong style='color: inherit;'>DS-KD8003-IME1<\/strong> o a cualquier subm\u00f3dulo adicional<\/li>\n<li style='margin-bottom: 5px; list-style-type: none;'><a href='https:\/\/www.syscom.mx\/producto\/DS-KD-KK-HIKVISION-168343.html' style='color: inherit; text-decoration: none;'><strong style='color: inherit;'>DS-KD-KK<\/strong><\/a>&comma; <a href='https:\/\/www.syscom.mx\/producto\/DS-KD-KP-HIKVISION-168342.html' style='color: inherit; text-decoration: none;'><strong style='color: inherit;'>DS-KD-KP<\/strong><\/a>&comma; <a href='https:\/\/www.syscom.mx\/producto\/DSKDIN-HIKVISION-170770.html' style='color: inherit; text-decoration: none;'><strong style='color: inherit;'>DSKDIN<\/strong><\/a>&comma; <a href='https:\/\/www.syscom.mx\/producto\/DSKDE-HIKVISION-170769.html' style='color: inherit; text-decoration: none;'><strong style='color: inherit;'>DSKDE<\/strong><\/a><\/li>\n<li style='margin-bottom: 5px;'>Compatible con monitores: <a href='https:\/\/www.syscom.mx\/producto\/DS-KH6320-WTE1-HIKVISION-170761.html' style='color: inherit; text-decoration: none;'><strong style='color: inherit;'>DS-KH6320-WTE1<\/strong><\/a>&comma; <a href='https:\/\/www.syscom.mx\/producto\/DS-KH8350-WTE1-HIKVISION-171042.html' style='color: inherit; text-decoration: none;'><strong style='color: inherit;'>DS-KH8350-WTE1<\/strong><\/a>&comma; <a href='https:\/\/www.syscom.mx\/producto\/DS-KH8520-WTE1-HIKVISION-170927.html' style='color: inherit; text-decoration: none;'><strong style='color: inherit;'>DS-KH8520-WTE1<\/strong><\/a>&comma; <a href='https:\/\/www.syscom.mx\/producto\/DS-KH6320-TE1-HIKVISION-170392.html' style='color: inherit; text-decoration: none;'><strong style='color: inherit;'>DS-KH6320-TE1<\/strong><\/a><\/li>\n<\/ul><\/div>\n<\/p><\/div>\n<p> <!-- Consideraciones --> <\/p>\n<div style='margin-bottom: 30px;'>\n<div style='border-left: 5px solid #0091ff; border-radius: 8px; padding: 15px; border: 1px solid rgba(150&comma;150&comma;150&comma;0.3);'>\n<h3 style='margin-top: 0; font-size: 18px; color: inherit; opacity: 0.8;'>Consideraciones<\/h3>\n<ul style='padding-left: 20px; font-size: 15px; color: inherit;'>\n<li> <\/li>\n<\/ul><\/div>\n<\/p><\/div>\n<p> <!-- Imagen de Videoportero --> <\/p>\n<div style='margin-bottom: 30px;'> <img style='width: 100%; height: auto; border: 1px solid rgba(150&comma;150&comma;150&comma;0.3); border-radius: 8px;' src='https:\/\/ftp3.syscom.mx\/usuarios\/rcovarrubias\/videoporteros\/Videoportero%202daG.png' alt=''> <\/div>\n<p> <!-- Diagrama de conexi\u00f3n --> <\/p>\n<h2 style='font-size: 24px; margin-bottom: 20px; color: inherit; opacity: 0.8;'>Diagrama de conexi\u00f3n:<\/h2>\n<div style='margin-bottom: 30px;'> <img style='width: 100%; height: auto; border: 1px solid rgba(150&comma;150&comma;150&comma;0.3); border-radius: 8px;' src='https:\/\/ftp3.syscom.mx\/usuarios\/rcovarrubias\/videoporteros\/diagramas%20de%20conexion\/Diagrama%20Modular%203%20Mod.jpg' alt=''> <\/div>\n<p> <!-- Recursos --> <\/p>\n<h1 style='font-size: 28px; text-align: center; margin-bottom: 30px; color: inherit; opacity: 0.8;'>Recursos<\/h1>\n<div style='display: flex; flex-wrap: wrap; gap: 20px; margin-bottom: 30px;'>\n<div style='flex: 1 1 250px; min-width: 200px;'> <a href='https:\/\/www.hikvision.com\/es-la\/support\/download\/software\/ivms4200-series\/?q=serie%20ivms4200&#038;position=1' target='_blank' rel='noopener' style='text-decoration: none; color: inherit;'> <img style='width: 100%; height: auto; border: 1px solid rgba(150&comma;150&comma;150&comma;0.3); border-radius: 8px;' src='https:\/\/ftp3.syscom.mx\/usuarios\/gmagos\/HIK\/IP\/IPC\/Imagenes%20pagina\/Descargas%20IVMS4200.jpg' alt=''> <\/a> <\/div>\n<div style='flex: 1 1 250px; min-width: 200px;'> <a href='https:\/\/appstore.hikvision.com\/' target='_blank' rel='noopener' style='text-decoration: none; color: inherit;'> <img style='width: 100%; height: auto; border: 1px solid rgba(150&comma;150&comma;150&comma;0.3); border-radius: 8px;' src='https:\/\/ftp3.syscom.mx\/usuarios\/gmagos\/HIK\/IP\/IPC\/Imagenes%20pagina\/Descargas%20de%20app.jpg' alt=''> <\/a> <\/div>\n<div style='flex: 1 1 250px; min-width: 200px;'> <a href='https:\/\/ftp3.syscom.mx\/usuarios\/ftp\/2019\/07\/12\/9d56a\/DS-KD-M(E)_Card%20Reader%20Module%20datasheet_V1.0_20190128.pdf' target='_blank' rel='noopener' style='text-decoration: none; color: inherit;'> <img style='width: 100%; height: auto; border: 1px solid rgba(150&comma;150&comma;150&comma;0.3); border-radius: 8px;' src='https:\/\/ftp3.syscom.mx\/usuarios\/gmagos\/HIK\/IP\/IPC\/Imagenes%20pagina\/Descarga%20de%20PDF.jpg' alt=''> <\/a> <\/div>\n<\/p><\/div>\n<\/p><\/div>\n","protected":false},"excerpt":{"rendered":"<p>Modulo con Lector de Tarjetas EM para Frente de Calle IP Modular<\/p>\n","protected":false},"featured_media":109435,"comment_status":"open","ping_status":"closed","template":"","meta":[],"product_brand":[],"product_cat":[856],"product_tag":[54,557,857],"class_list":{"0":"post-109436","1":"product","2":"type-product","3":"status-publish","4":"has-post-thumbnail","6":"product_cat-videoporteros-ip","7":"product_tag-hikvision","8":"product_tag-videoporteros-e-interfonos","9":"product_tag-videoporteros-ip","11":"first","12":"instock","13":"sale","14":"shipping-taxable","15":"purchasable","16":"product-type-simple"},"_links":{"self":[{"href":"https:\/\/soydeaqui.ddns.net\/pachuca\/index.php\/wp-json\/wp\/v2\/product\/109436","targetHints":{"allow":["GET"]}}],"collection":[{"href":"https:\/\/soydeaqui.ddns.net\/pachuca\/index.php\/wp-json\/wp\/v2\/product"}],"about":[{"href":"https:\/\/soydeaqui.ddns.net\/pachuca\/index.php\/wp-json\/wp\/v2\/types\/product"}],"replies":[{"embeddable":true,"href":"https:\/\/soydeaqui.ddns.net\/pachuca\/index.php\/wp-json\/wp\/v2\/comments?post=109436"}],"wp:featuredmedia":[{"embeddable":true,"href":"https:\/\/soydeaqui.ddns.net\/pachuca\/index.php\/wp-json\/wp\/v2\/media\/109435"}],"wp:attachment":[{"href":"https:\/\/soydeaqui.ddns.net\/pachuca\/index.php\/wp-json\/wp\/v2\/media?parent=109436"}],"wp:term":[{"taxonomy":"product_brand","embeddable":true,"href":"https:\/\/soydeaqui.ddns.net\/pachuca\/index.php\/wp-json\/wp\/v2\/product_brand?post=109436"},{"taxonomy":"product_cat","embeddable":true,"href":"https:\/\/soydeaqui.ddns.net\/pachuca\/index.php\/wp-json\/wp\/v2\/product_cat?post=109436"},{"taxonomy":"product_tag","embeddable":true,"href":"https:\/\/soydeaqui.ddns.net\/pachuca\/index.php\/wp-json\/wp\/v2\/product_tag?post=109436"}],"curies":[{"name":"wp","href":"https:\/\/api.w.org\/{rel}","templated":true}]}}