{"id":109434,"date":"2026-03-20T18:56:47","date_gmt":"2026-03-20T18:56:47","guid":{"rendered":"https:\/\/soydeaqui.ddns.net\/pachuca\/index.php\/producto\/modulo-de-tapa-ciega-para-videoportero-modular\/"},"modified":"2026-03-20T18:56:49","modified_gmt":"2026-03-20T18:56:49","slug":"modulo-de-tapa-ciega-para-videoportero-modular","status":"publish","type":"product","link":"https:\/\/soydeaqui.ddns.net\/pachuca\/index.php\/producto\/modulo-de-tapa-ciega-para-videoportero-modular\/","title":{"rendered":"Modulo de Tapa Ciega para Videoportero Modular"},"content":{"rendered":"<div style='width: 100%; max-width: 1200px; margin: 0 auto; font-family: sans-serif; line-height: 1.6; color: inherit; background-color: transparent;'> <!-- Imagen principal --> <\/p>\n<div style='margin-bottom: 30px;'> <a href='#link' target='_blank' rel='noopener' style='display: block;'> <img style='width: 100%; height: auto; border: 1px solid rgba(150&comma;150&comma;150&comma;0.3); border-radius: 8px;' src='https:\/\/ftp3.syscom.mx\/usuarios\/rcovarrubias\/videoporteros\/Videoporteros%20Banner-segunda-generacion-2.jpg' alt=''> <\/a> <\/div>\n<p> <!-- Videos --> <\/p>\n<div style='display: flex; flex-wrap: wrap; gap: 30px; margin-bottom: 30px;'>\n<div style='flex: 1 1 300px; min-width: 280px;'>\n<div style='position: relative; padding-bottom: 56.25%; height: 0; overflow: hidden;'>   <\/div>\n<\/p><\/div>\n<div style='flex: 1 1 300px; min-width: 280px;'>\n<div style='position: relative; padding-bottom: 56.25%; height: 0; overflow: hidden;'>   <\/div>\n<\/p><\/div>\n<div style='flex: 1 1 300px; min-width: 280px;'>\n<div style='position: relative; padding-bottom: 56.25%; height: 0; overflow: hidden;'>   <\/div>\n<\/p><\/div>\n<\/p><\/div>\n<p> <!-- Caracter\u00edsticas --> <\/p>\n<div style='display: flex; flex-wrap: wrap; gap: 30px; margin-bottom: 30px;'>\n<div style='flex: 1 1 300px; min-width: 280px;'>\n<div style='border-left: 5px solid #0091ff; border-radius: 5px; padding: 5px; box-shadow: 2px 2px 10px rgba(216&comma;216&comma;216&comma;0.5);'> <strong style='color: inherit;'>Caracter\u00edsticas del M\u00f3dulo DS-KD-BK:<\/strong> <\/p>\n<ul style='padding-left: 20px; font-size: 15px; color: inherit; margin-top: 15px;'>\n<li style='margin-bottom: 5px; color: #222222; font-size: 16px; background-color: #f8f9fa;'>Este m\u00f3dulo est\u00e1 dise\u00f1ado para tapar un espacio de la base para dos 2 3 m\u00f3dulos para que no quede vacio.<\/li>\n<li style='margin-bottom: 5px; color: #222222; font-size: 16px; background-color: #f8f9fa;'>Puede reemplazarlo con otro m\u00f3dulo cuando lo necesite.<\/li>\n<li style='margin-top: 15px;'>\n<h5 style='margin: 0;'> <span style='color: #222222; font-size: 16px; background-color: #f8f9fa;'>Recomendado para las bases de 2 o 3 espacios&comma; modelos <\/span> <span style='color: #e74c3c; font-size: 10pt;'> <strong> <a style='color: #e74c3c; font-weight: 600; text-decoration: none; background-color: #ffffff;' href='https:\/\/www.syscom.mx\/producto\/DS-KD-ACF2-HIKVISION-171131.html'>DS-KD-ACF2<\/a> <a style='color: #e74c3c; font-weight: 600; text-decoration: none; background-color: #ffffff;' href='https:\/\/www.syscom.mx\/producto\/DS-KD-ACF2-HIKVISION-171131.html'>&comma; <\/a> <a style='color: #e74c3c; font-weight: 600; text-decoration: none;' href='https:\/\/www.syscom.mx\/producto\/DS-KD-ACF2-HIKVISION-171131.html'>DS-KD-ACF3&comma; <\/a> <a style='color: #e74c3c; font-weight: 600; text-decoration: none;' href='https:\/\/www.syscom.mx\/producto\/DS-KD-ACW2-HIKVISION-169983.html'>DS-KD-ACW2&comma; <\/a> <a style='color: #e74c3c; font-weight: 600; text-decoration: none;' href='https:\/\/www.syscom.mx\/producto\/DS-KD-ACW3-HIKVISION-168344.html'>DS-KD-ACW3<\/a> <\/strong> <\/span> <\/h5>\n<\/li>\n<\/ul><\/div>\n<\/p><\/div>\n<div style='flex: 1 1 300px; min-width: 280px;'> <!-- Espacio vac\u00edo original --> <\/div>\n<\/p><\/div>\n<p> <!-- Separador --> <\/p>\n<hr style='border: 0; border-top: 1px solid rgba(150&comma; 150&comma; 150&comma; 0.3); margin: 30px 0;'> <\/div>\n","protected":false},"excerpt":{"rendered":"<p>Modulo de Tapa Ciega para Videoportero Modular<\/p>\n","protected":false},"featured_media":109433,"comment_status":"open","ping_status":"closed","template":"","meta":[],"product_brand":[],"product_cat":[856],"product_tag":[54,557,857],"class_list":{"0":"post-109434","1":"product","2":"type-product","3":"status-publish","4":"has-post-thumbnail","6":"product_cat-videoporteros-ip","7":"product_tag-hikvision","8":"product_tag-videoporteros-e-interfonos","9":"product_tag-videoporteros-ip","11":"first","12":"instock","13":"sale","14":"shipping-taxable","15":"purchasable","16":"product-type-simple"},"_links":{"self":[{"href":"https:\/\/soydeaqui.ddns.net\/pachuca\/index.php\/wp-json\/wp\/v2\/product\/109434","targetHints":{"allow":["GET"]}}],"collection":[{"href":"https:\/\/soydeaqui.ddns.net\/pachuca\/index.php\/wp-json\/wp\/v2\/product"}],"about":[{"href":"https:\/\/soydeaqui.ddns.net\/pachuca\/index.php\/wp-json\/wp\/v2\/types\/product"}],"replies":[{"embeddable":true,"href":"https:\/\/soydeaqui.ddns.net\/pachuca\/index.php\/wp-json\/wp\/v2\/comments?post=109434"}],"wp:featuredmedia":[{"embeddable":true,"href":"https:\/\/soydeaqui.ddns.net\/pachuca\/index.php\/wp-json\/wp\/v2\/media\/109433"}],"wp:attachment":[{"href":"https:\/\/soydeaqui.ddns.net\/pachuca\/index.php\/wp-json\/wp\/v2\/media?parent=109434"}],"wp:term":[{"taxonomy":"product_brand","embeddable":true,"href":"https:\/\/soydeaqui.ddns.net\/pachuca\/index.php\/wp-json\/wp\/v2\/product_brand?post=109434"},{"taxonomy":"product_cat","embeddable":true,"href":"https:\/\/soydeaqui.ddns.net\/pachuca\/index.php\/wp-json\/wp\/v2\/product_cat?post=109434"},{"taxonomy":"product_tag","embeddable":true,"href":"https:\/\/soydeaqui.ddns.net\/pachuca\/index.php\/wp-json\/wp\/v2\/product_tag?post=109434"}],"curies":[{"name":"wp","href":"https:\/\/api.w.org\/{rel}","templated":true}]}}