{"id":109405,"date":"2026-03-20T18:55:08","date_gmt":"2026-03-20T18:55:08","guid":{"rendered":"https:\/\/soydeaqui.ddns.net\/pachuca\/index.php\/producto\/juego-de-herramientas-en-estuche-portatil-con-25-pzas-desarmadores-finos-pinzas-puntas-maneral\/"},"modified":"2026-03-20T18:55:21","modified_gmt":"2026-03-20T18:55:21","slug":"juego-de-herramientas-en-estuche-portatil-con-25-pzas-desarmadores-finos-pinzas-puntas-maneral","status":"publish","type":"product","link":"https:\/\/soydeaqui.ddns.net\/pachuca\/index.php\/producto\/juego-de-herramientas-en-estuche-portatil-con-25-pzas-desarmadores-finos-pinzas-puntas-maneral\/","title":{"rendered":"Juego de Herramientas en Estuche Port\u00e1til con 25 Pzas.  (Desarmadores Finos + Pinzas + Puntas + Maneral)."},"content":{"rendered":"<div style='width: 100%; max-width: 1200px; margin: 0 auto; font-family: sans-serif; line-height: 1.6; color: inherit; background-color: transparent;'> <!-- Logo --> <\/p>\n<div style='margin-bottom: 30px;'> <img style='width: 200px; height: auto; border: 1px solid rgba(150&comma;150&comma;150&comma;0.3); border-radius: 8px;' src='https:\/\/ftp3.syscom.mx\/usuarios\/fotos\/logotipos\/epcom_powerline.png' alt='Logo EPCOM POWERLINE'> <\/div>\n<p> <!-- T\u00edtulos --> <\/p>\n<div style='margin-bottom: 30px;'>\n<h3 style='font-size: 22px; margin-top: 0; margin-bottom: 10px; color: inherit;'>Juego de herramientas port\u00e1tiles con pr\u00e1ctico estuche tipo cartera<\/h3>\n<h3 style='font-size: 20px; margin-top: 0; margin-bottom: 10px; color: inherit; opacity: 0.8;'>Ideal para revisi\u00f3n r\u00e1pida de instalaciones el\u00e9ctricas en bajo voltaje<\/h3>\n<\/p><\/div>\n<p> <!-- Secci\u00f3n de contenido con flex --> <\/p>\n<div style='display: flex; flex-wrap: wrap; gap: 30px; margin-bottom: 30px;'>\n<div style='flex: 1 1 300px; min-width: 280px;'>\n<h3 style='font-size: 22px; border-bottom: 2px solid currentColor; padding-bottom: 5px; margin-top: 0; color: inherit; opacity: 0.8;'>Contenido del kit<\/h3>\n<ul style='padding-left: 20px; font-size: 15px; color: inherit;'>\n<li style='margin-bottom: 5px;'>Pinza de corte lateral de 5&#8242;<\/li>\n<li style='margin-bottom: 5px;'>Pinza de punta de 5&#8242; puntas largas<\/li>\n<li style='margin-bottom: 5px;'>Pinza de precisi\u00f3n<\/li>\n<li style='margin-bottom: 5px;'>4 Dados: 5mm&comma; 6mm&comma; 8mm y 10mm<\/li>\n<li style='margin-bottom: 5px;'>1 Desarmador intercambiable<\/li>\n<li style='margin-bottom: 5px;'>10 Puntas para desarmador:\n<ul style='padding-left: 20px; margin-top: 5px; margin-bottom: 5px;'>\n<li style='margin-bottom: 5px;'>T10&comma; T15&comma; T20&comma; Hex 5 mm&comma; #1.0&comma; #2.0&comma; #3.0&comma; (-) 4mm&comma; (-)5mm y (-) 6mm<\/li>\n<\/ul>\n<\/li>\n<li style='margin-bottom: 5px;'>1 Adaptador<\/li>\n<li style='margin-bottom: 5px;'>6 Desarmadores de precisi\u00f3n:\n<ul style='padding-left: 20px; margin-top: 5px; margin-bottom: 5px;'>\n<li style='margin-bottom: 5px;'>(-)1.4mm&comma; (-)1.8mm&comma; (-)2.4mm&comma; (+)2.4mm&comma; (-)3.0mm&comma; (+)3.0mm<\/li>\n<\/ul>\n<\/li>\n<li style='margin-bottom: 5px;'>1 Bolsa para las herramientas<\/li>\n<\/ul><\/div>\n<div style='flex: 1 1 300px; min-width: 280px;'>\n<h3 style='font-size: 22px; border-bottom: 2px solid currentColor; padding-bottom: 5px; margin-top: 0; color: inherit; opacity: 0.8;'>Caracter\u00edsticas principales<\/h3>\n<ul style='padding-left: 20px; font-size: 15px; color: inherit;'>\n<li style='margin-bottom: 5px;'>Estuche tipo cartera para f\u00e1cil transporte<\/li>\n<li style='margin-bottom: 5px;'>Pinza de corte lateral de 5 pulgadas<\/li>\n<li style='margin-bottom: 5px;'>Incluye 4 dados: 5-10 mm<\/li>\n<li style='margin-bottom: 5px;'>Desarmador intercambiable con 10 puntas<\/li>\n<li style='margin-bottom: 5px;'>6 desarmadores de precisi\u00f3n incluidos<\/li>\n<\/ul><\/div>\n<\/p><\/div>\n<p> <!-- Separador --> <\/p>\n<hr style='border: 0; border-top: 1px solid rgba(150&comma; 150&comma; 150&comma; 0.3); margin: 30px 0;'> <\/div>\n","protected":false},"excerpt":{"rendered":"<p>Juego de Herramientas en Estuche Port\u00e1til con 25 Pzas.  (Desarmadores Finos + Pinzas + Puntas + Maneral).<\/p>\n","protected":false},"featured_media":109404,"comment_status":"open","ping_status":"closed","template":"","meta":[],"product_brand":[],"product_cat":[130],"product_tag":[454,25,131],"class_list":{"0":"post-109405","1":"product","2":"type-product","3":"status-publish","4":"has-post-thumbnail","6":"product_cat-herramientas-electricas","7":"product_tag-epcom-powerline","8":"product_tag-herramientas","9":"product_tag-herramientas-electricas","11":"first","12":"instock","13":"sale","14":"shipping-taxable","15":"purchasable","16":"product-type-simple"},"_links":{"self":[{"href":"https:\/\/soydeaqui.ddns.net\/pachuca\/index.php\/wp-json\/wp\/v2\/product\/109405","targetHints":{"allow":["GET"]}}],"collection":[{"href":"https:\/\/soydeaqui.ddns.net\/pachuca\/index.php\/wp-json\/wp\/v2\/product"}],"about":[{"href":"https:\/\/soydeaqui.ddns.net\/pachuca\/index.php\/wp-json\/wp\/v2\/types\/product"}],"replies":[{"embeddable":true,"href":"https:\/\/soydeaqui.ddns.net\/pachuca\/index.php\/wp-json\/wp\/v2\/comments?post=109405"}],"wp:featuredmedia":[{"embeddable":true,"href":"https:\/\/soydeaqui.ddns.net\/pachuca\/index.php\/wp-json\/wp\/v2\/media\/109404"}],"wp:attachment":[{"href":"https:\/\/soydeaqui.ddns.net\/pachuca\/index.php\/wp-json\/wp\/v2\/media?parent=109405"}],"wp:term":[{"taxonomy":"product_brand","embeddable":true,"href":"https:\/\/soydeaqui.ddns.net\/pachuca\/index.php\/wp-json\/wp\/v2\/product_brand?post=109405"},{"taxonomy":"product_cat","embeddable":true,"href":"https:\/\/soydeaqui.ddns.net\/pachuca\/index.php\/wp-json\/wp\/v2\/product_cat?post=109405"},{"taxonomy":"product_tag","embeddable":true,"href":"https:\/\/soydeaqui.ddns.net\/pachuca\/index.php\/wp-json\/wp\/v2\/product_tag?post=109405"}],"curies":[{"name":"wp","href":"https:\/\/api.w.org\/{rel}","templated":true}]}}