{"id":109317,"date":"2026-03-20T18:50:41","date_gmt":"2026-03-20T18:50:41","guid":{"rendered":"https:\/\/soydeaqui.ddns.net\/pachuca\/index.php\/producto\/carrete-de-fibra-ptica-monomodo-con-conectores-lc-lc-duplex-reforzada-con-kevlar-de-300-metros-984-25-pies-para-instalaciones-subterrneas-por-tubera\/"},"modified":"2026-03-20T18:50:42","modified_gmt":"2026-03-20T18:50:42","slug":"carrete-de-fibra-ptica-monomodo-con-conectores-lc-lc-duplex-reforzada-con-kevlar-de-300-metros-984-25-pies-para-instalaciones-subterrneas-por-tubera","status":"publish","type":"product","link":"https:\/\/soydeaqui.ddns.net\/pachuca\/index.php\/producto\/carrete-de-fibra-ptica-monomodo-con-conectores-lc-lc-duplex-reforzada-con-kevlar-de-300-metros-984-25-pies-para-instalaciones-subterrneas-por-tubera\/","title":{"rendered":"Carrete de Fibra ?ptica Monomodo con Conectores LC-LC Duplex, Reforzada con Kevlar, de 300 Metros (984.25 Pies), Para Instalaciones Subterr?neas por Tuber?a"},"content":{"rendered":"<div style='width: 100%; max-width: 1200px; margin: 0 auto; font-family: sans-serif; line-height: 1.6; color: inherit; background-color: transparent;'> <!-- Secci\u00f3n de caracter\u00edsticas principales --> <\/p>\n<div style='display: flex; flex-wrap: wrap; gap: 30px; margin-bottom: 30px;'>\n<div style='flex: 1 1 300px; min-width: 280px;'>\n<h3 style='font-size: 22px; border-bottom: 2px solid currentColor; padding-bottom: 5px; margin-top: 0; color: inherit; opacity: 0.8;'>Caracter\u00edsticas Principales<\/h3>\n<ul style='padding-left: 20px; font-size: 15px; color: inherit;'>\n<li style='margin-bottom: 5px;'>Conexiones mec\u00e1nicas para f\u00e1cil instalaci\u00f3n<\/li>\n<li style='margin-bottom: 5px;'>Fibra monomodo 9\/125 para transmisi\u00f3n precisa<\/li>\n<li style='margin-bottom: 5px;'>Conectores LC\/LC d\u00faplex para alta compatibilidad<\/li>\n<li style='margin-bottom: 5px;'>Carrete de 300 metros para largas distancias<\/li>\n<li style='margin-bottom: 5px;'>Tight Buffer para mayor protecci\u00f3n del cable<\/li>\n<\/ul><\/div>\n<\/p><\/div>\n<p> <!-- Secci\u00f3n de especificaciones t\u00e9cnicas --> <\/p>\n<div style='display: flex; flex-wrap: wrap; gap: 20px; margin-bottom: 30px;'>\n<div style='flex: 1 1 250px; border: 1px solid rgba(150&comma; 150&comma; 150&comma; 0.4); border-radius: 8px; overflow: hidden; display: flex; flex-direction: column;'>\n<div style='padding: 15px; border-bottom: 1px solid rgba(150&comma; 150&comma; 150&comma; 0.2); font-weight: bold; font-size: 18px; color: inherit;'>Especificaciones T\u00e9cnicas<\/div>\n<div style='padding: 15px; color: inherit;'>\n<ul style='padding-left: 20px; margin: 0; font-size: 14px; list-style-type: disc;'>\n<li style='margin-bottom: 5px;'><strong>Tipo de Fibra:<\/strong> Monomodo 9\/125<\/li>\n<li style='margin-bottom: 5px;'><strong>Conectores:<\/strong> LC-LC D\u00faplex<\/li>\n<li style='margin-bottom: 5px;'><strong>Longitud:<\/strong> 300 metros<\/li>\n<li style='margin-bottom: 5px;'><strong>Tipo de Buffer:<\/strong> Tight Buffer 900 \u03bcm<\/li>\n<li style='margin-bottom: 5px;'><strong>Est\u00e1ndar:<\/strong> G.652D<\/li>\n<li style='margin-bottom: 5px;'><strong>Color de hilos:<\/strong> Blanco y Amarillo<\/li>\n<li style='margin-bottom: 5px;'><strong>Di\u00e1metro Externo:<\/strong> 5.4 mm<\/li>\n<li style='margin-bottom: 5px;'><strong>Recubrimiento:<\/strong> HDPE de color negro<\/li>\n<li style='margin-bottom: 5px;'><strong>Atenuaci\u00f3n 1310 nm:<\/strong> \u2264 0.4 dB\/km<\/li>\n<li style='margin-bottom: 5px;'><strong>Atenuaci\u00f3n 1550 nm:<\/strong> \u2264 0.3 dB\/km<\/li>\n<li style='margin-bottom: 5px;'><strong>Rango de longitud de onda:<\/strong> 1310 \u2013 1550 nm<\/li>\n<\/ul><\/div>\n<\/p><\/div>\n<p> <!-- Secci\u00f3n de condiciones de operaci\u00f3n --> <\/p>\n<div style='flex: 1 1 250px; border: 1px solid rgba(150&comma; 150&comma; 150&comma; 0.4); border-radius: 8px; overflow: hidden; display: flex; flex-direction: column;'>\n<div style='padding: 15px; border-bottom: 1px solid rgba(150&comma; 150&comma; 150&comma; 0.2); font-weight: bold; font-size: 18px; color: inherit;'>Condiciones de Operaci\u00f3n<\/div>\n<div style='padding: 15px; color: inherit;'>\n<ul style='padding-left: 20px; margin: 0; font-size: 14px; list-style-type: disc;'>\n<li style='margin-bottom: 5px;'><strong>Temperatura de Operaci\u00f3n:<\/strong> -20\u00baC \uff5e +60\u00baC<\/li>\n<li style='margin-bottom: 5px;'><strong>Radio de curvatura (din\u00e1mico):<\/strong> 30 mm<\/li>\n<li style='margin-bottom: 5px;'><strong>Radio de curvatura (est\u00e1tico):<\/strong> 20 mm<\/li>\n<\/ul><\/div>\n<\/p><\/div>\n<p> <!-- Secci\u00f3n de aplicaciones --> <\/p>\n<div style='flex: 1 1 250px; border: 1px solid rgba(150&comma; 150&comma; 150&comma; 0.4); border-radius: 8px; overflow: hidden; display: flex; flex-direction: column;'>\n<div style='padding: 15px; border-bottom: 1px solid rgba(150&comma; 150&comma; 150&comma; 0.2); font-weight: bold; font-size: 18px; color: inherit;'>Aplicaciones<\/div>\n<div style='padding: 15px; color: inherit;'>\n<ul style='padding-left: 20px; margin: 0; font-size: 14px; list-style-type: disc;'>\n<li style='margin-bottom: 5px;'>Instalaciones subterr\u00e1neas por tuber\u00eda<\/li>\n<li style='margin-bottom: 5px;'>Redes de telecomunicaciones<\/li>\n<li style='margin-bottom: 5px;'>Conexiones punto a punto<\/li>\n<li style='margin-bottom: 5px;'>Redes LAN\/WAN<\/li>\n<\/ul><\/div>\n<\/p><\/div>\n<\/p><\/div>\n<p> <!-- Separador --> <\/p>\n<hr style='border: 0; border-top: 1px solid rgba(150&comma; 150&comma; 150&comma; 0.3); margin: 30px 0;'> <!-- Secci\u00f3n de informaci\u00f3n adicional --> <\/p>\n<div style='display: flex; flex-wrap: wrap; gap: 30px;'>\n<div style='flex: 1 1 300px; min-width: 280px;'>\n<h3 style='font-size: 22px; border-bottom: 2px solid currentColor; padding-bottom: 5px; margin-top: 0; color: inherit; opacity: 0.8;'>Informaci\u00f3n Adicional<\/h3>\n<ul style='padding-left: 20px; font-size: 15px; color: inherit;'>\n<li style='margin-bottom: 5px;'>Fibra \u00d3ptica Conectorizada con conexiones mec\u00e1nicas a prueba de agua sin necesidad de fusiones<\/li>\n<li style='margin-bottom: 5px;'>Hasta 4 uniones posibles (aplica para carretes con conectores SC)<\/li>\n<li style='margin-bottom: 5px;'>Acoplador EFUNION a prueba de agua (aplica para carretes con conectores SC)<\/li>\n<\/ul><\/div>\n<\/p><\/div>\n<\/p><\/div>\n","protected":false},"excerpt":{"rendered":"<p>Carrete de Fibra ?ptica Monomodo con Conectores LC-LC Duplex, Reforzada con Kevlar, de 300 Metros (984.25 Pies), Para Instalaciones Subterr?neas por Tuber?a<\/p>\n","protected":false},"featured_media":109316,"comment_status":"open","ping_status":"closed","template":"","meta":[],"product_brand":[],"product_cat":[625],"product_tag":[488,611,435],"class_list":{"0":"post-109317","1":"product","2":"type-product","3":"status-publish","4":"has-post-thumbnail","6":"product_cat-fibra-optica-cables-y-conectores","7":"product_tag-cables-y-conectores","8":"product_tag-fibra-optica","9":"product_tag-linkedpro-by-epcom","11":"first","12":"instock","13":"sale","14":"shipping-taxable","15":"purchasable","16":"product-type-simple"},"_links":{"self":[{"href":"https:\/\/soydeaqui.ddns.net\/pachuca\/index.php\/wp-json\/wp\/v2\/product\/109317","targetHints":{"allow":["GET"]}}],"collection":[{"href":"https:\/\/soydeaqui.ddns.net\/pachuca\/index.php\/wp-json\/wp\/v2\/product"}],"about":[{"href":"https:\/\/soydeaqui.ddns.net\/pachuca\/index.php\/wp-json\/wp\/v2\/types\/product"}],"replies":[{"embeddable":true,"href":"https:\/\/soydeaqui.ddns.net\/pachuca\/index.php\/wp-json\/wp\/v2\/comments?post=109317"}],"wp:featuredmedia":[{"embeddable":true,"href":"https:\/\/soydeaqui.ddns.net\/pachuca\/index.php\/wp-json\/wp\/v2\/media\/109316"}],"wp:attachment":[{"href":"https:\/\/soydeaqui.ddns.net\/pachuca\/index.php\/wp-json\/wp\/v2\/media?parent=109317"}],"wp:term":[{"taxonomy":"product_brand","embeddable":true,"href":"https:\/\/soydeaqui.ddns.net\/pachuca\/index.php\/wp-json\/wp\/v2\/product_brand?post=109317"},{"taxonomy":"product_cat","embeddable":true,"href":"https:\/\/soydeaqui.ddns.net\/pachuca\/index.php\/wp-json\/wp\/v2\/product_cat?post=109317"},{"taxonomy":"product_tag","embeddable":true,"href":"https:\/\/soydeaqui.ddns.net\/pachuca\/index.php\/wp-json\/wp\/v2\/product_tag?post=109317"}],"curies":[{"name":"wp","href":"https:\/\/api.w.org\/{rel}","templated":true}]}}