{"id":109257,"date":"2026-03-20T18:47:32","date_gmt":"2026-03-20T18:47:32","guid":{"rendered":"https:\/\/soydeaqui.ddns.net\/pachuca\/index.php\/producto\/video-portero-ip-2-lineas-sip-2-relevadores-lector-de-tarjeta-rfid-compatible-con-nvr-hikvision-por-onvif-con-boton-para-llamada-anti-vandalico-poe-ip65-e-ik10-poe\/"},"modified":"2026-03-20T18:47:45","modified_gmt":"2026-03-20T18:47:45","slug":"video-portero-ip-2-lineas-sip-2-relevadores-lector-de-tarjeta-rfid-compatible-con-nvr-hikvision-por-onvif-con-boton-para-llamada-anti-vandalico-poe-ip65-e-ik10-poe","status":"publish","type":"product","link":"https:\/\/soydeaqui.ddns.net\/pachuca\/index.php\/producto\/video-portero-ip-2-lineas-sip-2-relevadores-lector-de-tarjeta-rfid-compatible-con-nvr-hikvision-por-onvif-con-boton-para-llamada-anti-vandalico-poe-ip65-e-ik10-poe\/","title":{"rendered":"Video portero IP, 2 l\u00edneas SIP, 2 relevadores, lector de tarjeta RFID, Compatible con NVR Hikvision por Onvif, con bot\u00f3n para llamada, anti-vand\u00e1lico, PoE, IP65 e IK10, PoE"},"content":{"rendered":"<div style='width: 100%; max-width: 1200px; margin: 0 auto; font-family: sans-serif; line-height: 1.6; color: inherit; background-color: transparent;'>\n<div style='display: flex; flex-wrap: wrap; gap: 30px; margin-bottom: 30px;'>\n<div style='flex: 1 1 300px; min-width: 280px;'>\n<p style='font-size: 15px; color: inherit;'> El <strong>i32V<\/strong> Video portero SIP est\u00e1 dise\u00f1ado para implementaci\u00f3n al aire libre con alta confiabilidad&comma; HD Audio \/ Video y grado de protecci\u00f3n IP65 \/ IK10. Combina la seguridad&comma; el intercomunicador de audio \/ video y las funciones de transmisi\u00f3n&comma; y ofrece la mejor soluci\u00f3n de comunicaci\u00f3n para los usuarios. <\/p>\n<\/p><\/div>\n<\/p><\/div>\n<div style='display: flex; flex-wrap: wrap; gap: 20px; margin-bottom: 30px;'>\n<div style='flex: 1 1 250px; border: 1px solid rgba(150&comma; 150&comma; 150&comma; 0.4); border-radius: 8px; overflow: hidden; display: flex; flex-direction: column;'>\n<div style='padding: 15px; border-bottom: 1px solid rgba(150&comma; 150&comma; 150&comma; 0.2); font-weight: bold; font-size: 18px; color: inherit;'>Caracter\u00edsticas principales<\/div>\n<div style='padding: 15px; color: inherit;'>\n<ul style='padding-left: 20px; margin: 0; font-size: 14px; list-style-type: disc;'>\n<li style='margin-bottom: 5px;'>2 l\u00edneas SIP<\/li>\n<li style='margin-bottom: 5px;'>Compatible con NVR Hikvision por ONVIF<\/li>\n<li style='margin-bottom: 5px;'>C\u00e1mara HD incorporada con visi\u00f3n nocturna por infrarrojos&comma; adopta el c\u00f3dec H.264<\/li>\n<li style='margin-bottom: 5px;'>Lector de tarjeta RFID\/IC<\/li>\n<li style='margin-bottom: 5px;'>Soporta ONVIF<\/li>\n<li style='margin-bottom: 5px;'>Cancelador (AEC)<\/li>\n<li style='margin-bottom: 5px;'>IP65 a prueba de agua y polvo<\/li>\n<li style='margin-bottom: 5px;'>Anticolisi\u00f3n IK10 con marco robusto de fundici\u00f3n de aluminio<\/li>\n<li style='margin-bottom: 5px;'>Alarma contra manipulaci\u00f3n indebida siempre que la cubierta est\u00e9 separada de la carcasa&comma; y reportando al centro de control al mismo tiempo<\/li>\n<li style='margin-bottom: 5px;'>-40 \u00b0C a 70 \u00b0C amplia gama adaptabilidad a la temperatura<\/li>\n<li style='margin-bottom: 5px;'>Compatible con las principales plataformas: Asterisk&comma; Broadsoft&comma; 3CX&comma; Metaswitch&comma; Elastix&comma; Avaya etc.<\/li>\n<li style='margin-bottom: 5px;'><strong>Garant\u00eda:<\/strong> 1 a\u00f1o<\/li>\n<\/ul><\/div>\n<\/p><\/div>\n<div style='flex: 1 1 250px; border: 1px solid rgba(150&comma; 150&comma; 150&comma; 0.4); border-radius: 8px; overflow: hidden; display: flex; flex-direction: column;'>\n<div style='padding: 15px; border-bottom: 1px solid rgba(150&comma; 150&comma; 150&comma; 0.2); font-weight: bold; font-size: 18px; color: inherit;'>Caracter\u00edsticas F\u00edsicas y El\u00e9ctricas<\/div>\n<div style='padding: 15px; color: inherit;'>\n<ul style='padding-left: 20px; margin: 0; font-size: 14px; list-style-type: disc;'>\n<li style='margin-bottom: 5px;'><strong>Alimentaci\u00f3n:<\/strong> v\u00eda PoE 802.3af o 12Vcc&comma; 1.0A (fuente no incluida)<\/li>\n<li style='margin-bottom: 5px;'><strong>2 relevadores:<\/strong> Max DC 30V \/ 2A&comma; AC 125V \/ 0.5A<\/li>\n<li style='margin-bottom: 5px;'><strong>Montaje:<\/strong> en pared<\/li>\n<li style='margin-bottom: 5px;'><strong>Nivel de protecci\u00f3n:<\/strong> IP65 e IK10<\/li>\n<li style='margin-bottom: 5px;'><strong>Material:<\/strong> Aleaci\u00f3n de Aluminio<\/li>\n<li style='margin-bottom: 5px;'><strong>Temperatura de operaci\u00f3n:<\/strong> -40\u00ba ~ 70\u00ba C (-40\u00ba ~ 158\u00ba F)<\/li>\n<li style='margin-bottom: 5px;'><strong>Dimensiones:<\/strong> 260 \u00d7 165 \u00d7 62 mm<\/li>\n<li style='margin-bottom: 5px;'><strong>Puerto:<\/strong> 1 puerto RJ45<\/li>\n<li style='margin-bottom: 5px;'><strong>Peso:<\/strong> 1&comma;015g<\/li>\n<\/ul><\/div>\n<\/p><\/div>\n<div style='flex: 1 1 250px; border: 1px solid rgba(150&comma; 150&comma; 150&comma; 0.4); border-radius: 8px; overflow: hidden; display: flex; flex-direction: column;'>\n<div style='padding: 15px; border-bottom: 1px solid rgba(150&comma; 150&comma; 150&comma; 0.2); font-weight: bold; font-size: 18px; color: inherit;'>Caracter\u00edsticas de Video y Red<\/div>\n<div style='padding: 15px; color: inherit;'>\n<ul style='padding-left: 20px; margin: 0; font-size: 14px; list-style-type: disc;'>\n<li style='margin-bottom: 5px;'><strong>C\u00e1mara:<\/strong> 2 Megapixels<\/li>\n<li style='margin-bottom: 5px;'><strong>Codec de video:<\/strong> H.264<\/li>\n<li style='margin-bottom: 5px;'><strong>Resoluci\u00f3n:<\/strong> 1280 x 720@25fps y 704&#215;576(D1)@25fps<\/li>\n<li style='margin-bottom: 5px;'><strong>\u00c1ngulo:<\/strong> 112 (H) y 84 (V)<\/li>\n<li style='margin-bottom: 5px;'><strong>Puerto:<\/strong> 10\/100Mbps<\/li>\n<li style='margin-bottom: 5px;'><strong>VPN:<\/strong> L2TP\/Open VPN<\/li>\n<li style='margin-bottom: 5px;'><strong>VLAN:<\/strong> S\u00ed<\/li>\n<li style='margin-bottom: 5px;'><strong>QoS:<\/strong> S\u00ed<\/li>\n<\/ul><\/div>\n<\/p><\/div>\n<\/p><\/div>\n<hr style='border: 0; border-top: 1px solid rgba(150&comma; 150&comma; 150&comma; 0.3); margin: 30px 0;'>\n<div style='display: flex; flex-direction: column; gap: 30px; margin-bottom: 30px;'>\n<div>\n<h3 style='font-size: 22px; border-bottom: 2px solid currentColor; padding-bottom: 5px; margin-top: 0; color: inherit; opacity: 0.8;'>Topolog\u00eda de conexi\u00f3n sin conmutador IP<\/h3>\n<div style='margin-top: 15px;'> <img style='width: 100%; height: auto; border: 1px solid rgba(150&comma;150&comma;150&comma;0.3); border-radius: 8px;' src='https:\/\/ftp3.syscom.mx\/usuarios\/esanchez\/FANVIL\/i32v\/Captura%20de%20pantalla%202019-11-01%20a%20la%28s%29%2014.46.16.png' alt=''> <\/div>\n<div style='margin-top: 15px; font-size: 14px; color: inherit;'>\n<p style='margin: 0 0 10px 0;'>* Esta opci\u00f3n no permite contestar desde el celular.<\/p>\n<p style='margin: 0;'>* En esta opci\u00f3n no timbran simult\u00e1neamente&comma; timbran en orden.<\/p>\n<\/p><\/div>\n<\/p><\/div>\n<div>\n<h3 style='font-size: 22px; border-bottom: 2px solid currentColor; padding-bottom: 5px; margin-top: 0; color: inherit; opacity: 0.8;'>Topolog\u00eda de conexi\u00f3n con conmutador IP (IP-PBX)<\/h3>\n<div style='margin-top: 15px;'> <img style='width: 100%; height: auto; border: 1px solid rgba(150&comma;150&comma;150&comma;0.3); border-radius: 8px;' src='https:\/\/ftp3.syscom.mx\/usuarios\/esanchez\/FANVIL\/i32v\/Captura%20de%20pantalla%202019-11-01%20a%20la%28s%29%2014.45.38.png' alt=''> <\/div>\n<div style='margin-top: 15px; font-size: 14px; color: inherit;'>\n<p style='margin: 0 0 10px 0;'>* Esta opci\u00f3n permite contestar desde el celular por medio de alg\u00fan softphone registrado a cualquier conmutador IP.<\/p>\n<p style='margin: 0;'>* La capacidad de departamentos est\u00e1 en base al conmutador IP&comma; dependiendo cuantas extensiones soporte.<\/p>\n<\/p><\/div>\n<\/p><\/div>\n<\/p><\/div>\n<\/p><\/div>\n","protected":false},"excerpt":{"rendered":"<p>Video portero IP, 2 l\u00edneas SIP, 2 relevadores, lector de tarjeta RFID, Compatible con NVR Hikvision por Onvif, con bot\u00f3n para llamada, anti-vand\u00e1lico, PoE, IP65 e IK10, PoE<\/p>\n","protected":false},"featured_media":109256,"comment_status":"open","ping_status":"closed","template":"","meta":[],"product_brand":[],"product_cat":[856],"product_tag":[859,557,857],"class_list":{"0":"post-109257","1":"product","2":"type-product","3":"status-publish","4":"has-post-thumbnail","6":"product_cat-videoporteros-ip","7":"product_tag-fanvil","8":"product_tag-videoporteros-e-interfonos","9":"product_tag-videoporteros-ip","11":"first","12":"instock","13":"sale","14":"shipping-taxable","15":"purchasable","16":"product-type-simple"},"_links":{"self":[{"href":"https:\/\/soydeaqui.ddns.net\/pachuca\/index.php\/wp-json\/wp\/v2\/product\/109257","targetHints":{"allow":["GET"]}}],"collection":[{"href":"https:\/\/soydeaqui.ddns.net\/pachuca\/index.php\/wp-json\/wp\/v2\/product"}],"about":[{"href":"https:\/\/soydeaqui.ddns.net\/pachuca\/index.php\/wp-json\/wp\/v2\/types\/product"}],"replies":[{"embeddable":true,"href":"https:\/\/soydeaqui.ddns.net\/pachuca\/index.php\/wp-json\/wp\/v2\/comments?post=109257"}],"wp:featuredmedia":[{"embeddable":true,"href":"https:\/\/soydeaqui.ddns.net\/pachuca\/index.php\/wp-json\/wp\/v2\/media\/109256"}],"wp:attachment":[{"href":"https:\/\/soydeaqui.ddns.net\/pachuca\/index.php\/wp-json\/wp\/v2\/media?parent=109257"}],"wp:term":[{"taxonomy":"product_brand","embeddable":true,"href":"https:\/\/soydeaqui.ddns.net\/pachuca\/index.php\/wp-json\/wp\/v2\/product_brand?post=109257"},{"taxonomy":"product_cat","embeddable":true,"href":"https:\/\/soydeaqui.ddns.net\/pachuca\/index.php\/wp-json\/wp\/v2\/product_cat?post=109257"},{"taxonomy":"product_tag","embeddable":true,"href":"https:\/\/soydeaqui.ddns.net\/pachuca\/index.php\/wp-json\/wp\/v2\/product_tag?post=109257"}],"curies":[{"name":"wp","href":"https:\/\/api.w.org\/{rel}","templated":true}]}}