{"id":10924,"date":"2026-03-18T07:43:09","date_gmt":"2026-03-18T07:43:09","guid":{"rendered":"https:\/\/soydeaqui.ddns.net\/pachuca\/index.php\/producto\/acoplador-stp-cat5e-hembra-rj45-a-rj45-hembra\/"},"modified":"2026-03-18T07:43:13","modified_gmt":"2026-03-18T07:43:13","slug":"acoplador-stp-cat5e-hembra-rj45-a-rj45-hembra","status":"publish","type":"product","link":"https:\/\/soydeaqui.ddns.net\/pachuca\/index.php\/producto\/acoplador-stp-cat5e-hembra-rj45-a-rj45-hembra\/","title":{"rendered":"Acoplador STP Cat5e Hembra RJ45 a RJ45 Hembra"},"content":{"rendered":"<div style='width: 100%; max-width: 1200px; margin: 0 auto; font-family: sans-serif; line-height: 1.6; color: inherit; background-color: transparent;'> <!-- Secci\u00f3n de introducci\u00f3n --> <\/p>\n<div style='margin-bottom: 30px;'>\n<p style='font-size: 16px; margin-top: 0; margin-bottom: 15px; color: inherit;'>Los acopladores de l\u00ednea RJ45 de LinkedPro ofrecen una soluci\u00f3n pr\u00e1ctica&comma; sencilla y muy eficaz para unir dos cables sin tener que reemplazar los cables existentes&comma; fabricados con materiales de alta calidad para mayor durabilidad.<\/p>\n<\/p><\/div>\n<p> <!-- Secci\u00f3n de caracter\u00edsticas generales --> <\/p>\n<div style='display: flex; flex-wrap: wrap; gap: 30px; margin-bottom: 30px;'>\n<div style='flex: 1 1 300px; min-width: 280px;'>\n<h3 style='font-size: 22px; border-bottom: 2px solid currentColor; padding-bottom: 5px; margin-top: 0; color: inherit; opacity: 0.8;'>Caracter\u00edsticas Generales<\/h3>\n<ul style='padding-left: 20px; font-size: 15px; color: inherit;'>\n<li style='margin-bottom: 5px;'>Acoplador STP<\/li>\n<li style='margin-bottom: 5px;'>Nivel de rendimiento: Cat5e<\/li>\n<li style='margin-bottom: 5px;'>Tipo de Conector: RJ45<\/li>\n<li style='margin-bottom: 5px;'>Blindado<\/li>\n<li style='margin-bottom: 5px;'>N\u00famero de puertos: 2<\/li>\n<\/ul><\/div>\n<\/p><\/div>\n<p> <!-- Secci\u00f3n de caracter\u00edsticas f\u00edsicas --> <\/p>\n<div style='display: flex; flex-wrap: wrap; gap: 30px; margin-bottom: 30px;'>\n<div style='flex: 1 1 300px; min-width: 280px;'>\n<h3 style='font-size: 22px; border-bottom: 2px solid currentColor; padding-bottom: 5px; margin-top: 0; color: inherit; opacity: 0.8;'>Caracter\u00edsticas F\u00edsicas<\/h3>\n<ul style='padding-left: 20px; font-size: 15px; color: inherit;'>\n<li style='margin-bottom: 5px;'><strong>Aplicaci\u00f3n:<\/strong> Blindado<\/li>\n<li style='margin-bottom: 5px;'><strong>N\u00famero de puertos:<\/strong> 2<\/li>\n<li style='margin-bottom: 5px;'><strong>Tipo de Jack:<\/strong> RJ45<\/li>\n<li style='margin-bottom: 5px;'><strong>Tiempo de vida Jack RJ45:<\/strong> 750 conexiones<\/li>\n<li style='margin-bottom: 5px;'><strong>Tiempo de vida IDC:<\/strong> 200 conexiones<\/li>\n<li style='margin-bottom: 5px;'><strong>Material de inserto:<\/strong> Retardo de flama ABS UL90C-0<\/li>\n<li style='margin-bottom: 5px;'><strong>Calibre:<\/strong> AWG 24-26<\/li>\n<\/ul><\/div>\n<\/p><\/div>\n<p> <!-- Secci\u00f3n de caracter\u00edsticas el\u00e9ctricas --> <\/p>\n<div style='display: flex; flex-wrap: wrap; gap: 30px; margin-bottom: 30px;'>\n<div style='flex: 1 1 300px; min-width: 280px;'>\n<h3 style='font-size: 22px; border-bottom: 2px solid currentColor; padding-bottom: 5px; margin-top: 0; color: inherit; opacity: 0.8;'>Caracter\u00edsticas El\u00e9ctricas<\/h3>\n<ul style='padding-left: 20px; font-size: 15px; color: inherit;'>\n<li style='margin-bottom: 5px;'><strong>Corriente:<\/strong> 1.5 AMP<\/li>\n<li style='margin-bottom: 5px;'><strong>Resistencia:<\/strong> 110 Miliohms<\/li>\n<li style='margin-bottom: 5px;'><strong>Resistencia diel\u00e9ctrica:<\/strong> 750 VCA RMS 60Hz&comma; 1MIN<\/li>\n<\/ul><\/div>\n<\/p><\/div>\n<p> <!-- Separador --> <\/p>\n<hr style='border: 0; border-top: 1px solid rgba(150&comma; 150&comma; 150&comma; 0.3); margin: 30px 0;'> <\/div>\n","protected":false},"excerpt":{"rendered":"<p>Acoplador STP Cat5e Hembra RJ45 a RJ45 Hembra<\/p>\n","protected":false},"featured_media":10923,"comment_status":"open","ping_status":"closed","template":"","meta":[],"product_brand":[],"product_cat":[595],"product_tag":[586,596,435],"class_list":{"0":"post-10924","1":"product","2":"type-product","3":"status-publish","4":"has-post-thumbnail","6":"product_cat-jacks-plugs","7":"product_tag-cableado-de-cobre","8":"product_tag-jacks-plugs","9":"product_tag-linkedpro-by-epcom","11":"first","12":"instock","13":"sale","14":"shipping-taxable","15":"purchasable","16":"product-type-simple"},"_links":{"self":[{"href":"https:\/\/soydeaqui.ddns.net\/pachuca\/index.php\/wp-json\/wp\/v2\/product\/10924","targetHints":{"allow":["GET"]}}],"collection":[{"href":"https:\/\/soydeaqui.ddns.net\/pachuca\/index.php\/wp-json\/wp\/v2\/product"}],"about":[{"href":"https:\/\/soydeaqui.ddns.net\/pachuca\/index.php\/wp-json\/wp\/v2\/types\/product"}],"replies":[{"embeddable":true,"href":"https:\/\/soydeaqui.ddns.net\/pachuca\/index.php\/wp-json\/wp\/v2\/comments?post=10924"}],"wp:featuredmedia":[{"embeddable":true,"href":"https:\/\/soydeaqui.ddns.net\/pachuca\/index.php\/wp-json\/wp\/v2\/media\/10923"}],"wp:attachment":[{"href":"https:\/\/soydeaqui.ddns.net\/pachuca\/index.php\/wp-json\/wp\/v2\/media?parent=10924"}],"wp:term":[{"taxonomy":"product_brand","embeddable":true,"href":"https:\/\/soydeaqui.ddns.net\/pachuca\/index.php\/wp-json\/wp\/v2\/product_brand?post=10924"},{"taxonomy":"product_cat","embeddable":true,"href":"https:\/\/soydeaqui.ddns.net\/pachuca\/index.php\/wp-json\/wp\/v2\/product_cat?post=10924"},{"taxonomy":"product_tag","embeddable":true,"href":"https:\/\/soydeaqui.ddns.net\/pachuca\/index.php\/wp-json\/wp\/v2\/product_tag?post=10924"}],"curies":[{"name":"wp","href":"https:\/\/api.w.org\/{rel}","templated":true}]}}