{"id":109224,"date":"2026-03-20T18:45:40","date_gmt":"2026-03-20T18:45:40","guid":{"rendered":"https:\/\/soydeaqui.ddns.net\/pachuca\/index.php\/producto\/switch-administrable-capa-2-de-8-puertos-10-100-1000-poeaf-at-2-x-sfp-gigabit-con-respaldo-para-energia-solar\/"},"modified":"2026-03-20T18:45:52","modified_gmt":"2026-03-20T18:45:52","slug":"switch-administrable-capa-2-de-8-puertos-10-100-1000-poeaf-at-2-x-sfp-gigabit-con-respaldo-para-energia-solar","status":"publish","type":"product","link":"https:\/\/soydeaqui.ddns.net\/pachuca\/index.php\/producto\/switch-administrable-capa-2-de-8-puertos-10-100-1000-poeaf-at-2-x-sfp-gigabit-con-respaldo-para-energia-solar\/","title":{"rendered":"Switch Administrable Capa 2 de 8 puertos 10\/100\/1000 PoEaf\/at + 2 x SFP Gigabit, con respaldo para energ\u00eda solar"},"content":{"rendered":"<div style='width: 100%; max-width: 1200px; margin: 0 auto; font-family: sans-serif; line-height: 1.6; color: inherit; background-color: transparent;'>\n<div style='width: 100%; padding: 15px 0;'>\n<div style='text-align: center;'>\n<h2 style='font-size: 24px; margin-top: 0; margin-bottom: 10px; color: inherit;'>Sistema sin interrupciones todo en uno<\/h2>\n<p style='font-size: 18px; color: inherit; opacity: 0.8; margin-bottom: 20px;'>Ofrece un sistema de red estable&comma; seguro&comma; simplificado&comma; de f\u00e1cil mantenimiento y optimizado.<\/p>\n<p> <img style='width: 100%; height: auto; border: 1px solid rgba(150&comma;150&comma;150&comma;0.3); border-radius: 8px; max-width: 800px;' src='https:\/\/ftp3.syscom.mx\/usuarios\/adiaz\/WiTek\/WIPMS310GFUPS\/diagram.jpg' alt='Diagrama del sistema'> <\/div>\n<\/p><\/div>\n<hr style='border: 0; border-top: 1px solid rgba(150&comma; 150&comma; 150&comma; 0.3); margin: 30px 0;'>\n<div style='display: flex; flex-wrap: wrap; gap: 30px; margin-bottom: 30px;'>\n<div style='flex: 1 1 300px; min-width: 280px;'>\n<h3 style='font-size: 22px; border-bottom: 2px solid currentColor; padding-bottom: 5px; margin-top: 0; color: inherit; opacity: 0.8;'>Especificaciones<\/h3>\n<ul style='padding-left: 20px; font-size: 15px; color: inherit;'>\n<li style='margin-bottom: 5px;'><strong>Dimensiones:<\/strong> 344 x 225 x 58 mm<\/li>\n<li style='margin-bottom: 5px;'><strong>Interfaces de Red:<\/strong> (8) 10\/100\/1000Mbps&comma; (2) SFP Gigabit<\/li>\n<li style='margin-bottom: 5px;'><strong>Ventilador:<\/strong> Ventilador<\/li>\n<li style='margin-bottom: 5px;'><strong>Consumo de Energ\u00eda:<\/strong> 150 W (Max. con dispositivos PoE conectados)&comma; 10 W (Sin salida PoE)<\/li>\n<li style='margin-bottom: 5px;'><strong>Fuente de alimentaci\u00f3n CA:<\/strong> AC 110~240V 50\/60 Hz<\/li>\n<li style='margin-bottom: 5px;'><strong>Entrada de Panel Solar:<\/strong> 24 V 500 W Max<\/li>\n<li style='margin-bottom: 5px;'><strong>Entrada de Bater\u00eda:<\/strong> 24 V 100 AH Max<\/li>\n<li style='margin-bottom: 5px;'><strong>Puertos PoE (RJ45):<\/strong> Port1-8: 802.3af\/at PoE o 24 V PoE Pasivo<\/li>\n<li style='margin-bottom: 5px;'><strong>Bandwidth:<\/strong> 20Gbps<\/li>\n<li style='margin-bottom: 5px;'><strong>Mac Address Table:<\/strong> 8K<\/li>\n<li style='margin-bottom: 5px;'><strong>Packet Forwarding Rate:<\/strong> 14.9Mpps<\/li>\n<li style='margin-bottom: 5px;'><strong>Protection Level:<\/strong> Lightning protection 6KV&comma; 6KV ESD Contact discharge<\/li>\n<li style='margin-bottom: 5px;'><strong>Temperatura de Operaci\u00f3n:<\/strong> -20 to 60\u00b0 C<\/li>\n<li style='margin-bottom: 5px;'><strong>Certificaciones:<\/strong> CE&comma; FCC&comma; RoHS<\/li>\n<\/ul><\/div>\n<div style='flex: 1 1 300px; min-width: 280px;'>\n<h3 style='font-size: 22px; border-bottom: 2px solid currentColor; padding-bottom: 5px; margin-top: 0; color: inherit; opacity: 0.8;'>Caracter\u00edsticas<\/h3>\n<ul style='padding-left: 20px; font-size: 15px; color: inherit;'>\n<li style='margin-bottom: 5px;'><strong>QoS:<\/strong> Soporta 802.1p CoS\/DSCP priority&comma; 4 colas de prioridades<\/li>\n<li style='margin-bottom: 5px;'><strong>Capa 2:<\/strong> IGMP Snooping V1\/V2\/V3&comma; 802.3ad LACP (hasta 8 grupos)&comma; Spanning Tree STP\/RSTP\/MSTP&comma; Port Isolation<\/li>\n<li style='margin-bottom: 5px;'><strong>VLAN:<\/strong> Soporta hasta 4K VLANs&comma; Port\/MAC\/Protocol-based VLAN&comma; VLAN de gesti\u00f3n<\/li>\n<li style='margin-bottom: 5px;'><strong>Access Control List:<\/strong> L2-L4 package filtering based on source and destination MAC address&comma; IP address&comma; TCP\/UDP ports&comma; 802.1p&comma; DSCP&comma; protocol and VLAN ID<\/li>\n<li style='margin-bottom: 5px;'><strong>Seguridad:<\/strong> IP-MAC-Port-VID Binding&comma; IEEE 802.1X Port\/MAC Based authentication&comma; Radius&comma; Guest VLAN&comma; SSH v1\/v2<\/li>\n<li style='margin-bottom: 5px;'><strong>Administraci\u00f3n:<\/strong> Web-based GUI and CLI management&comma; SNMP v1\/v2c\/v3&comma; compatible with public MIBs&comma; DHCP\/BOOTP Client&comma; DHCP Snooping&comma; DHCP Option82&comma; CPU Monitoring&comma; Port Mirroring<\/li>\n<\/ul><\/div>\n<div style='flex: 1 1 300px; min-width: 280px;'>\n<h3 style='font-size: 22px; border-bottom: 2px solid currentColor; padding-bottom: 5px; margin-top: 0; color: inherit; opacity: 0.8;'>Otros<\/h3>\n<ul style='padding-left: 20px; font-size: 15px; color: inherit;'>\n<li style='margin-bottom: 5px;'><strong>Contenido del Paquete:<\/strong> PoE Switch&comma; L\u00ednea El\u00e9ctrica&comma; Gu\u00eda de usuario\/Garant\u00eda<\/li>\n<\/ul>\n<p style='font-size: 15px; color: #dc3545; margin-top: 20px;'>*Las bater\u00edas y los paneles solares no est\u00e1n incluidos.<\/p>\n<\/p><\/div>\n<\/p><\/div>\n<\/p><\/div>\n","protected":false},"excerpt":{"rendered":"<p>Switch Administrable Capa 2 de 8 puertos 10\/100\/1000 PoEaf\/at + 2 x SFP Gigabit, con respaldo para energ\u00eda solar<\/p>\n","protected":false},"featured_media":109223,"comment_status":"open","ping_status":"closed","template":"","meta":[],"product_brand":[],"product_cat":[1986],"product_tag":[664,1987,1262],"class_list":{"0":"post-109224","1":"product","2":"type-product","3":"status-publish","4":"has-post-thumbnail","6":"product_cat-switches-poe","7":"product_tag-networking","8":"product_tag-switches-poe","9":"product_tag-wi-tek","11":"first","12":"instock","13":"sale","14":"shipping-taxable","15":"purchasable","16":"product-type-simple"},"_links":{"self":[{"href":"https:\/\/soydeaqui.ddns.net\/pachuca\/index.php\/wp-json\/wp\/v2\/product\/109224","targetHints":{"allow":["GET"]}}],"collection":[{"href":"https:\/\/soydeaqui.ddns.net\/pachuca\/index.php\/wp-json\/wp\/v2\/product"}],"about":[{"href":"https:\/\/soydeaqui.ddns.net\/pachuca\/index.php\/wp-json\/wp\/v2\/types\/product"}],"replies":[{"embeddable":true,"href":"https:\/\/soydeaqui.ddns.net\/pachuca\/index.php\/wp-json\/wp\/v2\/comments?post=109224"}],"wp:featuredmedia":[{"embeddable":true,"href":"https:\/\/soydeaqui.ddns.net\/pachuca\/index.php\/wp-json\/wp\/v2\/media\/109223"}],"wp:attachment":[{"href":"https:\/\/soydeaqui.ddns.net\/pachuca\/index.php\/wp-json\/wp\/v2\/media?parent=109224"}],"wp:term":[{"taxonomy":"product_brand","embeddable":true,"href":"https:\/\/soydeaqui.ddns.net\/pachuca\/index.php\/wp-json\/wp\/v2\/product_brand?post=109224"},{"taxonomy":"product_cat","embeddable":true,"href":"https:\/\/soydeaqui.ddns.net\/pachuca\/index.php\/wp-json\/wp\/v2\/product_cat?post=109224"},{"taxonomy":"product_tag","embeddable":true,"href":"https:\/\/soydeaqui.ddns.net\/pachuca\/index.php\/wp-json\/wp\/v2\/product_tag?post=109224"}],"curies":[{"name":"wp","href":"https:\/\/api.w.org\/{rel}","templated":true}]}}