{"id":109216,"date":"2026-03-20T18:45:12","date_gmt":"2026-03-20T18:45:12","guid":{"rendered":"https:\/\/soydeaqui.ddns.net\/pachuca\/index.php\/producto\/mini-video-intercomunicador-para-hoteleria-y-hospitales-con-diseno-elegante-poe-camara-1mpx-1-boton-1-relevador-integrado-de-salida-y-entrada-2\/"},"modified":"2026-03-20T18:45:35","modified_gmt":"2026-03-20T18:45:35","slug":"mini-video-intercomunicador-para-hoteleria-y-hospitales-con-diseno-elegante-poe-camara-1mpx-1-boton-1-relevador-integrado-de-salida-y-entrada-2","status":"publish","type":"product","link":"https:\/\/soydeaqui.ddns.net\/pachuca\/index.php\/producto\/mini-video-intercomunicador-para-hoteleria-y-hospitales-con-diseno-elegante-poe-camara-1mpx-1-boton-1-relevador-integrado-de-salida-y-entrada-2\/","title":{"rendered":"Mini video Intercomunicador para hoteler\u00eda y hospitales, con dise\u00f1o elegante, PoE, c\u00e1mara 1Mpx, 1 bot\u00f3n, 1 relevador integrado de salida y entrada."},"content":{"rendered":"<div style='width: 100%; max-width: 1200px; margin: 0 auto; font-family: sans-serif; line-height: 1.6; color: inherit; background-color: transparent;'>\n<div style='display: flex; flex-wrap: wrap; gap: 30px; margin-bottom: 30px;'>\n<div style='flex: 1 1 300px; min-width: 280px;'> <img style='width: 100%; height: auto; border: 1px solid rgba(150&comma;150&comma;150&comma;0.3); border-radius: 8px;' src='https:\/\/ftp3.syscom.mx\/usuarios\/fotos\/I10V\/170913-i10_e_i10v_(3).gif' alt='Intercomunicador Fanvil I10V'> <\/div>\n<div style='flex: 1 1 300px; min-width: 280px;'>\n<h2 style='font-size: 22px; border-bottom: 2px solid currentColor; padding-bottom: 5px; margin-top: 0; color: inherit; opacity: 0.8;'>Intercomunicador IP para Hoteles y Hospitales.<\/h2>\n<p>El mas versatil y de multiples interfaces.<\/p>\n<ul style='padding-left: 20px; font-size: 15px; color: inherit;'>\n<li style='margin-bottom: 5px;'>2 l\u00edneas SIP.<\/li>\n<li style='margin-bottom: 5px;'>IP54.<\/li>\n<li style='margin-bottom: 5px;'>Multi-protecci\u00f3n.<\/li>\n<li style='margin-bottom: 5px;'><strong>Video y Audio HD.<\/strong><\/li>\n<li style='margin-bottom: 5px;'>Alimentacion v\u00eda PoE.<\/li>\n<li style='margin-bottom: 5px;'>Con 1 relevador y un puerto de entrada para conexion de lectoras&comma; sensonres&comma; botones&comma; etc.<\/li>\n<\/ul>\n<h2 style='font-size: 22px; border-bottom: 2px solid currentColor; padding-bottom: 5px; margin-top: 0; color: inherit; opacity: 0.8;'>Escenarios de Aplicaci\u00f3n<\/h2>\n<p>Se puede instalar en ba\u00f1os de hoteles&comma; escuelas&comma; entradas de oficinas&comma; entradas en apartamentos&comma; supermercados&comma; etc.<\/p>\n<p>A su vez&comma; permite la configuracion con multiples plataformas de IP-PBX y funcionar sin necesidad de IP-PBX por configuracion Peer to Peer.<\/p>\n<\/p><\/div>\n<\/p><\/div>\n<div style='display: flex; flex-wrap: wrap; gap: 20px; margin-bottom: 30px;'>\n<div style='flex: 1 1 250px; border: 1px solid rgba(150&comma; 150&comma; 150&comma; 0.4); border-radius: 8px; overflow: hidden; display: flex; flex-direction: column;'>\n<div style='padding: 15px; border-bottom: 1px solid rgba(150&comma; 150&comma; 150&comma; 0.2); font-weight: bold; font-size: 18px; color: inherit;'>Caracter\u00edsticas principales:<\/div>\n<div style='padding: 15px; color: inherit;'>\n<ul style='padding-left: 20px; margin: 0; font-size: 14px; list-style-type: disc;'>\n<li style='margin-bottom: 5px;'>2 lineas SIP.<\/li>\n<li style='margin-bottom: 5px;'>IP54 a prueba de agua y polvo.<\/li>\n<li style='margin-bottom: 5px;'>-20 \u00b0 C a 50 \u00b0 C de amplio rango de adaptabilidad de temperatura.<\/li>\n<li style='margin-bottom: 5px;'>Altavoz incorporado de 1W y cancelador de eco ac\u00fastico (AEC).<\/li>\n<li style='margin-bottom: 5px;'>Interfaz de entrada \/ salida de circuito corto incorporada.<\/li>\n<li style='margin-bottom: 5px;'>Funcionalidad que incluye seguridad&comma; intercomunicaci\u00f3n y transmisi\u00f3n.<\/li>\n<li style='margin-bottom: 5px;'>C\u00e1mara HD incorporada y con funci\u00f3n de compensaci\u00f3n de contraluz.<\/li>\n<li style='margin-bottom: 5px;'>Alta compatibilidad &#8211; Compatible con las principales plataformas: Aterisk&comma; Broadsoft&comma; 3CX&comma; Metaswitch&comma; Elastix&comma; Avaya etc.<\/li>\n<li style='margin-bottom: 5px;'><strong>Garant\u00eda: 1 a\u00f1o.<\/strong><\/li>\n<\/ul><\/div>\n<\/p><\/div>\n<div style='flex: 1 1 250px; border: 1px solid rgba(150&comma; 150&comma; 150&comma; 0.4); border-radius: 8px; overflow: hidden; display: flex; flex-direction: column;'>\n<div style='padding: 15px; border-bottom: 1px solid rgba(150&comma; 150&comma; 150&comma; 0.2); font-weight: bold; font-size: 18px; color: inherit;'>Caracter\u00edsticas F\u00edsicas y El\u00e9ctricas:<\/div>\n<div style='padding: 15px; color: inherit;'>\n<ul style='padding-left: 20px; margin: 0; font-size: 14px; list-style-type: disc;'>\n<li style='margin-bottom: 5px;'>Alimentacion v\u00eda PoE 802.3af o 12Vcc&comma; 1.0A (fuente no incluida).<\/li>\n<li style='margin-bottom: 5px;'>Montaje en pared.<\/li>\n<li style='margin-bottom: 5px;'>Nivel de protecci\u00f3n: IP54.<\/li>\n<li style='margin-bottom: 5px;'>Material: ABS.<\/li>\n<li style='margin-bottom: 5px;'>Temperatura de operaci\u00f3n: -20\u00ba ~ 50\u00ba C.<\/li>\n<li style='margin-bottom: 5px;'>Dimensiones: 88 \u00d7 88 \u00d7 31 mm.<\/li>\n<li style='margin-bottom: 5px;'>1 puerto RJ45.<\/li>\n<li style='margin-bottom: 5px;'>Peso 135g.<\/li>\n<\/ul><\/div>\n<\/p><\/div>\n<div style='flex: 1 1 250px; border: 1px solid rgba(150&comma; 150&comma; 150&comma; 0.4); border-radius: 8px; overflow: hidden; display: flex; flex-direction: column;'>\n<div style='padding: 15px; border-bottom: 1px solid rgba(150&comma; 150&comma; 150&comma; 0.2); font-weight: bold; font-size: 18px; color: inherit;'>Caracter\u00edsticas de Video y Red:<\/div>\n<div style='padding: 15px; color: inherit;'>\n<ul style='padding-left: 20px; margin: 0; font-size: 14px; list-style-type: disc;'>\n<li style='margin-bottom: 5px;'>C\u00e1mara de 1 Megapixel.<\/li>\n<li style='margin-bottom: 5px;'>Codec de video: H.264.<\/li>\n<li style='margin-bottom: 5px;'>Resoluci\u00f3n: 720P.<\/li>\n<li style='margin-bottom: 5px;'>Angulo 90\u00ba.<\/li>\n<li style='margin-bottom: 5px;'>Puerto 10\/100Mbps.<\/li>\n<li style='margin-bottom: 5px;'>VPN: L2TP\/Open VPN.<\/li>\n<li style='margin-bottom: 5px;'>LLDP.<\/li>\n<li style='margin-bottom: 5px;'>QoS.<\/li>\n<li style='margin-bottom: 5px;'>TR-069.<\/li>\n<\/ul><\/div>\n<\/p><\/div>\n<\/p><\/div>\n<hr style='border: 0; border-top: 1px solid rgba(150&comma; 150&comma; 150&comma; 0.3); margin: 30px 0;'>\n<div style='display: flex; flex-wrap: wrap; gap: 30px; margin-bottom: 30px;'>\n<div style='flex: 1 1 300px; min-width: 280px;'>\n<h2 style='font-size: 22px; border-bottom: 2px solid currentColor; padding-bottom: 5px; margin-top: 0; color: inherit; opacity: 0.8;'>Aplicaci\u00f3n de intercomunicaci\u00f3n del i10 en Hoteles y Hospitales.<\/h2>\n<p> <img style='width: 100%; height: auto; border: 1px solid rgba(150&comma;150&comma;150&comma;0.3); border-radius: 8px;' src='https:\/\/ftp3.syscom.mx\/usuarios\/esanchez\/FANVIL\/I10\/Captura%20de%20pantalla%202019-11-01%20a%20la%28s%29%2014.09.02.png' alt='Aplicaci\u00f3n 1'> <\/div>\n<div style='flex: 1 1 300px; min-width: 280px;'>\n<h2 style='font-size: 22px; border-bottom: 2px solid currentColor; padding-bottom: 5px; margin-top: 0; color: inherit; opacity: 0.8;'>Aplicaci\u00f3n de intercomunicaci\u00f3n del i10 en Hoteles y Hospitales sin IP-PBX<\/h2>\n<p> <img style='width: 100%; height: auto; border: 1px solid rgba(150&comma;150&comma;150&comma;0.3); border-radius: 8px;' src='https:\/\/ftp3.syscom.mx\/usuarios\/esanchez\/FANVIL\/I10\/Captura%20de%20pantalla%202019-11-01%20a%20la%28s%29%2014.38.23.png' alt='Aplicaci\u00f3n 2'> <\/div>\n<\/p><\/div>\n<\/p><\/div>\n","protected":false},"excerpt":{"rendered":"<p>Mini video Intercomunicador para hoteler\u00eda y hospitales, con dise\u00f1o elegante, PoE, c\u00e1mara 1Mpx, 1 bot\u00f3n, 1 relevador integrado de salida y entrada.<\/p>\n","protected":false},"featured_media":109215,"comment_status":"open","ping_status":"closed","template":"","meta":[],"product_brand":[],"product_cat":[856],"product_tag":[859,557,857],"class_list":{"0":"post-109216","1":"product","2":"type-product","3":"status-publish","4":"has-post-thumbnail","6":"product_cat-videoporteros-ip","7":"product_tag-fanvil","8":"product_tag-videoporteros-e-interfonos","9":"product_tag-videoporteros-ip","11":"first","12":"outofstock","13":"sale","14":"shipping-taxable","15":"purchasable","16":"product-type-simple"},"_links":{"self":[{"href":"https:\/\/soydeaqui.ddns.net\/pachuca\/index.php\/wp-json\/wp\/v2\/product\/109216","targetHints":{"allow":["GET"]}}],"collection":[{"href":"https:\/\/soydeaqui.ddns.net\/pachuca\/index.php\/wp-json\/wp\/v2\/product"}],"about":[{"href":"https:\/\/soydeaqui.ddns.net\/pachuca\/index.php\/wp-json\/wp\/v2\/types\/product"}],"replies":[{"embeddable":true,"href":"https:\/\/soydeaqui.ddns.net\/pachuca\/index.php\/wp-json\/wp\/v2\/comments?post=109216"}],"wp:featuredmedia":[{"embeddable":true,"href":"https:\/\/soydeaqui.ddns.net\/pachuca\/index.php\/wp-json\/wp\/v2\/media\/109215"}],"wp:attachment":[{"href":"https:\/\/soydeaqui.ddns.net\/pachuca\/index.php\/wp-json\/wp\/v2\/media?parent=109216"}],"wp:term":[{"taxonomy":"product_brand","embeddable":true,"href":"https:\/\/soydeaqui.ddns.net\/pachuca\/index.php\/wp-json\/wp\/v2\/product_brand?post=109216"},{"taxonomy":"product_cat","embeddable":true,"href":"https:\/\/soydeaqui.ddns.net\/pachuca\/index.php\/wp-json\/wp\/v2\/product_cat?post=109216"},{"taxonomy":"product_tag","embeddable":true,"href":"https:\/\/soydeaqui.ddns.net\/pachuca\/index.php\/wp-json\/wp\/v2\/product_tag?post=109216"}],"curies":[{"name":"wp","href":"https:\/\/api.w.org\/{rel}","templated":true}]}}