{"id":109206,"date":"2026-03-20T18:44:37","date_gmt":"2026-03-20T18:44:37","guid":{"rendered":"https:\/\/soydeaqui.ddns.net\/pachuca\/index.php\/producto\/switch-poe-100-metros-poe-8-puertos-802-3af-at-132-5-w-10-100-1000mbps-2-puertos-uplink\/"},"modified":"2026-03-20T18:44:40","modified_gmt":"2026-03-20T18:44:40","slug":"switch-poe-100-metros-poe-8-puertos-802-3af-at-132-5-w-10-100-1000mbps-2-puertos-uplink","status":"publish","type":"product","link":"https:\/\/soydeaqui.ddns.net\/pachuca\/index.php\/producto\/switch-poe-100-metros-poe-8-puertos-802-3af-at-132-5-w-10-100-1000mbps-2-puertos-uplink\/","title":{"rendered":"Switch PoE \/ 100 Metros PoE \/ 8 puertos 802.3af\/at ( 132.5 W ) 10\/100\/1000Mbps + 2 puertos Uplink"},"content":{"rendered":"<div style='width: 100%; max-width: 1200px; margin: 0 auto; font-family: sans-serif; line-height: 1.6; color: inherit; background-color: transparent;'> <!-- Secci\u00f3n de descripci\u00f3n --> <\/p>\n<div style='margin-bottom: 30px;'>\n<p style='margin-bottom: 15px;'>Los switches <strong>EPCOM POWER LINE<\/strong> han sido dise\u00f1ados para video vigilancia y sistemas de cableado estructurado. De 4 y 8 puertos Ethernet de 1000Mbps y 2 puertos de enlace ascendente de 1000Mbps&comma; soportan la funci\u00f3n VLAN&comma; puede prevenir eficazmente todo el sistema de tormentas de transmisi\u00f3n para que la transferencia de datos sea m\u00e1s segura.<\/p>\n<p> <strong style='margin-bottom: 10px; display: block;'>Aplicaciones:<\/strong> <\/p>\n<ul style='padding-left: 20px; margin-bottom: 20px; color: inherit;'>\n<li style='margin-bottom: 5px;'>Sistema de monitoreo de seguridad<\/li>\n<li style='margin-bottom: 5px;'>Sistema de ense\u00f1anza de redes multimedia<\/li>\n<li style='margin-bottom: 5px;'>Sistema de visualizaci\u00f3n de monitorizaci\u00f3n m\u00e9dica<\/li>\n<li style='margin-bottom: 5px;'>Sistema de control de automatizaci\u00f3n industrial<\/li>\n<li style='margin-bottom: 5px;'>Sistema bancario&comma; de valores e informaci\u00f3n financiera<\/li>\n<li style='margin-bottom: 5px;'>Monitoreo remoto del servidor de red<\/li>\n<li style='margin-bottom: 5px;'>Seguridad de tiendas departamentales<\/li>\n<li style='margin-bottom: 5px;'>Seguridad en casinos<\/li>\n<li style='margin-bottom: 5px;'>Hospitales&comma; Aeropuertos y bancos<\/li>\n<li style='margin-bottom: 0;'>Campus escolares<\/li>\n<\/ul><\/div>\n<p> <!-- Secci\u00f3n de caracter\u00edsticas principales --> <\/p>\n<div style='margin-bottom: 30px;'>\n<h3 style='font-size: 20px; border-bottom: 2px solid currentColor; padding-bottom: 5px; margin-top: 0; margin-bottom: 15px; color: inherit; opacity: 0.8;'>Puertos F\u00edsicos<\/h3>\n<ul style='padding-left: 20px; color: inherit;'>\n<li style='margin-bottom: 5px;'>8 puertos de 10\/100\/1000 Mbps + 2 puertos Up-link<\/li>\n<li style='margin-bottom: 5px;'>Soportan m\u00e9todo End-Span<\/li>\n<li style='margin-bottom: 5px;'>Dimensiones: N\/A<\/li>\n<li style='margin-bottom: 0;'>Peso: 612 g<\/li>\n<\/ul><\/div>\n<p> <!-- Banner principal --> <\/p>\n<div style='position: relative; width: 100%; margin-bottom: 30px;'>\n<div style='position: absolute; top: 0; left: 0; width: 100%; height: 100%; background-image: url('https:\/\/ftp3.syscom.mx\/usuarios\/ftp\/single_page\/epcomtitanium\/backgroundfinal.jpg'); background-repeat: no-repeat; background-size: cover; z-index: 1;'><\/div>\n<div style='position: relative; z-index: 2; display: flex; flex-wrap: wrap; padding: 60px;'>\n<div style='flex: 1 1 300px; min-width: 280px; margin-right: 30px;'>\n<div style='margin-bottom: 30px;'> <img style='width: 100%; height: auto; border: 1px solid rgba(150&comma;150&comma;150&comma;0.3); border-radius: 8px;' src='https:\/\/ftp3.syscom.mx\/usuarios\/ftp\/single_page\/epcomtitanium\/epcomtitaniumlogofinal.png' alt='Logo'> <\/div>\n<h1 style='font-size: 32px; color: inherit; margin-top: 0; margin-bottom: 10px;'>4\/8-Puertos Gigabit<\/h1>\n<h2 style='font-size: 20px; color: #ffbb00; margin-top: 0; margin-bottom: 30px;'>Switch PoE<\/h2>\n<h3 style='font-size: 18px; color: inherit; margin-top: 0; margin-bottom: 0;'>ET-1004GP-2G\/ ET-1008GP-2G<\/h3>\n<\/p><\/div>\n<div style='flex: 1 1 500px; min-width: 300px;'> <img style='width: 100%; height: auto; border: 1px solid rgba(150&comma;150&comma;150&comma;0.3); border-radius: 8px;' src='https:\/\/ftp3.syscom.mx\/usuarios\/ftp\/single_page\/epcomtitanium\/imagenprincipalfinal.png' alt='Producto'> <\/div>\n<\/p><\/div>\n<\/p><\/div>\n<p> <!-- Secci\u00f3n de ventajas --> <\/p>\n<div style='margin-bottom: 30px;'>\n<h2 style='font-size: 24px; border-bottom: 2px solid currentColor; padding-bottom: 5px; margin-top: 0; margin-bottom: 20px; color: inherit; opacity: 0.8;'>Ventajas<\/h2>\n<div style='display: flex; flex-wrap: wrap; gap: 20px;'>\n<div style='flex: 1 1 300px; min-width: 280px; background-color: rgba(150&comma;150&comma;150&comma;0.05); padding: 15px; border-radius: 8px;'>\n<div style='display: flex; align-items: flex-start; gap: 15px;'>\n<div style='flex-shrink: 0;'> <img style='max-width: 60px; height: auto; border: 1px solid rgba(150&comma;150&comma;150&comma;0.3); border-radius: 8px;' src='https:\/\/ftp3.syscom.mx\/usuarios\/ftp\/single_page\/epcomtitanium\/icono1.jpg' alt='Icono'> <\/div>\n<div>\n<h3 style='font-size: 18px; margin-top: 0; margin-bottom: 10px; color: inherit;'>M\u00e1s Voltaje<\/h3>\n<p style='margin: 0; color: inherit;'>Permite energizar dispositivos PoE de 48 a 56 Vcc.<\/p>\n<\/p><\/div>\n<\/p><\/div>\n<\/p><\/div>\n<div style='flex: 1 1 300px; min-width: 280px; background-color: rgba(150&comma;150&comma;150&comma;0.05); padding: 15px; border-radius: 8px;'>\n<div style='display: flex; align-items: flex-start; gap: 15px;'>\n<div style='flex-shrink: 0;'> <img style='max-width: 60px; height: auto; border: 1px solid rgba(150&comma;150&comma;150&comma;0.3); border-radius: 8px;' src='https:\/\/ftp3.syscom.mx\/usuarios\/ftp\/single_page\/epcomtitanium\/icono4.jpg' alt='Icono'> <\/div>\n<div>\n<h3 style='font-size: 18px; margin-top: 0; margin-bottom: 10px; color: inherit;'>M\u00e1s Potencia<\/h3>\n<p style='margin: 0; color: inherit;'>Una potencia de 120 W altamente distribuida o 265 W en CA para conmutador de 4 y 8 puertos.<\/p>\n<\/p><\/div>\n<\/p><\/div>\n<\/p><\/div>\n<div style='flex: 1 1 300px; min-width: 280px; background-color: rgba(150&comma;150&comma;150&comma;0.05); padding: 15px; border-radius: 8px;'>\n<div style='display: flex; align-items: flex-start; gap: 15px;'>\n<div style='flex-shrink: 0;'> <img style='max-width: 60px; height: auto; border: 1px solid rgba(150&comma;150&comma;150&comma;0.3); border-radius: 8px;' src='https:\/\/ftp3.syscom.mx\/usuarios\/ftp\/single_page\/epcomtitanium\/icono2.jpg' alt='Icono'> <\/div>\n<div>\n<h3 style='font-size: 18px; margin-top: 0; margin-bottom: 10px; color: inherit;'>M\u00e1s Wataje<\/h3>\n<p style='margin: 0; color: inherit;'>AF\/AT suministra 30 W en cada punto.<\/p>\n<\/p><\/div>\n<\/p><\/div>\n<\/p><\/div>\n<div style='flex: 1 1 300px; min-width: 280px; background-color: rgba(150&comma;150&comma;150&comma;0.05); padding: 15px; border-radius: 8px;'>\n<div style='display: flex; align-items: flex-start; gap: 15px;'>\n<div style='flex-shrink: 0;'> <img style='max-width: 60px; height: auto; border: 1px solid rgba(150&comma;150&comma;150&comma;0.3); border-radius: 8px;' src='https:\/\/ftp3.syscom.mx\/usuarios\/ftp\/single_page\/epcomtitanium\/icono5.jpg' alt='Icono'> <\/div>\n<div>\n<h3 style='font-size: 18px; margin-top: 0; margin-bottom: 10px; color: inherit;'>M\u00e1s Ancho de Banda<\/h3>\n<p style='margin: 0; color: inherit;'>Obtenga 1 Gb de ancho de banda&comma; puertos &#8216;UpLink&#8217; con fibra \u00f3ptica SFP.<\/p>\n<\/p><\/div>\n<\/p><\/div>\n<\/p><\/div>\n<div style='flex: 1 1 300px; min-width: 280px; background-color: rgba(150&comma;150&comma;150&comma;0.05); padding: 15px; border-radius: 8px;'>\n<div style='display: flex; align-items: flex-start; gap: 15px;'>\n<div style='flex-shrink: 0;'> <img style='max-width: 60px; height: auto; border: 1px solid rgba(150&comma;150&comma;150&comma;0.3); border-radius: 8px;' src='https:\/\/ftp3.syscom.mx\/usuarios\/ftp\/single_page\/epcomtitanium\/icono3.jpg' alt='Icono'> <\/div>\n<div>\n<h3 style='font-size: 18px; margin-top: 0; margin-bottom: 10px; color: inherit;'>M\u00e1s Seguridad<\/h3>\n<p style='margin: 0; color: inherit;'>Cada protector de supresor de picos es de 6 KV.<\/p>\n<\/p><\/div>\n<\/p><\/div>\n<\/p><\/div>\n<div style='flex: 1 1 300px; min-width: 280px; background-color: rgba(150&comma;150&comma;150&comma;0.05); padding: 15px; border-radius: 8px;'>\n<div style='display: flex; align-items: flex-start; gap: 15px;'>\n<div style='flex-shrink: 0;'> <img style='max-width: 60px; height: auto; border: 1px solid rgba(150&comma;150&comma;150&comma;0.3); border-radius: 8px;' src='https:\/\/ftp3.syscom.mx\/usuarios\/ftp\/single_page\/epcomtitanium\/icono6.jpg' alt='Icono'> <\/div>\n<div>\n<h3 style='font-size: 18px; margin-top: 0; margin-bottom: 10px; color: inherit;'>Modo Fuente de Alimentaci\u00f3n<\/h3>\n<p style='margin: 0; color: inherit;'>Adaptador de potencia o fuente de alimentaci\u00f3n interna&comma; correspondiente al modelo.<\/p>\n<\/p><\/div>\n<\/p><\/div>\n<\/p><\/div>\n<\/p><\/div>\n<\/p><\/div>\n<p> <!-- Secci\u00f3n de especificaciones --> <\/p>\n<div style='margin-bottom: 30px;'>\n<h2 style='font-size: 24px; border-bottom: 2px solid currentColor; padding-bottom: 5px; margin-top: 0; margin-bottom: 20px; color: inherit; opacity: 0.8;'>Caracter\u00edsticas<\/h2>\n<div style='display: flex; flex-wrap: wrap; gap: 20px;'>\n<div style='flex: 1 1 300px; min-width: 280px;'>\n<ul style='padding-left: 20px; margin: 0; font-size: 14px; color: inherit;'>\n<li style='margin-bottom: 8px;'>Identificaci\u00f3n PD est\u00e1ndar autom\u00e1tica&comma; fuente de alimentaci\u00f3n inteligente.<\/li>\n<li style='margin-bottom: 8px;'>No emite chispa cuando conecta y funciona.<\/li>\n<li style='margin-bottom: 8px;'>La funci\u00f3n de reinicio ayuda al IC principal para una total restauraci\u00f3n.<\/li>\n<li style='margin-bottom: 8px;'>Funci\u00f3n Ethernet de eficiencia energ\u00e9tica.<\/li>\n<\/ul><\/div>\n<div style='flex: 1 1 300px; min-width: 280px;'>\n<ul style='padding-left: 20px; margin: 0; font-size: 14px; color: inherit;'>\n<li style='margin-bottom: 8px;'>Tasa de p\u00e9rdida de cuadros: 0%.<\/li>\n<li style='margin-bottom: 8px;'>Dise\u00f1o \u00fanico de protecci\u00f3n ESD.<\/li>\n<li style='margin-bottom: 8px;'>Temperatura operacional de 0\u00b0 C a 55\u00b0 C (32\u00b0 F a 131\u00b0 F).<\/li>\n<\/ul><\/div>\n<\/p><\/div>\n<\/p><\/div>\n<p> <!-- Diagrama de aplicaci\u00f3n --> <\/p>\n<div style='margin-bottom: 30px;'>\n<h2 style='font-size: 24px; border-bottom: 2px solid currentColor; padding-bottom: 5px; margin-top: 0; margin-bottom: 20px; color: inherit; opacity: 0.8;'>Diagrama de Aplicaci\u00f3n<\/h2>\n<p> <img style='width: 100%; height: auto; border: 1px solid rgba(150&comma;150&comma;150&comma;0.3); border-radius: 8px;' src='https:\/\/ftp3.syscom.mx\/usuarios\/ftp\/single_page\/epcomtitanium\/diagramapoeswitch.jpg' alt='Diagrama de Aplicaci\u00f3n'> <\/div>\n<p> <!-- Separador final --> <\/p>\n<hr style='border: 0; border-top: 1px solid rgba(150&comma; 150&comma; 150&comma; 0.3); margin: 30px 0;'> <\/div>\n","protected":false},"excerpt":{"rendered":"<p>Switch PoE \/ 100 Metros PoE \/ 8 puertos 802.3af\/at ( 132.5 W ) 10\/100\/1000Mbps + 2 puertos Uplink<\/p>\n","protected":false},"featured_media":109205,"comment_status":"open","ping_status":"closed","template":"","meta":[],"product_brand":[],"product_cat":[1970],"product_tag":[507,664,1971],"class_list":{"0":"post-109206","1":"product","2":"type-product","3":"status-publish","4":"has-post-thumbnail","6":"product_cat-switches","7":"product_tag-epcom-titanium","8":"product_tag-networking","9":"product_tag-switches","11":"first","12":"outofstock","13":"sale","14":"shipping-taxable","15":"purchasable","16":"product-type-simple"},"_links":{"self":[{"href":"https:\/\/soydeaqui.ddns.net\/pachuca\/index.php\/wp-json\/wp\/v2\/product\/109206","targetHints":{"allow":["GET"]}}],"collection":[{"href":"https:\/\/soydeaqui.ddns.net\/pachuca\/index.php\/wp-json\/wp\/v2\/product"}],"about":[{"href":"https:\/\/soydeaqui.ddns.net\/pachuca\/index.php\/wp-json\/wp\/v2\/types\/product"}],"replies":[{"embeddable":true,"href":"https:\/\/soydeaqui.ddns.net\/pachuca\/index.php\/wp-json\/wp\/v2\/comments?post=109206"}],"wp:featuredmedia":[{"embeddable":true,"href":"https:\/\/soydeaqui.ddns.net\/pachuca\/index.php\/wp-json\/wp\/v2\/media\/109205"}],"wp:attachment":[{"href":"https:\/\/soydeaqui.ddns.net\/pachuca\/index.php\/wp-json\/wp\/v2\/media?parent=109206"}],"wp:term":[{"taxonomy":"product_brand","embeddable":true,"href":"https:\/\/soydeaqui.ddns.net\/pachuca\/index.php\/wp-json\/wp\/v2\/product_brand?post=109206"},{"taxonomy":"product_cat","embeddable":true,"href":"https:\/\/soydeaqui.ddns.net\/pachuca\/index.php\/wp-json\/wp\/v2\/product_cat?post=109206"},{"taxonomy":"product_tag","embeddable":true,"href":"https:\/\/soydeaqui.ddns.net\/pachuca\/index.php\/wp-json\/wp\/v2\/product_tag?post=109206"}],"curies":[{"name":"wp","href":"https:\/\/api.w.org\/{rel}","templated":true}]}}