{"id":109193,"date":"2026-03-20T18:43:47","date_gmt":"2026-03-20T18:43:47","guid":{"rendered":"https:\/\/soydeaqui.ddns.net\/pachuca\/index.php\/producto\/nvr-12-megapixel-4k-64-canales-ip-16-bahias-de-disco-duro-4-tarjetas-de-red-raid-con-hot-swap-reconocimiento-facial\/"},"modified":"2026-03-20T18:43:50","modified_gmt":"2026-03-20T18:43:50","slug":"nvr-12-megapixel-4k-64-canales-ip-16-bahias-de-disco-duro-4-tarjetas-de-red-raid-con-hot-swap-reconocimiento-facial","status":"publish","type":"product","link":"https:\/\/soydeaqui.ddns.net\/pachuca\/index.php\/producto\/nvr-12-megapixel-4k-64-canales-ip-16-bahias-de-disco-duro-4-tarjetas-de-red-raid-con-hot-swap-reconocimiento-facial\/","title":{"rendered":"NVR 12 Megapixel (4K) \/ 64 Canales IP \/ 16 Bah\u00edas de Disco Duro \/ 4 Tarjetas de Red \/ RAID con Hot Swap \/ Reconocimiento Facial"},"content":{"rendered":"<div style='width: 100%; max-width: 1200px; margin: 0 auto; font-family: sans-serif; line-height: 1.6; color: inherit; background-color: transparent;'> <!-- Logo Hikvision --> <\/p>\n<div style='text-align: center; margin-bottom: 20px;'> <img style='width: 45%; height: auto; border: 1px solid rgba(150&comma;150&comma;150&comma;0.3); border-radius: 8px;' src='https:\/\/ftp3.syscom.mx\/usuarios\/jsosa\/HIKVISION\/imagenes\/logo\/hikvision%20see%20far.png' alt='Logo Hikvision'> <\/div>\n<p> <!-- Grid principal --> <\/p>\n<div style='display: flex; flex-wrap: wrap; gap: 30px; margin-bottom: 30px;'> <!-- Caracter\u00edsticas principales --> <\/p>\n<div style='flex: 1 1 300px; min-width: 280px;'>\n<div style='border-left: 5px solid #ff0000; border-radius: 5px; padding: 5px; box-shadow: 2px 2px 10px rgba(216&comma;216&comma;216&comma;0.5);'>\n<h3 style='font-size: 18px; margin-top: 0; font-family: verdana&comma; geneva&comma; sans-serif; color: inherit; opacity: 0.9;'><strong>Caracter\u00edsticas principales:<\/strong><\/h3>\n<ul style='padding-left: 20px; font-size: 14px; color: inherit; list-style-type: disc;'>\n<li style='margin-bottom: 8px;'><span style='font-family: verdana&comma; geneva&comma; sans-serif;'>Compresi\u00f3n de v\u00eddeo: H.265+ \/ H.265 \/ H.264+ \/ H.264.<\/span><\/li>\n<li style='margin-bottom: 8px;'><span style='font-family: verdana&comma; geneva&comma; sans-serif;'>Soporta 16 HDD\u00b4s de hasta 8TB. (no incluidos).<\/span><\/li>\n<li style='margin-bottom: 8px;'><span style='font-family: verdana&comma; geneva&comma; sans-serif;'>Soporta HOT SWAP con arreglo RAID 0&comma;1&comma;5&comma;10.<\/span><\/li>\n<li style='margin-bottom: 8px;'><span style='font-family: verdana&comma; geneva&comma; sans-serif;'>Compatibilidad con navegadores IE&comma; Safari&comma; Chrome (ietab).<\/span><\/li>\n<li style='margin-bottom: 8px;'><span style='font-family: verdana&comma; geneva&comma; sans-serif;'>Software cliente IVMS-4200 (gratuito).<\/span><\/li>\n<li style='margin-bottom: 8px;'><span style='font-family: verdana&comma; geneva&comma; sans-serif;'>El NVR soporta video an\u00e1lisis para la detecci\u00f3n de veh\u00edculos y humanos para evitar falsas alarmas.<\/span><\/li>\n<li style='margin-bottom: 8px;'><span style='font-family: verdana&comma; geneva&comma; sans-serif;'>Soporta reconocimiento de rostros&comma; hasta 100&comma;000 fotograf\u00edas.<\/span><\/li>\n<li style='margin-bottom: 8px;'><span style='font-family: verdana&comma; geneva&comma; sans-serif;'>Se recomienda colocar el modelo de camara <\/span><a style='background-color: #ffffff; color: #005cb9; text-decoration-line: none; font-size: 12px; font-weight: 600; font-family: 'Open Sans'&comma; Helvetica&comma; Arial&comma; sans-serif;' href='https:\/\/www.syscom.mx\/principal\/searchcont?route=IDS-2CD7A26G0-IZHS-HIKVISION-187697&#038;autodetect=ids2cd7'>IDS-2CD7A26G0-IZHS<\/a><span style='font-family: verdana&comma; geneva&comma; sans-serif;'> o <\/span><a style='background-color: #ffffff; color: #005cb9; text-decoration-line: none; font-size: 12px; font-weight: 600; font-family: 'Open Sans'&comma; Helvetica&comma; Arial&comma; sans-serif;' href='https:\/\/www.syscom.mx\/principal\/searchcont?route=IDS-2CD7126G0-IZS-HIKVISION-187705&#038;autodetect=ids2cd7'>IDS-2CD7126G0-IZS<\/a><span style='font-family: verdana&comma; geneva&comma; sans-serif;'> para poder tener los 24 canales de video con la funcion de reconocimiento facial. Cada camara permite tener un canal con reconocimiento facial.<\/span><\/li>\n<li style='margin-bottom: 8px;'><span style='font-family: verdana&comma; geneva&comma; sans-serif;'>Podemos tener hasta 12 canales de reconocimiento facial si manejamos camaras de la serie 2.0+ o easy IP 3.0.<\/span><\/li>\n<\/ul>\n<h4 style='font-size: 16px; margin-top: 20px; margin-bottom: 10px; font-family: verdana&comma; geneva&comma; sans-serif; color: inherit; opacity: 0.9;'><strong>Capacidad de procesamiento y funciones de red:<\/strong><\/h4>\n<ul style='padding-left: 20px; font-size: 14px; color: inherit; list-style-type: disc;'>\n<li style='margin-bottom: 8px;'><span style='font-family: verdana&comma; geneva&comma; sans-serif;'>Throughput entrada: 400 Mbps.<\/span><\/li>\n<li style='margin-bottom: 8px;'><span style='font-family: verdana&comma; geneva&comma; sans-serif;'>Throughput salida: 400 Mbps.<\/span><\/li>\n<li style='margin-bottom: 8px;'><span style='font-family: verdana&comma; geneva&comma; sans-serif;'>4 Puerto red 10 \/ 100 \/ 1000 Mbps. (LAN).<\/span><\/li>\n<li style='margin-bottom: 8px;'><span style='font-family: verdana&comma; geneva&comma; sans-serif;'>Funciones de las tarjetas de red: balanceo de carga y multi-direccion.<\/span><\/li>\n<\/ul><\/div>\n<\/p><\/div>\n<p> <!-- Caracter\u00edsticas F\u00edsicas --> <\/p>\n<div style='flex: 1 1 300px; min-width: 280px;'>\n<div style='border-left: 5px solid #ff0000; border-radius: 5px; padding: 5px; box-shadow: 2px 2px 10px rgba(216&comma;216&comma;216&comma;0.5);'>\n<h3 style='font-size: 18px; margin-top: 0; font-family: verdana&comma; geneva&comma; sans-serif; color: inherit; opacity: 0.9;'><strong>Caracter\u00edsticas F\u00edsicas y El\u00e9ctricas:<\/strong><\/h3>\n<ul style='padding-left: 20px; font-size: 14px; color: inherit; list-style-type: disc;'>\n<li style='margin-bottom: 8px;'><span style='font-family: verdana&comma; geneva&comma; sans-serif;'>Dimensiones: 442 x 494 x 146 mm (3 U rack).<\/span><\/li>\n<li style='margin-bottom: 8px;'><span style='font-family: verdana&comma; geneva&comma; sans-serif;'>Alimentaci\u00f3n: 100 a 240Vca \/ 140 watts (sin disco duro).<\/span><\/li>\n<li style='margin-bottom: 8px;'><span style='font-family: verdana&comma; geneva&comma; sans-serif;'>Temperatura de operaci\u00f3n: -10\u00b0C a 50\u00b0C.<\/span><\/li>\n<li style='margin-bottom: 8px;'><span style='font-family: verdana&comma; geneva&comma; sans-serif;'>Peso: 20 Kg sin discos duros.<\/span><\/li>\n<\/ul>\n<h4 style='font-size: 16px; margin-top: 20px; margin-bottom: 10px; font-family: verdana&comma; geneva&comma; sans-serif; color: inherit; opacity: 0.9;'><strong>Resoluci\u00f3n de Grabaci\u00f3n por Canal (recomendado con H.265):<\/strong><\/h4>\n<ul style='padding-left: 20px; font-size: 14px; color: inherit; list-style-type: disc;'>\n<li style='margin-bottom: 8px;'><span style='font-family: verdana&comma; geneva&comma; sans-serif;'>1 Megapixel: 64 Canales@30IPS.<\/span><\/li>\n<li style='margin-bottom: 8px;'><span style='font-family: verdana&comma; geneva&comma; sans-serif;'>2 Megapixel: 64 Canales@30IPS.<\/span><\/li>\n<li style='margin-bottom: 8px;'><span style='font-family: verdana&comma; geneva&comma; sans-serif;'>5 Megapixel: 64 Canales@30IPS.<\/span><\/li>\n<li style='margin-bottom: 8px;'><span style='font-family: verdana&comma; geneva&comma; sans-serif;'>8 Megapixel (4K): 64 Canales@15IPS.<\/span><\/li>\n<li style='margin-bottom: 8px;'><span style='font-family: verdana&comma; geneva&comma; sans-serif;'>12 Megapixel (4K): 64 Canales@15IPS.<\/span><\/li>\n<li style='margin-bottom: 8px;'><span style='font-family: verdana&comma; geneva&comma; sans-serif;'>Reproducci\u00f3n s\u00edncrona en canales: 16 Canales.<\/span><\/li>\n<\/ul><\/div>\n<\/p><\/div>\n<p> <!-- Funciones de Grabaci\u00f3n --> <\/p>\n<div style='flex: 1 1 300px; min-width: 280px;'>\n<div style='border-left: 5px solid #ff0000; border-radius: 5px; padding: 5px; box-shadow: 2px 2px 10px rgba(216&comma;216&comma;216&comma;0.5);'>\n<h3 style='font-size: 18px; margin-top: 0; font-family: verdana&comma; geneva&comma; sans-serif; color: inherit; opacity: 0.9;'><strong>Funciones de Grabaci\u00f3n y Visualizaci\u00f3n:<\/strong><\/h3>\n<ul style='padding-left: 20px; font-size: 14px; color: inherit; list-style-type: disc;'>\n<li style='margin-bottom: 8px;'><span style='font-family: verdana&comma; geneva&comma; sans-serif;'>Zoom digital en visualizaci\u00f3n y grabaci\u00f3n.<\/span><\/li>\n<li style='margin-bottom: 8px;'><span style='font-family: verdana&comma; geneva&comma; sans-serif;'>Dual stream (main stream y sub stream).<\/span><\/li>\n<li style='margin-bottom: 8px;'><span style='font-family: verdana&comma; geneva&comma; sans-serif;'>Soporta avance r\u00e1pido&comma; lento&comma; cuadro a cuadro&comma; etc.<\/span><\/li>\n<li style='margin-bottom: 8px;'><span style='font-family: verdana&comma; geneva&comma; sans-serif;'>Soporta m\u00faltiples tipos de grabaci\u00f3n&comma; incluyendo tiempo real&comma; grabaci\u00f3n manual&comma; videosensor&comma; videosensor y alarma&comma; videosensor o alarma.<\/span><\/li>\n<li style='margin-bottom: 8px;'><span style='font-family: verdana&comma; geneva&comma; sans-serif;'>Soporta grabaci\u00f3n c\u00edclica (sobreescritura) y no c\u00edclica.<\/span><\/li>\n<\/ul>\n<h4 style='font-size: 16px; margin-top: 20px; margin-bottom: 10px; font-family: verdana&comma; geneva&comma; sans-serif; color: inherit; opacity: 0.9;'><strong>Interfaces Entradas \/ Salidas:<\/strong><\/h4>\n<ul style='padding-left: 20px; font-size: 14px; color: inherit; list-style-type: disc;'>\n<li style='margin-bottom: 8px;'><span style='font-family: verdana&comma; geneva&comma; sans-serif;'>Salida independiente HDMI 1 y HDMI 2.<\/span><\/li>\n<li style='margin-bottom: 8px;'><span style='font-family: verdana&comma; geneva&comma; sans-serif;'>Salida independiente VGA 1 y VGA 2.<\/span><\/li>\n<li style='margin-bottom: 8px;'><span style='font-family: verdana&comma; geneva&comma; sans-serif;'>Entrada de Audio: 1.<\/span><\/li>\n<li style='margin-bottom: 8px;'><span style='font-family: verdana&comma; geneva&comma; sans-serif;'>Salida de Audio: 1.<\/span><\/li>\n<li style='margin-bottom: 8px;'><span style='font-family: verdana&comma; geneva&comma; sans-serif;'>Entrada de Alarma: 16<\/span><\/li>\n<li style='margin-bottom: 8px;'><span style='font-family: verdana&comma; geneva&comma; sans-serif;'>Salida de Alarma: 8<\/span><\/li>\n<li style='margin-bottom: 8px;'><span style='font-family: verdana&comma; geneva&comma; sans-serif;'>Capacidad de discos SATA: 16 HDD\u00b4s de hasta 8 TB.<\/span><\/li>\n<li style='margin-bottom: 8px;'><span style='font-family: verdana&comma; geneva&comma; sans-serif;'>Soporte para e-SATA: 1 puerto.<\/span><\/li>\n<\/ul><\/div>\n<\/p><\/div>\n<\/p><\/div>\n<p> <!-- Nota importante --> <\/p>\n<div style='margin-top: 30px; margin-bottom: 30px;'>\n<p style='font-size: 14px; font-family: verdana&comma; geneva&comma; sans-serif; color: inherit; border-left: 4px solid #ff0000; padding-left: 15px; margin: 0;'><strong>Nota:<\/strong> La serie de grabadores iDS96XXX trabaja bajo una arquitectura cliente servidor&comma; por lo que es necesario workstation para su correcto funcionamiento&comma; cualquier duda favor de comunicarse al departamento de ingenier\u00eda seguridad.<\/p>\n<\/p><\/div>\n<p> <!-- Banner final --> <\/p>\n<div style='margin-top: 30px;'> <img style='width: 100%; height: auto; border: 1px solid rgba(150&comma;150&comma;150&comma;0.3); border-radius: 8px;' src='http:\/\/ftp3.syscom.mx\/usuarios\/jdelafuente\/HIKVISION\/hikvision-solution%20banner.jpg' alt='Banner Hikvision'> <\/div>\n<\/p><\/div>\n","protected":false},"excerpt":{"rendered":"<p>NVR 12 Megapixel (4K) \/ 64 Canales IP \/ 16 Bah\u00edas de Disco Duro \/ 4 Tarjetas de Red \/ RAID con Hot Swap \/ Reconocimiento Facial<\/p>\n","protected":false},"featured_media":109192,"comment_status":"open","ping_status":"closed","template":"","meta":[],"product_brand":[],"product_cat":[2234],"product_tag":[122,54,2235],"class_list":{"0":"post-109193","1":"product","2":"type-product","3":"status-publish","4":"has-post-thumbnail","6":"product_cat-nvrs-network-video-recorders","7":"product_tag-camaras-ip-y-nvrs","8":"product_tag-hikvision","9":"product_tag-nvrs-network-video-recorders","11":"first","12":"outofstock","13":"sale","14":"shipping-taxable","15":"purchasable","16":"product-type-simple"},"_links":{"self":[{"href":"https:\/\/soydeaqui.ddns.net\/pachuca\/index.php\/wp-json\/wp\/v2\/product\/109193","targetHints":{"allow":["GET"]}}],"collection":[{"href":"https:\/\/soydeaqui.ddns.net\/pachuca\/index.php\/wp-json\/wp\/v2\/product"}],"about":[{"href":"https:\/\/soydeaqui.ddns.net\/pachuca\/index.php\/wp-json\/wp\/v2\/types\/product"}],"replies":[{"embeddable":true,"href":"https:\/\/soydeaqui.ddns.net\/pachuca\/index.php\/wp-json\/wp\/v2\/comments?post=109193"}],"wp:featuredmedia":[{"embeddable":true,"href":"https:\/\/soydeaqui.ddns.net\/pachuca\/index.php\/wp-json\/wp\/v2\/media\/109192"}],"wp:attachment":[{"href":"https:\/\/soydeaqui.ddns.net\/pachuca\/index.php\/wp-json\/wp\/v2\/media?parent=109193"}],"wp:term":[{"taxonomy":"product_brand","embeddable":true,"href":"https:\/\/soydeaqui.ddns.net\/pachuca\/index.php\/wp-json\/wp\/v2\/product_brand?post=109193"},{"taxonomy":"product_cat","embeddable":true,"href":"https:\/\/soydeaqui.ddns.net\/pachuca\/index.php\/wp-json\/wp\/v2\/product_cat?post=109193"},{"taxonomy":"product_tag","embeddable":true,"href":"https:\/\/soydeaqui.ddns.net\/pachuca\/index.php\/wp-json\/wp\/v2\/product_tag?post=109193"}],"curies":[{"name":"wp","href":"https:\/\/api.w.org\/{rel}","templated":true}]}}