{"id":109163,"date":"2026-03-20T18:42:03","date_gmt":"2026-03-20T18:42:03","guid":{"rendered":"https:\/\/soydeaqui.ddns.net\/pachuca\/index.php\/producto\/escalera-de-tijera-con-punto-de-apoyo-anti-caidas-de-0-67-m-nivel-de-pie-con-peldanos-jumbo-sku-11903\/"},"modified":"2026-03-20T18:42:24","modified_gmt":"2026-03-20T18:42:24","slug":"escalera-de-tijera-con-punto-de-apoyo-anti-caidas-de-0-67-m-nivel-de-pie-con-peldanos-jumbo-sku-11903","status":"publish","type":"product","link":"https:\/\/soydeaqui.ddns.net\/pachuca\/index.php\/producto\/escalera-de-tijera-con-punto-de-apoyo-anti-caidas-de-0-67-m-nivel-de-pie-con-peldanos-jumbo-sku-11903\/","title":{"rendered":"Escalera de Tijera con Punto de Apoyo Anti-ca\u00eddas de 0.67 m (Nivel de Pie), con Pelda\u00f1os JUMBO, (SKU 11903)."},"content":{"rendered":"<div style='width: 100%; max-width: 1200px; margin: 0 auto; font-family: sans-serif; line-height: 1.6; color: inherit; background-color: transparent;'> <!-- T\u00edtulo principal --> <\/p>\n<h4 style='font-weight: 800; font-size: 2.5em; margin: 0 0 0.5em; text-transform: uppercase; color: inherit; border-bottom: 2px solid rgba(150&comma;150&comma;150&comma;0.3); padding-bottom: 0.3em;'> jumbostep <\/h4>\n<p> <!-- Caracter\u00edsticas principales --> <\/p>\n<div style='display: flex; flex-wrap: wrap; gap: 30px; margin-bottom: 30px;'>\n<div style='flex: 1 1 300px; min-width: 280px;'>\n<h3 style='font-size: 20px; border-bottom: 2px solid currentColor; padding-bottom: 5px; margin-top: 0; color: inherit; opacity: 0.8;'>Caracter\u00edsticas<\/h3>\n<ul style='padding-left: 20px; font-size: 15px; color: inherit;'>\n<li style='margin-bottom: 5px;'>Tipo de escalera: De tijera con punto de apoyo superior<\/li>\n<li style='margin-bottom: 5px;'>Escalones Jumbo para mayor estabilidad<\/li>\n<li style='margin-bottom: 5px;'>Soporte superior de seguridad<\/li>\n<li style='margin-bottom: 5px;'>Capacidad de peso m\u00e1xima 170Kg (375lbs)<\/li>\n<li style='margin-bottom: 5px;'>Profundidad de almacenamiento: 4 \u00bd&#8217;<\/li>\n<li style='margin-bottom: 5px;'>N\u00famero de pelda\u00f1os: 3<\/li>\n<li style='margin-bottom: 5px;'>Altura m\u00e1xima de soporte de pie: 0.67 m<\/li>\n<\/ul><\/div>\n<\/p><\/div>\n<p> <!-- Descripci\u00f3n detallada --> <\/p>\n<div style='margin-bottom: 30px; font-size: 15px; color: inherit;'>\n<p>El nuevo Little Giant Jumbo Step es la mejor combinaci\u00f3n de peso ligero&comma; estabilidad y resistencia. Las huellas antideslizantes y el dise\u00f1o similar a una escalera de 8\u00bd pulgadas de ancho del Jumbo Step brindan comodidad y estabilidad inigualables. Es ideal para trabajos que requieren subir y bajar frecuentemente&comma; as\u00ed como aquellos que requieren largos per\u00edodos de pie. El dise\u00f1o del Jumbo Step hace que trabajar en alturas sea tan c\u00f3modo como pararse en el suelo.<\/p>\n<p>El Jumbo Step&comma; cuya patente est\u00e1 pendiente&comma; funciona con facilidad y es f\u00e1cil de almacenar con su delgada profundidad de almacenamiento de 4 \u00bd pulgadas. Sus grandes almohadillas antideslizantes proporcionan una gran tracci\u00f3n sobre casi cualquier superficie. El Jumbo Step resistir\u00e1 el uso profesional e industrial y tiene capacidad para soportar hasta 170kg (375 lbs). El Jumbo Step est\u00e1 disponible con tres escalones.<\/p>\n<\/p><\/div>\n<p> <!-- Secci\u00f3n de im\u00e1genes 1 --> <\/p>\n<div style='display: flex; flex-wrap: wrap; gap: 15px; margin-bottom: 30px;'> <img style='width: 100%; height: auto; border: 1px solid rgba(150&comma;150&comma;150&comma;0.3); border-radius: 8px; flex: 1 1 28%; min-width: 280px;' src='https:\/\/ftp3.syscom.mx\/usuarios\/jmolinar\/JonathanMolinar\/Escaleras\/11903-M3-Step-Handraildown-WATERMARK-SIZE-HERO.jpg' alt=''> <img style='width: 100%; height: auto; border: 1px solid rgba(150&comma;150&comma;150&comma;0.3); border-radius: 8px; flex: 1 1 28%; min-width: 280px;' src='https:\/\/ftp3.syscom.mx\/usuarios\/jmolinar\/JonathanMolinar\/Escaleras\/11903-M3-Step-Handrail-Storage-WATERMARK-SIZE-HERO.jpg' alt=''> <img style='width: 100%; height: auto; border: 1px solid rgba(150&comma;150&comma;150&comma;0.3); border-radius: 8px; flex: 1 1 28%; min-width: 280px;' src='https:\/\/ftp3.syscom.mx\/usuarios\/jmolinar\/JonathanMolinar\/Escaleras\/11903-Jumbo-Step-M3-Storage3-Fire_custom.jpg' alt=''> <\/div>\n<p> <!-- Secci\u00f3n de caracter\u00edsticas estructurales --> <\/p>\n<div style='display: flex; flex-wrap: wrap; gap: 30px; margin-bottom: 30px;'>\n<div style='flex: 1 1 300px; min-width: 280px;'>\n<h3 style='font-size: 20px; border-bottom: 2px solid currentColor; padding-bottom: 5px; margin-top: 0; color: inherit; opacity: 0.8;'>Estructura<\/h3>\n<p style='font-size: 15px; color: inherit;'>Estructura de aluminio ligera&comma; f\u00e1cil de guardar y transportar.<\/p>\n<\/p><\/div>\n<\/p><\/div>\n<p> <!-- Secci\u00f3n de im\u00e1genes 2 --> <\/p>\n<div style='display: flex; flex-wrap: wrap; gap: 15px; margin-bottom: 30px;'> <img style='width: 100%; height: auto; border: 1px solid rgba(150&comma;150&comma;150&comma;0.3); border-radius: 8px; flex: 1 1 30%; min-width: 280px;' src='https:\/\/ftp3.syscom.mx\/usuarios\/jmolinar\/JonathanMolinar\/Escaleras\/11903-Jumbo-Step-M3-Standing4_custom.jpg' alt=''> <img style='width: 100%; height: auto; border: 1px solid rgba(150&comma;150&comma;150&comma;0.3); border-radius: 8px; flex: 1 1 30%; min-width: 280px;' src='https:\/\/ftp3.syscom.mx\/usuarios\/jmolinar\/JonathanMolinar\/Escaleras\/11903-Jumbo-Step-M3-Standing6_custom.jpg' alt=''> <img style='width: 100%; height: auto; border: 1px solid rgba(150&comma;150&comma;150&comma;0.3); border-radius: 8px; flex: 1 1 30%; min-width: 280px;' src='https:\/\/ftp3.syscom.mx\/usuarios\/jmolinar\/JonathanMolinar\/Escaleras\/11903-Jumbo-Step-M3-Standing1_custom.jpg' alt=''> <\/div>\n<p> <!-- Secci\u00f3n de seguridad --> <\/p>\n<div style='display: flex; flex-wrap: wrap; gap: 30px; margin-bottom: 30px;'>\n<div style='flex: 1 1 300px; min-width: 280px;'>\n<h3 style='font-size: 20px; border-bottom: 2px solid currentColor; padding-bottom: 5px; margin-top: 0; color: inherit; opacity: 0.8;'>Seguridad<\/h3>\n<p style='font-size: 15px; color: inherit;'>Barra superior de seguridad para evitar ca\u00eddas.<\/p>\n<\/p><\/div>\n<\/p><\/div>\n<p> <!-- Secci\u00f3n de im\u00e1genes 3 --> <\/p>\n<div style='display: flex; flex-wrap: wrap; gap: 15px; margin-bottom: 30px;'> <img style='width: 100%; height: auto; border: 1px solid rgba(150&comma;150&comma;150&comma;0.3); border-radius: 8px; flex: 1 1 48%; min-width: 280px;' src='https:\/\/ftp3.syscom.mx\/usuarios\/jmolinar\/JonathanMolinar\/Escaleras\/Jumbo-Step-HandRailLower1_custom.jpg' alt=''> <img style='width: 100%; height: auto; border: 1px solid rgba(150&comma;150&comma;150&comma;0.3); border-radius: 8px; flex: 1 1 48%; min-width: 280px;' src='https:\/\/ftp3.syscom.mx\/usuarios\/jmolinar\/JonathanMolinar\/Escaleras\/JumboStep-TopCap.jpg' alt=''> <\/div>\n<p> <!-- Secci\u00f3n de accesorios --> <\/p>\n<div style='display: flex; flex-wrap: wrap; gap: 30px; margin-bottom: 30px;'>\n<div style='flex: 1 1 300px; min-width: 280px;'>\n<h3 style='font-size: 20px; border-bottom: 2px solid currentColor; padding-bottom: 5px; margin-top: 0; color: inherit; opacity: 0.8;'>Accesorios<\/h3>\n<p style='font-size: 15px; color: inherit;'>Clip de seguridad para mantener el soporte en su lugar y bandeja de herramienta con espacio para desarmadores&comma; tornillos&comma; inclusive el celular.<\/p>\n<\/p><\/div>\n<\/p><\/div>\n<\/p><\/div>\n","protected":false},"excerpt":{"rendered":"<p>Escalera de Tijera con Punto de Apoyo Anti-ca\u00eddas de 0.67 m (Nivel de Pie), con Pelda\u00f1os JUMBO, (SKU 11903).<\/p>\n","protected":false},"featured_media":109162,"comment_status":"open","ping_status":"closed","template":"","meta":[],"product_brand":[],"product_cat":[245],"product_tag":[247,492,246],"class_list":{"0":"post-109163","1":"product","2":"type-product","3":"status-publish","4":"has-post-thumbnail","6":"product_cat-herramientas-de-instalacion","7":"product_tag-herramientas-de-instalacion","8":"product_tag-little-giant-ladder-systems","9":"product_tag-torres-y-mastiles","11":"first","12":"outofstock","13":"sale","14":"shipping-taxable","15":"purchasable","16":"product-type-simple"},"_links":{"self":[{"href":"https:\/\/soydeaqui.ddns.net\/pachuca\/index.php\/wp-json\/wp\/v2\/product\/109163","targetHints":{"allow":["GET"]}}],"collection":[{"href":"https:\/\/soydeaqui.ddns.net\/pachuca\/index.php\/wp-json\/wp\/v2\/product"}],"about":[{"href":"https:\/\/soydeaqui.ddns.net\/pachuca\/index.php\/wp-json\/wp\/v2\/types\/product"}],"replies":[{"embeddable":true,"href":"https:\/\/soydeaqui.ddns.net\/pachuca\/index.php\/wp-json\/wp\/v2\/comments?post=109163"}],"wp:featuredmedia":[{"embeddable":true,"href":"https:\/\/soydeaqui.ddns.net\/pachuca\/index.php\/wp-json\/wp\/v2\/media\/109162"}],"wp:attachment":[{"href":"https:\/\/soydeaqui.ddns.net\/pachuca\/index.php\/wp-json\/wp\/v2\/media?parent=109163"}],"wp:term":[{"taxonomy":"product_brand","embeddable":true,"href":"https:\/\/soydeaqui.ddns.net\/pachuca\/index.php\/wp-json\/wp\/v2\/product_brand?post=109163"},{"taxonomy":"product_cat","embeddable":true,"href":"https:\/\/soydeaqui.ddns.net\/pachuca\/index.php\/wp-json\/wp\/v2\/product_cat?post=109163"},{"taxonomy":"product_tag","embeddable":true,"href":"https:\/\/soydeaqui.ddns.net\/pachuca\/index.php\/wp-json\/wp\/v2\/product_tag?post=109163"}],"curies":[{"name":"wp","href":"https:\/\/api.w.org\/{rel}","templated":true}]}}