{"id":109161,"date":"2026-03-20T18:41:56","date_gmt":"2026-03-20T18:41:56","guid":{"rendered":"https:\/\/soydeaqui.ddns.net\/pachuca\/index.php\/producto\/escalera-de-aluminio-fibra-de-vidrio-de-1-5m-con-soporte-para-herramienta-la-mas-liviana-del-mundo-sku-15365-001\/"},"modified":"2026-03-20T18:41:58","modified_gmt":"2026-03-20T18:41:58","slug":"escalera-de-aluminio-fibra-de-vidrio-de-1-5m-con-soporte-para-herramienta-la-mas-liviana-del-mundo-sku-15365-001","status":"publish","type":"product","link":"https:\/\/soydeaqui.ddns.net\/pachuca\/index.php\/producto\/escalera-de-aluminio-fibra-de-vidrio-de-1-5m-con-soporte-para-herramienta-la-mas-liviana-del-mundo-sku-15365-001\/","title":{"rendered":"Escalera de Aluminio + Fibra de Vidrio de 1.5m con Soporte para Herramienta. !La M\u00e1s Liviana del Mundo! (SKU 15365-001)."},"content":{"rendered":"<div style='width: 100%; max-width: 1200px; margin: 0 auto; font-family: sans-serif; line-height: 1.6; color: inherit; background-color: transparent;'>\n<div style='width: 100%;'>\n<h1 style='font-weight: 800; line-height: 1; font-size: 2.5em; margin: 0 0 0.5em; text-rendering: optimizeLegibility; color: inherit; text-transform: uppercase;'> MIGHTYLITE <\/h1>\n<\/p><\/div>\n<p> <!-- Caracter\u00edsticas Destacadas --> <\/p>\n<div style='width: 100%; margin: 30px 0;'>\n<h3 style='font-size: 20px; border-bottom: 2px solid currentColor; padding-bottom: 5px; margin-top: 0; color: inherit; opacity: 0.8;'>Caracter\u00edsticas Destacadas<\/h3>\n<ul style='padding-left: 20px; font-size: 15px; color: inherit;'>\n<li style='margin-bottom: 5px;'>Marco fabricado de Fibra de Vidrio<\/li>\n<li style='margin-bottom: 5px;'>Resistentes pelda\u00f1os de Aluminio<\/li>\n<li style='margin-bottom: 5px;'>Tama\u00f1o 1.5m (5ft)<\/li>\n<li style='margin-bottom: 5px;'>Barra de soporte superior para herramienta<\/li>\n<\/ul><\/div>\n<p> <!-- Secci\u00f3n de Contenido --> <\/p>\n<div style='width: 100%; margin-bottom: 30px;'>\n<p>La marca Little Giant dise\u00f1\u00f3 el modelo MightyLite para abordar los tres principales tipos de lesiones de escalera de tijera:<\/p>\n<ol style='padding-left: 20px; font-size: 15px; color: inherit;'>\n<li style='margin-bottom: 5px;'>Lesiones dolorosas en hombro&comma; cuello y espalda por llevar equipo pesado.<\/li>\n<li style='margin-bottom: 5px;'>Ca\u00eddas peligrosas al pararse en el escal\u00f3n superior o la tapa superior.<\/li>\n<li style='margin-bottom: 5px;'>Lesiones de tobillo&comma; rodilla y espalda por perder el \u00faltimo escal\u00f3n al descender la escalera.<\/li>\n<\/ol>\n<p>En primer lugar&comma; MightyLite es significativamente m\u00e1s ligero que cualquier escalera de tijera tradicional comparable.<\/p>\n<p>En segundo lugar&comma; el dise\u00f1o de la plataforma de MightyLite ayuda a evitar que los usuarios se pongan de pie sobre el escal\u00f3n superior o tapa superior&comma; la causa m\u00e1s com\u00fan de ca\u00eddas severas de la escalera de tijera.<\/p>\n<p>En tercer lugar&comma; la Ground Cue pendiente de patente de MightyLite previene lesiones al indicarle al usuario cuando es seguro desmontar la escalera.<\/p>\n<p>El dise\u00f1o de la plataforma sin pellizco del MightyLite se abre f\u00e1cilmente desde un delgado perfil de almacenamiento de 5&#8217;&comma; ofrece unas anchas y c\u00f3modas bandas de rodamiento en cada escal\u00f3n&comma; con una cubierta de pie amplia y c\u00f3moda.<\/p>\n<p>Su innovadora tapa superior le permite tener todo lo que necesita al alcance de la mano&comma; no m\u00e1s viajes hacia arriba y hacia abajo de la escalera para herramientas.<\/p>\n<p>El Little Giant MightyLite est\u00e1 disponible en el tipo IA carga m\u00e1xima 300 lbs (136.078kg)&comma; altura 5 pies (1.524mts).<\/p>\n<\/p><\/div>\n<p> <!-- Secci\u00f3n de Especificaciones --> <\/p>\n<div style='display: flex; flex-wrap: wrap; gap: 20px; margin-bottom: 30px;'>\n<div style='flex: 1 1 250px; border: 1px solid rgba(150&comma; 150&comma; 150&comma; 0.4); border-radius: 8px; overflow: hidden; display: flex; flex-direction: column;'>\n<div style='padding: 15px; border-bottom: 1px solid rgba(150&comma; 150&comma; 150&comma; 0.2); font-weight: bold; font-size: 18px; color: inherit;'>Estructura<\/div>\n<div style='padding: 15px; color: inherit;'>\n<p style='margin: 0; font-size: 14px;'>Estructura de fibra de vidrio que la hace una escalera super ligera.<\/p>\n<\/p><\/div>\n<\/p><\/div>\n<div style='flex: 1 1 250px; border: 1px solid rgba(150&comma; 150&comma; 150&comma; 0.4); border-radius: 8px; overflow: hidden; display: flex; flex-direction: column;'>\n<div style='padding: 15px; border-bottom: 1px solid rgba(150&comma; 150&comma; 150&comma; 0.2); font-weight: bold; font-size: 18px; color: inherit;'>Pelda\u00f1os<\/div>\n<div style='padding: 15px; color: inherit;'>\n<p style='margin: 0; font-size: 14px;'>Pelda\u00f1os de aluminio reforzados.<\/p>\n<\/p><\/div>\n<\/p><\/div>\n<div style='flex: 1 1 250px; border: 1px solid rgba(150&comma; 150&comma; 150&comma; 0.4); border-radius: 8px; overflow: hidden; display: flex; flex-direction: column;'>\n<div style='padding: 15px; border-bottom: 1px solid rgba(150&comma; 150&comma; 150&comma; 0.2); font-weight: bold; font-size: 18px; color: inherit;'>Soporte<\/div>\n<div style='padding: 15px; color: inherit;'>\n<p style='margin: 0; font-size: 14px;'>Soporte superior que ofrece mayor estabilidad<\/p>\n<\/p><\/div>\n<\/p><\/div>\n<div style='flex: 1 1 250px; border: 1px solid rgba(150&comma; 150&comma; 150&comma; 0.4); border-radius: 8px; overflow: hidden; display: flex; flex-direction: column;'>\n<div style='padding: 15px; border-bottom: 1px solid rgba(150&comma; 150&comma; 150&comma; 0.2); font-weight: bold; font-size: 18px; color: inherit;'>Versatilidad<\/div>\n<div style='padding: 15px; color: inherit;'>\n<p style='margin: 0; font-size: 14px;'>Una escalera para todo tipo de trabajo<\/p>\n<\/p><\/div>\n<\/p><\/div>\n<\/p><\/div>\n<p> <!-- Im\u00e1genes --> <\/p>\n<div style='display: grid; grid-template-columns: repeat(auto-fill&comma; minmax(280px&comma; 1fr)); gap: 20px; margin-bottom: 30px;'>\n<div style='width: 100%;'> <img style='width: 100%; height: auto; border: 1px solid rgba(150&comma;150&comma;150&comma;0.3); border-radius: 8px;' src='https:\/\/ftp3.syscom.mx\/usuarios\/jmolinar\/JonathanMolinar\/Escaleras\/15365-001-MightyLite-M5-IA-Carry1_custom.jpg' alt=''> <\/div>\n<div style='width: 100%;'> <img style='width: 100%; height: auto; border: 1px solid rgba(150&comma;150&comma;150&comma;0.3); border-radius: 8px;' src='https:\/\/ftp3.syscom.mx\/usuarios\/jmolinar\/JonathanMolinar\/Escaleras\/15365-001-MightyLite-M5-IA-Standing4_custom.jpg' alt=''> <\/div>\n<div style='width: 100%;'> <img style='width: 100%; height: auto; border: 1px solid rgba(150&comma;150&comma;150&comma;0.3); border-radius: 8px;' src='https:\/\/ftp3.syscom.mx\/usuarios\/jmolinar\/JonathanMolinar\/Escaleras\/15365-001-MightyLite-M5-IA-Standing8_custom.jpg' alt=''> <\/div>\n<div style='width: 100%;'> <img style='width: 100%; height: auto; border: 1px solid rgba(150&comma;150&comma;150&comma;0.3); border-radius: 8px;' src='https:\/\/ftp3.syscom.mx\/usuarios\/jmolinar\/JonathanMolinar\/Escaleras\/15365-001-MightyLite-M5-IA-Standing6_custom.jpg' alt=''> <\/div>\n<div style='width: 100%;'> <img style='width: 100%; height: auto; border: 1px solid rgba(150&comma;150&comma;150&comma;0.3); border-radius: 8px;' src='https:\/\/ftp3.syscom.mx\/usuarios\/jmolinar\/JonathanMolinar\/Escaleras\/15366-001-MightyLite-M6-IA-Standing1_custom.jpg' alt=''> <\/div>\n<\/p><\/div>\n<p> <!-- Separador --> <\/p>\n<hr style='border: 0; border-top: 1px solid rgba(150&comma; 150&comma; 150&comma; 0.3); margin: 30px 0;'> <\/div>\n","protected":false},"excerpt":{"rendered":"<p>Escalera de Aluminio + Fibra de Vidrio de 1.5m con Soporte para Herramienta. !La M\u00e1s Liviana del Mundo! (SKU 15365-001).<\/p>\n","protected":false},"featured_media":109160,"comment_status":"open","ping_status":"closed","template":"","meta":[],"product_brand":[],"product_cat":[24],"product_tag":[26,25,492],"class_list":{"0":"post-109161","1":"product","2":"type-product","3":"status-publish","4":"has-post-thumbnail","6":"product_cat-accesorios-de-instalacion","7":"product_tag-accesorios-de-instalacion","8":"product_tag-herramientas","9":"product_tag-little-giant-ladder-systems","11":"first","12":"outofstock","13":"sale","14":"shipping-taxable","15":"purchasable","16":"product-type-simple"},"_links":{"self":[{"href":"https:\/\/soydeaqui.ddns.net\/pachuca\/index.php\/wp-json\/wp\/v2\/product\/109161","targetHints":{"allow":["GET"]}}],"collection":[{"href":"https:\/\/soydeaqui.ddns.net\/pachuca\/index.php\/wp-json\/wp\/v2\/product"}],"about":[{"href":"https:\/\/soydeaqui.ddns.net\/pachuca\/index.php\/wp-json\/wp\/v2\/types\/product"}],"replies":[{"embeddable":true,"href":"https:\/\/soydeaqui.ddns.net\/pachuca\/index.php\/wp-json\/wp\/v2\/comments?post=109161"}],"wp:featuredmedia":[{"embeddable":true,"href":"https:\/\/soydeaqui.ddns.net\/pachuca\/index.php\/wp-json\/wp\/v2\/media\/109160"}],"wp:attachment":[{"href":"https:\/\/soydeaqui.ddns.net\/pachuca\/index.php\/wp-json\/wp\/v2\/media?parent=109161"}],"wp:term":[{"taxonomy":"product_brand","embeddable":true,"href":"https:\/\/soydeaqui.ddns.net\/pachuca\/index.php\/wp-json\/wp\/v2\/product_brand?post=109161"},{"taxonomy":"product_cat","embeddable":true,"href":"https:\/\/soydeaqui.ddns.net\/pachuca\/index.php\/wp-json\/wp\/v2\/product_cat?post=109161"},{"taxonomy":"product_tag","embeddable":true,"href":"https:\/\/soydeaqui.ddns.net\/pachuca\/index.php\/wp-json\/wp\/v2\/product_tag?post=109161"}],"curies":[{"name":"wp","href":"https:\/\/api.w.org\/{rel}","templated":true}]}}