{"id":109159,"date":"2026-03-20T18:41:51","date_gmt":"2026-03-20T18:41:51","guid":{"rendered":"https:\/\/soydeaqui.ddns.net\/pachuca\/index.php\/producto\/escalera-multi-posiciones-de-5-18-m-17-para-superficies-inclinadas-sku-15417-001\/"},"modified":"2026-03-20T18:41:52","modified_gmt":"2026-03-20T18:41:52","slug":"escalera-multi-posiciones-de-5-18-m-17-para-superficies-inclinadas-sku-15417-001","status":"publish","type":"product","link":"https:\/\/soydeaqui.ddns.net\/pachuca\/index.php\/producto\/escalera-multi-posiciones-de-5-18-m-17-para-superficies-inclinadas-sku-15417-001\/","title":{"rendered":"Escalera Multi-Posiciones de 5.18 m (17&#8242;) para Superficies Inclinadas  (SKU 15417-001)."},"content":{"rendered":"<div style='width: 100%; max-width: 1200px; margin: 0 auto; font-family: sans-serif; line-height: 1.6; color: inherit; background-color: transparent;'>\n<div style='display: flex; flex-wrap: wrap; gap: 30px; margin-bottom: 30px;'>\n<div style='flex: 1 1 300px; min-width: 280px;'>\n<h3 style='font-size: 22px; border-bottom: 2px solid currentColor; padding-bottom: 5px; margin-top: 0; color: inherit; opacity: 0.8;'>Caracter\u00edsticas<\/h3>\n<ul style='padding-left: 20px; font-size: 15px; color: inherit;'>\n<li style='margin-bottom: 5px;'><strong>Tipo de escalera:<\/strong> Multi-Posiciones para Suelos Inclinados o con Desnivel.<\/li>\n<li style='margin-bottom: 5px;'><strong>Construcci\u00f3n:<\/strong> Aluminio de grado espacial.<\/li>\n<li style='margin-bottom: 5px;'><strong>Capacidad m\u00e1xima de carga:<\/strong> 136Kg (300lbs)<\/li>\n<li style='margin-bottom: 5px;'><strong>Altura de almacenamiento:<\/strong> 1.2 &#8211; 2.1 m<\/li>\n<li style='margin-bottom: 5px;'><strong>Altura extendida:<\/strong> 2.7 &#8211; 4.6 m<\/li>\n<li style='margin-bottom: 5px;'><strong>Bisagras:<\/strong> De 2 clavijas.<\/li>\n<li style='margin-bottom: 5px;'><strong>Configuraciones posibles:<\/strong> A-frame&comma; extendida&comma; escalera est\u00e1ndar y una opci\u00f3n de 90 grados.<\/li>\n<\/ul><\/div>\n<div style='flex: 1 1 300px; min-width: 280px;'>\n<div style='position: relative; padding-bottom: 56.25%; height: 0; overflow: hidden; margin-bottom: 30px;'>   <\/div>\n<\/p><\/div>\n<\/p><\/div>\n<div style='margin-bottom: 30px; font-size: 15px; color: inherit;'>\n<p>El Little Giant Velocity\u00ae est\u00e1 fabricado con una aleaci\u00f3n especial que lo hace un 20 por ciento m\u00e1s liviano que cualquier otra escalera industrial comparable. El Velocity tambi\u00e9n incluye varias caracter\u00edsticas nuevas e innovadoras&comma; como la bisagra de dos clavijas y Rock Locks \u2122 f\u00e1cil de usar para un ajuste r\u00e1pido. El Velocity se puede usar en muchas configuraciones \u00fanicas como un A-frame&comma; una extensi\u00f3n&comma; una escalera y una escalera de 90 grados&comma; y con los soportes Velocity Trestle (se venden por separado) para formar un sistema de andamios de caballete y plataforma. Las patas de campana ancha de Velocity y la construcci\u00f3n de aluminio de grado aeroespacial proporcionan una sensaci\u00f3n de seguridad y estabilidad sin igual. La Little Giant Velocity tiene capacidad para soportar 300 libras en ambos lados y es una verdadera escalera para dos personas.<\/p>\n<p>Velocity Ladder est\u00e1 disponible en tama\u00f1os de 13&comma; 17&comma; 22 y 26 pies.<\/p>\n<\/p><\/div>\n<hr style='border: 0; border-top: 1px solid rgba(150&comma; 150&comma; 150&comma; 0.3); margin: 30px 0;'> <\/div>\n","protected":false},"excerpt":{"rendered":"<p>Escalera Multi-Posiciones de 5.18 m (17&#8242;) para Superficies Inclinadas  (SKU 15417-001).<\/p>\n","protected":false},"featured_media":109158,"comment_status":"open","ping_status":"closed","template":"","meta":[],"product_brand":[],"product_cat":[24],"product_tag":[26,25,492],"class_list":{"0":"post-109159","1":"product","2":"type-product","3":"status-publish","4":"has-post-thumbnail","6":"product_cat-accesorios-de-instalacion","7":"product_tag-accesorios-de-instalacion","8":"product_tag-herramientas","9":"product_tag-little-giant-ladder-systems","11":"first","12":"instock","13":"sale","14":"shipping-taxable","15":"purchasable","16":"product-type-simple"},"_links":{"self":[{"href":"https:\/\/soydeaqui.ddns.net\/pachuca\/index.php\/wp-json\/wp\/v2\/product\/109159","targetHints":{"allow":["GET"]}}],"collection":[{"href":"https:\/\/soydeaqui.ddns.net\/pachuca\/index.php\/wp-json\/wp\/v2\/product"}],"about":[{"href":"https:\/\/soydeaqui.ddns.net\/pachuca\/index.php\/wp-json\/wp\/v2\/types\/product"}],"replies":[{"embeddable":true,"href":"https:\/\/soydeaqui.ddns.net\/pachuca\/index.php\/wp-json\/wp\/v2\/comments?post=109159"}],"wp:featuredmedia":[{"embeddable":true,"href":"https:\/\/soydeaqui.ddns.net\/pachuca\/index.php\/wp-json\/wp\/v2\/media\/109158"}],"wp:attachment":[{"href":"https:\/\/soydeaqui.ddns.net\/pachuca\/index.php\/wp-json\/wp\/v2\/media?parent=109159"}],"wp:term":[{"taxonomy":"product_brand","embeddable":true,"href":"https:\/\/soydeaqui.ddns.net\/pachuca\/index.php\/wp-json\/wp\/v2\/product_brand?post=109159"},{"taxonomy":"product_cat","embeddable":true,"href":"https:\/\/soydeaqui.ddns.net\/pachuca\/index.php\/wp-json\/wp\/v2\/product_cat?post=109159"},{"taxonomy":"product_tag","embeddable":true,"href":"https:\/\/soydeaqui.ddns.net\/pachuca\/index.php\/wp-json\/wp\/v2\/product_tag?post=109159"}],"curies":[{"name":"wp","href":"https:\/\/api.w.org\/{rel}","templated":true}]}}