{"id":109147,"date":"2026-03-20T18:41:12","date_gmt":"2026-03-20T18:41:12","guid":{"rendered":"https:\/\/soydeaqui.ddns.net\/pachuca\/index.php\/producto\/receptor-compatible-para-kits-tt372edid-tt714pro-tt718pro\/"},"modified":"2026-03-20T18:41:28","modified_gmt":"2026-03-20T18:41:28","slug":"receptor-compatible-para-kits-tt372edid-tt714pro-tt718pro","status":"publish","type":"product","link":"https:\/\/soydeaqui.ddns.net\/pachuca\/index.php\/producto\/receptor-compatible-para-kits-tt372edid-tt714pro-tt718pro\/","title":{"rendered":"Receptor Compatible para Kits TT372EDID \/ TT714PRO \/ TT718PRO"},"content":{"rendered":"<div style='width: 100%; max-width: 1200px; margin: 0 auto; font-family: sans-serif; line-height: 1.6; color: inherit; background-color: transparent;'>\n<div style='width: 100%; margin-bottom: 30px; text-align: center;'>\n<h1 style='font-size: 28px; margin: 0 0 10px; color: inherit;'><strong>TT-372EDID-RX<\/strong><\/h1>\n<h3 style='color: rgba(128&comma;128&comma;128&comma;0.8); margin: 0 0 20px; font-size: 18px;'>Receptor para kits TT714PRO \/ TT718PRO \/ TT372EDID hasta 50 metros con cable Cat6<\/h3>\n<p style='font-size: 15px; margin: 0 70px; color: inherit;'>El receptor TT372EDIDRX permite el env\u00edo de video a una distancia de 50 metros mediante cable UTP Cat6&comma; gracias a la tecnolog\u00eda PoC solo requiere alimentaci\u00f3n el equipo transmisor aunque de manera opcional se puede alimentar el receptor TT372EDIDRX.<\/p>\n<\/p><\/div>\n<div style='display: flex; flex-wrap: wrap; gap: 30px; margin-bottom: 40px;'>\n<div style='flex: 1 1 300px; min-width: 280px;'>\n<div style='border: 1px solid rgba(150&comma;150&comma;150&comma;0.3); border-radius: 8px; overflow: hidden; height: 100%; display: flex; flex-direction: column;'>\n<div style='background-color: rgba(238&comma;238&comma;238&comma;0.8); padding: 0;'> <img style='width: 100%; height: auto; border: none; border-radius: 0;' src='http:\/\/ftp3.syscom.mx\/usuarios\/hallende\/EPCOM%20Titanium\/TT-372-EDID-RX\/TT372EDIDRX-3.png' alt=''> <\/div>\n<div style='padding: 15px; flex-grow: 1; display: flex; flex-direction: column;'>\n<h3 style='font-size: 20px; border-bottom: 2px solid currentColor; padding-bottom: 5px; margin-top: 0; color: inherit; opacity: 0.8;'>Caracter\u00edsticas Principales<\/h3>\n<ul style='padding-left: 20px; font-size: 14px; color: inherit; flex-grow: 1; display: flex; flex-direction: column; justify-content: space-between;'>\n<li style='margin-bottom: 8px;'><strong>Distancia de transmisi\u00f3n 50 metros con cable Cat 6 para 1080p Full HD @ 50\/60 Hz<\/strong><\/li>\n<li style='margin-bottom: 8px;'>Soporta resoluciones 480I\/P&comma; 576I\/P&comma; 720P&comma; 1080I\/P&comma; 3D<\/li>\n<li style='margin-bottom: 8px;'>Se\u00f1al HDMI compatible con HDCP<\/li>\n<li style='margin-bottom: 8px;'>Cable de red sugerido Cat 6&comma; Cat 6A&comma; Cat 7&comma; 100 % Cobre<\/li>\n<\/ul><\/div>\n<\/p><\/div>\n<\/p><\/div>\n<div style='flex: 1 1 300px; min-width: 280px;'>\n<div style='border: 1px solid rgba(150&comma;150&comma;150&comma;0.3); border-radius: 8px; overflow: hidden; height: 100%; display: flex; flex-direction: column;'>\n<div style='background-color: rgba(238&comma;238&comma;238&comma;0.8); padding: 0;'> <img style='width: 100%; height: auto; border: none; border-radius: 0;' src='http:\/\/ftp3.syscom.mx\/usuarios\/hallende\/EPCOM%20Titanium\/TT-372-EDID-RX\/TT372EDIDRX-1.png' alt=''> <\/div>\n<div style='padding: 15px; flex-grow: 1; display: flex; flex-direction: column;'>\n<h3 style='font-size: 20px; border-bottom: 2px solid currentColor; padding-bottom: 5px; margin-top: 0; color: inherit; opacity: 0.8;'>Caracter\u00edsticas F\u00edsicas y El\u00e9ctricas<\/h3>\n<ul style='padding-left: 20px; font-size: 14px; color: inherit; flex-grow: 1; display: flex; flex-direction: column; justify-content: space-between;'>\n<li style='margin-bottom: 8px; color: rgba(0&comma; 128&comma; 255&comma; 0.9);'>Alimentaci\u00f3n no incluida (equipo alimentado por el Transmisor)<\/li>\n<li style='margin-bottom: 8px;'>Peso: 83 g<\/li>\n<li style='margin-bottom: 8px;'>Potencia de consumo: \u2264 2W<\/li>\n<li style='margin-bottom: 8px;'>Dimensiones: 71.6 mm (L) x 66.6 mm (W) x 24.8 mm (H)<\/li>\n<li style='margin-bottom: 8px;'>Temperatura de trabajo 0\u00b0C ~ 60\u00b0C<\/li>\n<li style='margin-bottom: 8px;'>Color Negro<\/li>\n<\/ul><\/div>\n<\/p><\/div>\n<\/p><\/div>\n<div style='flex: 1 1 300px; min-width: 280px;'>\n<div style='border: 1px solid rgba(150&comma;150&comma;150&comma;0.3); border-radius: 8px; overflow: hidden; height: 100%; display: flex; flex-direction: column;'>\n<div style='background-color: rgba(238&comma;238&comma;238&comma;0.8); padding: 0;'> <img style='width: 100%; height: auto; border: none; border-radius: 0;' src='http:\/\/ftp3.syscom.mx\/usuarios\/hallende\/EPCOM%20Titanium\/TT-372-EDID-RX\/TT372EDIDRX-2.png' alt=''> <\/div>\n<div style='padding: 15px; flex-grow: 1; display: flex; flex-direction: column;'>\n<h3 style='font-size: 20px; border-bottom: 2px solid currentColor; padding-bottom: 5px; margin-top: 0; color: inherit; opacity: 0.8;'>Caracter\u00edsticas Destacadas<\/h3>\n<ul style='padding-left: 20px; font-size: 14px; color: inherit; flex-grow: 1; display: flex; flex-direction: column; justify-content: space-between;'>\n<li style='margin-bottom: 8px;'>Conformidad HDMI 1.4a<\/li>\n<li style='margin-bottom: 8px;'>Cumplimiento de HDCP 1.2a<\/li>\n<li style='margin-bottom: 8px;'>Rango de frecuencia de IR 20-60KHz<\/li>\n<li style='margin-bottom: 8px;'>Soporta PCM&comma; AC3&comma; DTS<\/li>\n<li style='margin-bottom: 8px;'>1 a\u00f1o de garant\u00eda por defectos de fabricaci\u00f3n<\/li>\n<li style='margin-bottom: 8px; color: rgba(255&comma; 0&comma; 0&comma; 0.9);'>Receptor compatible con kits TT714PRO \/ TT718PRO \/ TT372EDID<\/li>\n<\/ul><\/div>\n<\/p><\/div>\n<\/p><\/div>\n<\/p><\/div>\n<div style='margin: 40px 0;'> <img style='width: 100%; height: auto; border: 1px solid rgba(150&comma;150&comma;150&comma;0.3); border-radius: 8px;' src='http:\/\/ftp3.syscom.mx\/usuarios\/hallende\/EPCOM%20Titanium\/TT-372-EDID\/TT-372-EDID%20Esp.jpg' alt=''> <\/div>\n<div style='position: relative; padding-bottom: 56.25%; height: 0; overflow: hidden; margin: 40px 0;'>   <\/div>\n<\/p><\/div>\n","protected":false},"excerpt":{"rendered":"<p>Receptor Compatible para Kits TT372EDID \/ TT714PRO \/ TT718PRO<\/p>\n","protected":false},"featured_media":109146,"comment_status":"open","ping_status":"closed","template":"","meta":[],"product_brand":[],"product_cat":[2073,2074,2077,2075,2072,2076],"product_tag":[417,2079,2080,2083,507,2081,2078,2082],"class_list":{"0":"post-109147","1":"product","2":"type-product","3":"status-publish","4":"has-post-thumbnail","6":"product_cat-convertidores","7":"product_cat-divisores","8":"product_cat-dvi","9":"product_cat-hdmi","10":"product_cat-kits-extensores","11":"product_cat-vga","12":"product_tag-accesorios-generales","13":"product_tag-convertidores","14":"product_tag-divisores","15":"product_tag-dvi","16":"product_tag-epcom-titanium","17":"product_tag-hdmi","18":"product_tag-kits-extensores","19":"product_tag-vga","21":"first","22":"outofstock","23":"sale","24":"shipping-taxable","25":"purchasable","26":"product-type-simple"},"_links":{"self":[{"href":"https:\/\/soydeaqui.ddns.net\/pachuca\/index.php\/wp-json\/wp\/v2\/product\/109147","targetHints":{"allow":["GET"]}}],"collection":[{"href":"https:\/\/soydeaqui.ddns.net\/pachuca\/index.php\/wp-json\/wp\/v2\/product"}],"about":[{"href":"https:\/\/soydeaqui.ddns.net\/pachuca\/index.php\/wp-json\/wp\/v2\/types\/product"}],"replies":[{"embeddable":true,"href":"https:\/\/soydeaqui.ddns.net\/pachuca\/index.php\/wp-json\/wp\/v2\/comments?post=109147"}],"wp:featuredmedia":[{"embeddable":true,"href":"https:\/\/soydeaqui.ddns.net\/pachuca\/index.php\/wp-json\/wp\/v2\/media\/109146"}],"wp:attachment":[{"href":"https:\/\/soydeaqui.ddns.net\/pachuca\/index.php\/wp-json\/wp\/v2\/media?parent=109147"}],"wp:term":[{"taxonomy":"product_brand","embeddable":true,"href":"https:\/\/soydeaqui.ddns.net\/pachuca\/index.php\/wp-json\/wp\/v2\/product_brand?post=109147"},{"taxonomy":"product_cat","embeddable":true,"href":"https:\/\/soydeaqui.ddns.net\/pachuca\/index.php\/wp-json\/wp\/v2\/product_cat?post=109147"},{"taxonomy":"product_tag","embeddable":true,"href":"https:\/\/soydeaqui.ddns.net\/pachuca\/index.php\/wp-json\/wp\/v2\/product_tag?post=109147"}],"curies":[{"name":"wp","href":"https:\/\/api.w.org\/{rel}","templated":true}]}}