{"id":109135,"date":"2026-03-20T18:40:28","date_gmt":"2026-03-20T18:40:28","guid":{"rendered":"https:\/\/soydeaqui.ddns.net\/pachuca\/index.php\/producto\/pinza-para-terminado-de-conectores-mc4-de-paneles-solares\/"},"modified":"2026-03-20T18:40:37","modified_gmt":"2026-03-20T18:40:37","slug":"pinza-para-terminado-de-conectores-mc4-de-paneles-solares","status":"publish","type":"product","link":"https:\/\/soydeaqui.ddns.net\/pachuca\/index.php\/producto\/pinza-para-terminado-de-conectores-mc4-de-paneles-solares\/","title":{"rendered":"Pinza para Terminado de Conectores MC4 de paneles solares."},"content":{"rendered":"<div style='width: 100%; max-width: 1200px; margin: 0 auto; font-family: sans-serif; line-height: 1.6; color: inherit; background-color: transparent;'>\n<div style='display: flex; flex-wrap: wrap; gap: 30px; margin-bottom: 30px;'>\n<div style='flex: 1 1 300px; min-width: 280px;'>\n<h3 style='font-size: 22px; border-bottom: 2px solid currentColor; padding-bottom: 5px; margin-top: 0; color: inherit; opacity: 0.8;'>Caracter\u00edsticas principales<\/h3>\n<ul style='padding-left: 20px; font-size: 15px; color: inherit;'>\n<li style='margin-bottom: 5px;'>Pinza especializada para ponchado de terminales met\u00e1licas de uso el\u00e9ctrico para cables solares calibre 10-14 AWG (2.5-6 mm2).<\/li>\n<li style='margin-bottom: 5px;'>Especialmente dise\u00f1ada para conectores MC4 y MC3 empleados en instalaciones de sistemas fotovoltaicos.<\/li>\n<li style='margin-bottom: 5px;'>Ponchado de alta calidad.<\/li>\n<li style='margin-bottom: 5px;'>Herramienta indispensable para instaladores de sistemas fotovoltaicos o electricistas profesionales.<\/li>\n<li style='margin-bottom: 5px;'>Su dise\u00f1o ergon\u00f3mico permite un f\u00e1cil uso de la pinza.<\/li>\n<li style='margin-bottom: 5px;'>Pinza de ponchado para zapata met\u00e1lica de Conector MC4 y MC3<\/li>\n<li style='margin-bottom: 5px;'>Poncha cables desde Cal. 14&comma;12 y 10 AWG (2.5-6 mm2)<\/li>\n<li style='margin-bottom: 5px;'>Gran potencia de ponchado con m\u00ednimo de esfuerzo<\/li>\n<\/ul><\/div>\n<\/p><\/div>\n<hr style='border: 0; border-top: 1px solid rgba(150&comma; 150&comma; 150&comma; 0.3); margin: 30px 0;'> <\/div>\n","protected":false},"excerpt":{"rendered":"<p>Pinza para Terminado de Conectores MC4 de paneles solares.<\/p>\n","protected":false},"featured_media":109134,"comment_status":"open","ping_status":"closed","template":"","meta":[],"product_brand":[],"product_cat":[1067],"product_tag":[1068,964,454],"class_list":{"0":"post-109135","1":"product","2":"type-product","3":"status-publish","4":"has-post-thumbnail","6":"product_cat-accesorios-cables-jumpers","7":"product_tag-accesorios-cables-jumpers","8":"product_tag-energia-solar","9":"product_tag-epcom-powerline","11":"first","12":"outofstock","13":"sale","14":"shipping-taxable","15":"purchasable","16":"product-type-simple"},"_links":{"self":[{"href":"https:\/\/soydeaqui.ddns.net\/pachuca\/index.php\/wp-json\/wp\/v2\/product\/109135","targetHints":{"allow":["GET"]}}],"collection":[{"href":"https:\/\/soydeaqui.ddns.net\/pachuca\/index.php\/wp-json\/wp\/v2\/product"}],"about":[{"href":"https:\/\/soydeaqui.ddns.net\/pachuca\/index.php\/wp-json\/wp\/v2\/types\/product"}],"replies":[{"embeddable":true,"href":"https:\/\/soydeaqui.ddns.net\/pachuca\/index.php\/wp-json\/wp\/v2\/comments?post=109135"}],"wp:featuredmedia":[{"embeddable":true,"href":"https:\/\/soydeaqui.ddns.net\/pachuca\/index.php\/wp-json\/wp\/v2\/media\/109134"}],"wp:attachment":[{"href":"https:\/\/soydeaqui.ddns.net\/pachuca\/index.php\/wp-json\/wp\/v2\/media?parent=109135"}],"wp:term":[{"taxonomy":"product_brand","embeddable":true,"href":"https:\/\/soydeaqui.ddns.net\/pachuca\/index.php\/wp-json\/wp\/v2\/product_brand?post=109135"},{"taxonomy":"product_cat","embeddable":true,"href":"https:\/\/soydeaqui.ddns.net\/pachuca\/index.php\/wp-json\/wp\/v2\/product_cat?post=109135"},{"taxonomy":"product_tag","embeddable":true,"href":"https:\/\/soydeaqui.ddns.net\/pachuca\/index.php\/wp-json\/wp\/v2\/product_tag?post=109135"}],"curies":[{"name":"wp","href":"https:\/\/api.w.org\/{rel}","templated":true}]}}