{"id":109113,"date":"2026-03-20T18:39:17","date_gmt":"2026-03-20T18:39:17","guid":{"rendered":"https:\/\/soydeaqui.ddns.net\/pachuca\/index.php\/producto\/cable-divisor-poe-pasivo-de-48-55-vcc-12-vcc-2-a-aplicaciones-como-adaptar-microfonos-en-camaras-ip\/"},"modified":"2026-03-20T18:39:41","modified_gmt":"2026-03-20T18:39:41","slug":"cable-divisor-poe-pasivo-de-48-55-vcc-12-vcc-2-a-aplicaciones-como-adaptar-microfonos-en-camaras-ip","status":"publish","type":"product","link":"https:\/\/soydeaqui.ddns.net\/pachuca\/index.php\/producto\/cable-divisor-poe-pasivo-de-48-55-vcc-12-vcc-2-a-aplicaciones-como-adaptar-microfonos-en-camaras-ip\/","title":{"rendered":"Cable divisor PoE pasivo de 48-55 Vcc @ 12 Vcc, 2 A. Aplicaciones como adaptar micr\u00f3fonos en c\u00e1maras IP"},"content":{"rendered":"<div style='width: 100%; max-width: 1200px; margin: 0 auto; font-family: sans-serif; line-height: 1.6; color: inherit; background-color: transparent;'> <!-- Informaci\u00f3n b\u00e1sica --> <\/p>\n<div style='margin-bottom: 30px;'>\n<h1 style='font-size: 28px; margin-top: 0; color: inherit;'><strong>TTPL100<\/strong><\/h1>\n<h3 style='font-size: 20px; color: inherit; opacity: 0.9; margin-bottom: 10px;'>Cable divisor PoE pasivo de 48-55 Vcc @ 12 Vcc&comma; 2 A. Aplicaciones como adaptar micr\u00f3fonos en c\u00e1maras IP<\/h3>\n<p style='font-size: 16px; color: inherit; opacity: 0.85;'>ADAPTADOR DE MICROFONOS PARA CAMARAS IP<\/p>\n<\/p><\/div>\n<p> <!-- Secci\u00f3n de caracter\u00edsticas con grid --> <\/p>\n<div style='display: grid; grid-template-columns: repeat(auto-fill&comma; minmax(300px&comma; 1fr)); gap: 30px; margin-bottom: 30px;'> <!-- Caracter\u00edsticas Principales --> <\/p>\n<div style='border: 1px solid rgba(150&comma; 150&comma; 150&comma; 0.3); border-radius: 8px; overflow: hidden; display: flex; flex-direction: column;'> <img style='width: 100%; height: auto; border: none;' src='http:\/\/ftp3.syscom.mx\/usuarios\/hallende\/Familia%20Joy\/TTPL100\/TTPL100-h.png' alt=''> <\/p>\n<div style='padding: 20px;'>\n<h3 style='font-size: 22px; border-bottom: 2px solid currentColor; padding-bottom: 5px; margin-top: 0; color: inherit; opacity: 0.8;'>Caracter\u00edsticas Principales:<\/h3>\n<ul style='padding-left: 20px; font-size: 15px; color: inherit; list-style-type: disc;'>\n<li style='margin-bottom: 5px;'>Tipo aislado<\/li>\n<li style='margin-bottom: 5px;'>Un puerto RJ45 de 10\/100 Mbps<\/li>\n<li style='margin-bottom: 5px;'>Admite el est\u00e1ndar de alimentaci\u00f3n Ethernet IEEE802.3af<\/li>\n<li style='margin-bottom: 5px;'>Transmisi\u00f3n de datos 10 \/ 100M<\/li>\n<li style='margin-bottom: 5px;'>Pines de alimentaci\u00f3n 1\/2(+)&comma;3\/6(-);4\/5(+)&comma;7\/8(-)<\/li>\n<li style='margin-bottom: 5px;'>Distancia de transmisi\u00f3n: 0-120M<\/li>\n<\/ul><\/div>\n<\/p><\/div>\n<p> <!-- Caracter\u00edsticas F\u00edsicas y El\u00e9ctricas --> <\/p>\n<div style='border: 1px solid rgba(150&comma; 150&comma; 150&comma; 0.3); border-radius: 8px; overflow: hidden; display: flex; flex-direction: column;'> <img style='width: 100%; height: auto; border: none;' src='http:\/\/ftp3.syscom.mx\/usuarios\/hallende\/Familia%20Joy\/TTPL100\/TTPL100-AD-2-h.png' alt=''> <\/p>\n<div style='padding: 20px;'>\n<h3 style='font-size: 22px; border-bottom: 2px solid currentColor; padding-bottom: 5px; margin-top: 0; color: inherit; opacity: 0.8;'>Caracter\u00edsticas F\u00edsicas y El\u00e9ctricas:<\/h3>\n<ul style='padding-left: 20px; font-size: 15px; color: inherit; list-style-type: disc;'>\n<li style='margin-bottom: 5px;'><strong>Entrada de voltaje PoE:<\/strong> 44-57V<\/li>\n<li style='margin-bottom: 5px;'><strong>Salida de voltaje DC:<\/strong> 12 Vcc<\/li>\n<li style='margin-bottom: 5px;'><strong>Salida de corriente CC:<\/strong> 1.25A (MAX)<\/li>\n<li style='margin-bottom: 5px;'><strong>Conectores:<\/strong> 1x RJ45 de entrada (Hembra)&comma; 1x RJ45 de salida (Macho)&comma; 1x puerto de salida DC<\/li>\n<li style='margin-bottom: 5px;'><strong>Temperatura:<\/strong> funcionamiento: 0 ~ 55 \u00b0C; almacenamiento: -10 ~ 70 \u00b0C; (MAX)<\/li>\n<li style='margin-bottom: 5px;'><strong>Dimensiones:<\/strong> 246(L)x30(W)x25mm(H)<\/li>\n<li style='margin-bottom: 5px;'><strong>Peso:<\/strong> 0.065kg<\/li>\n<\/ul><\/div>\n<\/p><\/div>\n<p> <!-- Caracter\u00edsticas Destacadas --> <\/p>\n<div style='border: 1px solid rgba(150&comma; 150&comma; 150&comma; 0.3); border-radius: 8px; overflow: hidden; display: flex; flex-direction: column;'> <img style='width: 100%; height: auto; border: none;' src='http:\/\/ftp3.syscom.mx\/usuarios\/hallende\/Familia%20Joy\/TTPL100\/TTPL100-AD-4-h.png' alt='...'> <\/p>\n<div style='padding: 20px;'>\n<h3 style='font-size: 22px; border-bottom: 2px solid currentColor; padding-bottom: 5px; margin-top: 0; color: inherit; opacity: 0.8;'>Caracter\u00edsticas Destacadas:<\/h3>\n<ul style='padding-left: 20px; font-size: 15px; color: inherit; list-style-type: disc;'>\n<li style='margin-bottom: 5px;'><strong>Protocolos:<\/strong> IEEE 802.3 i 10 BASE-T&comma; IEEE 802.3 u 100 BASE-TX&comma; IEEE 802.3 x Flow Control&comma; IEEE 802.3 af Power over Ethernet<\/li>\n<li style='margin-bottom: 5px;'><strong>Led de estatus:<\/strong> Luz indicadora de entrada de energ\u00eda PoE&comma; luz indicadora de potencia de salida CC<\/li>\n<li style='margin-bottom: 5px;'><strong>Protecci\u00f3n de puerto:<\/strong> Cumple con IEC61000-4-2 (ESD) \u00b1 15KV (aire)&comma; \u00b1 8KV (contacto); Compatible con 8 \/ 20us&comma; 24A (12A)<\/li>\n<li style='margin-bottom: 5px;'><strong>Garan\u00eda:<\/strong> 1 a\u00f1o<\/li>\n<\/ul><\/div>\n<\/p><\/div>\n<\/p><\/div>\n<p> <!-- Separador final --> <\/p>\n<hr style='border: 0; border-top: 1px solid rgba(150&comma; 150&comma; 150&comma; 0.3); margin: 30px 0;'> <\/div>\n","protected":false},"excerpt":{"rendered":"<p>Cable divisor PoE pasivo de 48-55 Vcc @ 12 Vcc, 2 A. Aplicaciones como adaptar micr\u00f3fonos en c\u00e1maras IP<\/p>\n","protected":false},"featured_media":109112,"comment_status":"open","ping_status":"closed","template":"","meta":[],"product_brand":[],"product_cat":[438],"product_tag":[439,122,454],"class_list":{"0":"post-109113","1":"product","2":"type-product","3":"status-publish","4":"has-post-thumbnail","6":"product_cat-bala","7":"product_tag-bala","8":"product_tag-camaras-ip-y-nvrs","9":"product_tag-epcom-powerline","11":"first","12":"instock","13":"sale","14":"shipping-taxable","15":"purchasable","16":"product-type-simple"},"_links":{"self":[{"href":"https:\/\/soydeaqui.ddns.net\/pachuca\/index.php\/wp-json\/wp\/v2\/product\/109113","targetHints":{"allow":["GET"]}}],"collection":[{"href":"https:\/\/soydeaqui.ddns.net\/pachuca\/index.php\/wp-json\/wp\/v2\/product"}],"about":[{"href":"https:\/\/soydeaqui.ddns.net\/pachuca\/index.php\/wp-json\/wp\/v2\/types\/product"}],"replies":[{"embeddable":true,"href":"https:\/\/soydeaqui.ddns.net\/pachuca\/index.php\/wp-json\/wp\/v2\/comments?post=109113"}],"wp:featuredmedia":[{"embeddable":true,"href":"https:\/\/soydeaqui.ddns.net\/pachuca\/index.php\/wp-json\/wp\/v2\/media\/109112"}],"wp:attachment":[{"href":"https:\/\/soydeaqui.ddns.net\/pachuca\/index.php\/wp-json\/wp\/v2\/media?parent=109113"}],"wp:term":[{"taxonomy":"product_brand","embeddable":true,"href":"https:\/\/soydeaqui.ddns.net\/pachuca\/index.php\/wp-json\/wp\/v2\/product_brand?post=109113"},{"taxonomy":"product_cat","embeddable":true,"href":"https:\/\/soydeaqui.ddns.net\/pachuca\/index.php\/wp-json\/wp\/v2\/product_cat?post=109113"},{"taxonomy":"product_tag","embeddable":true,"href":"https:\/\/soydeaqui.ddns.net\/pachuca\/index.php\/wp-json\/wp\/v2\/product_tag?post=109113"}],"curies":[{"name":"wp","href":"https:\/\/api.w.org\/{rel}","templated":true}]}}