{"id":109065,"date":"2026-03-20T18:36:33","date_gmt":"2026-03-20T18:36:33","guid":{"rendered":"https:\/\/soydeaqui.ddns.net\/pachuca\/index.php\/producto\/dvr-4-megapixel-32-canales-turbohd-8-canales-ip-2-bahias-de-disco-duro-1-canal-de-audio\/"},"modified":"2026-03-20T18:36:53","modified_gmt":"2026-03-20T18:36:53","slug":"dvr-4-megapixel-32-canales-turbohd-8-canales-ip-2-bahias-de-disco-duro-1-canal-de-audio","status":"publish","type":"product","link":"https:\/\/soydeaqui.ddns.net\/pachuca\/index.php\/producto\/dvr-4-megapixel-32-canales-turbohd-8-canales-ip-2-bahias-de-disco-duro-1-canal-de-audio\/","title":{"rendered":"DVR 4 Megapixel \/ 32 Canales TURBOHD + 8 Canales IP \/ 2 Bah\u00edas de Disco Duro \/ 1 Canal de Audio"},"content":{"rendered":"<div style='width: 100%; max-width: 1200px; margin: 0 auto; font-family: sans-serif; line-height: 1.6; color: inherit; background-color: transparent;'> <!-- Im\u00e1genes --> <\/p>\n<div style='display: flex; flex-wrap: wrap; gap: 15px; justify-content: center; margin-bottom: 30px;'> <img style='width: 100%; max-width: 950px; height: auto; border: 1px solid rgba(150&comma;150&comma;150&comma;0.3); border-radius: 8px;' src='https:\/\/lh3.googleusercontent.com\/-cD4or2_Jj40\/W_wDPHtibyI\/AAAAAAAADfE\/Z-wLFCGCMKg3Okbf3niB6ygfU96d2jlMQCL0BGAYYCw\/h207\/2018-11-26.jpg' alt=''> <img style='width: 100%; max-width: 350px; height: auto; border: 1px solid rgba(150&comma;150&comma;150&comma;0.3); border-radius: 8px;' src='https:\/\/ftp3.syscom.mx\/usuarios\/fotos\/DS7208HQHIK1\/97560-pentahi.jpg' alt=''> <img style='width: 100%; max-width: 950px; height: auto; border: 1px solid rgba(150&comma;150&comma;150&comma;0.3); border-radius: 8px;' src='https:\/\/ftp3.syscom.mx\/usuarios\/jsosa\/josesosa\/Imagenes\/menosconsumoha.jpg' alt=''> <\/div>\n<p> <!-- Nota importante --> <\/p>\n<div style='margin-bottom: 30px;'>\n<h3 style='color: #ff0000; font-size: 18px; margin-top: 0; margin-bottom: 15px;'>Nota importante:<\/h3>\n<p style='margin-bottom: 20px;'>Gracias a las nuevas actualizaciones (mejoras) ahora el DVR permite aceptar c\u00e1maras TURBOHD de 4 Megapixel que originalmente estaba dedicado a soportar 3 Megapixel&comma; el DVR podr\u00e1 grabar a 4 Megapixel Lite&comma; quiere decir que es un acoplamiento de se\u00f1al que permite aceptar c\u00e1maras de 4 Megapixel TURBOHD con grabaci\u00f3n Lite.<\/p>\n<div style='display: flex; flex-wrap: wrap; gap: 15px;'>\n<div style='flex: 1 1 250px; min-width: 200px; padding: 10px; background-color: rgba(255&comma;0&comma;0&comma;0.1); border-left: 3px solid #ff0000;'> <strong style='color: #ff0000; display: block; margin-bottom: 5px;'>4 Megapixel Real = 2560 X 1440<\/strong> <\/div>\n<div style='flex: 1 1 250px; min-width: 200px; padding: 10px; background-color: rgba(255&comma;0&comma;0&comma;0.1); border-left: 3px solid #ff0000;'> <strong style='color: #ff0000; display: block; margin-bottom: 5px;'>4 Megapixel Lite = 1280 X 1440<\/strong> <\/div>\n<\/p><\/div>\n<\/p><\/div>\n<p> <!-- Caracter\u00edsticas principales --> <\/p>\n<div style='margin-bottom: 30px;'>\n<h3 style='font-size: 20px; border-bottom: 2px solid currentColor; padding-bottom: 5px; margin-top: 0; margin-bottom: 15px; color: inherit; opacity: 0.8;'>Caracter\u00edsticas principales<\/h3>\n<ul style='padding-left: 20px; font-size: 15px; color: inherit;'>\n<li style='margin-bottom: 8px;'>Sistema Pentaibrido (AHD \/ TVI \/ CVI \/ Anal\u00f3gico \/ IP)<\/li>\n<li style='margin-bottom: 8px;'>Compresi\u00f3n: H.265+ \/ H.265 \/ H.264+ \/ H.264<\/li>\n<li style='margin-bottom: 8px;'>32 Canales de v\u00eddeo TURBOHD + 8 canales IP = 40 canales en total<\/li>\n<li style='margin-bottom: 8px;'>Permite apagar canales anal\u00f3gicos TURBOHD y poder generar canales IP&comma; podemos colocar hasta 40 canales IP en total. Por cada canal anal\u00f3gico TURBOHD que se apague se genera un canal IP adicional<\/li>\n<li style='margin-bottom: 8px;'>1 Entradas de audio \/ 1 salida de audio<\/li>\n<li style='margin-bottom: 8px;'>1 Puertos de red gigabit<\/li>\n<li style='margin-bottom: 8px;'>Capacidad para 2 discos duros SATA de hasta 10 TB (20 TB en total)<\/li>\n<li style='margin-bottom: 8px;'>Salida de v\u00eddeo:\n<ul style='padding-left: 25px; margin-top: 8px; margin-bottom: 8px;'>\n<li style='margin-bottom: 5px;'>HDMI: 4K (3840\u00d72160)&comma; 2K (2560\u00d71440)&comma; 1920\u00d71080&comma; 1280\u00d71024&comma; 1280\u00d7720&comma; 1024\u00d7768<\/li>\n<li style='margin-bottom: 5px;'>VGA: 1920\u00d71080&comma; 1280\u00d71024&comma; 1280\u00d7720&comma; 1024\u00d7768<\/li>\n<\/ul>\n<\/li>\n<li style='margin-bottom: 8px;'>Salida de v\u00eddeo BNC en resoluci\u00f3n 4 CIF independiente<\/li>\n<li style='margin-bottom: 8px;'>Soporta Guarding Vision (P2P)<\/li>\n<li style='margin-bottom: 8px;'>Soporta Guarding Vision \/ NO-IP \/ DynDNS<\/li>\n<li style='margin-bottom: 8px;'>Compatible con software cliente iVMS-4200 (Windows\/Mac) \/ Hik-Connect (Android&comma; iPhone&comma; iPad)<\/li>\n<li style='margin-bottom: 8px;'>Soporta COAXITRON para PTZ (no requiere cablear datos RS-485)<\/li>\n<\/ul><\/div>\n<p> <!-- Canales de v\u00eddeo --> <\/p>\n<div style='margin-bottom: 30px;'>\n<h3 style='font-size: 20px; border-bottom: 2px solid currentColor; padding-bottom: 5px; margin-top: 0; margin-bottom: 15px; color: inherit; opacity: 0.8;'>Canales de v\u00eddeo<\/h3>\n<ul style='padding-left: 20px; font-size: 15px; color: inherit;'>\n<li style='margin-bottom: 8px;'>Tecnolog\u00eda CVI: 4 Megapixel Lite \/ 1080p \/ 720p<\/li>\n<li style='margin-bottom: 8px;'>Tecnolog\u00eda AHD: 4 Megapixel Lite \/ 1080p \/ 720p<\/li>\n<li style='margin-bottom: 8px;'>Tecnolog\u00eda TURBOHD (TVI): 4 Megapixel Lite \/ 3 Megapixel \/ 1080p \/ 720p<\/li>\n<li style='margin-bottom: 8px; color: #ff0000;'><strong>Nota:<\/strong> Acepta c\u00e1maras de 4MP&comma; 2MP y 1MP en todos sus canales BNC (C\u00e1maras de 3MP solo en el canal 1&comma; 2&comma; 3 y 4)<\/li>\n<li style='margin-bottom: 8px;'>Tecnolog\u00eda anal\u00f3gica (CVBS): 600 TVL en adelante<\/li>\n<li style='margin-bottom: 8px;'>Tecnolog\u00eda IP: 6 Megapixel<\/li>\n<li style='margin-bottom: 8px;'><span style='display: block; padding: 10px; background-color: rgba(32&comma;33&comma;36&comma;0.04); color: inherit; border-left: 3px solid rgba(150&comma;150&comma;150&comma;0.3);'>Para conectar los canales IP requiere utilizar un switch\/switch poe (no incluido)<\/span><\/li>\n<\/ul><\/div>\n<p> <!-- Caracter\u00edsticas f\u00edsicas y el\u00e9ctricas --> <\/p>\n<div style='margin-bottom: 30px;'>\n<h3 style='font-size: 20px; border-bottom: 2px solid currentColor; padding-bottom: 5px; margin-top: 0; margin-bottom: 15px; color: inherit; opacity: 0.8;'>Caracter\u00edsticas f\u00edsicas y el\u00e9ctricas<\/h3>\n<ul style='padding-left: 20px; font-size: 15px; color: inherit;'>\n<li style='margin-bottom: 8px;'>Alimentaci\u00f3n \/ consumo: 100 a 240 Vca \/ 65 Watts (sin discos duros)<\/li>\n<li style='margin-bottom: 8px;'>Temperatura de operaci\u00f3n: -10\u00b0 a 55\u00b0 C<\/li>\n<li style='margin-bottom: 8px;'>Dimensiones: 380 x 320 x 48 mm<\/li>\n<li style='margin-bottom: 8px;'>Peso: 2 Kgs<\/li>\n<li style='margin-bottom: 8px;'>Garant\u00eda: 5 a\u00f1os<\/li>\n<li style='margin-bottom: 8px;'>Compatible con gabinete met\u00e1lico GAB-VID2-R2<\/li>\n<\/ul><\/div>\n<p> <!-- Recursos --> <\/p>\n<div style='margin-bottom: 30px;'> <img style='width: 100%; max-width: 1200px; height: auto; border: 1px solid rgba(150&comma;150&comma;150&comma;0.3); border-radius: 8px; margin-bottom: 20px;' src='https:\/\/ftp3.syscom.mx\/usuarios\/fotos\/B8TURBOC\/189682-5-year-epcom-es_(2).png' alt=''> <\/p>\n<h3 style='text-align: center; font-size: 20px; margin-bottom: 20px; color: inherit; opacity: 0.8;'>Recursos<\/h3>\n<div style='display: flex; flex-wrap: wrap; gap: 20px; justify-content: center;'>\n<div style='flex: 1 1 250px; min-width: 200px;'> <a href='https:\/\/www.hikvision.com\/es-la\/support\/download\/software\/ivms4200-series\/?q=serie%20ivms4200&#038;position=1' target='_blank' rel='noopener' style='display: block; text-decoration: none;'> <img style='width: 100%; height: auto; border: 1px solid rgba(150&comma;150&comma;150&comma;0.3); border-radius: 8px;' src='https:\/\/ftp3.syscom.mx\/usuarios\/gmagos\/HIK\/IP\/IPC\/Imagenes%20pagina\/Descargas%20IVMS4200.jpg' alt='Descargas IVMS4200'> <\/a> <\/div>\n<div style='flex: 1 1 250px; min-width: 200px;'> <a href='https:\/\/appstore.hikvision.com\/' target='_blank' rel='noopener' style='display: block; text-decoration: none;'> <img style='width: 100%; height: auto; border: 1px solid rgba(150&comma;150&comma;150&comma;0.3); border-radius: 8px;' src='https:\/\/ftp3.syscom.mx\/usuarios\/gmagos\/HIK\/IP\/IPC\/Imagenes%20pagina\/Descargas%20de%20app.jpg' alt='Descargas de app'> <\/a> <\/div>\n<div style='flex: 1 1 250px; min-width: 200px;'> <a href='https:\/\/ftp3.syscom.mx\/usuarios\/ftp\/2018\/12\/07\/5a6a6\/EV4024%2032.pdf' target='_blank' rel='noopener' style='display: block; text-decoration: none;'> <img style='width: 100%; height: auto; border: 1px solid rgba(150&comma;150&comma;150&comma;0.3); border-radius: 8px;' src='https:\/\/ftp3.syscom.mx\/usuarios\/gmagos\/HIK\/IP\/IPC\/Imagenes%20pagina\/Descarga%20de%20PDF.jpg' alt='Descarga de PDF'> <\/a> <\/div>\n<\/p><\/div>\n<\/p><\/div>\n<p> <!-- Separador final --> <\/p>\n<hr style='border: 0; border-top: 1px solid rgba(150&comma; 150&comma; 150&comma; 0.3); margin: 30px 0;'> <\/div>\n","protected":false},"excerpt":{"rendered":"<p>DVR 4 Megapixel \/ 32 Canales TURBOHD + 8 Canales IP \/ 2 Bah\u00edas de Disco Duro \/ 1 Canal de Audio<\/p>\n","protected":false},"featured_media":109064,"comment_status":"open","ping_status":"closed","template":"","meta":[],"product_brand":[],"product_cat":[2254],"product_tag":[2255,935,2256],"class_list":{"0":"post-109065","1":"product","2":"type-product","3":"status-publish","4":"has-post-thumbnail","6":"product_cat-videograbadoras-analogicas-turbohd-tvi-ahd-cvi","7":"product_tag-camaras-y-dvrs-hd-turbohd-ahd-hd-tvi","8":"product_tag-epcom","9":"product_tag-videograbadoras-analogicas-turbohd-tvi-ahd-cvi","11":"first","12":"outofstock","13":"sale","14":"shipping-taxable","15":"purchasable","16":"product-type-simple"},"_links":{"self":[{"href":"https:\/\/soydeaqui.ddns.net\/pachuca\/index.php\/wp-json\/wp\/v2\/product\/109065","targetHints":{"allow":["GET"]}}],"collection":[{"href":"https:\/\/soydeaqui.ddns.net\/pachuca\/index.php\/wp-json\/wp\/v2\/product"}],"about":[{"href":"https:\/\/soydeaqui.ddns.net\/pachuca\/index.php\/wp-json\/wp\/v2\/types\/product"}],"replies":[{"embeddable":true,"href":"https:\/\/soydeaqui.ddns.net\/pachuca\/index.php\/wp-json\/wp\/v2\/comments?post=109065"}],"wp:featuredmedia":[{"embeddable":true,"href":"https:\/\/soydeaqui.ddns.net\/pachuca\/index.php\/wp-json\/wp\/v2\/media\/109064"}],"wp:attachment":[{"href":"https:\/\/soydeaqui.ddns.net\/pachuca\/index.php\/wp-json\/wp\/v2\/media?parent=109065"}],"wp:term":[{"taxonomy":"product_brand","embeddable":true,"href":"https:\/\/soydeaqui.ddns.net\/pachuca\/index.php\/wp-json\/wp\/v2\/product_brand?post=109065"},{"taxonomy":"product_cat","embeddable":true,"href":"https:\/\/soydeaqui.ddns.net\/pachuca\/index.php\/wp-json\/wp\/v2\/product_cat?post=109065"},{"taxonomy":"product_tag","embeddable":true,"href":"https:\/\/soydeaqui.ddns.net\/pachuca\/index.php\/wp-json\/wp\/v2\/product_tag?post=109065"}],"curies":[{"name":"wp","href":"https:\/\/api.w.org\/{rel}","templated":true}]}}