{"id":109005,"date":"2026-03-20T18:33:07","date_gmt":"2026-03-20T18:33:07","guid":{"rendered":"https:\/\/soydeaqui.ddns.net\/pachuca\/index.php\/producto\/limpiador-lubricante-en-aerosol-dielctrico-protege-mecanismos-circuitos-sensores-ventiladores-170-ml\/"},"modified":"2026-03-20T18:33:08","modified_gmt":"2026-03-20T18:33:08","slug":"limpiador-lubricante-en-aerosol-dielctrico-protege-mecanismos-circuitos-sensores-ventiladores-170-ml","status":"publish","type":"product","link":"https:\/\/soydeaqui.ddns.net\/pachuca\/index.php\/producto\/limpiador-lubricante-en-aerosol-dielctrico-protege-mecanismos-circuitos-sensores-ventiladores-170-ml\/","title":{"rendered":"Limpiador Lubricante en Aerosol Diel?ctrico, Protege Mecanismos, Circuitos, Sensores, Ventiladores, 170 ml."},"content":{"rendered":"<div style='width: 100%; max-width: 1200px; margin: 0 auto; font-family: sans-serif; line-height: 1.6; color: inherit; background-color: transparent;'> <!-- Imagen principal --> <\/p>\n<div style='margin-bottom: 30px;'> <img style='width: 100%; height: auto; border: 1px solid rgba(150&comma;150&comma;150&comma;0.3); border-radius: 8px;' src='https:\/\/ftp3.syscom.mx\/usuarios\/fotos\/SILIJETEPLUS\/160998-silimexup.jpg' alt=''> <\/div>\n<p> <!-- Descripci\u00f3n principal --> <\/p>\n<div style='margin-bottom: 30px; font-size: 15px; color: inherit;'>\n<p>Producto formulado a base de silic\u00f3n para la limpieza y la lubricaci\u00f3n de componentes pl\u00e1sticos de equipos electr\u00f3nicos&comma; de c\u00f3mputo y automotrices.<\/p>\n<\/p><\/div>\n<p> <!-- Secci\u00f3n de aplicaciones --> <\/p>\n<div style='margin-bottom: 30px;'>\n<h3 style='font-size: 20px; border-bottom: 2px solid currentColor; padding-bottom: 5px; margin-top: 0; color: inherit; opacity: 0.8;'>Aplicaciones<\/h3>\n<p style='font-size: 15px; color: inherit;'>Para limpieza de circuitos&comma; componentes el\u00e9ctricos&comma; sensores&comma; cables&comma; tarjetas electr\u00f3nicas. Indicaciones de uso: No es necesario agitarlo antes de su uso&comma; aplique directamente en las partes a limpiar y lubricar. Para lugares de dif\u00edcil acceso utilice el tubo de extensi\u00f3n.<\/p>\n<\/p><\/div>\n<p> <!-- Secci\u00f3n de precauciones --> <\/p>\n<div style='margin-bottom: 30px;'>\n<h3 style='font-size: 20px; border-bottom: 2px solid currentColor; padding-bottom: 5px; margin-top: 0; color: inherit; opacity: 0.8;'>Precauciones<\/h3>\n<p style='font-size: 15px; color: inherit;'>No se exponga a temperaturas mayores a 50 C\u00ba ni al fuego directo. No se deje al alcance de los ni\u00f1os. Por ser un producto presurizado&comma; no debe transportarse o dejarse dentro de la cabina de pasajeros de los autos.<\/p>\n<\/p><\/div>\n<p> <!-- Secci\u00f3n de presentaci\u00f3n --> <\/p>\n<div style='margin-bottom: 30px;'>\n<h3 style='font-size: 20px; border-bottom: 2px solid currentColor; padding-bottom: 5px; margin-top: 0; color: inherit; opacity: 0.8;'>Presentaci\u00f3n<\/h3>\n<ul style='padding-left: 20px; font-size: 15px; color: inherit;'>\n<li style='margin-bottom: 5px;'><strong>Contenido:<\/strong> Envase con 170 ml<\/li>\n<\/ul><\/div>\n<p> <!-- Video de YouTube --> <\/p>\n<div style='margin-bottom: 30px;'>\n<div style='position: relative; padding-bottom: 56.25%; height: 0; overflow: hidden;'>   <\/div>\n<\/p><\/div>\n<p> <!-- Imagen secundaria --> <\/p>\n<div style='margin-bottom: 30px;'> <img style='width: 100%; height: auto; border: 1px solid rgba(150&comma;150&comma;150&comma;0.3); border-radius: 8px;' src='https:\/\/ftp3.syscom.mx\/usuarios\/fotos\/SILIJETEPLUS\/160998-linkdn.png' alt=''> <\/div>\n<\/p><\/div>\n","protected":false},"excerpt":{"rendered":"<p>Limpiador Lubricante en Aerosol Diel?ctrico, Protege Mecanismos, Circuitos, Sensores, Ventiladores, 170 ml.<\/p>\n","protected":false},"featured_media":109004,"comment_status":"open","ping_status":"closed","template":"","meta":[],"product_brand":[],"product_cat":[608],"product_tag":[586,25,607],"class_list":{"0":"post-109005","1":"product","2":"type-product","3":"status-publish","4":"has-post-thumbnail","6":"product_cat-herramientas-cableado-de-cobre","7":"product_tag-cableado-de-cobre","8":"product_tag-herramientas","9":"product_tag-silimex","11":"first","12":"instock","13":"sale","14":"shipping-taxable","15":"purchasable","16":"product-type-simple"},"_links":{"self":[{"href":"https:\/\/soydeaqui.ddns.net\/pachuca\/index.php\/wp-json\/wp\/v2\/product\/109005","targetHints":{"allow":["GET"]}}],"collection":[{"href":"https:\/\/soydeaqui.ddns.net\/pachuca\/index.php\/wp-json\/wp\/v2\/product"}],"about":[{"href":"https:\/\/soydeaqui.ddns.net\/pachuca\/index.php\/wp-json\/wp\/v2\/types\/product"}],"replies":[{"embeddable":true,"href":"https:\/\/soydeaqui.ddns.net\/pachuca\/index.php\/wp-json\/wp\/v2\/comments?post=109005"}],"wp:featuredmedia":[{"embeddable":true,"href":"https:\/\/soydeaqui.ddns.net\/pachuca\/index.php\/wp-json\/wp\/v2\/media\/109004"}],"wp:attachment":[{"href":"https:\/\/soydeaqui.ddns.net\/pachuca\/index.php\/wp-json\/wp\/v2\/media?parent=109005"}],"wp:term":[{"taxonomy":"product_brand","embeddable":true,"href":"https:\/\/soydeaqui.ddns.net\/pachuca\/index.php\/wp-json\/wp\/v2\/product_brand?post=109005"},{"taxonomy":"product_cat","embeddable":true,"href":"https:\/\/soydeaqui.ddns.net\/pachuca\/index.php\/wp-json\/wp\/v2\/product_cat?post=109005"},{"taxonomy":"product_tag","embeddable":true,"href":"https:\/\/soydeaqui.ddns.net\/pachuca\/index.php\/wp-json\/wp\/v2\/product_tag?post=109005"}],"curies":[{"name":"wp","href":"https:\/\/api.w.org\/{rel}","templated":true}]}}