{"id":108986,"date":"2026-03-20T18:32:08","date_gmt":"2026-03-20T18:32:08","guid":{"rendered":"https:\/\/soydeaqui.ddns.net\/pachuca\/index.php\/producto\/limpiador-de-pantallas-y-cmaras-protector-anti-esttico-en-aerosol-con-proteccin-contra-rayos-uv-repelente-de-polvo-170-ml\/"},"modified":"2026-03-20T18:32:24","modified_gmt":"2026-03-20T18:32:24","slug":"limpiador-de-pantallas-y-cmaras-protector-anti-esttico-en-aerosol-con-proteccin-contra-rayos-uv-repelente-de-polvo-170-ml","status":"publish","type":"product","link":"https:\/\/soydeaqui.ddns.net\/pachuca\/index.php\/producto\/limpiador-de-pantallas-y-cmaras-protector-anti-esttico-en-aerosol-con-proteccin-contra-rayos-uv-repelente-de-polvo-170-ml\/","title":{"rendered":"Limpiador de Pantallas y C?maras, Protector Anti-Est?tico en Aerosol, con Protecci?n Contra Rayos UV, Repelente de Polvo, 170 ml"},"content":{"rendered":"<div style='width: 100%; max-width: 1200px; margin: 0 auto; font-family: sans-serif; line-height: 1.6; color: inherit; background-color: transparent;'> <!-- Imagen principal --> <\/p>\n<div style='width: 100%; margin-bottom: 30px;'> <img style='width: 100%; height: auto; border: 1px solid rgba(150&comma;150&comma;150&comma;0.3); border-radius: 8px;' src='https:\/\/ftp3.syscom.mx\/usuarios\/fotos\/COMPUSTAT\/160986-silimexup.jpg' alt=''> <\/div>\n<p> <!-- Descripci\u00f3n principal --> <\/p>\n<div style='margin-bottom: 30px;'>\n<p style='font-size: 15px; color: inherit; margin: 0 0 15px;'>COMPUSTAT es un limpiador y protector antiest\u00e1tico para pantallas&comma; repele el polvo sin ser corrosivo&comma; dise\u00f1ado para limpiar y proteger pantallas: LCD&comma; plasma&comma; lentes de c\u00e1maras de v\u00eddeo y todo tipo de discos compactos.<\/p>\n<\/p><\/div>\n<p> <!-- Secci\u00f3n de instrucciones --> <\/p>\n<div style='display: flex; flex-wrap: wrap; gap: 30px; margin-bottom: 30px;'>\n<div style='flex: 1 1 300px; min-width: 280px;'>\n<h3 style='font-size: 20px; border-bottom: 2px solid currentColor; padding-bottom: 5px; margin-top: 0; margin-bottom: 15px; color: inherit; opacity: 0.8;'>Indicaciones de uso<\/h3>\n<p style='font-size: 15px; color: inherit; margin: 0;'> Agitese antes de usar. Haga dos o tres aspersiones a 20 o 25 cms de distancia de la superficie a limpiar. Evite aplicar el producto en exceso. Posteriormente frote suavemente durante dos o tres minutos con un pa\u00f1o limpio y seco de algod\u00f3n&comma; checando a contraluz hasta que seque lentamente. <\/p>\n<\/p><\/div>\n<\/p><\/div>\n<p> <!-- Secci\u00f3n de precauciones --> <\/p>\n<div style='display: flex; flex-wrap: wrap; gap: 30px; margin-bottom: 30px;'>\n<div style='flex: 1 1 300px; min-width: 280px;'>\n<h3 style='font-size: 20px; border-bottom: 2px solid currentColor; padding-bottom: 5px; margin-top: 0; margin-bottom: 15px; color: inherit; opacity: 0.8;'>Precauciones<\/h3>\n<ul style='padding-left: 20px; font-size: 15px; color: inherit; list-style-type: disc;'>\n<li style='margin-bottom: 5px;'>No se exponga a temperaturas mayores a 50\u00b0 C<\/li>\n<li style='margin-bottom: 5px;'>No perfore ni incinere el envase<\/li>\n<li style='margin-bottom: 5px;'>No lo deje dentro la cabina del autom\u00f3vil<\/li>\n<li style='margin-bottom: 5px;'>No lo deje al alcance de los ni\u00f1os<\/li>\n<\/ul><\/div>\n<\/p><\/div>\n<p> <!-- Secci\u00f3n de presentaci\u00f3n --> <\/p>\n<div style='display: flex; flex-wrap: wrap; gap: 30px; margin-bottom: 30px;'>\n<div style='flex: 1 1 300px; min-width: 280px;'>\n<h3 style='font-size: 20px; border-bottom: 2px solid currentColor; padding-bottom: 5px; margin-top: 0; margin-bottom: 15px; color: inherit; opacity: 0.8;'>Presentaci\u00f3n<\/h3>\n<p style='font-size: 15px; color: inherit; margin: 0;'>Envase de 170 ml<\/p>\n<\/p><\/div>\n<\/p><\/div>\n<p> <!-- Video --> <\/p>\n<div style='margin-bottom: 30px;'>\n<div style='position: relative; padding-bottom: 56.25%; height: 0; overflow: hidden; margin-bottom: 30px;'>   <\/div>\n<\/p><\/div>\n<p> <!-- Imagen inferior --> <\/p>\n<div style='width: 100%; margin-bottom: 30px;'> <img style='width: 100%; height: auto; border: 1px solid rgba(150&comma;150&comma;150&comma;0.3); border-radius: 8px;' src='https:\/\/ftp3.syscom.mx\/usuarios\/fotos\/COMPUSTAT\/160986-linkdn.png' alt=''> <\/div>\n<\/p><\/div>\n","protected":false},"excerpt":{"rendered":"<p>Limpiador de Pantallas y C?maras, Protector Anti-Est?tico en Aerosol, con Protecci?n Contra Rayos UV, Repelente de Polvo, 170 ml<\/p>\n","protected":false},"featured_media":108985,"comment_status":"open","ping_status":"closed","template":"","meta":[],"product_brand":[],"product_cat":[608],"product_tag":[586,25,607],"class_list":{"0":"post-108986","1":"product","2":"type-product","3":"status-publish","4":"has-post-thumbnail","6":"product_cat-herramientas-cableado-de-cobre","7":"product_tag-cableado-de-cobre","8":"product_tag-herramientas","9":"product_tag-silimex","11":"first","12":"instock","13":"sale","14":"shipping-taxable","15":"purchasable","16":"product-type-simple"},"_links":{"self":[{"href":"https:\/\/soydeaqui.ddns.net\/pachuca\/index.php\/wp-json\/wp\/v2\/product\/108986","targetHints":{"allow":["GET"]}}],"collection":[{"href":"https:\/\/soydeaqui.ddns.net\/pachuca\/index.php\/wp-json\/wp\/v2\/product"}],"about":[{"href":"https:\/\/soydeaqui.ddns.net\/pachuca\/index.php\/wp-json\/wp\/v2\/types\/product"}],"replies":[{"embeddable":true,"href":"https:\/\/soydeaqui.ddns.net\/pachuca\/index.php\/wp-json\/wp\/v2\/comments?post=108986"}],"wp:featuredmedia":[{"embeddable":true,"href":"https:\/\/soydeaqui.ddns.net\/pachuca\/index.php\/wp-json\/wp\/v2\/media\/108985"}],"wp:attachment":[{"href":"https:\/\/soydeaqui.ddns.net\/pachuca\/index.php\/wp-json\/wp\/v2\/media?parent=108986"}],"wp:term":[{"taxonomy":"product_brand","embeddable":true,"href":"https:\/\/soydeaqui.ddns.net\/pachuca\/index.php\/wp-json\/wp\/v2\/product_brand?post=108986"},{"taxonomy":"product_cat","embeddable":true,"href":"https:\/\/soydeaqui.ddns.net\/pachuca\/index.php\/wp-json\/wp\/v2\/product_cat?post=108986"},{"taxonomy":"product_tag","embeddable":true,"href":"https:\/\/soydeaqui.ddns.net\/pachuca\/index.php\/wp-json\/wp\/v2\/product_tag?post=108986"}],"curies":[{"name":"wp","href":"https:\/\/api.w.org\/{rel}","templated":true}]}}