{"id":108957,"date":"2026-03-20T18:30:31","date_gmt":"2026-03-20T18:30:31","guid":{"rendered":"https:\/\/soydeaqui.ddns.net\/pachuca\/index.php\/producto\/cable-hdmi-version-2-0-plano-de-10m-32-8-ft-optimizado-para-resolucion-4k-ultra-hd\/"},"modified":"2026-03-20T18:30:41","modified_gmt":"2026-03-20T18:30:41","slug":"cable-hdmi-version-2-0-plano-de-10m-32-8-ft-optimizado-para-resolucion-4k-ultra-hd","status":"publish","type":"product","link":"https:\/\/soydeaqui.ddns.net\/pachuca\/index.php\/producto\/cable-hdmi-version-2-0-plano-de-10m-32-8-ft-optimizado-para-resolucion-4k-ultra-hd\/","title":{"rendered":"Cable HDMI versi\u00f3n 2.0 Plano de 10M (32.8 ft) optimizado para resoluci\u00f3n 4K ULTRA HD"},"content":{"rendered":"<div style='width: 100%; max-width: 1200px; margin: 0 auto; font-family: sans-serif; line-height: 1.6; color: inherit; background-color: transparent;'>\n<div style='display: flex; flex-direction: column; align-items: center; text-align: center; margin-bottom: 30px;'>\n<h1 style='font-size: 24px; color: inherit; margin: 0 0 10px 0;'><strong>P-HDMI-10M<\/strong><\/h1>\n<h3 style='font-size: 20px; color: inherit; margin: 0 0 20px 0;'>CABLE HDMI D\/ALTA RESOLUCION EN 4K D\/10 M (32.8 FT)<\/h3>\n<p style='font-size: 15px; color: inherit; margin: 0 70px;'>El cable P-HDMI-10M de SYSCOM le ofrece una distancia de conexi\u00f3n de hasta 10 metros entre sus dispositivos HDMI. Est\u00e1 fabricado con especificaciones precisas y totalmente probado para garantizar el m\u00e1ximo rendimiento&comma; as\u00ed como compatibilidad con resoluciones 4K&comma; con colores reales. El cable tiene <strong>conectores chapados en oro<\/strong>&comma; lo cual garantiza conexiones sin corrosiones y de la m\u00e1s alta calidad&comma; y el dise\u00f1o moldeado de PVC en cada extremo de los conectores&comma; reduce la tensi\u00f3n y evita la torsi\u00f3n del cable en \u00e1ngulos rectos&comma; a fin de evitar da\u00f1os.<\/p>\n<\/p><\/div>\n<div style='display: flex; flex-direction: column; align-items: center; text-align: center; margin-bottom: 30px;'>\n<h3 style='font-size: 20px; color: inherit; margin: 0 0 15px 0; border-bottom: 2px solid currentColor; padding-bottom: 5px; width: 100%; max-width: 600px;'>Acerca de los cables HDMI de SYSCOM<\/h3>\n<p style='font-size: 15px; color: inherit; margin: 0 70px;'>Los cables HDMI de video y audio digital de SYSCOM han sido <strong>dise\u00f1ados por expertos y fabricados con solo materiales de alta calidad<\/strong>&comma; a fin de garantizar su alta calidad y rendimiento de alta definici\u00f3n. El cable HDMI est\u00e1ndar combina video de banda ancha y audio digital multicanal&comma; as\u00ed como una resoluci\u00f3n de imagen de claridad impecable&comma; todo ello en un solo cable. Los aparatos conectados por el cable HDMI podr\u00e1n intercambiar se\u00f1al digital permitiendo grabar&comma; almacenar y reproducir diferentes opciones a trav\u00e9s del sistema interconectando sin ninguna necesidad de un cable extra<\/p>\n<\/p><\/div>\n<div style='display: flex; flex-wrap: wrap; gap: 30px; margin-bottom: 30px;'>\n<div style='flex: 1 1 300px; min-width: 280px;'>\n<div style='border: 1px solid rgba(150&comma; 150&comma; 150&comma; 0.4); border-radius: 8px; overflow: hidden; display: flex; flex-direction: column;'>\n<div style='padding: 15px; border-bottom: 1px solid rgba(150&comma; 150&comma; 150&comma; 0.2); font-weight: bold; font-size: 18px; color: inherit; background-color: #eee;'>Caracter\u00edsticas Principales:<\/div>\n<div style='padding: 15px; color: inherit;'>\n<ul style='padding-left: 20px; margin: 0; font-size: 14px; list-style-type: disc;'>\n<li style='margin-bottom: 5px;'>Cable de 10 metros de longitud<\/li>\n<li style='margin-bottom: 5px;'><strong>Soporta video 3D y hasta las nuevas resoluciones HD 4K x 2K (4096 x 2160)<\/strong><\/li>\n<li style='margin-bottom: 5px;'>Los aparatos conectados por el cable HDMI podr\u00e1n intercambiar se\u00f1al digital permitiendo grabar&comma; almacenar y reproducir diferentes opciones a trav\u00e9s del sistema interconectando sin ninguna necesidad de un cable extra.<\/li>\n<li style='margin-bottom: 5px;'>Conexiones HDMI macho a macho de 19 pines <strong>ba\u00f1ado en oro de 24K<\/strong><\/li>\n<\/ul><\/div>\n<div style='background-color: #eee; padding: 15px; border-top: 5px solid #DF001D;'> <img style='width: 100%; height: auto; border: 1px solid rgba(150&comma;150&comma;150&comma;0.3); border-radius: 8px;' src='https:\/\/ftp3.syscom.mx\/usuarios\/fotos\/BancoFotografiasSyscom\/EPCOMPOWERLINE\/PHDMI1.8M\/PHDMI1.8M-l.PNG' alt=''> <\/div>\n<\/p><\/div>\n<\/p><\/div>\n<div style='flex: 1 1 300px; min-width: 280px;'>\n<div style='border: 1px solid rgba(150&comma; 150&comma; 150&comma; 0.4); border-radius: 8px; overflow: hidden; display: flex; flex-direction: column;'>\n<div style='padding: 15px; border-bottom: 1px solid rgba(150&comma; 150&comma; 150&comma; 0.2); font-weight: bold; font-size: 18px; color: inherit; background-color: #eee;'>Caracter\u00edsticas F\u00edsicas y El\u00e9ctricas:<\/div>\n<div style='padding: 15px; color: inherit;'>\n<ul style='padding-left: 20px; margin: 0; font-size: 14px; list-style-type: disc;'>\n<li style='margin-bottom: 5px;'>Soporta 120 Hz\/240 Hz\/<strong>480 Hz.<\/strong><\/li>\n<li style='margin-bottom: 5px;'>100 % compatible con: Dolby True HD&comma; DTS-HD Master<\/li>\n<li style='margin-bottom: 5px;'>Audio&comma; Sony Playstation 5&comma; Blu-Ray. <strong>4K ULTRA HD<\/strong><\/li>\n<li style='margin-bottom: 5px;'>Soporta las siguientes resoluciones: 480i&comma;480p&comma;720p&comma;1080p&comma;1600i&comma;1600p y ahora tambien soporta 4k x 2k (3840 x 2160&comma; 4096 x 2160) especificaciones V2.0<\/li>\n<\/ul><\/div>\n<div style='background-color: #eee; padding: 15px; border-top: 5px solid #DF001D;'> <img style='width: 100%; height: auto; border: 1px solid rgba(150&comma;150&comma;150&comma;0.3); border-radius: 8px;' src='https:\/\/ftp3.syscom.mx\/usuarios\/fotos\/BancoFotografiasSyscom\/EPCOMPOWERLINE\/PHDMI1.8M\/PHDMI1.8M-AD-1-l.PNG' alt=''> <\/div>\n<\/p><\/div>\n<\/p><\/div>\n<div style='flex: 1 1 300px; min-width: 280px;'>\n<div style='border: 1px solid rgba(150&comma; 150&comma; 150&comma; 0.4); border-radius: 8px; overflow: hidden; display: flex; flex-direction: column;'>\n<div style='padding: 15px; border-bottom: 1px solid rgba(150&comma; 150&comma; 150&comma; 0.2); font-weight: bold; font-size: 18px; color: inherit; background-color: #eee;'>Caracter\u00edsticas Destacadas:<\/div>\n<div style='padding: 15px; color: inherit;'>\n<ul style='padding-left: 20px; margin: 0; font-size: 14px; list-style-type: disc;'>\n<li style='margin-bottom: 5px;'>Ancho de banda de alta velocidad:10.2Gigabit\/sec&comma; 340 Mhz (probado a especificaciones de ATC y 1&comma;4a)<\/li>\n<li style='margin-bottom: 5px;'><strong>Cable plano Ultra Degado&comma; Altamente est\u00e9tico<\/strong><\/li>\n<li style='margin-bottom: 5px;'>Carcaza conector de aluminio&comma; malla de nylon<\/li>\n<li style='margin-bottom: 5px;'><strong>Garant\u00eda: 3 A\u00f1os<\/strong><\/li>\n<\/ul><\/div>\n<div style='background-color: #eee; padding: 15px; border-top: 5px solid #DF001D;'> <img style='width: 100%; height: auto; border: 1px solid rgba(150&comma;150&comma;150&comma;0.3); border-radius: 8px;' src='https:\/\/ftp3.syscom.mx\/usuarios\/fotos\/BancoFotografiasSyscom\/EPCOMPOWERLINE\/PHDMI1.8M\/PHDMI1.8M-AD-2-l.PNG' alt=''> <\/div>\n<\/p><\/div>\n<\/p><\/div>\n<\/p><\/div>\n<div style='width: 100%; margin: 30px 0;'> <img style='width: 100%; height: auto; border: 1px solid rgba(150&comma;150&comma;150&comma;0.3); border-radius: 8px;' src='http:\/\/ftp3.syscom.mx\/usuarios\/maguilar\/Epcom%20Power%20Line\/Cables%20Imagen.jpg' alt=''> <\/div>\n<hr style='border: 0; border-top: 1px solid rgba(150&comma; 150&comma; 150&comma; 0.3); margin: 30px 0;'> <\/div>\n","protected":false},"excerpt":{"rendered":"<p>Cable HDMI versi\u00f3n 2.0 Plano de 10M (32.8 ft) optimizado para resoluci\u00f3n 4K ULTRA HD<\/p>\n","protected":false},"featured_media":108956,"comment_status":"open","ping_status":"closed","template":"","meta":[],"product_brand":[],"product_cat":[2130],"product_tag":[488,454,2131],"class_list":{"0":"post-108957","1":"product","2":"type-product","3":"status-publish","4":"has-post-thumbnail","6":"product_cat-vga-dvi-hdmi","7":"product_tag-cables-y-conectores","8":"product_tag-epcom-powerline","9":"product_tag-vga-dvi-hdmi","11":"first","12":"outofstock","13":"sale","14":"shipping-taxable","15":"purchasable","16":"product-type-simple"},"_links":{"self":[{"href":"https:\/\/soydeaqui.ddns.net\/pachuca\/index.php\/wp-json\/wp\/v2\/product\/108957","targetHints":{"allow":["GET"]}}],"collection":[{"href":"https:\/\/soydeaqui.ddns.net\/pachuca\/index.php\/wp-json\/wp\/v2\/product"}],"about":[{"href":"https:\/\/soydeaqui.ddns.net\/pachuca\/index.php\/wp-json\/wp\/v2\/types\/product"}],"replies":[{"embeddable":true,"href":"https:\/\/soydeaqui.ddns.net\/pachuca\/index.php\/wp-json\/wp\/v2\/comments?post=108957"}],"wp:featuredmedia":[{"embeddable":true,"href":"https:\/\/soydeaqui.ddns.net\/pachuca\/index.php\/wp-json\/wp\/v2\/media\/108956"}],"wp:attachment":[{"href":"https:\/\/soydeaqui.ddns.net\/pachuca\/index.php\/wp-json\/wp\/v2\/media?parent=108957"}],"wp:term":[{"taxonomy":"product_brand","embeddable":true,"href":"https:\/\/soydeaqui.ddns.net\/pachuca\/index.php\/wp-json\/wp\/v2\/product_brand?post=108957"},{"taxonomy":"product_cat","embeddable":true,"href":"https:\/\/soydeaqui.ddns.net\/pachuca\/index.php\/wp-json\/wp\/v2\/product_cat?post=108957"},{"taxonomy":"product_tag","embeddable":true,"href":"https:\/\/soydeaqui.ddns.net\/pachuca\/index.php\/wp-json\/wp\/v2\/product_tag?post=108957"}],"curies":[{"name":"wp","href":"https:\/\/api.w.org\/{rel}","templated":true}]}}