{"id":108935,"date":"2026-03-20T18:29:19","date_gmt":"2026-03-20T18:29:19","guid":{"rendered":"https:\/\/soydeaqui.ddns.net\/pachuca\/index.php\/producto\/cable-hdmi-ultra-resistente-de-20m-65-61-ft-optimizado-para-resolucion-4k-ultra-hd\/"},"modified":"2026-03-20T18:29:22","modified_gmt":"2026-03-20T18:29:22","slug":"cable-hdmi-ultra-resistente-de-20m-65-61-ft-optimizado-para-resolucion-4k-ultra-hd","status":"publish","type":"product","link":"https:\/\/soydeaqui.ddns.net\/pachuca\/index.php\/producto\/cable-hdmi-ultra-resistente-de-20m-65-61-ft-optimizado-para-resolucion-4k-ultra-hd\/","title":{"rendered":"Cable HDMI Ultra-Resistente de 20m (65.61 ft) Optimizado para Resoluci\u00f3n 4K ULTRA HD"},"content":{"rendered":"<div style='width: 100%; max-width: 1200px; margin: 0 auto; font-family: sans-serif; line-height: 1.6; color: inherit; background-color: transparent;'> <!-- Secci\u00f3n de contenido con flex\/grid --> <\/p>\n<div style='display: flex; flex-wrap: wrap; gap: 30px; margin-bottom: 30px;'>\n<div style='flex: 1 1 300px; min-width: 280px;'>\n<p style='font-size: 15px; color: inherit; margin-bottom: 15px;'>Los cables <strong>HDMI<\/strong> de <strong>SYSCOM<\/strong> le ofrecen una distancia de conexi\u00f3n de hasta 20 metros entre sus dispositivos HDMI. Est\u00e1 fabricado con especificaciones precisas y totalmente probadas para garantizar el m\u00e1ximo rendimiento&comma; as\u00ed como compatibilidad con resoluciones 4K&comma; con colores reales. El cable tiene conectores chapados en oro&comma; lo cual garantiza conexiones sin corrosiones de la m\u00e1s alta calidad y el dise\u00f1o moldeado de PVC en cada extremo de los conectores&comma; reduce la tensi\u00f3n y evita la torsi\u00f3n del cable en \u00e1ngulos rectos&comma; a fin de evitar da\u00f1os.<\/p>\n<p style='font-size: 15px; color: inherit; margin-bottom: 15px;'>Los cables HDMI est\u00e1ndar de video y audio digital de <strong>SYSCOM<\/strong> han sido dise\u00f1ados por expertos y fabricados s\u00f3lo con materiales de alta calidad&comma; a fin de garantizar su rendimiento de alta definici\u00f3n. El cable HDMI est\u00e1ndar combina video de banda ancha y audio digital multicanal&comma; as\u00ed como una resoluci\u00f3n de imagen de claridad impecable&comma; todo en ello en un solo cable.<\/p>\n<p style='font-size: 15px; color: inherit; margin-bottom: 15px;'>Los aparatos conectados por el cable <strong>HDMI<\/strong> podr\u00e1n intercambiar se\u00f1al digital permitiendo grabar&comma; almacenar y reproducir diferentes opciones a trav\u00e9s del sistema interconectando sin ninguna necesidad de un cable extra.<\/p>\n<\/p><\/div>\n<\/p><\/div>\n<p> <!-- Separador --> <\/p>\n<hr style='border: 0; border-top: 1px solid rgba(150&comma; 150&comma; 150&comma; 0.3); margin: 30px 0;'> <!-- Secci\u00f3n de caracter\u00edsticas --> <\/p>\n<div style='display: flex; flex-wrap: wrap; gap: 20px; margin-bottom: 30px;'>\n<div style='flex: 1 1 250px; border: 1px solid rgba(150&comma; 150&comma; 150&comma; 0.4); border-radius: 8px; overflow: hidden; display: flex; flex-direction: column;'>\n<div style='padding: 15px; border-bottom: 1px solid rgba(150&comma; 150&comma; 150&comma; 0.2); font-weight: bold; font-size: 18px; color: inherit;'>Caracter\u00edsticas<\/div>\n<div style='padding: 15px; color: inherit;'>\n<ul style='padding-left: 20px; margin: 0; font-size: 14px; list-style-type: disc;'>\n<li style='margin-bottom: 5px;'>Cable HDMI V2.0<\/li>\n<li style='margin-bottom: 5px;'>Longitud : 20 metros (65.61 ft)<\/li>\n<li style='margin-bottom: 5px;'>Soporta video 3D y hasta las nuevas resoluciones HD 4K x 2K (4096 x 2160)<\/li>\n<li style='margin-bottom: 5px;'>Los aparatos conectados por el cable HDMI podr\u00e1n intercambiar se\u00f1al digital permitiendo grabar&comma; almacenar y reproducir diferentes opciones a trav\u00e9s del sistema interconectando sin ninguna necesidad de un cable extra.<\/li>\n<li style='margin-bottom: 5px;'>Conexiones HDMI macho a macho de 19 pines ba\u00f1ado en oro de 24 K<\/li>\n<li style='margin-bottom: 5px;'>Ancho de banda de alta velocidad :10.2Gigabit\/sec&comma; 340 Mhz (probado a especificaciones de ATC y 1&comma;4a).<\/li>\n<li style='margin-bottom: 5px;'>Soporta las siguientes resoluciones : 480i&comma;480p&comma;720p&comma;1080p&comma;1600i&comma;1600p y ahora tambien soporta 4k x 2k (3840 x 2160&comma; 4096 x 2160) especificaciones V2.0<\/li>\n<li style='margin-bottom: 5px;'>Soporta 120 Hz\/240 Hz\/480 Hz.<\/li>\n<li style='margin-bottom: 5px;'>100 % compatible con: Dolby True HD&comma; DTS-HD Master<\/li>\n<li style='margin-bottom: 5px;'>Audio&comma; Sony Playstation 3&comma; Blu-Ray HD DVD&comma; HD- DVD.<\/li>\n<li style='margin-bottom: 5px;'>Carcaza conector de aluminio&comma; malla de nylon<\/li>\n<li style='margin-bottom: 5px;'>Conductor de cobre 19+1<\/li>\n<li style='margin-bottom: 5px;'>Trenzado de aluminio&comma; de triple blindaje<\/li>\n<li style='margin-bottom: 5px;'><strong>Garant\u00eda: 3 a\u00f1os<\/strong><\/li>\n<\/ul><\/div>\n<\/p><\/div>\n<\/p><\/div>\n<\/p><\/div>\n","protected":false},"excerpt":{"rendered":"<p>Cable HDMI Ultra-Resistente de 20m (65.61 ft) Optimizado para Resoluci\u00f3n 4K ULTRA HD<\/p>\n","protected":false},"featured_media":108934,"comment_status":"open","ping_status":"closed","template":"","meta":[],"product_brand":[],"product_cat":[2130],"product_tag":[488,454,2131],"class_list":{"0":"post-108935","1":"product","2":"type-product","3":"status-publish","4":"has-post-thumbnail","6":"product_cat-vga-dvi-hdmi","7":"product_tag-cables-y-conectores","8":"product_tag-epcom-powerline","9":"product_tag-vga-dvi-hdmi","11":"first","12":"outofstock","13":"sale","14":"shipping-taxable","15":"purchasable","16":"product-type-simple"},"_links":{"self":[{"href":"https:\/\/soydeaqui.ddns.net\/pachuca\/index.php\/wp-json\/wp\/v2\/product\/108935","targetHints":{"allow":["GET"]}}],"collection":[{"href":"https:\/\/soydeaqui.ddns.net\/pachuca\/index.php\/wp-json\/wp\/v2\/product"}],"about":[{"href":"https:\/\/soydeaqui.ddns.net\/pachuca\/index.php\/wp-json\/wp\/v2\/types\/product"}],"replies":[{"embeddable":true,"href":"https:\/\/soydeaqui.ddns.net\/pachuca\/index.php\/wp-json\/wp\/v2\/comments?post=108935"}],"wp:featuredmedia":[{"embeddable":true,"href":"https:\/\/soydeaqui.ddns.net\/pachuca\/index.php\/wp-json\/wp\/v2\/media\/108934"}],"wp:attachment":[{"href":"https:\/\/soydeaqui.ddns.net\/pachuca\/index.php\/wp-json\/wp\/v2\/media?parent=108935"}],"wp:term":[{"taxonomy":"product_brand","embeddable":true,"href":"https:\/\/soydeaqui.ddns.net\/pachuca\/index.php\/wp-json\/wp\/v2\/product_brand?post=108935"},{"taxonomy":"product_cat","embeddable":true,"href":"https:\/\/soydeaqui.ddns.net\/pachuca\/index.php\/wp-json\/wp\/v2\/product_cat?post=108935"},{"taxonomy":"product_tag","embeddable":true,"href":"https:\/\/soydeaqui.ddns.net\/pachuca\/index.php\/wp-json\/wp\/v2\/product_tag?post=108935"}],"curies":[{"name":"wp","href":"https:\/\/api.w.org\/{rel}","templated":true}]}}