{"id":108914,"date":"2026-03-20T18:28:08","date_gmt":"2026-03-20T18:28:08","guid":{"rendered":"https:\/\/soydeaqui.ddns.net\/pachuca\/index.php\/producto\/camara-pinhole-para-videovigilancia-movil-analogica-de-1000tvl-solucion-para-interior-con-microfono\/"},"modified":"2026-03-20T18:28:13","modified_gmt":"2026-03-20T18:28:13","slug":"camara-pinhole-para-videovigilancia-movil-analogica-de-1000tvl-solucion-para-interior-con-microfono","status":"publish","type":"product","link":"https:\/\/soydeaqui.ddns.net\/pachuca\/index.php\/producto\/camara-pinhole-para-videovigilancia-movil-analogica-de-1000tvl-solucion-para-interior-con-microfono\/","title":{"rendered":"C\u00e1mara Pinhole para videovigilancia m\u00f3vil an\u00e1logica de 1000TVL. Soluci\u00f3n para interior con micr\u00f3fono."},"content":{"rendered":"<div style='width: 100%; max-width: 1200px; margin: 0 auto; font-family: sans-serif; line-height: 1.6; color: inherit; background-color: transparent;'> <!-- Imagen principal --> <\/p>\n<div style='width: 100%; margin-bottom: 20px;'> <img style='width: 100%; height: auto; border: 1px solid rgba(150&comma;150&comma;150&comma;0.3); border-radius: 8px;' src='http:\/\/ftp3.syscom.mx\/usuarios\/aberumen\/bannerxmr.jpg' alt='Banner XMR'> <\/div>\n<p> <!-- T\u00edtulo y descripci\u00f3n --> <\/p>\n<div style='margin-bottom: 30px;'>\n<p style='color: inherit; opacity: 0.7; font-size: 14px;'>\n<h3 style='font-size: 22px; border-bottom: 2px solid currentColor; padding-bottom: 5px; margin-top: 0; color: inherit; opacity: 0.8;'>Seguridad Sobre Ruedas<\/h3>\n<p style='color: inherit; font-size: 15px;'>Obtenga la mayor calidad de imagen con las c\u00e1maras para soluciones de videovigilancia m\u00f3vil XMR la cual ofrece nuevos dise\u00f1os en c\u00e1maras AHD con la mejor tecnolog\u00eda <strong style='color: inherit;'>Anti-vibraci\u00f3n<\/strong> y <strong style='color: inherit;'>alta fiabilidad<\/strong>.<\/p>\n<\/p><\/div>\n<p> <!-- Secci\u00f3n de caracter\u00edsticas --> <\/p>\n<div style='display: flex; flex-wrap: wrap; gap: 30px; margin-bottom: 30px;'>\n<div style='flex: 1 1 300px; min-width: 280px;'>\n<div style='border: 1px solid rgba(150&comma; 150&comma; 150&comma; 0.4); border-radius: 8px; padding: 15px; background-color: rgba(128&comma; 128&comma; 128&comma; 0.16);'>\n<h4 style='font-size: 18px; margin-top: 0; margin-bottom: 15px; color: inherit; opacity: 0.85;'><strong style='color: inherit; border-left: 3px solid #080808; padding-left: 10px;'>Caracter\u00edsticas principales:<\/strong><\/h4>\n<ul style='padding-left: 20px; font-size: 15px; color: inherit; list-style-type: disc;'>\n<li style='margin-bottom: 8px;'>CMOS 1\/3&#8242; Scan Progresivo<\/li>\n<li style='margin-bottom: 8px;'>Iluminaci\u00f3n m\u00ednima 0.05 Lux<\/li>\n<li style='margin-bottom: 8px;'>Lente fijo 3.7 mm<\/li>\n<li style='margin-bottom: 8px;'>Con micr\u00f3fono interconstruido<\/li>\n<li style='margin-bottom: 8px;'><strong style='color: inherit;'>Resoluci\u00f3n de 1000 TVL.<\/strong><\/li>\n<\/ul><\/div>\n<\/p><\/div>\n<div style='flex: 1 1 300px; min-width: 280px;'>\n<div style='border: 1px solid rgba(150&comma; 150&comma; 150&comma; 0.4); border-radius: 8px; padding: 15px; background-color: rgba(128&comma; 128&comma; 128&comma; 0.16);'>\n<h4 style='font-size: 18px; margin-top: 0; margin-bottom: 15px; color: inherit; opacity: 0.85;'><strong style='color: inherit; border-left: 3px solid #080808; padding-left: 10px;'>Caracter\u00edsticas F\u00edsicas y El\u00e9ctricas:<\/strong><\/h4>\n<ul style='padding-left: 20px; font-size: 15px; color: inherit; list-style-type: disc;'>\n<li style='margin-bottom: 8px;'>Voltaje de entrada 12Vcc.<\/li>\n<li style='margin-bottom: 8px;'>Temperatura de operaci\u00f3n -20~60\u00b0C<\/li>\n<\/ul><\/div>\n<\/p><\/div>\n<div style='flex: 1 1 300px; min-width: 280px;'>\n<div style='border: 1px solid rgba(150&comma; 150&comma; 150&comma; 0.4); border-radius: 8px; padding: 15px; background-color: rgba(128&comma; 128&comma; 128&comma; 0.16);'>\n<h4 style='font-size: 18px; margin-top: 0; margin-bottom: 15px; color: inherit; opacity: 0.85;'><strong style='color: inherit; border-left: 3px solid #080808; padding-left: 10px;'>Caracter\u00edsticas Destacadas:<\/strong><\/h4>\n<ul style='padding-left: 20px; font-size: 15px; color: inherit; list-style-type: disc;'>\n<li style='margin-bottom: 8px;'><strong style='color: inherit;'>Conector tipo aviaci\u00f3n.<\/strong><\/li>\n<li style='margin-bottom: 8px;'><strong style='color: inherit;'>Para interior.<\/strong><\/li>\n<li style='margin-bottom: 8px;'><\/li>\n<\/ul><\/div>\n<\/p><\/div>\n<\/p><\/div>\n<p> <!-- Separador --> <\/p>\n<hr style='border: 0; border-top: 1px solid rgba(150&comma; 150&comma; 150&comma; 0.3); margin: 30px 0;'> <!-- Secci\u00f3n de videos --> <\/p>\n<div style='display: flex; flex-wrap: wrap; gap: 30px;'>\n<div style='flex: 1 1 400px; min-width: 300px;'>\n<div style='position: relative; padding-bottom: 56.25%; height: 0; overflow: hidden;'>   <\/div>\n<\/p><\/div>\n<div style='flex: 1 1 400px; min-width: 300px;'>\n<div style='position: relative; padding-bottom: 56.25%; height: 0; overflow: hidden;'>   <\/div>\n<\/p><\/div>\n<\/p><\/div>\n<p> <!-- Espaciado final --> <\/p>\n<div style='margin-top: 30px; height: 20px;'><\/div>\n<\/p><\/div>\n","protected":false},"excerpt":{"rendered":"<p>C\u00e1mara Pinhole para videovigilancia m\u00f3vil an\u00e1logica de 1000TVL. Soluci\u00f3n para interior con micr\u00f3fono.<\/p>\n","protected":false},"featured_media":108913,"comment_status":"open","ping_status":"closed","template":"","meta":[],"product_brand":[],"product_cat":[1410],"product_tag":[211,935,1344],"class_list":{"0":"post-108914","1":"product","2":"type-product","3":"status-publish","4":"has-post-thumbnail","6":"product_cat-camaras-videograbadoras-moviles-y-portatiles","7":"product_tag-camaras","8":"product_tag-epcom","9":"product_tag-videograbadoras-moviles-y-portatiles","11":"first","12":"outofstock","13":"sale","14":"shipping-taxable","15":"purchasable","16":"product-type-simple"},"_links":{"self":[{"href":"https:\/\/soydeaqui.ddns.net\/pachuca\/index.php\/wp-json\/wp\/v2\/product\/108914","targetHints":{"allow":["GET"]}}],"collection":[{"href":"https:\/\/soydeaqui.ddns.net\/pachuca\/index.php\/wp-json\/wp\/v2\/product"}],"about":[{"href":"https:\/\/soydeaqui.ddns.net\/pachuca\/index.php\/wp-json\/wp\/v2\/types\/product"}],"replies":[{"embeddable":true,"href":"https:\/\/soydeaqui.ddns.net\/pachuca\/index.php\/wp-json\/wp\/v2\/comments?post=108914"}],"wp:featuredmedia":[{"embeddable":true,"href":"https:\/\/soydeaqui.ddns.net\/pachuca\/index.php\/wp-json\/wp\/v2\/media\/108913"}],"wp:attachment":[{"href":"https:\/\/soydeaqui.ddns.net\/pachuca\/index.php\/wp-json\/wp\/v2\/media?parent=108914"}],"wp:term":[{"taxonomy":"product_brand","embeddable":true,"href":"https:\/\/soydeaqui.ddns.net\/pachuca\/index.php\/wp-json\/wp\/v2\/product_brand?post=108914"},{"taxonomy":"product_cat","embeddable":true,"href":"https:\/\/soydeaqui.ddns.net\/pachuca\/index.php\/wp-json\/wp\/v2\/product_cat?post=108914"},{"taxonomy":"product_tag","embeddable":true,"href":"https:\/\/soydeaqui.ddns.net\/pachuca\/index.php\/wp-json\/wp\/v2\/product_tag?post=108914"}],"curies":[{"name":"wp","href":"https:\/\/api.w.org\/{rel}","templated":true}]}}