{"id":108895,"date":"2026-03-20T18:27:01","date_gmt":"2026-03-20T18:27:01","guid":{"rendered":"https:\/\/soydeaqui.ddns.net\/pachuca\/index.php\/producto\/plug-rj45-cat6-de-5-piezas-para-cable-utp-de-calibre-23-24-awg-chapado-en-oro-de-50-micras-paquete-de-100-piezas\/"},"modified":"2026-03-20T18:27:23","modified_gmt":"2026-03-20T18:27:23","slug":"plug-rj45-cat6-de-5-piezas-para-cable-utp-de-calibre-23-24-awg-chapado-en-oro-de-50-micras-paquete-de-100-piezas","status":"publish","type":"product","link":"https:\/\/soydeaqui.ddns.net\/pachuca\/index.php\/producto\/plug-rj45-cat6-de-5-piezas-para-cable-utp-de-calibre-23-24-awg-chapado-en-oro-de-50-micras-paquete-de-100-piezas\/","title":{"rendered":"Plug RJ45 Cat6 de 5 Piezas, Para Cable UTP de Calibre 23-24 AWG, Chapado en Oro de 50 Micras, Paquete de 100 Piezas"},"content":{"rendered":"<div style='width: 100%; max-width: 1200px; margin: 0 auto; font-family: sans-serif; line-height: 1.6; color: inherit; background-color: transparent;'> <!-- Secci\u00f3n de descripci\u00f3n --> <\/p>\n<div style='margin-bottom: 30px;'>\n<p style='font-size: 15px; color: inherit; margin: 0 0 20px;'> El Plug modular UTP de Categor\u00eda 6\/Clase E&comma; de 8 posiciones y 8 hilos&comma; se puede terminar en cable de par trenzado sin blindaje s\u00f3lido o trenzado Panduit de 4 pares&comma; 23-24 AWG&comma; de 100 ohms con un di\u00e1metro m\u00e1ximo de aislamiento del conductor de 0.042 pulg. (1.07 mm) y di\u00e1metro m\u00e1ximo de forro de 0.250 pulg. (6.35 mm). <\/p>\n<\/p><\/div>\n<p> <!-- Secci\u00f3n de especificaciones --> <\/p>\n<div style='display: flex; flex-wrap: wrap; gap: 30px;'>\n<div style='flex: 1 1 300px; min-width: 280px;'>\n<h3 style='font-size: 22px; border-bottom: 2px solid currentColor; padding-bottom: 5px; margin-top: 0; color: inherit; opacity: 0.8;'>Especificaciones t\u00e9cnicas<\/h3>\n<ul style='padding-left: 20px; font-size: 15px; color: inherit;'>\n<li style='margin-bottom: 5px;'><strong>Rendimiento:<\/strong> Categor\u00eda 6 o menor<\/li>\n<li style='margin-bottom: 5px;'><strong>Numero de ciclos de inserci\u00f3n:<\/strong> 2500<\/li>\n<li style='margin-bottom: 5px;'><strong>Conductor soportado:<\/strong> 23 a 24 AWG solido o multifilar&comma; con 0.91 a 1.07 mm de di\u00e1metro<\/li>\n<li style='margin-bottom: 5px;'><strong>Di\u00e1metro del cable:<\/strong> 5.72 a 6.35 mm<\/li>\n<li style='margin-bottom: 5px;'><strong>Material de los contactos:<\/strong> 50 micro pulgadas de chapado en oro sobre n\u00edquel<\/li>\n<li style='margin-bottom: 5px;'><strong>Cumplimiento PoE:<\/strong> Soporta PoE&comma; PoE+&comma; Tipo 3 y Tipo 4 para aplicaciones arriba de 100 W<\/li>\n<li style='margin-bottom: 5px;'><strong>Materiales pl\u00e1sticos:<\/strong> Policarbonato&comma; UL 94 V0<\/li>\n<li style='margin-bottom: 5px;'><strong>Cumple con:<\/strong> RoHS<\/li>\n<li style='margin-bottom: 5px;'><strong>Composici\u00f3n:<\/strong> Sin plomo&comma; sin hal\u00f3genos y sin PVC<\/li>\n<li style='margin-bottom: 5px;'><strong>Temperatura de operaci\u00f3n:<\/strong> -10 a 60\u00baC<\/li>\n<\/ul><\/div>\n<\/p><\/div>\n<\/p><\/div>\n","protected":false},"excerpt":{"rendered":"<p>Plug RJ45 Cat6 de 5 Piezas, Para Cable UTP de Calibre 23-24 AWG, Chapado en Oro de 50 Micras, Paquete de 100 Piezas<\/p>\n","protected":false},"featured_media":108894,"comment_status":"open","ping_status":"closed","template":"","meta":[],"product_brand":[],"product_cat":[576],"product_tag":[488,577,445],"class_list":{"0":"post-108895","1":"product","2":"type-product","3":"status-publish","4":"has-post-thumbnail","6":"product_cat-categoria-6","7":"product_tag-cables-y-conectores","8":"product_tag-categoria-6","9":"product_tag-panduit","11":"first","12":"instock","13":"sale","14":"shipping-taxable","15":"purchasable","16":"product-type-simple"},"_links":{"self":[{"href":"https:\/\/soydeaqui.ddns.net\/pachuca\/index.php\/wp-json\/wp\/v2\/product\/108895","targetHints":{"allow":["GET"]}}],"collection":[{"href":"https:\/\/soydeaqui.ddns.net\/pachuca\/index.php\/wp-json\/wp\/v2\/product"}],"about":[{"href":"https:\/\/soydeaqui.ddns.net\/pachuca\/index.php\/wp-json\/wp\/v2\/types\/product"}],"replies":[{"embeddable":true,"href":"https:\/\/soydeaqui.ddns.net\/pachuca\/index.php\/wp-json\/wp\/v2\/comments?post=108895"}],"wp:featuredmedia":[{"embeddable":true,"href":"https:\/\/soydeaqui.ddns.net\/pachuca\/index.php\/wp-json\/wp\/v2\/media\/108894"}],"wp:attachment":[{"href":"https:\/\/soydeaqui.ddns.net\/pachuca\/index.php\/wp-json\/wp\/v2\/media?parent=108895"}],"wp:term":[{"taxonomy":"product_brand","embeddable":true,"href":"https:\/\/soydeaqui.ddns.net\/pachuca\/index.php\/wp-json\/wp\/v2\/product_brand?post=108895"},{"taxonomy":"product_cat","embeddable":true,"href":"https:\/\/soydeaqui.ddns.net\/pachuca\/index.php\/wp-json\/wp\/v2\/product_cat?post=108895"},{"taxonomy":"product_tag","embeddable":true,"href":"https:\/\/soydeaqui.ddns.net\/pachuca\/index.php\/wp-json\/wp\/v2\/product_tag?post=108895"}],"curies":[{"name":"wp","href":"https:\/\/api.w.org\/{rel}","templated":true}]}}