{"id":108890,"date":"2026-03-20T18:26:45","date_gmt":"2026-03-20T18:26:45","guid":{"rendered":"https:\/\/soydeaqui.ddns.net\/pachuca\/index.php\/producto\/hikcentral-professional-servidor-dell-xeon-e2124-licencia-base-de-videovigilancia-incluye-64-canales-de-video-incluye-windows-server-2019\/"},"modified":"2026-03-20T18:26:57","modified_gmt":"2026-03-20T18:26:57","slug":"hikcentral-professional-servidor-dell-xeon-e2124-licencia-base-de-videovigilancia-incluye-64-canales-de-video-incluye-windows-server-2019","status":"publish","type":"product","link":"https:\/\/soydeaqui.ddns.net\/pachuca\/index.php\/producto\/hikcentral-professional-servidor-dell-xeon-e2124-licencia-base-de-videovigilancia-incluye-64-canales-de-video-incluye-windows-server-2019\/","title":{"rendered":"HikCentral Professional \/ Servidor DELL Xeon E2124 \/ Licencia Base de Videovigilancia \/ Incluye 64 Canales de V\u00eddeo \/ Incluye Windows Server 2019"},"content":{"rendered":"<div style='width: 100%; max-width: 1200px; margin: 0 auto; font-family: sans-serif; line-height: 1.6; color: inherit; background-color: transparent;'>\n<div style='text-align: center; margin: 30px 0;'> <img style='width: 45%; height: auto; border: 1px solid rgba(150&comma;150&comma;150&comma;0.3); border-radius: 8px;' src='https:\/\/ftp3.syscom.mx\/usuarios\/jsosa\/HIKVISION\/imagenes\/logo\/hikvision%20see%20far.png' alt=''> <\/div>\n<div style='border-left: 5px solid #ff0000; border-radius: 5px; padding: 15px; margin-bottom: 30px; background-color: rgba(150&comma;150&comma;150&comma;0.05);'>\n<h2 style='font-size: 24px; margin-top: 0; margin-bottom: 15px; color: inherit; opacity: 0.9;'> <span style='font-weight: bold; font-size: 14pt;'>&#8211; Este servidor DELL con CPU Xeon E2124 incluye licencia base para videovigilancia y 64 canales de video (puede crecer por medio de licencias adicionales).<\/span> <\/h2>\n<ul style='padding-left: 20px; font-size: 15px; color: inherit;'>\n<li style='margin-bottom: 8px;'><strong>Garant\u00eda:<\/strong> 3 a\u00f1os<\/li>\n<li style='margin-bottom: 8px;'><strong>Devoluciones:<\/strong> No hay devoluciones en licencias<\/li>\n<li style='margin-bottom: 8px;'><strong>Sistema operativo:<\/strong> Windows Server 2019<\/li>\n<\/ul><\/div>\n<div style='margin: 30px 0;'> <img style='width: 100%; height: auto; border: 1px solid rgba(150&comma;150&comma;150&comma;0.3); border-radius: 8px;' src='http:\/\/ftp3.syscom.mx\/usuarios\/yalvarado\/hikvision\/HCP\/fotos\/HikCentral-professional-license.jpg' alt=''> <\/div>\n<div style='margin: 30px 0;'>\n<p style='font-size: 15px; color: inherit; text-align: justify;'> <strong>HikCentral Professional<\/strong>&comma; es el software de Hikvision para integrar sistemas de seguridad&comma; est\u00e1 dise\u00f1ado para afrontar los diferentes retos de seguridad en una plataforma intuitiva. Desde la gesti\u00f3n de sistemas individuales&comma; como la videovigilancia&comma; el control de accesos&comma; las alarmas de seguridad&comma; etc.&comma; hasta la combinaci\u00f3n de varios sistemas en una \u00fanica estructura unificada. Consigue que las operaciones diarias sean m\u00e1s eficientes sin perder de vista la protecci\u00f3n de las personas y las propiedades&comma; adem\u00e1s de ayudar a todo tipo de usuarios a tomar decisiones m\u00e1s inteligentes. <\/p>\n<\/p><\/div>\n<div style='display: flex; flex-wrap: wrap; gap: 30px; margin-bottom: 30px;'>\n<div style='flex: 1 1 400px; min-width: 280px;'>\n<h3 style='font-size: 20px; border-bottom: 2px solid currentColor; padding-bottom: 5px; margin-top: 0; color: inherit; opacity: 0.8;'>Un sistema de seguridad unificado que mejora las operaciones de gesti\u00f3n<\/h3>\n<ul style='padding-left: 20px; font-size: 14px; color: inherit;'>\n<li style='margin-bottom: 10px; text-align: justify;'>Creado sobre una estructura unificada&comma; el software proporciona aplicaciones conectadas e interactivas para mejorar su eficiencia operativa; por ejemplo&comma; alarma de intrusos y control de acceso con verificaci\u00f3n por v\u00eddeo&comma; o control de visitantes con registro previo de veh\u00edculos. Al acceder a m\u00faltiples subsistemas&comma; ampl\u00eda el conocimiento de los usuarios y los dota de enfoques de gesti\u00f3n optimizados.<\/li>\n<\/ul><\/div>\n<div style='flex: 1 1 400px; min-width: 280px;'>\n<div style='position: relative; width: 100%; padding-bottom: 56.25%; height: 0; overflow: hidden;'> <img style='position: absolute; top: 0; left: 0; width: 100%; height: 100%; border: 1px solid rgba(150&comma;150&comma;150&comma;0.3); border-radius: 8px; object-fit: cover;' src='http:\/\/ftp3.syscom.mx\/usuarios\/yalvarado\/hikvision\/HCP\/fotos\/HikCentral-Professional-Overview.png' alt=''> <\/div>\n<\/p><\/div>\n<\/p><\/div>\n<div style='display: flex; flex-wrap: wrap; gap: 30px; margin-bottom: 30px;'>\n<div style='flex: 1 1 400px; min-width: 280px; order: 2;'>\n<h3 style='font-size: 20px; border-bottom: 2px solid currentColor; padding-bottom: 5px; margin-top: 0; color: inherit; opacity: 0.8;'>Personalice su sistema de seguridad<\/h3>\n<ul style='padding-left: 20px; font-size: 14px; color: inherit;'>\n<li style='margin-bottom: 10px; text-align: justify;'>Sea cual sea su funci\u00f3n \u2013ya sea gestor&comma; responsable de la toma de decisiones&comma; personal de recursos humanos&comma; recepcionista&comma; personal de seguridad o empleado de mantenimiento\u2013&comma; el software le ayudar\u00e1 a estar preparado con modos configurados previamente. Es m\u00e1s&comma; el software tambi\u00e9n le permite personalizar su propio sistema con las aplicaciones que necesita bas\u00e1ndose en los escenarios que maneja.<\/li>\n<li style='margin-bottom: 10px; text-align: justify;'>Asimismo&comma; los usuarios pueden crear su propio panel de control en funci\u00f3n de sus tareas y rutinas&comma; mejorando la concienciaci\u00f3n y capacit\u00e1ndolos con enfoques de gesti\u00f3n optimizados y personalizados.<\/li>\n<\/ul><\/div>\n<div style='flex: 1 1 400px; min-width: 280px; order: 1;'>\n<div style='position: relative; width: 100%; padding-bottom: 56.25%; height: 0; overflow: hidden;'> <img style='position: absolute; top: 0; left: 0; width: 100%; height: 100%; border: 1px solid rgba(150&comma;150&comma;150&comma;0.3); border-radius: 8px; object-fit: cover;' src='https:\/\/ftp3.syscom.mx\/usuarios\/fotos\/HCVSSB\/4C\/160061-personalizado650x365.gif' alt=''> <\/div>\n<\/p><\/div>\n<\/p><\/div>\n<div style='display: flex; flex-wrap: wrap; gap: 30px; margin-bottom: 30px;'>\n<div style='flex: 1 1 400px; min-width: 280px;'>\n<h3 style='font-size: 20px; border-bottom: 2px solid currentColor; padding-bottom: 5px; margin-top: 0; color: inherit; opacity: 0.8;'>Sistemas&comma; datos y mantenimiento visualizados<\/h3>\n<ul style='padding-left: 20px; font-size: 14px; color: inherit;'>\n<li style='margin-bottom: 10px; text-align: justify;'>La recopilaci\u00f3n de datos de varias aplicaciones es f\u00e1cil de entender a trav\u00e9s de informes din\u00e1micos y pr\u00e1cticos tableros intuitivos.<\/li>\n<li style='margin-bottom: 10px; text-align: justify;'>El tablero de operaciones y gesti\u00f3n personalizado muestra la informaci\u00f3n m\u00e1s necesaria para usted.<\/li>\n<li style='margin-bottom: 10px; text-align: justify;'>El mapa electr\u00f3nico interactivo e intuitivo permite una localizaci\u00f3n y gesti\u00f3n r\u00e1pida de los incidentes.<\/li>\n<\/ul><\/div>\n<div style='flex: 1 1 400px; min-width: 280px;'>\n<div style='position: relative; width: 100%; padding-bottom: 56.25%; height: 0; overflow: hidden;'> <img style='position: absolute; top: 0; left: 0; width: 100%; height: 100%; border: 1px solid rgba(150&comma;150&comma;150&comma;0.3); border-radius: 8px; object-fit: cover;' src='http:\/\/ftp3.syscom.mx\/usuarios\/yalvarado\/hikvision\/HCP\/fotos\/Visualized-systems%2C-data%2C-and-maintenance.png' alt=''> <\/div>\n<\/p><\/div>\n<\/p><\/div>\n<div style='display: flex; flex-wrap: wrap; gap: 30px; margin-bottom: 30px;'>\n<div style='flex: 1 1 400px; min-width: 280px;'>\n<div style='position: relative; width: 100%; padding-bottom: 56.25%; height: 0; overflow: hidden;'> <img style='position: absolute; top: 0; left: 0; width: 100%; height: 100%; border: 1px solid rgba(150&comma;150&comma;150&comma;0.3); border-radius: 8px; object-fit: cover;' src='http:\/\/ftp3.syscom.mx\/usuarios\/yalvarado\/hikvision\/HCP\/fotos\/Easy-to-deploy-and-use.png' alt=''> <\/div>\n<\/p><\/div>\n<div style='flex: 1 1 400px; min-width: 280px;'>\n<h3 style='font-size: 20px; border-bottom: 2px solid currentColor; padding-bottom: 5px; margin-top: 0; color: inherit; opacity: 0.8;'>F\u00e1cil de instalar y usar<\/h3>\n<ul style='padding-left: 20px; font-size: 14px; color: inherit;'>\n<li style='margin-bottom: 10px;'>Requisitos m\u00ednimos del sistema para el HikCentral Professional: i3&comma; 8 GB RAM<\/li>\n<li style='margin-bottom: 10px;'>Buen funcionamiento del sistema incluso en entornos con mala conexi\u00f3n gracias a la tecnolog\u00eda de adaptaci\u00f3n a la red.<\/li>\n<li style='margin-bottom: 10px;'>Asistencia a la gu\u00eda de funcionamiento.<\/li>\n<li style='margin-bottom: 10px;'>Se integra f\u00e1cilmente y funciona con otros dispositivos Hikvision.<\/li>\n<\/ul><\/div>\n<\/p><\/div>\n<div style='text-align: center; margin: 40px 0; padding: 20px; background-color: #05948c; border-radius: 15px; color: white;'>\n<h2 style='font-size: 22px; margin: 0; color: white;'>Busqueda de Atributos &#038; ANPR<\/h2>\n<\/p><\/div>\n<div style='display: flex; flex-wrap: wrap; gap: 30px; margin-bottom: 30px;'>\n<div style='flex: 1 1 400px; min-width: 280px;'>\n<p style='font-size: 14px; color: inherit; text-align: justify;'> Basados en algoritmos DeepLearning&comma; los NVR DeepinMind pueden detectar cuerpo humano y veh\u00edculos a partir de im\u00e1genes y videos capturados&comma; analizar sus caracter\u00edsticas y crear modelos de datos para ellos&comma; lo que permite un seguimiento y una b\u00fasqueda r\u00e1pidos. <\/p>\n<\/p><\/div>\n<div style='flex: 1 1 400px; min-width: 280px;'>\n<div style='position: relative; width: 100%; padding-bottom: 56.25%; height: 0; overflow: hidden;'> <img style='position: absolute; top: 0; left: 0; width: 100%; height: 100%; border: 1px solid rgba(150&comma;150&comma;150&comma;0.3); border-radius: 8px; object-fit: cover;' src='http:\/\/ftp3.syscom.mx\/usuarios\/yalvarado\/hikvision\/HCP\/fotos\/ANPR%26Atributos.png' alt=''> <\/div>\n<\/p><\/div>\n<\/p><\/div>\n<div style='text-align: center; margin: 40px 0; padding: 20px; background-color: #05948c; border-radius: 15px; color: white;'>\n<h2 style='font-size: 22px; margin: 0; color: white;'>Reconocimiento Facial<\/h2>\n<\/p><\/div>\n<div style='display: flex; flex-wrap: wrap; gap: 30px; margin-bottom: 30px;'>\n<div style='flex: 1 1 400px; min-width: 280px;'>\n<p style='font-size: 14px; color: inherit; text-align: justify;'> DeepLearning es intr\u00edsecamente diferente de otros algoritmos. Este gr\u00e1fico ilustra la forma en que resuelve algunos problemas que otros algoritmos tiene dificultades para abordar. <\/p>\n<\/p><\/div>\n<div style='flex: 1 1 400px; min-width: 280px;'>\n<div style='position: relative; width: 100%; padding-bottom: 56.25%; height: 0; overflow: hidden;'> <img style='position: absolute; top: 0; left: 0; width: 100%; height: 100%; border: 1px solid rgba(150&comma;150&comma;150&comma;0.3); border-radius: 8px; object-fit: cover;' src='http:\/\/ftp3.syscom.mx\/usuarios\/yalvarado\/hikvision\/HCP\/fotos\/comparacion.png' alt=''> <\/div>\n<\/p><\/div>\n<\/p><\/div>\n<div style='margin: 30px 0;'> <img style='width: 100%; height: auto; border: 1px solid rgba(150&comma;150&comma;150&comma;0.3); border-radius: 8px;' src='https:\/\/ftp3.syscom.mx\/usuarios\/fcarrillo\/Hikvision\/Imagenes\/solution-banner-2021.png' alt=''> <\/div>\n<div style='display: flex; flex-wrap: wrap; gap: 30px; margin-bottom: 30px;'>\n<div style='flex: 1 1 400px; min-width: 280px;'>\n<div style='position: relative; width: 100%; padding-bottom: 56.25%; height: 0; overflow: hidden;'> <img style='position: absolute; top: 0; left: 0; width: 100%; height: 100%; border: 1px solid rgba(150&comma;150&comma;150&comma;0.3); border-radius: 8px; object-fit: cover;' src='http:\/\/ftp3.syscom.mx\/usuarios\/yalvarado\/hikvision\/HCP\/fotos\/comparacion2.png' alt=''> <\/div>\n<\/p><\/div>\n<\/p><\/div>\n<\/p><\/div>\n","protected":false},"excerpt":{"rendered":"<p>HikCentral Professional \/ Servidor DELL Xeon E2124 \/ Licencia Base de Videovigilancia \/ Incluye 64 Canales de V\u00eddeo \/ Incluye Windows Server 2019<\/p>\n","protected":false},"featured_media":108889,"comment_status":"open","ping_status":"closed","template":"","meta":[],"product_brand":[],"product_cat":[2236],"product_tag":[54,2065,2237],"class_list":{"0":"post-108890","1":"product","2":"type-product","3":"status-publish","4":"has-post-thumbnail","6":"product_cat-servidores-de-aplicacion","7":"product_tag-hikvision","8":"product_tag-servidores-almacenamiento","9":"product_tag-servidores-de-aplicacion","11":"first","12":"outofstock","13":"sale","14":"shipping-taxable","15":"purchasable","16":"product-type-simple"},"_links":{"self":[{"href":"https:\/\/soydeaqui.ddns.net\/pachuca\/index.php\/wp-json\/wp\/v2\/product\/108890","targetHints":{"allow":["GET"]}}],"collection":[{"href":"https:\/\/soydeaqui.ddns.net\/pachuca\/index.php\/wp-json\/wp\/v2\/product"}],"about":[{"href":"https:\/\/soydeaqui.ddns.net\/pachuca\/index.php\/wp-json\/wp\/v2\/types\/product"}],"replies":[{"embeddable":true,"href":"https:\/\/soydeaqui.ddns.net\/pachuca\/index.php\/wp-json\/wp\/v2\/comments?post=108890"}],"wp:featuredmedia":[{"embeddable":true,"href":"https:\/\/soydeaqui.ddns.net\/pachuca\/index.php\/wp-json\/wp\/v2\/media\/108889"}],"wp:attachment":[{"href":"https:\/\/soydeaqui.ddns.net\/pachuca\/index.php\/wp-json\/wp\/v2\/media?parent=108890"}],"wp:term":[{"taxonomy":"product_brand","embeddable":true,"href":"https:\/\/soydeaqui.ddns.net\/pachuca\/index.php\/wp-json\/wp\/v2\/product_brand?post=108890"},{"taxonomy":"product_cat","embeddable":true,"href":"https:\/\/soydeaqui.ddns.net\/pachuca\/index.php\/wp-json\/wp\/v2\/product_cat?post=108890"},{"taxonomy":"product_tag","embeddable":true,"href":"https:\/\/soydeaqui.ddns.net\/pachuca\/index.php\/wp-json\/wp\/v2\/product_tag?post=108890"}],"curies":[{"name":"wp","href":"https:\/\/api.w.org\/{rel}","templated":true}]}}