{"id":108839,"date":"2026-03-20T18:23:55","date_gmt":"2026-03-20T18:23:55","guid":{"rendered":"https:\/\/soydeaqui.ddns.net\/pachuca\/index.php\/producto\/turret-turbohd-2-megapixel-1080p-metalica-gran-angular-103-lente-2-8-mm-ir-exir-20-mts-exterior-ip66-tvi-ahd-cvi-cvbs-dwdr\/"},"modified":"2026-03-20T18:24:07","modified_gmt":"2026-03-20T18:24:07","slug":"turret-turbohd-2-megapixel-1080p-metalica-gran-angular-103-lente-2-8-mm-ir-exir-20-mts-exterior-ip66-tvi-ahd-cvi-cvbs-dwdr","status":"publish","type":"product","link":"https:\/\/soydeaqui.ddns.net\/pachuca\/index.php\/producto\/turret-turbohd-2-megapixel-1080p-metalica-gran-angular-103-lente-2-8-mm-ir-exir-20-mts-exterior-ip66-tvi-ahd-cvi-cvbs-dwdr\/","title":{"rendered":"Turret TURBOHD 2 Megapixel (1080p) \/ MET\u00c1LICA \/ Gran Angular 103\u00b0 \/ Lente 2.8 mm \/ IR EXIR 20 Mts \/ Exterior IP66 \/ TVI-AHD-CVI-CVBS \/ dWDR"},"content":{"rendered":"<div style='width: 100%; max-width: 1200px; margin: 0 auto; font-family: sans-serif; line-height: 1.6; color: inherit; background-color: transparent;'> <!-- Imagen principal --> <\/p>\n<div style='width: 100%; margin-bottom: 30px;'> <img style='width: 100%; height: auto; border: 1px solid rgba(150&comma;150&comma;150&comma;0.3); border-radius: 8px;' src='https:\/\/ftp3.syscom.mx\/usuarios\/nicolas.jimenez\/epcom-2.png' alt='Turret TURBOHD 2 Megapixel'> <\/div>\n<p> <!-- Secci\u00f3n de caracter\u00edsticas --> <\/p>\n<div style='display: flex; flex-wrap: wrap; gap: 30px; margin-bottom: 30px;'> <!-- Caracter\u00edsticas Principales --> <\/p>\n<div style='flex: 1 1 300px; min-width: 280px;'>\n<h3 style='font-size: 22px; border-bottom: 2px solid currentColor; padding-bottom: 5px; margin-top: 0; color: inherit; opacity: 0.8;'>Caracter\u00edsticas Principales:<\/h3>\n<ul style='padding-left: 20px; font-size: 15px; color: inherit;'>\n<li style='margin-bottom: 5px;'>Resoluci\u00f3n: 1920 X 1080 (2 Megapixel)<\/li>\n<li style='margin-bottom: 5px;'>Iluminaci\u00f3n m\u00ednima: 0.01 Lux@(F1.2&comma;AGC ON)&comma; 0 Lux with IR<\/li>\n<li style='margin-bottom: 5px;'>Lente Fijo: 2.8 mm<\/li>\n<li style='margin-bottom: 5px;'>20 mts IR EXIR<\/li>\n<li style='margin-bottom: 5px;'>Soporta 4 tecnolog\u00edas seleccionables (TVI\/AHD\/CVI\/CVBS)<\/li>\n<\/ul><\/div>\n<p> <!-- M\u00e1xima Compatibilidad --> <\/p>\n<div style='flex: 1 1 300px; min-width: 280px;'>\n<h3 style='font-size: 22px; border-bottom: 2px solid currentColor; padding-bottom: 5px; margin-top: 0; color: inherit; opacity: 0.8;'>M\u00e1xima Compatibilidad<\/h3>\n<div style='margin-bottom: 15px;'> <img style='width: 100%; height: auto; border: 1px solid rgba(150&comma;150&comma;150&comma;0.3); border-radius: 8px;' src='http:\/\/ftp3.syscom.mx\/usuarios\/anavarrete\/Noe\/imagen1.png' alt='Compatibilidad'> <\/div>\n<\/p><\/div>\n<p> <!-- Caracter\u00edsticas F\u00edsicas y El\u00e9ctricas --> <\/p>\n<div style='flex: 1 1 300px; min-width: 280px;'>\n<h3 style='font-size: 22px; border-bottom: 2px solid currentColor; padding-bottom: 5px; margin-top: 0; color: inherit; opacity: 0.8;'>Caracter\u00edsticas F\u00edsicas y El\u00e9ctricas:<\/h3>\n<ul style='padding-left: 20px; font-size: 15px; color: inherit;'>\n<li style='margin-bottom: 5px;'>Temperatura de operaci\u00f3n: -40\u00baC a 60\u00baC<\/li>\n<li style='margin-bottom: 5px;'>Alimentaci\u00f3n: 12 Vcc \/ 4 Watts<\/li>\n<li style='margin-bottom: 5px;'>Protecci\u00f3n: Interior\/Exterior IP66<\/li>\n<li style='margin-bottom: 5px;'>Fabricado en material de METAL<\/li>\n<li style='margin-bottom: 5px;'>Dimensiones: 85.4 mm \u00d7 76.12 mm<\/li>\n<li style='margin-bottom: 5px;'>Peso: 230 grs<\/li>\n<\/ul><\/div>\n<\/p><\/div>\n<p> <!-- Imagen adicional --> <\/p>\n<div style='width: 100%; margin-bottom: 30px;'> <img style='width: 100%; height: auto; border: 1px solid rgba(150&comma;150&comma;150&comma;0.3); border-radius: 8px;' src='https:\/\/ftp3.syscom.mx\/usuarios\/fotos\/B8TURBOC\/189682-5-year-epcom-es_(2).png' alt='Caracter\u00edsticas adicionales'> <\/div>\n<p> <!-- Separador --> <\/p>\n<hr style='border: 0; border-top: 1px solid rgba(150&comma; 150&comma; 150&comma; 0.3); margin: 30px 0;'> <!-- Secci\u00f3n de videos --> <\/p>\n<div style='display: flex; flex-wrap: wrap; gap: 30px; justify-content: center;'> <!-- Video 1 --> <\/p>\n<div style='flex: 1 1 300px; min-width: 280px;'>\n<div style='position: relative; padding-bottom: 56.25%; height: 0; overflow: hidden; margin-bottom: 30px;'>   <\/div>\n<\/p><\/div>\n<p> <!-- Video 2 --> <\/p>\n<div style='flex: 1 1 300px; min-width: 280px;'>\n<div style='position: relative; padding-bottom: 56.25%; height: 0; overflow: hidden; margin-bottom: 30px;'>   <\/div>\n<\/p><\/div>\n<p> <!-- Video 3 --> <\/p>\n<div style='flex: 1 1 300px; min-width: 280px;'>\n<div style='position: relative; padding-bottom: 56.25%; height: 0; overflow: hidden; margin-bottom: 30px;'>   <\/div>\n<\/p><\/div>\n<\/p><\/div>\n<\/p><\/div>\n","protected":false},"excerpt":{"rendered":"<p>Turret TURBOHD 2 Megapixel (1080p) \/ MET\u00c1LICA \/ Gran Angular 103\u00b0 \/ Lente 2.8 mm \/ IR EXIR 20 Mts \/ Exterior IP66 \/ TVI-AHD-CVI-CVBS \/ dWDR<\/p>\n","protected":false},"featured_media":108838,"comment_status":"open","ping_status":"closed","template":"","meta":[],"product_brand":[],"product_cat":[2269],"product_tag":[2255,2057,2257],"class_list":{"0":"post-108839","1":"product","2":"type-product","3":"status-publish","4":"has-post-thumbnail","6":"product_cat-domo-eyeball-turret-camaras-y-dvrs-hd-turbohd-ahd-hd-tvi","7":"product_tag-camaras-y-dvrs-hd-turbohd-ahd-hd-tvi","8":"product_tag-domo-eyeball-turret","9":"product_tag-epcom-professional","11":"first","12":"instock","13":"sale","14":"shipping-taxable","15":"purchasable","16":"product-type-simple"},"_links":{"self":[{"href":"https:\/\/soydeaqui.ddns.net\/pachuca\/index.php\/wp-json\/wp\/v2\/product\/108839","targetHints":{"allow":["GET"]}}],"collection":[{"href":"https:\/\/soydeaqui.ddns.net\/pachuca\/index.php\/wp-json\/wp\/v2\/product"}],"about":[{"href":"https:\/\/soydeaqui.ddns.net\/pachuca\/index.php\/wp-json\/wp\/v2\/types\/product"}],"replies":[{"embeddable":true,"href":"https:\/\/soydeaqui.ddns.net\/pachuca\/index.php\/wp-json\/wp\/v2\/comments?post=108839"}],"wp:featuredmedia":[{"embeddable":true,"href":"https:\/\/soydeaqui.ddns.net\/pachuca\/index.php\/wp-json\/wp\/v2\/media\/108838"}],"wp:attachment":[{"href":"https:\/\/soydeaqui.ddns.net\/pachuca\/index.php\/wp-json\/wp\/v2\/media?parent=108839"}],"wp:term":[{"taxonomy":"product_brand","embeddable":true,"href":"https:\/\/soydeaqui.ddns.net\/pachuca\/index.php\/wp-json\/wp\/v2\/product_brand?post=108839"},{"taxonomy":"product_cat","embeddable":true,"href":"https:\/\/soydeaqui.ddns.net\/pachuca\/index.php\/wp-json\/wp\/v2\/product_cat?post=108839"},{"taxonomy":"product_tag","embeddable":true,"href":"https:\/\/soydeaqui.ddns.net\/pachuca\/index.php\/wp-json\/wp\/v2\/product_tag?post=108839"}],"curies":[{"name":"wp","href":"https:\/\/api.w.org\/{rel}","templated":true}]}}