{"id":108831,"date":"2026-03-20T18:23:32","date_gmt":"2026-03-20T18:23:32","guid":{"rendered":"https:\/\/soydeaqui.ddns.net\/pachuca\/index.php\/producto\/plug-rj45-cat6-para-cable-utp-calibre-23-a-26-awg-chapado-en-oro-de-50-micras-bolsa-con-50-piezas\/"},"modified":"2026-03-20T18:23:37","modified_gmt":"2026-03-20T18:23:37","slug":"plug-rj45-cat6-para-cable-utp-calibre-23-a-26-awg-chapado-en-oro-de-50-micras-bolsa-con-50-piezas","status":"publish","type":"product","link":"https:\/\/soydeaqui.ddns.net\/pachuca\/index.php\/producto\/plug-rj45-cat6-para-cable-utp-calibre-23-a-26-awg-chapado-en-oro-de-50-micras-bolsa-con-50-piezas\/","title":{"rendered":"Plug RJ45 Cat6, Para Cable UTP Calibre 23 a 26 AWG, Chapado en Oro de 50 Micras, Bolsa con 50 Piezas"},"content":{"rendered":"<div style='width: 100%; max-width: 1200px; margin: 0 auto; font-family: sans-serif; line-height: 1.6; color: inherit; background-color: transparent;'> <!-- Secci\u00f3n de descripci\u00f3n --> <\/p>\n<div style='margin-bottom: 30px;'>\n<h3 style='font-size: 22px; border-bottom: 2px solid currentColor; padding-bottom: 5px; margin-top: 0; color: inherit; opacity: 0.8;'>Descripci\u00f3n<\/h3>\n<p style='font-size: 15px; color: inherit; margin-bottom: 15px;'>Siemon ofrece una l\u00ednea de Plugs Modulares para parcheo&comma; aplicaciones de \u00e1rea de trabajo y cableado a dispositivos finales. Los Plugs Modulares se pueden terminar a la longitud exacta del cable para mantener una instalaci\u00f3n m\u00e1s ordenada y organizada. Todos los contactos del Plug tienen un m\u00ednimo de 50 micro pulgadas de chapado en oro sobre n\u00edquel y cumplen con las especificaciones TIA-1096 e IEC 60603-7.<\/p>\n<p style='font-size: 15px; color: inherit; margin-bottom: 15px;'>Compatible con herramienta de crimpado PT-908 y fabricado con materiales de policarbonato UL 94 V0&comma; libres de hal\u00f3genos&comma; plomo y PVC.<\/p>\n<\/p><\/div>\n<p> <!-- Secci\u00f3n de especificaciones t\u00e9cnicas --> <\/p>\n<div style='display: flex; flex-wrap: wrap; gap: 30px; margin-bottom: 30px;'>\n<div style='flex: 1 1 300px; min-width: 280px;'>\n<h3 style='font-size: 22px; border-bottom: 2px solid currentColor; padding-bottom: 5px; margin-top: 0; color: inherit; opacity: 0.8;'>Especificaciones T\u00e9cnicas<\/h3>\n<ul style='padding-left: 20px; font-size: 15px; color: inherit;'>\n<li style='margin-bottom: 5px;'><strong>Rendimiento:<\/strong> Categor\u00eda 6 o menor<\/li>\n<li style='margin-bottom: 5px;'><strong>N\u00famero de ciclos de inserci\u00f3n:<\/strong> 750 m\u00ednimo<\/li>\n<li style='margin-bottom: 5px;'><strong>Calibre de conductor soportado:<\/strong> 23 a 26 AWG s\u00f3lido o multifilar<\/li>\n<li style='margin-bottom: 5px;'><strong>Di\u00e1metro de conductor:<\/strong> 0.94 a 1.07 mm (0.037 a 0.042 in.)<\/li>\n<li style='margin-bottom: 5px;'><strong>Di\u00e1metro m\u00e1ximo del cable:<\/strong> 6.35 mm (0.250 in.)<\/li>\n<li style='margin-bottom: 5px;'><strong>Material de los contactos:<\/strong> 50 micro pulgadas de chapado en oro sobre n\u00edquel<\/li>\n<li style='margin-bottom: 5px;'><strong>Materiales pl\u00e1sticos:<\/strong> Policarbonato&comma; UL 94 V0<\/li>\n<li style='margin-bottom: 5px;'><strong>Conformidad:<\/strong> RoHS&comma; sin plomo&comma; sin hal\u00f3genos&comma; sin PVC<\/li>\n<\/ul><\/div>\n<p> <!-- Secci\u00f3n de dimensiones --> <\/p>\n<div style='flex: 1 1 300px; min-width: 280px;'>\n<h3 style='font-size: 22px; border-bottom: 2px solid currentColor; padding-bottom: 5px; margin-top: 0; color: inherit; opacity: 0.8;'>Dimensiones<\/h3>\n<ul style='padding-left: 20px; font-size: 15px; color: inherit;'>\n<li style='margin-bottom: 5px;'><strong>Sin funda (L x W x H):<\/strong> 22.5 x 11.7 x 13.8 mm (0.89 x 0.46 x 0.54 in.)<\/li>\n<li style='margin-bottom: 5px;'><strong>Con funda (L x W x H):<\/strong> 44.1 x 11.7 x 13.8 mm (1.74 x 0.46 x 0.54 in.)<\/li>\n<\/ul><\/div>\n<\/p><\/div>\n<p> <!-- Secci\u00f3n de caracter\u00edsticas --> <\/p>\n<div style='margin-bottom: 30px;'>\n<h3 style='font-size: 22px; border-bottom: 2px solid currentColor; padding-bottom: 5px; margin-top: 0; color: inherit; opacity: 0.8;'>Caracter\u00edsticas Principales<\/h3>\n<ul style='padding-left: 20px; font-size: 15px; color: inherit;'>\n<li style='margin-bottom: 5px;'>Terminaci\u00f3n a medida para organizaci\u00f3n eficiente<\/li>\n<li style='margin-bottom: 5px;'>50 micro pulgadas de oro en contactos<\/li>\n<li style='margin-bottom: 5px;'>Cumple con TIA-1096 e IEC 60603-7<\/li>\n<li style='margin-bottom: 5px;'>Categor\u00eda 6&comma; 750 ciclos de inserci\u00f3n<\/li>\n<li style='margin-bottom: 5px;'>Materiales pl\u00e1sticos UL 94 V0&comma; sin hal\u00f3genos<\/li>\n<\/ul><\/div>\n<p> <!-- Secci\u00f3n de aplicaciones --> <\/p>\n<div style='margin-bottom: 30px;'>\n<h3 style='font-size: 22px; border-bottom: 2px solid currentColor; padding-bottom: 5px; margin-top: 0; color: inherit; opacity: 0.8;'>Aplicaciones<\/h3>\n<ul style='padding-left: 20px; font-size: 15px; color: inherit;'>\n<li style='margin-bottom: 5px;'>Parcheo de redes<\/li>\n<li style='margin-bottom: 5px;'>\u00c1reas de trabajo<\/li>\n<li style='margin-bottom: 5px;'>Cableado a dispositivos finales<\/li>\n<\/ul><\/div>\n<p> <!-- Secci\u00f3n de informaci\u00f3n de pedido --> <\/p>\n<div style='margin-bottom: 30px;'>\n<h3 style='font-size: 22px; border-bottom: 2px solid currentColor; padding-bottom: 5px; margin-top: 0; color: inherit; opacity: 0.8;'>Informaci\u00f3n de Pedido<\/h3>\n<ul style='padding-left: 20px; font-size: 15px; color: inherit;'>\n<li style='margin-bottom: 5px;'><strong>P6U-8-8:<\/strong> Plug&comma; Cat 6&comma; UTP&comma; 8 Posiciones&comma; Bolsa de 50<\/li>\n<li style='margin-bottom: 5px;'><strong>P6U-BOOT:<\/strong> Funda opcional&comma; Cat 6&comma; para P6U-8-8&comma; Bolsa de 50<\/li>\n<\/ul><\/div>\n<p> <!-- Separador --> <\/p>\n<hr style='border: 0; border-top: 1px solid rgba(150&comma; 150&comma; 150&comma; 0.3); margin: 30px 0;'> <\/div>\n","protected":false},"excerpt":{"rendered":"<p>Plug RJ45 Cat6, Para Cable UTP Calibre 23 a 26 AWG, Chapado en Oro de 50 Micras, Bolsa con 50 Piezas<\/p>\n","protected":false},"featured_media":108830,"comment_status":"open","ping_status":"closed","template":"","meta":[],"product_brand":[],"product_cat":[576],"product_tag":[488,577,600],"class_list":{"0":"post-108831","1":"product","2":"type-product","3":"status-publish","4":"has-post-thumbnail","6":"product_cat-categoria-6","7":"product_tag-cables-y-conectores","8":"product_tag-categoria-6","9":"product_tag-siemon","11":"first","12":"instock","13":"sale","14":"shipping-taxable","15":"purchasable","16":"product-type-simple"},"_links":{"self":[{"href":"https:\/\/soydeaqui.ddns.net\/pachuca\/index.php\/wp-json\/wp\/v2\/product\/108831","targetHints":{"allow":["GET"]}}],"collection":[{"href":"https:\/\/soydeaqui.ddns.net\/pachuca\/index.php\/wp-json\/wp\/v2\/product"}],"about":[{"href":"https:\/\/soydeaqui.ddns.net\/pachuca\/index.php\/wp-json\/wp\/v2\/types\/product"}],"replies":[{"embeddable":true,"href":"https:\/\/soydeaqui.ddns.net\/pachuca\/index.php\/wp-json\/wp\/v2\/comments?post=108831"}],"wp:featuredmedia":[{"embeddable":true,"href":"https:\/\/soydeaqui.ddns.net\/pachuca\/index.php\/wp-json\/wp\/v2\/media\/108830"}],"wp:attachment":[{"href":"https:\/\/soydeaqui.ddns.net\/pachuca\/index.php\/wp-json\/wp\/v2\/media?parent=108831"}],"wp:term":[{"taxonomy":"product_brand","embeddable":true,"href":"https:\/\/soydeaqui.ddns.net\/pachuca\/index.php\/wp-json\/wp\/v2\/product_brand?post=108831"},{"taxonomy":"product_cat","embeddable":true,"href":"https:\/\/soydeaqui.ddns.net\/pachuca\/index.php\/wp-json\/wp\/v2\/product_cat?post=108831"},{"taxonomy":"product_tag","embeddable":true,"href":"https:\/\/soydeaqui.ddns.net\/pachuca\/index.php\/wp-json\/wp\/v2\/product_tag?post=108831"}],"curies":[{"name":"wp","href":"https:\/\/api.w.org\/{rel}","templated":true}]}}