{"id":108799,"date":"2026-03-20T18:21:52","date_gmt":"2026-03-20T18:21:52","guid":{"rendered":"https:\/\/soydeaqui.ddns.net\/pachuca\/index.php\/producto\/bobina-de-cable-utp-cat5e-para-exterior-en-color-blanco-305-metros-1000-pies-certificada-ul-sin-blindaje\/"},"modified":"2026-03-20T18:21:59","modified_gmt":"2026-03-20T18:21:59","slug":"bobina-de-cable-utp-cat5e-para-exterior-en-color-blanco-305-metros-1000-pies-certificada-ul-sin-blindaje","status":"publish","type":"product","link":"https:\/\/soydeaqui.ddns.net\/pachuca\/index.php\/producto\/bobina-de-cable-utp-cat5e-para-exterior-en-color-blanco-305-metros-1000-pies-certificada-ul-sin-blindaje\/","title":{"rendered":"Bobina de Cable UTP Cat5e para Exterior en Color Blanco \/ 305 Metros (1000 Pies) \/ Certificada UL \/ Sin Blindaje"},"content":{"rendered":"<div style='width: 100%; max-width: 1200px; margin: 0 auto; font-family: sans-serif; line-height: 1.6; color: inherit; background-color: transparent;'>\n<p style='text-align: left; font-size: 14px; margin-bottom: 20px;'><strong style='color: inherit;'>Dise\u00f1ado por integradores profesionales de seguridad.<\/strong><\/p>\n<div style='display: flex; flex-wrap: wrap; gap: 30px; margin-bottom: 30px;'>\n<div style='flex: 1 1 100%; min-width: 280px;'> <img style='width: 100%; height: auto; border: 1px solid rgba(150&comma;150&comma;150&comma;0.3); border-radius: 8px;' src='https:\/\/ftp3.syscom.mx\/usuarios\/jmolinar\/JonathanMolinar\/Camaras\/Ocultas\/LINKEDPROUL.jpg' alt=''> <\/div>\n<\/p><\/div>\n<div style='display: flex; flex-wrap: wrap; gap: 30px; margin-bottom: 30px;'>\n<div style='flex: 1 1 300px; min-width: 280px;'>\n<div style='border-left: 5px solid #F52207; border-radius: 5px; padding: 15px; box-shadow: 2px 2px 10px rgba(216&comma;216&comma;216&comma;0.3);'>\n<h3 style='font-size: 20px; margin-top: 0; margin-bottom: 15px; color: inherit;'><strong>Caracter\u00edsticas<\/strong><\/h3>\n<ul style='padding-left: 20px; font-size: 14px; color: inherit;'>\n<li style='margin-bottom: 8px;'>CCTV IP Megapixel<\/li>\n<li style='margin-bottom: 8px;'>Instalaciones de video an\u00e1logo<\/li>\n<li style='margin-bottom: 8px;'>Redes locales de alta velocidad<\/li>\n<li style='margin-bottom: 8px;'>Redes inal\u00e1mbricas<\/li>\n<li style='margin-bottom: 8px;'>Aplicaciones en 10BASE-T&comma; 100BASE-T<\/li>\n<li style='margin-bottom: 8px;'>Instalaciones Gigabit de voz\/datos<\/li>\n<li style='margin-bottom: 8px;'>Env\u00edo de PoE en largas distancias<\/li>\n<li style='margin-bottom: 8px;'>Dise\u00f1ado para: Aplicaciones de datos de alta velocidad&comma; Fast Ethernet<\/li>\n<\/ul><\/div>\n<\/p><\/div>\n<div style='flex: 1 1 300px; min-width: 280px;'>\n<div style='border-left: 5px solid #F52207; border-radius: 5px; padding: 15px; box-shadow: 2px 2px 10px rgba(216&comma;216&comma;216&comma;0.3);'>\n<h3 style='font-size: 20px; margin-top: 0; margin-bottom: 15px; color: inherit;'><strong>Caracter\u00edsticas f\u00edsicas y el\u00e9ctricas<\/strong><\/h3>\n<ul style='padding-left: 20px; font-size: 14px; color: inherit;'>\n<li style='margin-bottom: 8px;'><strong style='color: inherit;'>Conductor:<\/strong> 100% Cobre<\/li>\n<li style='margin-bottom: 8px;'><strong style='color: inherit;'>Conductores de puro cobre<\/strong><\/li>\n<li style='margin-bottom: 8px;'>Aislamiento PVC<\/li>\n<li style='margin-bottom: 8px;'>Para instalaciones en exterior con tuber\u00eda<\/li>\n<li style='margin-bottom: 8px;'><strong style='color: inherit;'>Color Exterior:<\/strong> Blanco<\/li>\n<li style='margin-bottom: 8px;'>Construcci\u00f3n: UTP<\/li>\n<li style='margin-bottom: 8px;'>Conductor: Cobre s\u00f3lido 24 AWG<\/li>\n<li style='margin-bottom: 8px;'>Di\u00e1metro: 6.2 mm<\/li>\n<\/ul><\/div>\n<\/p><\/div>\n<div style='flex: 1 1 300px; min-width: 280px;'>\n<div style='border-left: 5px solid #F52207; border-radius: 5px; padding: 15px; box-shadow: 2px 2px 10px rgba(216&comma;216&comma;216&comma;0.3);'>\n<h3 style='font-size: 20px; margin-top: 0; margin-bottom: 15px; color: inherit;'><strong>Est\u00e1ndares<\/strong><\/h3>\n<ul style='padding-left: 20px; font-size: 14px; color: inherit;'>\n<li style='margin-bottom: 8px;'>UL (E488955)<\/li>\n<li style='margin-bottom: 8px;'>CMX<\/li>\n<li style='margin-bottom: 8px;'>ANSI\/TIA 568 C.2<\/li>\n<li style='margin-bottom: 8px;'>ISO\/IEC 11801 2nd Ed; IEC 61156-5<\/li>\n<li style='margin-bottom: 8px;'>CENELEC EN.RoHs<\/li>\n<li style='margin-bottom: 8px;'>Cumple con las Pruebas de Rendimiento para Enlace Permanente a 90 metros<\/li>\n<\/ul><\/div>\n<\/p><\/div>\n<\/p><\/div>\n<div style='margin-bottom: 30px;'>\n<p style='font-size: 14px;'><strong style='color: inherit;'>*Precio por carrete de 305m (1000ft)<\/strong><\/p>\n<\/p><\/div>\n<div style='display: flex; flex-wrap: wrap; gap: 30px; margin-bottom: 30px;'>\n<div style='flex: 1 1 100%; min-width: 280px;'> <img style='width: 100%; height: auto; border: 1px solid rgba(150&comma;150&comma;150&comma;0.3); border-radius: 8px;' src='https:\/\/ftp3.syscom.mx\/usuarios\/ccasares\/CCTV\/Guia%20rapida%20de%20seleccion%20de%20cable.jpg' alt=''> <\/div>\n<\/p><\/div>\n<div style='display: flex; flex-wrap: wrap; gap: 30px; margin-bottom: 30px;'>\n<div style='flex: 1 1 100%; min-width: 280px;'>\n<div style='position: relative; padding-bottom: 56.25%; height: 0; overflow: hidden; margin-bottom: 30px;'>   <\/div>\n<\/p><\/div>\n<\/p><\/div>\n<div style='display: flex; flex-wrap: wrap; gap: 30px; margin-bottom: 30px;'>\n<div style='flex: 1 1 100%; min-width: 280px;'>\n<div style='position: relative; padding-bottom: 56.25%; height: 0; overflow: hidden; margin-bottom: 30px;'>   <\/div>\n<\/p><\/div>\n<\/p><\/div>\n<hr style='border: 0; border-top: 1px solid rgba(150&comma; 150&comma; 150&comma; 0.3); margin: 30px 0;'> <\/div>\n","protected":false},"excerpt":{"rendered":"<p>Bobina de Cable UTP Cat5e para Exterior en Color Blanco \/ 305 Metros (1000 Pies) \/ Certificada UL \/ Sin Blindaje<\/p>\n","protected":false},"featured_media":108798,"comment_status":"open","ping_status":"closed","template":"","meta":[],"product_brand":[],"product_cat":[619],"product_tag":[488,620,435],"class_list":{"0":"post-108799","1":"product","2":"type-product","3":"status-publish","4":"has-post-thumbnail","6":"product_cat-categoria-5e","7":"product_tag-cables-y-conectores","8":"product_tag-categoria-5e","9":"product_tag-linkedpro-by-epcom","11":"first","12":"instock","13":"sale","14":"shipping-taxable","15":"purchasable","16":"product-type-simple"},"_links":{"self":[{"href":"https:\/\/soydeaqui.ddns.net\/pachuca\/index.php\/wp-json\/wp\/v2\/product\/108799","targetHints":{"allow":["GET"]}}],"collection":[{"href":"https:\/\/soydeaqui.ddns.net\/pachuca\/index.php\/wp-json\/wp\/v2\/product"}],"about":[{"href":"https:\/\/soydeaqui.ddns.net\/pachuca\/index.php\/wp-json\/wp\/v2\/types\/product"}],"replies":[{"embeddable":true,"href":"https:\/\/soydeaqui.ddns.net\/pachuca\/index.php\/wp-json\/wp\/v2\/comments?post=108799"}],"wp:featuredmedia":[{"embeddable":true,"href":"https:\/\/soydeaqui.ddns.net\/pachuca\/index.php\/wp-json\/wp\/v2\/media\/108798"}],"wp:attachment":[{"href":"https:\/\/soydeaqui.ddns.net\/pachuca\/index.php\/wp-json\/wp\/v2\/media?parent=108799"}],"wp:term":[{"taxonomy":"product_brand","embeddable":true,"href":"https:\/\/soydeaqui.ddns.net\/pachuca\/index.php\/wp-json\/wp\/v2\/product_brand?post=108799"},{"taxonomy":"product_cat","embeddable":true,"href":"https:\/\/soydeaqui.ddns.net\/pachuca\/index.php\/wp-json\/wp\/v2\/product_cat?post=108799"},{"taxonomy":"product_tag","embeddable":true,"href":"https:\/\/soydeaqui.ddns.net\/pachuca\/index.php\/wp-json\/wp\/v2\/product_tag?post=108799"}],"curies":[{"name":"wp","href":"https:\/\/api.w.org\/{rel}","templated":true}]}}