{"id":10879,"date":"2026-03-18T07:42:28","date_gmt":"2026-03-18T07:42:28","guid":{"rendered":"https:\/\/soydeaqui.ddns.net\/pachuca\/index.php\/producto\/mdulo-acoplador-de-fibra-ptica-duplex-lc-pc-a-lc-pc-compatible-con-fibra-multimodo\/"},"modified":"2026-03-18T07:42:31","modified_gmt":"2026-03-18T07:42:31","slug":"mdulo-acoplador-de-fibra-ptica-duplex-lc-pc-a-lc-pc-compatible-con-fibra-multimodo","status":"publish","type":"product","link":"https:\/\/soydeaqui.ddns.net\/pachuca\/index.php\/producto\/mdulo-acoplador-de-fibra-ptica-duplex-lc-pc-a-lc-pc-compatible-con-fibra-multimodo\/","title":{"rendered":"M?dulo Acoplador de Fibra ?ptica Duplex LC\/PC a LC\/PC Compatible con Fibra Multimodo"},"content":{"rendered":"<div style='width: 100%; max-width: 1200px; margin: 0 auto; font-family: sans-serif; line-height: 1.6; color: inherit; background-color: transparent;'>\n<div style='display: flex; flex-wrap: wrap; gap: 30px; margin-bottom: 30px;'>\n<div style='flex: 1 1 300px; min-width: 280px;'>\n<h3 style='font-size: 22px; border-bottom: 2px solid currentColor; padding-bottom: 5px; margin-top: 0; color: inherit; opacity: 0.8;'>Caracter\u00edsticas principales<\/h3>\n<ul style='padding-left: 20px; font-size: 15px; color: inherit;'>\n<li style='margin-bottom: 5px;'>M\u00f3dulo acoplador pasivo para conexi\u00f3n y desconexi\u00f3n de fibra \u00f3ptica<\/li>\n<li style='margin-bottom: 5px;'>Dise\u00f1o multimodo compatible con fibra \u00f3ptica multimodo<\/li>\n<li style='margin-bottom: 5px;'>Cumple con norma ANSI\/TIA\/EIA-568-C3<\/li>\n<li style='margin-bottom: 5px;'>Versi\u00f3n duplex LC\/PC a LC\/PC<\/li>\n<li style='margin-bottom: 5px;'>Carcasa met\u00e1lica para mayor durabilidad<\/li>\n<\/ul><\/div>\n<div style='flex: 1 1 300px; min-width: 280px;'>\n<h3 style='font-size: 22px; border-bottom: 2px solid currentColor; padding-bottom: 5px; margin-top: 0; color: inherit; opacity: 0.8;'>Especificaciones t\u00e9cnicas<\/h3>\n<ul style='padding-left: 20px; font-size: 15px; color: inherit;'>\n<li style='margin-bottom: 5px;'><strong>Tipo:<\/strong> Acoplador pasivo de fibra \u00f3ptica<\/li>\n<li style='margin-bottom: 5px;'><strong>Conectores:<\/strong> LC\/PC hembra a LC\/PC hembra<\/li>\n<li style='margin-bottom: 5px;'><strong>Tipo de fibra:<\/strong> Multimodo<\/li>\n<li style='margin-bottom: 5px;'><strong>Norma:<\/strong> ANSI\/TIA\/EIA-568-C3<\/li>\n<li style='margin-bottom: 5px;'><strong>Tipo de carcasa:<\/strong> Metal<\/li>\n<\/ul><\/div>\n<\/p><\/div>\n<div style='display: flex; flex-wrap: wrap; gap: 20px; margin-bottom: 30px;'>\n<div style='flex: 1 1 250px; border: 1px solid rgba(150&comma; 150&comma; 150&comma; 0.4); border-radius: 8px; overflow: hidden; display: flex; flex-direction: column;'>\n<div style='padding: 15px; border-bottom: 1px solid rgba(150&comma; 150&comma; 150&comma; 0.2); font-weight: bold; font-size: 18px; color: inherit;'>Aplicaciones<\/div>\n<div style='padding: 15px; color: inherit;'>\n<ul style='padding-left: 20px; margin: 0; font-size: 14px; list-style-type: disc;'>\n<li style='margin-bottom: 5px;'>Conexi\u00f3n de fibra \u00f3ptica en distribuidores<\/li>\n<li style='margin-bottom: 5px;'>Interconexi\u00f3n de equipos de red<\/li>\n<li style='margin-bottom: 5px;'>Instalaciones de fibra \u00f3ptica en redes LAN<\/li>\n<\/ul><\/div>\n<\/p><\/div>\n<div style='flex: 1 1 250px; border: 1px solid rgba(150&comma; 150&comma; 150&comma; 0.4); border-radius: 8px; overflow: hidden; display: flex; flex-direction: column;'>\n<div style='padding: 15px; border-bottom: 1px solid rgba(150&comma; 150&comma; 150&comma; 0.2); font-weight: bold; font-size: 18px; color: inherit;'>Compatibilidad<\/div>\n<div style='padding: 15px; color: inherit;'>\n<ul style='padding-left: 20px; margin: 0; font-size: 14px; list-style-type: disc;'>\n<li style='margin-bottom: 5px;'>Conectores LC\/PC duplex<\/li>\n<li style='margin-bottom: 5px;'>Fibra \u00f3ptica multimodo<\/li>\n<\/ul><\/div>\n<\/p><\/div>\n<div style='flex: 1 1 250px; border: 1px solid rgba(150&comma; 150&comma; 150&comma; 0.4); border-radius: 8px; overflow: hidden; display: flex; flex-direction: column;'>\n<div style='padding: 15px; border-bottom: 1px solid rgba(150&comma; 150&comma; 150&comma; 0.2); font-weight: bold; font-size: 18px; color: inherit;'>Accesorios compatibles<\/div>\n<div style='padding: 15px; color: inherit;'>\n<ul style='padding-left: 20px; margin: 0; font-size: 14px; list-style-type: disc;'>\n<li style='margin-bottom: 5px;'>Distribuidor de fibra \u00f3ptica LP-ODF-008<\/li>\n<li style='margin-bottom: 5px;'>Distribuidor de fibra \u00f3ptica LP-ODF-8002<\/li>\n<li style='margin-bottom: 5px;'>Carrete de fibra \u00f3ptica EF300M<\/li>\n<li style='margin-bottom: 5px;'>Carrete de fibra \u00f3ptica EF200M<\/li>\n<li style='margin-bottom: 5px;'>Jumper de fibra \u00f3ptica LP-FO-6013B<\/li>\n<\/ul><\/div>\n<\/p><\/div>\n<\/p><\/div>\n<hr style='border: 0; border-top: 1px solid rgba(150&comma; 150&comma; 150&comma; 0.3); margin: 30px 0;'> <\/div>\n","protected":false},"excerpt":{"rendered":"<p>M?dulo Acoplador de Fibra ?ptica Duplex LC\/PC a LC\/PC Compatible con Fibra Multimodo<\/p>\n","protected":false},"featured_media":10878,"comment_status":"open","ping_status":"closed","template":"","meta":[],"product_brand":[],"product_cat":[615],"product_tag":[616,611,435],"class_list":{"0":"post-10879","1":"product","2":"type-product","3":"status-publish","4":"has-post-thumbnail","6":"product_cat-conectores","7":"product_tag-conectores","8":"product_tag-fibra-optica","9":"product_tag-linkedpro-by-epcom","11":"first","12":"instock","13":"sale","14":"shipping-taxable","15":"purchasable","16":"product-type-simple"},"_links":{"self":[{"href":"https:\/\/soydeaqui.ddns.net\/pachuca\/index.php\/wp-json\/wp\/v2\/product\/10879","targetHints":{"allow":["GET"]}}],"collection":[{"href":"https:\/\/soydeaqui.ddns.net\/pachuca\/index.php\/wp-json\/wp\/v2\/product"}],"about":[{"href":"https:\/\/soydeaqui.ddns.net\/pachuca\/index.php\/wp-json\/wp\/v2\/types\/product"}],"replies":[{"embeddable":true,"href":"https:\/\/soydeaqui.ddns.net\/pachuca\/index.php\/wp-json\/wp\/v2\/comments?post=10879"}],"wp:featuredmedia":[{"embeddable":true,"href":"https:\/\/soydeaqui.ddns.net\/pachuca\/index.php\/wp-json\/wp\/v2\/media\/10878"}],"wp:attachment":[{"href":"https:\/\/soydeaqui.ddns.net\/pachuca\/index.php\/wp-json\/wp\/v2\/media?parent=10879"}],"wp:term":[{"taxonomy":"product_brand","embeddable":true,"href":"https:\/\/soydeaqui.ddns.net\/pachuca\/index.php\/wp-json\/wp\/v2\/product_brand?post=10879"},{"taxonomy":"product_cat","embeddable":true,"href":"https:\/\/soydeaqui.ddns.net\/pachuca\/index.php\/wp-json\/wp\/v2\/product_cat?post=10879"},{"taxonomy":"product_tag","embeddable":true,"href":"https:\/\/soydeaqui.ddns.net\/pachuca\/index.php\/wp-json\/wp\/v2\/product_tag?post=10879"}],"curies":[{"name":"wp","href":"https:\/\/api.w.org\/{rel}","templated":true}]}}