{"id":108782,"date":"2026-03-20T18:20:57","date_gmt":"2026-03-20T18:20:57","guid":{"rendered":"https:\/\/soydeaqui.ddns.net\/pachuca\/index.php\/producto\/ups-de-1000-va-800-w-topologia-linea-interactiva-entrada-120-vca-nema-5-15p-onda-senoidal-pura-torre-o-rack-1-ur-con-7-tomas-nema-5-15r\/"},"modified":"2026-03-20T18:21:21","modified_gmt":"2026-03-20T18:21:21","slug":"ups-de-1000-va-800-w-topologia-linea-interactiva-entrada-120-vca-nema-5-15p-onda-senoidal-pura-torre-o-rack-1-ur-con-7-tomas-nema-5-15r","status":"publish","type":"product","link":"https:\/\/soydeaqui.ddns.net\/pachuca\/index.php\/producto\/ups-de-1000-va-800-w-topologia-linea-interactiva-entrada-120-vca-nema-5-15p-onda-senoidal-pura-torre-o-rack-1-ur-con-7-tomas-nema-5-15r\/","title":{"rendered":"UPS de 1000 VA\/800 W, Topolog\u00eda L\u00ednea Interactiva, Entrada 120 Vca NEMA 5-15P, Onda Senoidal Pura, Torre o Rack 1 UR, Con 7 Tomas NEMA 5-15R"},"content":{"rendered":"<div style='width: 100%; max-width: 1200px; margin: 0 auto; font-family: sans-serif; line-height: 1.6; color: inherit; background-color: transparent;'>\n<div style='display: flex; flex-wrap: wrap; gap: 30px; margin-bottom: 30px;'>\n<div style='flex: 1 1 300px; min-width: 280px;'>\n<h3 style='font-size: 22px; border-bottom: 2px solid currentColor; padding-bottom: 5px; margin-top: 0; color: inherit; opacity: 0.8;'>Caracter\u00edsticas Principales<\/h3>\n<ul style='padding-left: 20px; font-size: 15px; color: inherit;'>\n<li style='margin-bottom: 5px;'>UPS de L\u00ednea Interactiva con onda senoidal pura<\/li>\n<li style='margin-bottom: 5px;'>Dise\u00f1o convertible para instalaci\u00f3n en torre o rack 1U<\/li>\n<li style='margin-bottom: 5px;'>Soporta conexi\u00f3n a interruptor EPO para apagado de emergencia<\/li>\n<li style='margin-bottom: 5px;'>Permite intercambio en caliente de bater\u00edas<\/li>\n<li style='margin-bottom: 5px;'>Protecci\u00f3n contra picos de 1030 Joules<\/li>\n<li style='margin-bottom: 5px;'>Protecci\u00f3n para l\u00edneas RJ11 y RJ45<\/li>\n<li style='margin-bottom: 5px;'>NO compatible con generadores de energ\u00eda<\/li>\n<li style='margin-bottom: 5px;'>Incluye bater\u00eda<\/li>\n<\/ul><\/div>\n<div style='flex: 1 1 300px; min-width: 280px;'> <img style='width: 100%; height: auto; border: 1px solid rgba(150&comma;150&comma;150&comma;0.3); border-radius: 8px;' src='https:\/\/ftp3.syscom.mx\/usuarios\/fotos\/logotipos\/cyberpower.png' alt='Logo CyberPower' \/> <\/div>\n<\/p><\/div>\n<div style='display: flex; flex-wrap: wrap; gap: 30px; margin-bottom: 30px;'>\n<div style='flex: 1 1 300px; min-width: 280px;'>\n<h3 style='font-size: 22px; border-bottom: 2px solid currentColor; padding-bottom: 5px; margin-top: 0; color: inherit; opacity: 0.8;'>Especificaciones T\u00e9cnicas<\/h3>\n<ul style='padding-left: 20px; font-size: 15px; color: inherit;'>\n<li style='margin-bottom: 5px;'><strong>Rango de voltaje de entrada:<\/strong> 80 &#8211; 150 Vca<\/li>\n<li style='margin-bottom: 5px;'><strong>Frecuencia de entrada:<\/strong> 57 &#8211; 63 Hz<\/li>\n<li style='margin-bottom: 5px;'><strong>Enchufe de entrada:<\/strong> NEMA 5-15P<\/li>\n<li style='margin-bottom: 5px;'><img style='width: 40px; height: 40px; border: none; vertical-align: middle;' src='https:\/\/www.cyberpower.com\/mx\/es\/File\/GetImageByDocId\/GeneralAttribute-235' alt='Enchufe NEMA 5-15P' \/><\/li>\n<li style='margin-bottom: 5px;'><strong>Longitud de cable de entrada:<\/strong> 3 m<\/li>\n<li style='margin-bottom: 5px;'><strong>Salida VA:<\/strong> 1000<\/li>\n<li style='margin-bottom: 5px;'><strong>Salida Watts:<\/strong> 800<\/li>\n<li style='margin-bottom: 5px;'><strong>Factor de potencia:<\/strong> 0.8<\/li>\n<li style='margin-bottom: 5px;'><strong>Tomas de salida:<\/strong> 7 (6 con bater\u00eda y protecci\u00f3n&comma; 1 solo protecci\u00f3n)<\/li>\n<li style='margin-bottom: 5px;'><strong>Tipo de tomas:<\/strong> 7 NEMA 5-15R<\/li>\n<li style='margin-bottom: 5px;'><img style='width: 40px; height: 40px; border: none; vertical-align: middle;' src='https:\/\/www.cyberpower.com\/mx\/es\/File\/GetImageByDocId\/GeneralAttribute-238' alt='Toma NEMA 5-15R' \/><\/li>\n<li style='margin-bottom: 5px;'><strong>Especificaciones de bater\u00eda:<\/strong> 4 x 6V\/9Ah<\/li>\n<li style='margin-bottom: 5px;'><strong>Tiempo de respaldo (400W):<\/strong> 13 minutos<\/li>\n<li style='margin-bottom: 5px;'><strong>Tiempo de respaldo (800W):<\/strong> 3.5 minutos<\/li>\n<li style='margin-bottom: 5px;'><strong>Protecci\u00f3n de picos:<\/strong> 1030 Joules<\/li>\n<li style='margin-bottom: 5px;'><strong>Protecci\u00f3n:<\/strong> RJ11 y RJ45<\/li>\n<li style='margin-bottom: 5px;'><strong>Indicadores:<\/strong> Pantalla LCD de monitoreo<\/li>\n<li style='margin-bottom: 5px;'><strong>Administraci\u00f3n remota:<\/strong> SNMP\/HTTP con tarjeta RMCARD205 (opcional)<\/li>\n<li style='margin-bottom: 5px;'><strong>Dimensiones:<\/strong> 433 x 44.5 x 401.32 mm (Ancho x Alto x Profundidad)<\/li>\n<li style='margin-bottom: 5px;'><strong>Peso:<\/strong> 16.28 Kg<\/li>\n<\/ul><\/div>\n<div style='flex: 1 1 300px; min-width: 280px;'>\n<h3 style='font-size: 22px; border-bottom: 2px solid currentColor; padding-bottom: 5px; margin-top: 0; color: inherit; opacity: 0.8;'>Aplicaciones<\/h3>\n<ul style='padding-left: 20px; font-size: 15px; color: inherit;'>\n<li style='margin-bottom: 5px;'>Sistemas de oficina<\/li>\n<li style='margin-bottom: 5px;'>PC y estaciones de trabajo<\/li>\n<li style='margin-bottom: 5px;'>Dispositivos de red y perif\u00e9ricos<\/li>\n<li style='margin-bottom: 5px;'>Ambientes de back office<\/li>\n<li style='margin-bottom: 5px;'>Salas de servidores<\/li>\n<li style='margin-bottom: 5px;'>Centros de datos<\/li>\n<\/ul><\/div>\n<\/p><\/div>\n<\/p><\/div>\n","protected":false},"excerpt":{"rendered":"<p>UPS de 1000 VA\/800 W, Topolog\u00eda L\u00ednea Interactiva, Entrada 120 Vca NEMA 5-15P, Onda Senoidal Pura, Torre o Rack 1 UR, Con 7 Tomas NEMA 5-15R<\/p>\n","protected":false},"featured_media":108781,"comment_status":"open","ping_status":"closed","template":"","meta":[],"product_brand":[],"product_cat":[1231],"product_tag":[677,142,1232],"class_list":{"0":"post-108782","1":"product","2":"type-product","3":"status-publish","4":"has-post-thumbnail","6":"product_cat-ups-no-break-energia-videovigilancia","7":"product_tag-cyberpower","8":"product_tag-energia","9":"product_tag-ups-no-break-2","11":"first","12":"outofstock","13":"sale","14":"shipping-taxable","15":"purchasable","16":"product-type-simple"},"_links":{"self":[{"href":"https:\/\/soydeaqui.ddns.net\/pachuca\/index.php\/wp-json\/wp\/v2\/product\/108782","targetHints":{"allow":["GET"]}}],"collection":[{"href":"https:\/\/soydeaqui.ddns.net\/pachuca\/index.php\/wp-json\/wp\/v2\/product"}],"about":[{"href":"https:\/\/soydeaqui.ddns.net\/pachuca\/index.php\/wp-json\/wp\/v2\/types\/product"}],"replies":[{"embeddable":true,"href":"https:\/\/soydeaqui.ddns.net\/pachuca\/index.php\/wp-json\/wp\/v2\/comments?post=108782"}],"wp:featuredmedia":[{"embeddable":true,"href":"https:\/\/soydeaqui.ddns.net\/pachuca\/index.php\/wp-json\/wp\/v2\/media\/108781"}],"wp:attachment":[{"href":"https:\/\/soydeaqui.ddns.net\/pachuca\/index.php\/wp-json\/wp\/v2\/media?parent=108782"}],"wp:term":[{"taxonomy":"product_brand","embeddable":true,"href":"https:\/\/soydeaqui.ddns.net\/pachuca\/index.php\/wp-json\/wp\/v2\/product_brand?post=108782"},{"taxonomy":"product_cat","embeddable":true,"href":"https:\/\/soydeaqui.ddns.net\/pachuca\/index.php\/wp-json\/wp\/v2\/product_cat?post=108782"},{"taxonomy":"product_tag","embeddable":true,"href":"https:\/\/soydeaqui.ddns.net\/pachuca\/index.php\/wp-json\/wp\/v2\/product_tag?post=108782"}],"curies":[{"name":"wp","href":"https:\/\/api.w.org\/{rel}","templated":true}]}}