{"id":108772,"date":"2026-03-20T18:20:26","date_gmt":"2026-03-20T18:20:26","guid":{"rendered":"https:\/\/soydeaqui.ddns.net\/pachuca\/index.php\/producto\/cable-para-audio-profesional-calibre-18-en-2-hilos-100-cobre-blindado-perfecto-para-bocinas-y-micrfonos-bobina-de-152-metros-500-pies\/"},"modified":"2026-03-20T18:20:41","modified_gmt":"2026-03-20T18:20:41","slug":"cable-para-audio-profesional-calibre-18-en-2-hilos-100-cobre-blindado-perfecto-para-bocinas-y-micrfonos-bobina-de-152-metros-500-pies","status":"publish","type":"product","link":"https:\/\/soydeaqui.ddns.net\/pachuca\/index.php\/producto\/cable-para-audio-profesional-calibre-18-en-2-hilos-100-cobre-blindado-perfecto-para-bocinas-y-micrfonos-bobina-de-152-metros-500-pies\/","title":{"rendered":"Cable para Audio Profesional Calibre 18 en 2 Hilos 100% Cobre, Blindado Perfecto para Bocinas y Micr?fonos, Bobina de 152 Metros (500 Pies)"},"content":{"rendered":"<div style='width: 100%; max-width: 1200px; margin: 0 auto; font-family: sans-serif; line-height: 1.6; color: inherit; background-color: transparent;'>\n<p style='font-weight: bold; font-size: 16px; color: inherit;'><strong>CABLE BLINDADO DE 2 CONDUCTORES CALIBRE 18 PARA APLICACIONES DE AUDIO Y AUTOMATIZACI\u00d3N.<\/strong><\/p>\n<p style='font-weight: bold; font-size: 16px; color: inherit;'><strong>Conductores 100% para cableados de micr\u00f3fonos&comma; interfonos y sistemas de automatizaci\u00f3n.<\/strong><\/p>\n<div style='display: flex; flex-wrap: wrap; gap: 30px; margin: 30px 0;'>\n<div style='flex: 1 1 300px; min-width: 280px;'>\n<h3 style='font-size: 22px; border-bottom: 2px solid currentColor; padding-bottom: 5px; margin-top: 0; color: inherit; opacity: 0.8;'>Caracter\u00edsticas<\/h3>\n<ul style='padding-left: 20px; font-size: 15px; color: inherit;'>\n<li style='margin-bottom: 5px;'>Cableado de interfaces y bases para microfonos<\/li>\n<li style='margin-bottom: 5px;'>Cableado de interfonos.<\/li>\n<li style='margin-bottom: 5px;'>Sistemas de control de automatizaci\u00f3n<\/li>\n<\/ul><\/div>\n<div style='flex: 1 1 300px; min-width: 280px;'>\n<h3 style='font-size: 22px; border-bottom: 2px solid currentColor; padding-bottom: 5px; margin-top: 0; color: inherit; opacity: 0.8;'>Caracter\u00edsticas f\u00edsicas y el\u00e9ctricas<\/h3>\n<ul style='padding-left: 20px; font-size: 15px; color: inherit;'>\n<li style='margin-bottom: 5px;'><strong>Tipo:<\/strong> Cable (1 par)<\/li>\n<li style='margin-bottom: 5px;'><strong>Conductor:<\/strong> Cobre<\/li>\n<li style='margin-bottom: 5px;'><strong>Blindado<\/strong><\/li>\n<li style='margin-bottom: 5px;'><strong>Calibre:<\/strong> 18<\/li>\n<li style='margin-bottom: 5px;'><strong>Di\u00e1metro exterior:<\/strong> 5.0 mm.<\/li>\n<li style='margin-bottom: 5px;'><strong>Temperatura de operaci\u00f3n:<\/strong> -20\u00b0C a 60\u00b0C<\/li>\n<\/ul><\/div>\n<div style='flex: 1 1 300px; min-width: 280px;'>\n<h3 style='font-size: 22px; border-bottom: 2px solid currentColor; padding-bottom: 5px; margin-top: 0; color: inherit; opacity: 0.8;'>Est\u00e1ndares<\/h3>\n<ul style='padding-left: 20px; font-size: 15px; color: inherit;'>\n<li style='margin-bottom: 5px;'>ISO 9001:2000<\/li>\n<li style='margin-bottom: 5px;'>FRNC = Flame Retardant Non Corrosive<\/li>\n<li style='margin-bottom: 5px;'>CM<\/li>\n<\/ul><\/div>\n<\/p><\/div>\n<p style='font-weight: bold; font-size: 16px; color: inherit; margin-top: 30px;'><span style='line-height: 20.8px;'>* Precio por bobina de 152 metros.<\/span><\/p>\n<\/p><\/div>\n","protected":false},"excerpt":{"rendered":"<p>Cable para Audio Profesional Calibre 18 en 2 Hilos 100% Cobre, Blindado Perfecto para Bocinas y Micr?fonos, Bobina de 152 Metros (500 Pies)<\/p>\n","protected":false},"featured_media":108771,"comment_status":"open","ping_status":"closed","template":"","meta":[],"product_brand":[],"product_cat":[691],"product_tag":[692,488,435],"class_list":{"0":"post-108772","1":"product","2":"type-product","3":"status-publish","4":"has-post-thumbnail","6":"product_cat-audio-y-video-cables-y-conectores","7":"product_tag-audio-y-video","8":"product_tag-cables-y-conectores","9":"product_tag-linkedpro-by-epcom","11":"first","12":"instock","13":"sale","14":"shipping-taxable","15":"purchasable","16":"product-type-simple"},"_links":{"self":[{"href":"https:\/\/soydeaqui.ddns.net\/pachuca\/index.php\/wp-json\/wp\/v2\/product\/108772","targetHints":{"allow":["GET"]}}],"collection":[{"href":"https:\/\/soydeaqui.ddns.net\/pachuca\/index.php\/wp-json\/wp\/v2\/product"}],"about":[{"href":"https:\/\/soydeaqui.ddns.net\/pachuca\/index.php\/wp-json\/wp\/v2\/types\/product"}],"replies":[{"embeddable":true,"href":"https:\/\/soydeaqui.ddns.net\/pachuca\/index.php\/wp-json\/wp\/v2\/comments?post=108772"}],"wp:featuredmedia":[{"embeddable":true,"href":"https:\/\/soydeaqui.ddns.net\/pachuca\/index.php\/wp-json\/wp\/v2\/media\/108771"}],"wp:attachment":[{"href":"https:\/\/soydeaqui.ddns.net\/pachuca\/index.php\/wp-json\/wp\/v2\/media?parent=108772"}],"wp:term":[{"taxonomy":"product_brand","embeddable":true,"href":"https:\/\/soydeaqui.ddns.net\/pachuca\/index.php\/wp-json\/wp\/v2\/product_brand?post=108772"},{"taxonomy":"product_cat","embeddable":true,"href":"https:\/\/soydeaqui.ddns.net\/pachuca\/index.php\/wp-json\/wp\/v2\/product_cat?post=108772"},{"taxonomy":"product_tag","embeddable":true,"href":"https:\/\/soydeaqui.ddns.net\/pachuca\/index.php\/wp-json\/wp\/v2\/product_tag?post=108772"}],"curies":[{"name":"wp","href":"https:\/\/api.w.org\/{rel}","templated":true}]}}