{"id":108762,"date":"2026-03-20T18:19:57","date_gmt":"2026-03-20T18:19:57","guid":{"rendered":"https:\/\/soydeaqui.ddns.net\/pachuca\/index.php\/producto\/fisheye-ip-interior-6-megapixel-wdr-120db-ir-15m-ptz-digital-8x-video-analiticos-avanzados-entrada-y-salida-de-audio-y-alarma-color-blanco\/"},"modified":"2026-03-20T18:19:59","modified_gmt":"2026-03-20T18:19:59","slug":"fisheye-ip-interior-6-megapixel-wdr-120db-ir-15m-ptz-digital-8x-video-analiticos-avanzados-entrada-y-salida-de-audio-y-alarma-color-blanco","status":"publish","type":"product","link":"https:\/\/soydeaqui.ddns.net\/pachuca\/index.php\/producto\/fisheye-ip-interior-6-megapixel-wdr-120db-ir-15m-ptz-digital-8x-video-analiticos-avanzados-entrada-y-salida-de-audio-y-alarma-color-blanco\/","title":{"rendered":"Fisheye IP Interior 6 Megapixel \/ WDR 120dB \/ IR 15m \/ PTZ Digital 8X \/ Video Anal\u00edticos Avanzados \/ Entrada y Salida de Audio y Alarma \/ Color Blanco"},"content":{"rendered":"<div style='width: 100%; max-width: 1200px; margin: 0 auto; font-family: sans-serif; line-height: 1.6; color: inherit; background-color: transparent;'>\n<div style='display: flex; flex-wrap: wrap; gap: 30px; margin-bottom: 30px;'>\n<div style='flex: 1 1 300px; min-width: 280px;'>\n<h3 style='font-size: 22px; border-bottom: 2px solid currentColor; padding-bottom: 5px; margin-top: 0; color: inherit; opacity: 0.8;'>Caracter\u00edsticas de la c\u00e1mara<\/h3>\n<ul style='padding-left: 20px; font-size: 15px; color: inherit;'>\n<li style='margin-bottom: 5px;'><strong>Sensor de imagen:<\/strong> 1\/1.8&#8242; 6M CMOS<\/li>\n<li style='margin-bottom: 5px;'><strong>Iluminaci\u00f3n m\u00ednima:<\/strong> Color: 0.1 Lux (F1.6)&comma; B\/N: 0 Lux (IR LED Encendido)<\/li>\n<li style='margin-bottom: 5px;'><strong>Velocidad del shutter:<\/strong> 2 ~ 1\/12&comma;000s<\/li>\n<li style='margin-bottom: 5px;'><strong>D\u00eda\/Noche:<\/strong> Real con filtro ICR<\/li>\n<li style='margin-bottom: 5px;'><strong>Lente fijo:<\/strong> 1.6mm<\/li>\n<li style='margin-bottom: 5px;'><strong>Distancia de IR:<\/strong> 15 m<\/li>\n<li style='margin-bottom: 5px;'><strong>Funciones:<\/strong> WDR real (120dB)&comma; HLC&comma; BLC<\/li>\n<li style='margin-bottom: 5px;'><strong>Color:<\/strong> Blanco<\/li>\n<\/ul><\/div>\n<div style='flex: 1 1 300px; min-width: 280px;'>\n<h3 style='font-size: 22px; border-bottom: 2px solid currentColor; padding-bottom: 5px; margin-top: 0; color: inherit; opacity: 0.8;'>Video anal\u00edticos avanzados<\/h3>\n<ul style='padding-left: 20px; font-size: 15px; color: inherit;'>\n<li style='margin-bottom: 5px;'>Conteo de Personas<\/li>\n<li style='margin-bottom: 5px;'>Detecci\u00f3n de Direcci\u00f3n<\/li>\n<li style='margin-bottom: 5px;'>L\u00ednea Virtual<\/li>\n<li style='margin-bottom: 5px;'>Entrada\/Salida<\/li>\n<li style='margin-bottom: 5px;'>Aparici\u00f3n\/Desaparici\u00f3n de Objetos<\/li>\n<li style='margin-bottom: 5px;'>Detecci\u00f3n de Audio<\/li>\n<li style='margin-bottom: 5px;'>Clasificaci\u00f3n de Audio<\/li>\n<li style='margin-bottom: 5px;'>Mapas de calor<\/li>\n<li style='margin-bottom: 5px;'>Administraci\u00f3n de Filas<\/li>\n<\/ul><\/div>\n<div style='flex: 1 1 300px; min-width: 280px;'>\n<h3 style='font-size: 22px; border-bottom: 2px solid currentColor; padding-bottom: 5px; margin-top: 0; color: inherit; opacity: 0.8;'>Compresi\u00f3n y resoluci\u00f3n<\/h3>\n<ul style='padding-left: 20px; font-size: 15px; color: inherit;'>\n<li style='margin-bottom: 5px;'><strong>Compresi\u00f3n:<\/strong> H.265 \/ H.264 \/ MJPEG<\/li>\n<li style='margin-bottom: 5px;'><strong>Resoluci\u00f3n m\u00e1xima:<\/strong> 3096 x 2094 (6MP)<\/li>\n<\/ul>\n<h3 style='font-size: 22px; border-bottom: 2px solid currentColor; padding-bottom: 5px; margin-top: 20px; color: inherit; opacity: 0.8;'>M\u00faltiples vistas<\/h3>\n<ul style='padding-left: 20px; font-size: 15px; color: inherit;'>\n<li style='margin-bottom: 5px;'>Fisheye<\/li>\n<li style='margin-bottom: 5px;'>Panorama Individual<\/li>\n<li style='margin-bottom: 5px;'>Panorama Doble<\/li>\n<li style='margin-bottom: 5px;'>Fisheye + 4 PTZ Vista Cu\u00e1druple<\/li>\n<li style='margin-bottom: 5px;'>Fisheye + 8PTZ<\/li>\n<\/ul><\/div>\n<div style='flex: 1 1 300px; min-width: 280px;'>\n<h3 style='font-size: 22px; border-bottom: 2px solid currentColor; padding-bottom: 5px; margin-top: 0; color: inherit; opacity: 0.8;'>Funciones de red y almacenamiento<\/h3>\n<ul style='padding-left: 20px; font-size: 15px; color: inherit;'>\n<li style='margin-bottom: 5px;'><strong>Almacenamiento:<\/strong> Soporta 2 microSD de hasta 256GB (512GB max.)<\/li>\n<li style='margin-bottom: 5px;'>Soporta NAS<\/li>\n<li style='margin-bottom: 5px;'>ONVIF: PROFILE S&comma; PROFILE G&comma; SUNAPI<\/li>\n<\/ul>\n<h3 style='font-size: 22px; border-bottom: 2px solid currentColor; padding-bottom: 5px; margin-top: 20px; color: inherit; opacity: 0.8;'>Interfaces y Audio<\/h3>\n<ul style='padding-left: 20px; font-size: 15px; color: inherit;'>\n<li style='margin-bottom: 5px;'><strong>Audio:<\/strong> 1 entrada y 1 salida<\/li>\n<li style='margin-bottom: 5px;'><strong>Red:<\/strong> 1 puerto RJ45 10 \/ 100 Mbps<\/li>\n<li style='margin-bottom: 5px;'><strong>Alarma:<\/strong> 1 entrada y 1 salida<\/li>\n<li style='margin-bottom: 5px;'>Micr\u00f3fono interconstruido<\/li>\n<li style='margin-bottom: 5px;'><strong>Salida de video BNC:<\/strong> 75 \u03a9\/BNC<\/li>\n<\/ul><\/div>\n<div style='flex: 1 1 300px; min-width: 280px;'>\n<h3 style='font-size: 22px; border-bottom: 2px solid currentColor; padding-bottom: 5px; margin-top: 0; color: inherit; opacity: 0.8;'>Caracter\u00edsticas f\u00edsicas y el\u00e9ctricas<\/h3>\n<ul style='padding-left: 20px; font-size: 15px; color: inherit;'>\n<li style='margin-bottom: 5px;'><strong>Temperatura de operaci\u00f3n:<\/strong> -10 a 55 \u00b0C&comma; humedad 95%<\/li>\n<li style='margin-bottom: 5px;'><strong>Alimentaci\u00f3n:<\/strong> 12Vcc \/ PoE (802.3af) \/ 11W<\/li>\n<li style='margin-bottom: 5px;'><strong>Protecci\u00f3n:<\/strong> Uso Interior<\/li>\n<li style='margin-bottom: 5px;'><strong>Dimensiones:<\/strong> 146 \u00d7 54.8mm<\/li>\n<li style='margin-bottom: 5px;'><strong>Peso:<\/strong> 730gr<\/li>\n<\/ul>\n<h3 style='font-size: 22px; border-bottom: 2px solid currentColor; padding-bottom: 5px; margin-top: 20px; color: inherit; opacity: 0.8;'>Garant\u00eda<\/h3>\n<ul style='padding-left: 20px; font-size: 15px; color: inherit;'>\n<li style='margin-bottom: 5px;'><strong>Garant\u00eda:<\/strong> 3 a\u00f1os<\/li>\n<\/ul><\/div>\n<\/p><\/div>\n<\/p><\/div>\n","protected":false},"excerpt":{"rendered":"<p>Fisheye IP Interior 6 Megapixel \/ WDR 120dB \/ IR 15m \/ PTZ Digital 8X \/ Video Anal\u00edticos Avanzados \/ Entrada y Salida de Audio y Alarma \/ Color Blanco<\/p>\n","protected":false},"featured_media":108761,"comment_status":"open","ping_status":"closed","template":"","meta":[],"product_brand":[],"product_cat":[2248],"product_tag":[122,2249,1055],"class_list":{"0":"post-108762","1":"product","2":"type-product","3":"status-publish","4":"has-post-thumbnail","6":"product_cat-fisheye-y-hemisfericas","7":"product_tag-camaras-ip-y-nvrs","8":"product_tag-fisheye-y-hemisfericas","9":"product_tag-hanwha-vision","11":"first","12":"instock","13":"sale","14":"shipping-taxable","15":"purchasable","16":"product-type-simple"},"_links":{"self":[{"href":"https:\/\/soydeaqui.ddns.net\/pachuca\/index.php\/wp-json\/wp\/v2\/product\/108762","targetHints":{"allow":["GET"]}}],"collection":[{"href":"https:\/\/soydeaqui.ddns.net\/pachuca\/index.php\/wp-json\/wp\/v2\/product"}],"about":[{"href":"https:\/\/soydeaqui.ddns.net\/pachuca\/index.php\/wp-json\/wp\/v2\/types\/product"}],"replies":[{"embeddable":true,"href":"https:\/\/soydeaqui.ddns.net\/pachuca\/index.php\/wp-json\/wp\/v2\/comments?post=108762"}],"wp:featuredmedia":[{"embeddable":true,"href":"https:\/\/soydeaqui.ddns.net\/pachuca\/index.php\/wp-json\/wp\/v2\/media\/108761"}],"wp:attachment":[{"href":"https:\/\/soydeaqui.ddns.net\/pachuca\/index.php\/wp-json\/wp\/v2\/media?parent=108762"}],"wp:term":[{"taxonomy":"product_brand","embeddable":true,"href":"https:\/\/soydeaqui.ddns.net\/pachuca\/index.php\/wp-json\/wp\/v2\/product_brand?post=108762"},{"taxonomy":"product_cat","embeddable":true,"href":"https:\/\/soydeaqui.ddns.net\/pachuca\/index.php\/wp-json\/wp\/v2\/product_cat?post=108762"},{"taxonomy":"product_tag","embeddable":true,"href":"https:\/\/soydeaqui.ddns.net\/pachuca\/index.php\/wp-json\/wp\/v2\/product_tag?post=108762"}],"curies":[{"name":"wp","href":"https:\/\/api.w.org\/{rel}","templated":true}]}}