{"id":108756,"date":"2026-03-20T18:19:40","date_gmt":"2026-03-20T18:19:40","guid":{"rendered":"https:\/\/soydeaqui.ddns.net\/pachuca\/index.php\/producto\/switch-poe-stackeable-capa-3-20-puertos-10-100-1000-mbps-4-x-100m-1g-2-5-5g-t-4-puertos-sfp-10-g-hasta-740-w-fuente-redundante-2\/"},"modified":"2026-03-20T18:19:42","modified_gmt":"2026-03-20T18:19:42","slug":"switch-poe-stackeable-capa-3-20-puertos-10-100-1000-mbps-4-x-100m-1g-2-5-5g-t-4-puertos-sfp-10-g-hasta-740-w-fuente-redundante-2","status":"publish","type":"product","link":"https:\/\/soydeaqui.ddns.net\/pachuca\/index.php\/producto\/switch-poe-stackeable-capa-3-20-puertos-10-100-1000-mbps-4-x-100m-1g-2-5-5g-t-4-puertos-sfp-10-g-hasta-740-w-fuente-redundante-2\/","title":{"rendered":"Switch PoE+ Stackeable Capa 3, 20 puertos 10\/100\/1000 Mbps + 4 x 100M\/1G\/2.5\/5G-T + 4 puertos SFP+ 10 G, hasta 740 W, fuente redundante"},"content":{"rendered":"<div style='width: 100%; max-width: 1200px; margin: 0 auto; font-family: sans-serif; line-height: 1.6; color: inherit; background-color: transparent;'> <!-- Videos --> <\/p>\n<div style='display: flex; flex-direction: column; align-items: center; margin-bottom: 30px;'>\n<h2 style='text-align: center; font-size: 24px; margin-bottom: 20px; color: inherit; opacity: 0.9;'>Potentes Switches Multi-Gigabit<\/h2>\n<div style='position: relative; padding-bottom: 56.25%; height: 0; overflow: hidden; margin-bottom: 30px; max-width: 560px; width: 100%;'>   <\/div>\n<h2 style='text-align: center; font-size: 24px; margin-bottom: 20px; color: inherit; opacity: 0.9;'>Redes Totalmente Aut\u00f3nomas<\/h2>\n<div style='position: relative; padding-bottom: 56.25%; height: 0; overflow: hidden; margin-bottom: 30px; max-width: 560px; width: 100%;'>   <\/div>\n<\/p><\/div>\n<p> <!-- Secci\u00f3n de caracter\u00edsticas con flex --> <\/p>\n<div style='display: flex; flex-wrap: wrap; gap: 30px; margin-bottom: 30px;'>\n<div style='flex: 1 1 300px; min-width: 280px;'>\n<h3 style='font-size: 22px; border-bottom: 2px solid currentColor; padding-bottom: 5px; margin-top: 0; color: inherit; opacity: 0.8;'>Puertos<\/h3>\n<ul style='padding-left: 20px; font-size: 15px; color: inherit;'>\n<li style='margin-bottom: 5px;'>20 puertos 10\/100\/1000 Mbps<\/li>\n<li style='margin-bottom: 5px;'>4 puertos 100M\/1G\/2.5G\/5G<\/li>\n<li style='margin-bottom: 5px;'>4 puertos SFP+ 10 G (2 s\u00ed son stacked)<\/li>\n<li style='margin-bottom: 5px;'>Forwarding rate: 119 Millones de paquetes por segundo (Mpps)<\/li>\n<li style='margin-bottom: 5px;'>Switching fabric: 160 Gbps<\/li>\n<\/ul><\/div>\n<div style='flex: 1 1 300px; min-width: 280px;'>\n<h3 style='font-size: 22px; border-bottom: 2px solid currentColor; padding-bottom: 5px; margin-top: 0; color: inherit; opacity: 0.8;'>PoE<\/h3>\n<ul style='padding-left: 20px; font-size: 15px; color: inherit;'>\n<li style='margin-bottom: 5px;'>IEEE 802.3af Power Over Ethernet (PoE) hasta 15.4 W por puerto<\/li>\n<li style='margin-bottom: 5px;'>IEEE 802.3at Power Over Ethernet plus (PoE+) hasta 30 W por puerto<\/li>\n<li style='margin-bottom: 5px;'>Potencia total: 370 W (1 fuente de poder) \/ 740 W (2 fuentes de poder)<\/li>\n<\/ul><\/div>\n<div style='flex: 1 1 300px; min-width: 280px;'>\n<h3 style='font-size: 22px; border-bottom: 2px solid currentColor; padding-bottom: 5px; margin-top: 0; color: inherit; opacity: 0.8;'>Sistema operativo<\/h3>\n<ul style='padding-left: 20px; font-size: 15px; color: inherit;'>\n<li style='margin-bottom: 5px;'>AlliedWare Plus\u2122<\/li>\n<\/ul><\/div>\n<div style='flex: 1 1 300px; min-width: 280px;'>\n<h3 style='font-size: 22px; border-bottom: 2px solid currentColor; padding-bottom: 5px; margin-top: 0; color: inherit; opacity: 0.8;'>Administraci\u00f3n<\/h3>\n<ul style='padding-left: 20px; font-size: 15px; color: inherit;'>\n<li style='margin-bottom: 5px;'>Interfaz de l\u00ednea de comandos (CLI)<\/li>\n<li style='margin-bottom: 5px;'>Telnet<\/li>\n<li style='margin-bottom: 5px;'>SSH<\/li>\n<li style='margin-bottom: 5px;'>Monitoreo SNMP v1&comma; v2c &#038; v3<\/li>\n<\/ul><\/div>\n<div style='flex: 1 1 300px; min-width: 280px;'>\n<h3 style='font-size: 22px; border-bottom: 2px solid currentColor; padding-bottom: 5px; margin-top: 0; color: inherit; opacity: 0.8;'>Caracter\u00edsticas generales<\/h3>\n<ul style='padding-left: 20px; font-size: 15px; color: inherit;'>\n<li style='margin-bottom: 5px;'>Voice VLAN<\/li>\n<li style='margin-bottom: 5px;'>VLAN Mirroring (RSPAN)<\/li>\n<li style='margin-bottom: 5px;'>Access Control Lists (ACLs)<\/li>\n<li style='margin-bottom: 5px;'>VLAN ACLs<\/li>\n<li style='margin-bottom: 5px;'>Storm protection<\/li>\n<li style='margin-bottom: 5px;'>Loop protection<\/li>\n<li style='margin-bottom: 5px;'>Soporte de Multicast -IGMP snooping (v1&comma; v2 and v3)<\/li>\n<li style='margin-bottom: 5px;'>Tri-authentication<\/li>\n<\/ul><\/div>\n<div style='flex: 1 1 300px; min-width: 280px;'>\n<h3 style='font-size: 22px; border-bottom: 2px solid currentColor; padding-bottom: 5px; margin-top: 0; color: inherit; opacity: 0.8;'>QoS (Quality of Service)<\/h3>\n<ul style='padding-left: 20px; font-size: 15px; color: inherit;'>\n<li style='margin-bottom: 5px;'>8 colas de prioridad<\/li>\n<li style='margin-bottom: 5px;'>Limite el ancho de banda por puerto o por clase de tr\u00e1fico<\/li>\n<\/ul><\/div>\n<div style='flex: 1 1 300px; min-width: 280px;'>\n<h3 style='font-size: 22px; border-bottom: 2px solid currentColor; padding-bottom: 5px; margin-top: 0; color: inherit; opacity: 0.8;'>Protocolos de ruteo<\/h3>\n<ul style='padding-left: 20px; font-size: 15px; color: inherit;'>\n<li style='margin-bottom: 5px;'>Ruteo est\u00e1tico<\/li>\n<li style='margin-bottom: 5px;'>Border Gateway Protocol (BGP)<\/li>\n<li style='margin-bottom: 5px;'>Routing Information Protocol (RIP)<\/li>\n<li style='margin-bottom: 5px;'>Open Shortest Path First (OSPFv3)<\/li>\n<li style='margin-bottom: 5px;'>Licencia de Capa 3 Premium AT-FL-X530-01<\/li>\n<\/ul><\/div>\n<div style='flex: 1 1 300px; min-width: 280px;'>\n<h3 style='font-size: 22px; border-bottom: 2px solid currentColor; padding-bottom: 5px; margin-top: 0; color: inherit; opacity: 0.8;'>Caracter\u00edsticas de redundancia<\/h3>\n<ul style='padding-left: 20px; font-size: 15px; color: inherit;'>\n<li style='margin-bottom: 5px;'>G.8032 Ethernet Ring Protection<\/li>\n<li style='margin-bottom: 5px;'>Ethernet Protection Switched Ring (EPSRing)<\/li>\n<li style='margin-bottom: 5px;'>Multiple Spanning Tree Protocol (MSTP)<\/li>\n<li style='margin-bottom: 5px;'>Rapid Spanning Tree Protocol (RSTP)<\/li>\n<\/ul><\/div>\n<div style='flex: 1 1 300px; min-width: 280px;'>\n<h3 style='font-size: 22px; border-bottom: 2px solid currentColor; padding-bottom: 5px; margin-top: 0; color: inherit; opacity: 0.8;'>Caracter\u00edsticas f\u00edsicas y el\u00e9ctricas<\/h3>\n<ul style='padding-left: 20px; font-size: 15px; color: inherit;'>\n<li style='margin-bottom: 5px;'>Alimentaci\u00f3n: 100-240 VAC&comma; 50-60 Hz<\/li>\n<li style='margin-bottom: 5px;'>Dimensiones: 1 U Rack&comma; 44 x 421 x 441 mm<\/li>\n<li style='margin-bottom: 5px;'>Peso: 8.3 kg<\/li>\n<li style='margin-bottom: 5px;'>Temperatura de Operaci\u00f3n: 0 a 50\u00b0 C<\/li>\n<\/ul><\/div>\n<div style='flex: 1 1 300px; min-width: 280px;'>\n<h3 style='font-size: 22px; border-bottom: 2px solid currentColor; padding-bottom: 5px; margin-top: 0; color: inherit; opacity: 0.8;'>Garant\u00eda<\/h3>\n<ul style='padding-left: 20px; font-size: 15px; color: inherit;'>\n<li style='margin-bottom: 5px;'>1 a\u00f1o<\/li>\n<\/ul><\/div>\n<\/p><\/div>\n<p> <!-- Separador --> <\/p>\n<hr style='border: 0; border-top: 1px solid rgba(150&comma; 150&comma; 150&comma; 0.3); margin: 30px 0;'> <!-- Imagen --> <\/p>\n<div style='display: flex; flex-direction: column; align-items: center; margin-top: 30px;'>\n<h3 style='text-align: center; font-size: 20px; margin-bottom: 20px; color: inherit; opacity: 0.8;'>Ejemplo de una red empresarial de alto desempe\u00f1o<\/h3>\n<p> <img style='width: 100%; max-width: 700px; height: auto; border: 1px solid rgba(150&comma;150&comma;150&comma;0.3); border-radius: 8px;' src='https:\/\/ftp3.syscom.mx\/usuarios\/adiaz\/AlliedTelesis\/Diagrama_x230_x510.jpg' alt=''> <\/div>\n<\/p><\/div>\n","protected":false},"excerpt":{"rendered":"<p>Switch PoE+ Stackeable Capa 3, 20 puertos 10\/100\/1000 Mbps + 4 x 100M\/1G\/2.5\/5G-T + 4 puertos SFP+ 10 G, hasta 740 W, fuente redundante<\/p>\n","protected":false},"featured_media":108755,"comment_status":"open","ping_status":"closed","template":"","meta":[],"product_brand":[],"product_cat":[1986],"product_tag":[1995,664,1987],"class_list":{"0":"post-108756","1":"product","2":"type-product","3":"status-publish","4":"has-post-thumbnail","6":"product_cat-switches-poe","7":"product_tag-allied-telesis","8":"product_tag-networking","9":"product_tag-switches-poe","11":"first","12":"instock","13":"sale","14":"shipping-taxable","15":"purchasable","16":"product-type-simple"},"_links":{"self":[{"href":"https:\/\/soydeaqui.ddns.net\/pachuca\/index.php\/wp-json\/wp\/v2\/product\/108756","targetHints":{"allow":["GET"]}}],"collection":[{"href":"https:\/\/soydeaqui.ddns.net\/pachuca\/index.php\/wp-json\/wp\/v2\/product"}],"about":[{"href":"https:\/\/soydeaqui.ddns.net\/pachuca\/index.php\/wp-json\/wp\/v2\/types\/product"}],"replies":[{"embeddable":true,"href":"https:\/\/soydeaqui.ddns.net\/pachuca\/index.php\/wp-json\/wp\/v2\/comments?post=108756"}],"wp:featuredmedia":[{"embeddable":true,"href":"https:\/\/soydeaqui.ddns.net\/pachuca\/index.php\/wp-json\/wp\/v2\/media\/108755"}],"wp:attachment":[{"href":"https:\/\/soydeaqui.ddns.net\/pachuca\/index.php\/wp-json\/wp\/v2\/media?parent=108756"}],"wp:term":[{"taxonomy":"product_brand","embeddable":true,"href":"https:\/\/soydeaqui.ddns.net\/pachuca\/index.php\/wp-json\/wp\/v2\/product_brand?post=108756"},{"taxonomy":"product_cat","embeddable":true,"href":"https:\/\/soydeaqui.ddns.net\/pachuca\/index.php\/wp-json\/wp\/v2\/product_cat?post=108756"},{"taxonomy":"product_tag","embeddable":true,"href":"https:\/\/soydeaqui.ddns.net\/pachuca\/index.php\/wp-json\/wp\/v2\/product_tag?post=108756"}],"curies":[{"name":"wp","href":"https:\/\/api.w.org\/{rel}","templated":true}]}}