{"id":108752,"date":"2026-03-20T18:19:28","date_gmt":"2026-03-20T18:19:28","guid":{"rendered":"https:\/\/soydeaqui.ddns.net\/pachuca\/index.php\/producto\/dvr-movil-4-canales-1080p-soporta-3g-gps-y-wifi-1-tb-de-disco-incluido-monitoreo-remoto-soporta-memoria-sd\/"},"modified":"2026-03-20T18:19:31","modified_gmt":"2026-03-20T18:19:31","slug":"dvr-movil-4-canales-1080p-soporta-3g-gps-y-wifi-1-tb-de-disco-incluido-monitoreo-remoto-soporta-memoria-sd","status":"publish","type":"product","link":"https:\/\/soydeaqui.ddns.net\/pachuca\/index.php\/producto\/dvr-movil-4-canales-1080p-soporta-3g-gps-y-wifi-1-tb-de-disco-incluido-monitoreo-remoto-soporta-memoria-sd\/","title":{"rendered":"DVR M\u00f3vil 4 Canales 1080P\/ Soporta 3G, GPS y WiFi \/ 1 TB de Disco Incluido \/ Monitoreo Remoto \/ Soporta Memoria SD"},"content":{"rendered":"<div style='width: 100%; max-width: 1200px; margin: 0 auto; font-family: sans-serif; line-height: 1.6; color: inherit; background-color: transparent;'>\n<p style='text-align: center; margin-bottom: 15px;'> <img style='width: 45%; max-width: 300px; height: auto; border: 1px solid rgba(150&comma;150&comma;150&comma;0.3); border-radius: 8px;' src='http:\/\/ftp3.syscom.mx\/usuarios\/jdelafuente\/HIKVISION\/hikvision%20logo%20complete.png' alt='Logo Hikvision'> <\/p>\n<div style='display: flex; flex-wrap: wrap; gap: 30px; margin-bottom: 30px;'>\n<div style='flex: 1 1 300px; min-width: 280px;'>\n<h3 style='font-size: 22px; border-bottom: 2px solid currentColor; padding-bottom: 5px; margin-top: 0; color: inherit; opacity: 0.8;'>Caracter\u00edsticas principales<\/h3>\n<ul style='padding-left: 20px; font-size: 15px; color: inherit;'>\n<li style='margin-bottom: 5px;'>Soporta 4 c\u00e1maras m\u00f3vil TURBO 1080p + 1 c\u00e1maras m\u00f3vil IP 1080p (requiere switch PoE)<\/li>\n<\/ul><\/div>\n<div style='flex: 1 1 300px; min-width: 280px;'>\n<h3 style='font-size: 22px; border-bottom: 2px solid currentColor; padding-bottom: 5px; margin-top: 0; color: inherit; opacity: 0.8;'>Caracter\u00edsticas F\u00edsicas y El\u00e9ctricas<\/h3>\n<ul style='padding-left: 20px; font-size: 15px; color: inherit;'>\n<li style='margin-bottom: 5px;'>1 Puerto de red (10M \/ 100M)<\/li>\n<li style='margin-bottom: 5px;'>4 Entradas de alarma<\/li>\n<li style='margin-bottom: 5px;'>2 Salidas de alarma<\/li>\n<li style='margin-bottom: 5px;'>Alimentaci\u00f3n: 9 &#8211; 32 Vcc (se alimenta directa de la bater\u00eda del autom\u00f3vil)<\/li>\n<li style='margin-bottom: 5px;'>Dimensiones: 206 x 219 x 60 mm<\/li>\n<li style='margin-bottom: 5px;'>Peso: 1.6 kg<\/li>\n<\/ul><\/div>\n<div style='flex: 1 1 300px; min-width: 280px;'>\n<h3 style='font-size: 22px; border-bottom: 2px solid currentColor; padding-bottom: 5px; margin-top: 0; color: inherit; opacity: 0.8;'>Requerimientos adicionales para transmisi\u00f3n remota de v\u00eddeo y ubicaci\u00f3n de DVR<\/h3>\n<ul style='padding-left: 20px; font-size: 15px; color: inherit;'>\n<li style='margin-bottom: 5px;'>Se requiere un servidor (PC) dedicada para colocar las licencias del software iVMS-5200 y dejas corriendo los servicios para poder consultar el v\u00eddeo en vivo de manera remota. Se recomienda un servidor como m\u00ednimo core i5 \/ 8 memoria RAM<\/li>\n<li style='margin-bottom: 5px;'>Se requiere tener IP publica fija (dedicada) y el ancho de banda depender\u00e1 de la cantidad del numero DVR\u00b4s a transmitir o visualizar<\/li>\n<\/ul><\/div>\n<\/p><\/div>\n<div style='display: flex; flex-wrap: wrap; gap: 20px; margin-bottom: 30px;'>\n<div style='flex: 1 1 100%; border: 1px solid rgba(150&comma; 150&comma; 150&comma; 0.4); border-radius: 8px; overflow: hidden; display: flex; flex-direction: column;'>\n<div style='padding: 15px; border-bottom: 1px solid rgba(150&comma; 150&comma; 150&comma; 0.2); font-weight: bold; font-size: 18px; color: inherit;'>Licencias necesarias para transmisi\u00f3n remota del DVR<\/div>\n<div style='padding: 15px; color: inherit;'>\n<ul style='padding-left: 20px; margin: 0; font-size: 14px; list-style-type: disc;'>\n<li style='margin-bottom: 5px;'><strong>iVMS-5200-MS-B:<\/strong> Licencia base que incluye 11 licencias de canales de v\u00eddeo. Ejemplo: 1 DVR de 4 canales puede consumir hasta 4 licencias de v\u00eddeo<\/li>\n<li style='margin-bottom: 5px;'><strong>iVMS-5200-MS-C:<\/strong> Licencia de 1 canal de v\u00eddeo adicional<\/li>\n<li style='margin-bottom: 5px;'><strong>iVMS-5200-MS-BI:<\/strong> Licencia para habilitar el modulo de Bussines Intelligence&comma; permite obtener an\u00e1lisis de datos de trafico&comma; estad\u00edsticas de kilometraje&comma; trafico de red y duraci\u00f3n en linea del DVR<\/li>\n<\/ul><\/div>\n<\/p><\/div>\n<\/p><\/div>\n<div style='margin: 30px 0;'> <img style='width: 100%; height: auto; border: 1px solid rgba(150&comma;150&comma;150&comma;0.3); border-radius: 8px;' src='https:\/\/ftp3.syscom.mx\/usuarios\/emendoza\/elesbanmch\/HIKVISON\/IMAGENES\/Captura.PNG' alt='Captura del sistema'> <\/div>\n<\/p><\/div>\n","protected":false},"excerpt":{"rendered":"<p>DVR M\u00f3vil 4 Canales 1080P\/ Soporta 3G, GPS y WiFi \/ 1 TB de Disco Incluido \/ Monitoreo Remoto \/ Soporta Memoria SD<\/p>\n","protected":false},"featured_media":108751,"comment_status":"open","ping_status":"closed","template":"","meta":[],"product_brand":[],"product_cat":[2244,1406],"product_tag":[1409,54,2245,1345],"class_list":{"0":"post-108752","1":"product","2":"type-product","3":"status-publish","4":"has-post-thumbnail","6":"product_cat-mdvr-mnvr","7":"product_cat-videograbadoras-moviles-videovigilancia","8":"product_tag-dash-cams-y-body-cams","9":"product_tag-hikvision","10":"product_tag-mdvr-mnvr","11":"product_tag-videograbadoras-moviles","13":"first","14":"outofstock","15":"sale","16":"shipping-taxable","17":"purchasable","18":"product-type-simple"},"_links":{"self":[{"href":"https:\/\/soydeaqui.ddns.net\/pachuca\/index.php\/wp-json\/wp\/v2\/product\/108752","targetHints":{"allow":["GET"]}}],"collection":[{"href":"https:\/\/soydeaqui.ddns.net\/pachuca\/index.php\/wp-json\/wp\/v2\/product"}],"about":[{"href":"https:\/\/soydeaqui.ddns.net\/pachuca\/index.php\/wp-json\/wp\/v2\/types\/product"}],"replies":[{"embeddable":true,"href":"https:\/\/soydeaqui.ddns.net\/pachuca\/index.php\/wp-json\/wp\/v2\/comments?post=108752"}],"wp:featuredmedia":[{"embeddable":true,"href":"https:\/\/soydeaqui.ddns.net\/pachuca\/index.php\/wp-json\/wp\/v2\/media\/108751"}],"wp:attachment":[{"href":"https:\/\/soydeaqui.ddns.net\/pachuca\/index.php\/wp-json\/wp\/v2\/media?parent=108752"}],"wp:term":[{"taxonomy":"product_brand","embeddable":true,"href":"https:\/\/soydeaqui.ddns.net\/pachuca\/index.php\/wp-json\/wp\/v2\/product_brand?post=108752"},{"taxonomy":"product_cat","embeddable":true,"href":"https:\/\/soydeaqui.ddns.net\/pachuca\/index.php\/wp-json\/wp\/v2\/product_cat?post=108752"},{"taxonomy":"product_tag","embeddable":true,"href":"https:\/\/soydeaqui.ddns.net\/pachuca\/index.php\/wp-json\/wp\/v2\/product_tag?post=108752"}],"curies":[{"name":"wp","href":"https:\/\/api.w.org\/{rel}","templated":true}]}}