{"id":108746,"date":"2026-03-20T18:19:08","date_gmt":"2026-03-20T18:19:08","guid":{"rendered":"https:\/\/soydeaqui.ddns.net\/pachuca\/index.php\/producto\/fuente-de-poder-profesional-heavy-duty-de-11-15-vcc-20-amper-para-16-camaras-con-voltaje-de-entrada-de-110-220-vca\/"},"modified":"2026-03-20T18:19:14","modified_gmt":"2026-03-20T18:19:14","slug":"fuente-de-poder-profesional-heavy-duty-de-11-15-vcc-20-amper-para-16-camaras-con-voltaje-de-entrada-de-110-220-vca","status":"publish","type":"product","link":"https:\/\/soydeaqui.ddns.net\/pachuca\/index.php\/producto\/fuente-de-poder-profesional-heavy-duty-de-11-15-vcc-20-amper-para-16-camaras-con-voltaje-de-entrada-de-110-220-vca\/","title":{"rendered":"Fuente de poder profesional HEAVY DUTY de 11 &#8211; 15 Vcc @ 20 Amper, para 16 c\u00e1maras, con voltaje de entrada de: 110-220 Vca"},"content":{"rendered":"<div style='width: 100%; max-width: 1200px; margin: 0 auto; font-family: sans-serif; line-height: 1.6; color: inherit;'>\n<div style='display: flex; flex-wrap: wrap; gap: 30px; margin-bottom: 30px;'>\n<div style='flex: 1 1 300px; min-width: 280px;'>\n<h3 style='font-size: 22px; border-bottom: 2px solid currentColor; padding-bottom: 5px; margin-top: 0; color: inherit; opacity: 0.8;'>Salida de poder filtrada para evitar ruido y protegidas contra sobre-tensiones.<\/h3>\n<h3 style='font-size: 22px; border-bottom: 2px solid currentColor; padding-bottom: 5px; margin-top: 0; color: inherit; opacity: 0.8;'>Caracter\u00edsticas:<\/h3>\n<ul style='padding-left: 20px; font-size: 15px; color: inherit;'>\n<li style='margin-bottom: 5px;'>Fuente de f\u00e1cil instalaci\u00f3n.<\/li>\n<li style='margin-bottom: 5px;'>Protecci\u00f3n contra cortocircuito&comma; sobre corriente y sobre voltaje.<\/li>\n<li style='margin-bottom: 5px;'>Sistema de enfriamiento por convenci\u00f3n del aire.<\/li>\n<li style='margin-bottom: 5px;'>Leds indicadores externos por cada salida de canal.<\/li>\n<li style='margin-bottom: 5px;'>Filtro inter-construido contra interferencia electromagn\u00e9tica EMI.<\/li>\n<\/ul><\/div>\n<\/p><\/div>\n<div style='display: flex; flex-wrap: wrap; gap: 20px; margin-bottom: 30px;'>\n<div style='flex: 1 1 250px; border: 1px solid rgba(150&comma; 150&comma; 150&comma; 0.4); border-radius: 8px; overflow: hidden; display: flex; flex-direction: column;'>\n<div style='padding: 15px; border-bottom: 1px solid rgba(150&comma; 150&comma; 150&comma; 0.2); font-weight: bold; font-size: 18px; color: inherit;'>Protecci\u00f3n<\/div>\n<div style='padding: 15px; color: inherit;'>\n<ul style='padding-left: 20px; margin: 0; font-size: 14px; list-style-type: disc;'>\n<li style='margin-bottom: 5px;'>Protecci\u00f3n contra sobre corriente : 105 ~ 150% (En tensi\u00f3n nominal de salida)<\/li>\n<li style='margin-bottom: 5px;'>Protecci\u00f3n contra sobre voltaje : 1.5 veces (En tensi\u00f3n nominal de salida)<\/li>\n<li style='margin-bottom: 5px;'>Protecci\u00f3n contra cortocircuito : corta el voltaje de salida&comma; con restablecimiento autom\u00e1tico.<\/li>\n<\/ul><\/div>\n<\/p><\/div>\n<div style='flex: 1 1 250px; border: 1px solid rgba(150&comma; 150&comma; 150&comma; 0.4); border-radius: 8px; overflow: hidden; display: flex; flex-direction: column;'>\n<div style='padding: 15px; border-bottom: 1px solid rgba(150&comma; 150&comma; 150&comma; 0.2); font-weight: bold; font-size: 18px; color: inherit;'>Especificaciones f\u00edsicas y el\u00e9ctricas<\/div>\n<div style='padding: 15px; color: inherit;'>\n<ul style='padding-left: 20px; margin: 0; font-size: 14px; list-style-type: disc;'>\n<li style='margin-bottom: 5px;'>Aprobaciones: IEC\/EN\/UL\/CSA&comma; 60950 GB4943<\/li>\n<li style='margin-bottom: 5px;'>Entrada de voltaje: 110 ~ 220 Vca<\/li>\n<li style='margin-bottom: 5px;'><strong>Salida de voltaje : 11.5 ~ 15Vcc. (ajustable)<\/strong><\/li>\n<li style='margin-bottom: 5px;'><strong>Salida de corriente : 20 A<\/strong><\/li>\n<li style='margin-bottom: 5px;'>Tablilla de distribuci\u00f3n: 1 para conexi\u00f3n de 16 c\u00e1maras.<\/li>\n<li style='margin-bottom: 5px;'>Dimensiones : 265 x 255 x 80 mm<\/li>\n<li style='margin-bottom: 5px;'>Temperatura de operaci\u00f3n: -10 \u00b0C ~ 50 \u00b0C<\/li>\n<li style='margin-bottom: 5px;'>Peso : 2.450 Kg<\/li>\n<\/ul><\/div>\n<\/p><\/div>\n<div style='flex: 1 1 250px; border: 1px solid rgba(150&comma; 150&comma; 150&comma; 0.4); border-radius: 8px; overflow: hidden; display: flex; flex-direction: column;'>\n<div style='padding: 15px; border-bottom: 1px solid rgba(150&comma; 150&comma; 150&comma; 0.2); font-weight: bold; font-size: 18px; color: inherit;'>Garant\u00eda<\/div>\n<div style='padding: 15px; color: inherit;'>\n<p style='margin: 0; font-size: 14px;'><strong>Garant\u00eda: 1 a\u00f1o.<\/strong><\/p>\n<\/p><\/div>\n<\/p><\/div>\n<\/p><\/div>\n<hr style='border: 0; border-top: 1px solid rgba(150&comma; 150&comma; 150&comma; 0.3); margin: 30px 0;'> <\/div>\n","protected":false},"excerpt":{"rendered":"<p>Fuente de poder profesional HEAVY DUTY de 11 &#8211; 15 Vcc @ 20 Amper, para 16 c\u00e1maras, con voltaje de entrada de: 110-220 Vca<\/p>\n","protected":false},"featured_media":108745,"comment_status":"open","ping_status":"closed","template":"","meta":[],"product_brand":[],"product_cat":[1103],"product_tag":[142,454,457],"class_list":{"0":"post-108746","1":"product","2":"type-product","3":"status-publish","4":"has-post-thumbnail","6":"product_cat-fuentes-de-alimentacion-energia-videovigilancia","7":"product_tag-energia","8":"product_tag-epcom-powerline","9":"product_tag-fuentes-de-alimentacion","11":"first","12":"outofstock","13":"sale","14":"shipping-taxable","15":"purchasable","16":"product-type-simple"},"_links":{"self":[{"href":"https:\/\/soydeaqui.ddns.net\/pachuca\/index.php\/wp-json\/wp\/v2\/product\/108746","targetHints":{"allow":["GET"]}}],"collection":[{"href":"https:\/\/soydeaqui.ddns.net\/pachuca\/index.php\/wp-json\/wp\/v2\/product"}],"about":[{"href":"https:\/\/soydeaqui.ddns.net\/pachuca\/index.php\/wp-json\/wp\/v2\/types\/product"}],"replies":[{"embeddable":true,"href":"https:\/\/soydeaqui.ddns.net\/pachuca\/index.php\/wp-json\/wp\/v2\/comments?post=108746"}],"wp:featuredmedia":[{"embeddable":true,"href":"https:\/\/soydeaqui.ddns.net\/pachuca\/index.php\/wp-json\/wp\/v2\/media\/108745"}],"wp:attachment":[{"href":"https:\/\/soydeaqui.ddns.net\/pachuca\/index.php\/wp-json\/wp\/v2\/media?parent=108746"}],"wp:term":[{"taxonomy":"product_brand","embeddable":true,"href":"https:\/\/soydeaqui.ddns.net\/pachuca\/index.php\/wp-json\/wp\/v2\/product_brand?post=108746"},{"taxonomy":"product_cat","embeddable":true,"href":"https:\/\/soydeaqui.ddns.net\/pachuca\/index.php\/wp-json\/wp\/v2\/product_cat?post=108746"},{"taxonomy":"product_tag","embeddable":true,"href":"https:\/\/soydeaqui.ddns.net\/pachuca\/index.php\/wp-json\/wp\/v2\/product_tag?post=108746"}],"curies":[{"name":"wp","href":"https:\/\/api.w.org\/{rel}","templated":true}]}}