{"id":108729,"date":"2026-03-20T18:18:10","date_gmt":"2026-03-20T18:18:10","guid":{"rendered":"https:\/\/soydeaqui.ddns.net\/pachuca\/index.php\/producto\/monitor-retro-iluminacion-w-led-de-23-8-resolucion-1920-x-1080-pixeles-con-entradas-de-video-vga-hdmi-panel-ips\/"},"modified":"2026-03-20T18:18:16","modified_gmt":"2026-03-20T18:18:16","slug":"monitor-retro-iluminacion-w-led-de-23-8-resolucion-1920-x-1080-pixeles-con-entradas-de-video-vga-hdmi-panel-ips","status":"publish","type":"product","link":"https:\/\/soydeaqui.ddns.net\/pachuca\/index.php\/producto\/monitor-retro-iluminacion-w-led-de-23-8-resolucion-1920-x-1080-pixeles-con-entradas-de-video-vga-hdmi-panel-ips\/","title":{"rendered":"Monitor Retro-iluminaci\u00f3n W-LED de 23.8&#8243;, Resoluci\u00f3n 1920 x 1080 Pixeles con Entradas de Video VGA\/HDMI. Panel IPS"},"content":{"rendered":"<div style='width: 100%; max-width: 1200px; margin: 0 auto; font-family: sans-serif; line-height: 1.6; color: inherit; background-color: transparent;'>\n<div style='display: flex; flex-wrap: wrap; gap: 30px; margin-bottom: 30px;'>\n<div style='flex: 1 1 300px; min-width: 280px;'>\n<h3 style='font-size: 22px; border-bottom: 2px solid currentColor; padding-bottom: 5px; margin-top: 0; color: inherit; opacity: 0.8;'>Caracter\u00edsticas principales<\/h3>\n<ul style='padding-left: 20px; font-size: 15px; color: inherit;'>\n<li style='margin-bottom: 5px;'>Panel LCD IPS&comma; Retroiluminaci\u00f3n W-LED<\/li>\n<li style='margin-bottom: 5px;'>Tama\u00f1o 23.8&#8242;<\/li>\n<li style='margin-bottom: 5px;'>Relaci\u00f3n de aspecto 16:9<\/li>\n<li style='margin-bottom: 5px;'>Brillo t\u00edpico 250 cd\/m\u00b2<\/li>\n<li style='margin-bottom: 5px;'>Relaci\u00f3n de contraste DCR 20&comma;000&comma;000:1<\/li>\n<li style='margin-bottom: 5px;'>Resoluci\u00f3n 1920 x 1080 pix.<\/li>\n<li style='margin-bottom: 5px;'>Soporte de colores 16.7 M<\/li>\n<\/ul><\/div>\n<div style='flex: 1 1 300px; min-width: 280px;'>\n<h3 style='font-size: 22px; border-bottom: 2px solid currentColor; padding-bottom: 5px; margin-top: 0; color: inherit; opacity: 0.8;'>Caracter\u00edsticas generales<\/h3>\n<ul style='padding-left: 20px; font-size: 15px; color: inherit;'>\n<li style='margin-bottom: 5px;'>\u00c1ngulo de visualizaci\u00f3n horizontal 178\u00ba<\/li>\n<li style='margin-bottom: 5px;'>\u00c1ngulo de visualizaci\u00f3n vertical 178\u00ba<\/li>\n<li style='margin-bottom: 5px;'>Entradas de Video HDMI \/ VGA<\/li>\n<li style='margin-bottom: 5px;'>Color Negro<\/li>\n<li style='margin-bottom: 5px;'>Montaje de escritorio incluido&comma; no VESA<\/li>\n<\/ul><\/div>\n<div style='flex: 1 1 300px; min-width: 280px;'>\n<h3 style='font-size: 22px; border-bottom: 2px solid currentColor; padding-bottom: 5px; margin-top: 0; color: inherit; opacity: 0.8;'>Caracter\u00edsticas f\u00edsicas y el\u00e9ctricas<\/h3>\n<ul style='padding-left: 20px; font-size: 15px; color: inherit;'>\n<li style='margin-bottom: 5px;'>Temperatura de operaci\u00f3n: 0 a 40 \u00b0C<\/li>\n<li style='margin-bottom: 5px;'>Alimentaci\u00f3n: 19 Vcc \/ 28W.<\/li>\n<li style='margin-bottom: 5px;'>Dimensiones 540.1 x 419.8 x 186.8 mm.<\/li>\n<li style='margin-bottom: 5px;'>Peso: 2.48 Kg.<\/li>\n<\/ul><\/div>\n<\/p><\/div>\n<hr style='border: 0; border-top: 1px solid rgba(150&comma; 150&comma; 150&comma; 0.3); margin: 30px 0;'> <\/div>\n","protected":false},"excerpt":{"rendered":"<p>Monitor Retro-iluminaci\u00f3n W-LED de 23.8&#8243;, Resoluci\u00f3n 1920 x 1080 Pixeles con Entradas de Video VGA\/HDMI. Panel IPS<\/p>\n","protected":false},"featured_media":108728,"comment_status":"open","ping_status":"closed","template":"","meta":[],"product_brand":[],"product_cat":[2191],"product_tag":[2314,2089,2192],"class_list":{"0":"post-108729","1":"product","2":"type-product","3":"status-publish","4":"has-post-thumbnail","6":"product_cat-pantallas-monitores-monitores-pantallas-y-mobiliario","7":"product_tag-aoc","8":"product_tag-monitores-pantallas-y-mobiliario","9":"product_tag-pantallas-monitores-2","11":"first","12":"outofstock","13":"sale","14":"shipping-taxable","15":"purchasable","16":"product-type-simple"},"_links":{"self":[{"href":"https:\/\/soydeaqui.ddns.net\/pachuca\/index.php\/wp-json\/wp\/v2\/product\/108729","targetHints":{"allow":["GET"]}}],"collection":[{"href":"https:\/\/soydeaqui.ddns.net\/pachuca\/index.php\/wp-json\/wp\/v2\/product"}],"about":[{"href":"https:\/\/soydeaqui.ddns.net\/pachuca\/index.php\/wp-json\/wp\/v2\/types\/product"}],"replies":[{"embeddable":true,"href":"https:\/\/soydeaqui.ddns.net\/pachuca\/index.php\/wp-json\/wp\/v2\/comments?post=108729"}],"wp:featuredmedia":[{"embeddable":true,"href":"https:\/\/soydeaqui.ddns.net\/pachuca\/index.php\/wp-json\/wp\/v2\/media\/108728"}],"wp:attachment":[{"href":"https:\/\/soydeaqui.ddns.net\/pachuca\/index.php\/wp-json\/wp\/v2\/media?parent=108729"}],"wp:term":[{"taxonomy":"product_brand","embeddable":true,"href":"https:\/\/soydeaqui.ddns.net\/pachuca\/index.php\/wp-json\/wp\/v2\/product_brand?post=108729"},{"taxonomy":"product_cat","embeddable":true,"href":"https:\/\/soydeaqui.ddns.net\/pachuca\/index.php\/wp-json\/wp\/v2\/product_cat?post=108729"},{"taxonomy":"product_tag","embeddable":true,"href":"https:\/\/soydeaqui.ddns.net\/pachuca\/index.php\/wp-json\/wp\/v2\/product_tag?post=108729"}],"curies":[{"name":"wp","href":"https:\/\/api.w.org\/{rel}","templated":true}]}}