{"id":108678,"date":"2026-03-20T18:15:20","date_gmt":"2026-03-20T18:15:20","guid":{"rendered":"https:\/\/soydeaqui.ddns.net\/pachuca\/index.php\/producto\/speak-810-altavoz-con-microfono-integrado-para-instalacion-fija-ideal-para-salas-de-juntas-capacidad-de-hasta-15-personas7810-209\/"},"modified":"2026-03-20T18:15:32","modified_gmt":"2026-03-20T18:15:32","slug":"speak-810-altavoz-con-microfono-integrado-para-instalacion-fija-ideal-para-salas-de-juntas-capacidad-de-hasta-15-personas7810-209","status":"publish","type":"product","link":"https:\/\/soydeaqui.ddns.net\/pachuca\/index.php\/producto\/speak-810-altavoz-con-microfono-integrado-para-instalacion-fija-ideal-para-salas-de-juntas-capacidad-de-hasta-15-personas7810-209\/","title":{"rendered":"Speak 810, Altavoz con micr\u00f3fono integrado, para instalaci\u00f3n fija, ideal para salas de juntas, capacidad de hasta 15 personas(7810-209)"},"content":{"rendered":"<div style='width: 100%; max-width: 1200px; margin: 0 auto; font-family: sans-serif; line-height: 1.6; color: inherit; background-color: transparent;'>\n<p style='font-size: 15px; margin-bottom: 20px;'>Altavoz profesional fijo para salas de conferencias con sonido n\u00edtido y conectividad plug and play.<\/p>\n<div style='display: flex; flex-wrap: wrap; gap: 30px; margin-bottom: 30px;'>\n<div style='flex: 1 1 300px; min-width: 280px;'>\n<h3 style='font-size: 22px; border-bottom: 2px solid currentColor; padding-bottom: 5px; margin-top: 0; color: inherit; opacity: 0.8;'>Caracter\u00edsticas destacadas<\/h3>\n<ul style='padding-left: 20px; font-size: 15px; color: inherit;'>\n<li style='margin-bottom: 15px;'><strong style='font-size: 18px; display: block; margin-bottom: 5px;'>Bluetooth Clase 1<\/strong><span>Bluetooth\u00ae para conectarlo f\u00e1cilmente a m\u00f3viles y tabletas. Alcance de hasta 30 m en dispositivos de clase 1.<\/span><\/li>\n<li style='margin-bottom: 15px;'><strong style='font-size: 18px; display: block; margin-bottom: 5px;'>Con\u00e9ctelo a un smartphone\/tableta con una clavija de 3&comma;5 mm<\/strong><span>Enchufe el cable con clavija de 3&comma;5 mm al puerto de auriculares de su m\u00f3vil.<\/span><\/li>\n<li style='margin-bottom: 15px;'><strong style='font-size: 18px; display: block; margin-bottom: 5px;'>Tecnolog\u00eda DSP (procesamiento digital de se\u00f1ales)<\/strong><span>Sonido perfectamente n\u00edtido sin eco o distorsi\u00f3n&comma; incluso a un volumen m\u00e1ximo.<\/span><\/li>\n<li style='margin-bottom: 15px;'><strong style='font-size: 18px; display: block; margin-bottom: 5px;'>Una compatibilidad total con sistemas UC y clientes VoIP<\/strong><span>Integraci\u00f3n impecable y control de llamadas con los principales sistemas UC y softphones de PC&comma; como Microsoft Skype empresarial&comma; IBM Sametime&comma; Cisco&comma; Avaya y Skype.<\/span><\/li>\n<li style='margin-bottom: 15px;'><strong style='font-size: 18px; display: block; margin-bottom: 5px;'>Puerto de carga USB<\/strong><span>Recargue su smartphone o tableta durante su presentaci\u00f3n.<\/span><\/li>\n<li style='margin-bottom: 15px;'><strong style='font-size: 18px; display: block; margin-bottom: 5px;'>Micr\u00f3fonos ZoomTalk<\/strong><span>Micr\u00f3fonos direccionales inteligentes que se centran en la voz humana y no en los ruidos.<\/span><\/li>\n<\/ul><\/div>\n<\/p><\/div>\n<\/p><\/div>\n","protected":false},"excerpt":{"rendered":"<p>Speak 810, Altavoz con micr\u00f3fono integrado, para instalaci\u00f3n fija, ideal para salas de juntas, capacidad de hasta 15 personas(7810-209)<\/p>\n","protected":false},"featured_media":108677,"comment_status":"open","ping_status":"closed","template":"","meta":[],"product_brand":[],"product_cat":[2048],"product_tag":[2049,2052,2004],"class_list":{"0":"post-108678","1":"product","2":"type-product","3":"status-publish","4":"has-post-thumbnail","6":"product_cat-audio-video-conferencia","7":"product_tag-audio-video-conferencia","8":"product_tag-jabra","9":"product_tag-voip-telefonia-ip-videoconferencia","11":"first","12":"outofstock","13":"sale","14":"shipping-taxable","15":"purchasable","16":"product-type-simple"},"_links":{"self":[{"href":"https:\/\/soydeaqui.ddns.net\/pachuca\/index.php\/wp-json\/wp\/v2\/product\/108678","targetHints":{"allow":["GET"]}}],"collection":[{"href":"https:\/\/soydeaqui.ddns.net\/pachuca\/index.php\/wp-json\/wp\/v2\/product"}],"about":[{"href":"https:\/\/soydeaqui.ddns.net\/pachuca\/index.php\/wp-json\/wp\/v2\/types\/product"}],"replies":[{"embeddable":true,"href":"https:\/\/soydeaqui.ddns.net\/pachuca\/index.php\/wp-json\/wp\/v2\/comments?post=108678"}],"wp:featuredmedia":[{"embeddable":true,"href":"https:\/\/soydeaqui.ddns.net\/pachuca\/index.php\/wp-json\/wp\/v2\/media\/108677"}],"wp:attachment":[{"href":"https:\/\/soydeaqui.ddns.net\/pachuca\/index.php\/wp-json\/wp\/v2\/media?parent=108678"}],"wp:term":[{"taxonomy":"product_brand","embeddable":true,"href":"https:\/\/soydeaqui.ddns.net\/pachuca\/index.php\/wp-json\/wp\/v2\/product_brand?post=108678"},{"taxonomy":"product_cat","embeddable":true,"href":"https:\/\/soydeaqui.ddns.net\/pachuca\/index.php\/wp-json\/wp\/v2\/product_cat?post=108678"},{"taxonomy":"product_tag","embeddable":true,"href":"https:\/\/soydeaqui.ddns.net\/pachuca\/index.php\/wp-json\/wp\/v2\/product_tag?post=108678"}],"curies":[{"name":"wp","href":"https:\/\/api.w.org\/{rel}","templated":true}]}}