{"id":108672,"date":"2026-03-20T18:14:54","date_gmt":"2026-03-20T18:14:54","guid":{"rendered":"https:\/\/soydeaqui.ddns.net\/pachuca\/index.php\/producto\/intercomunicador-ip-2-lineas-sip-2-relevadores-con-2-botones-para-llamada-anti-vandalico-ip65-e-ik10-poe-2\/"},"modified":"2026-03-20T18:15:14","modified_gmt":"2026-03-20T18:15:14","slug":"intercomunicador-ip-2-lineas-sip-2-relevadores-con-2-botones-para-llamada-anti-vandalico-ip65-e-ik10-poe-2","status":"publish","type":"product","link":"https:\/\/soydeaqui.ddns.net\/pachuca\/index.php\/producto\/intercomunicador-ip-2-lineas-sip-2-relevadores-con-2-botones-para-llamada-anti-vandalico-ip65-e-ik10-poe-2\/","title":{"rendered":"Intercomunicador IP, 2 l\u00edneas SIP, 2 relevadores con 2 bot\u00f3nes para llamada, anti-vand\u00e1lico, IP65 e IK10, PoE"},"content":{"rendered":"<div style='width: 100%; max-width: 1200px; margin: 0 auto; font-family: sans-serif; line-height: 1.6; color: inherit; background-color: transparent;'>\n<div style='display: flex; flex-wrap: wrap; gap: 30px; margin-bottom: 30px;'>\n<div style='flex: 1 1 300px; min-width: 280px;'>\n<h3 style='font-size: 22px; border-bottom: 2px solid currentColor; padding-bottom: 5px; margin-top: 0; color: inherit; opacity: 0.8;'>Caracter\u00edsticas del producto<\/h3>\n<p style='font-size: 15px; color: inherit; text-align: justify;'> Fanvil i12 es un intercomunicador de voz SIP desarrollado especialmente para las necesidades de los usuarios de la industria. El flujo de medios de transmisi\u00f3n adopta el protocolo est\u00e1ndar IP \/ RTP \/ RTSP. Ha heredado las ventajas de estabilidad y calidad de sonido de nivel de operador del tel\u00e9fono azimut. Su parte principal adopta una soluci\u00f3n VoIP madura y su rendimiento es estable y confiable. Los botones se sienten c\u00f3modos&comma; f\u00e1ciles de instalar&comma; de apariencia robusta&comma; duraderos y bajo consumo de energ\u00eda. La serie i12 de intercom&#8217;s SIP puede ser f\u00e1cilmente configurada en varias aplicaciones y escenarios como bancos&comma; escuelas&comma; miner\u00eda&comma; ciudades&comma; etc. <\/p>\n<\/p><\/div>\n<\/p><\/div>\n<div style='display: flex; flex-wrap: wrap; gap: 20px; margin-bottom: 30px;'>\n<div style='flex: 1 1 250px; border: 1px solid rgba(150&comma; 150&comma; 150&comma; 0.4); border-radius: 8px; overflow: hidden; display: flex; flex-direction: column;'>\n<div style='padding: 15px; border-bottom: 1px solid rgba(150&comma; 150&comma; 150&comma; 0.2); font-weight: bold; font-size: 18px; color: inherit;'>Caracter\u00edsticas principales<\/div>\n<div style='padding: 15px; color: inherit;'>\n<ul style='padding-left: 20px; margin: 0; font-size: 14px; list-style-type: disc;'>\n<li style='margin-bottom: 5px;'>2 L\u00edneas SIP<\/li>\n<li style='margin-bottom: 5px;'>Alimentaci\u00f3n v\u00eda PoE<\/li>\n<li style='margin-bottom: 5px;'>2 relevadores de salida a 12V DC<\/li>\n<li style='margin-bottom: 5px;'>2 Botones DSS (Speed Dial\/intercom&comma; etc)<\/li>\n<li style='margin-bottom: 5px;'>Alimentaci\u00f3n con fuente de poder externa (fuente no incluida)<\/li>\n<li style='margin-bottom: 5px;'>Montaje sobre muro<\/li>\n<li style='margin-bottom: 5px;'>Audio HD<\/li>\n<li style='margin-bottom: 5px;'>Reducci\u00f3n de ruido de fondo<\/li>\n<li style='margin-bottom: 5px;'>Sistema de seguridad inteligente<\/li>\n<li style='margin-bottom: 5px;'>Compatible con las principales plataformas: Grandstream UCM62XX&comma; UCM63XX&comma; Asterisk&comma; Broadsoft&comma; 3CX&comma; Elastix&comma; Avaya etc.<\/li>\n<li style='margin-bottom: 5px;'>Funcionalidad Peer to Peer<\/li>\n<li style='margin-bottom: 5px;'><strong>1 A\u00f1o de garant\u00eda<\/strong><\/li>\n<\/ul><\/div>\n<\/p><\/div>\n<div style='flex: 1 1 250px; border: 1px solid rgba(150&comma; 150&comma; 150&comma; 0.4); border-radius: 8px; overflow: hidden; display: flex; flex-direction: column;'>\n<div style='padding: 15px; border-bottom: 1px solid rgba(150&comma; 150&comma; 150&comma; 0.2); font-weight: bold; font-size: 18px; color: inherit;'>Caracter\u00edsticas f\u00edsicas y el\u00e9ctricas<\/div>\n<div style='padding: 15px; color: inherit;'>\n<ul style='padding-left: 20px; margin: 0; font-size: 14px; list-style-type: disc;'>\n<li style='margin-bottom: 5px;'>Fuente de alimentaci\u00f3n: 9-16Vcc&comma; 1.0A o PoE 802.3af<\/li>\n<li style='margin-bottom: 5px;'>Material de carcasa: cubierta de aluminio Cast-Aluminum<\/li>\n<li style='margin-bottom: 5px;'>Nivel de protecci\u00f3n: IP65 e Ik10<\/li>\n<li style='margin-bottom: 5px;'>Temperatura de almacenamiento: -40 ~ 70<\/li>\n<li style='margin-bottom: 5px;'>Humedad para operaci\u00f3n: 10 ~ 90%<\/li>\n<li style='margin-bottom: 5px;'>Dimensiones generales: 195 x 120 x 39 mm (W x H x L)<\/li>\n<li style='margin-bottom: 5px;'>Peso del paquete: 0.85 Kg<\/li>\n<\/ul><\/div>\n<\/p><\/div>\n<div style='flex: 1 1 250px; border: 1px solid rgba(150&comma; 150&comma; 150&comma; 0.4); border-radius: 8px; overflow: hidden; display: flex; flex-direction: column;'>\n<div style='padding: 15px; border-bottom: 1px solid rgba(150&comma; 150&comma; 150&comma; 0.2); font-weight: bold; font-size: 18px; color: inherit;'>Caracter\u00edsticas de red<\/div>\n<div style='padding: 15px; color: inherit;'>\n<ul style='padding-left: 20px; margin: 0; font-size: 14px; list-style-type: disc;'>\n<li style='margin-bottom: 5px;'>Puerto Ethernet 10\/100 Mbps<\/li>\n<li style='margin-bottom: 5px;'>Configuraci\u00f3n IP: Est\u00e1tico \/ DHCP\/ PPPoE<\/li>\n<li style='margin-bottom: 5px;'>VPN: L2TP \/ OpenVPN<\/li>\n<li style='margin-bottom: 5px;'>VLAN<\/li>\n<li style='margin-bottom: 5px;'>QoS<\/li>\n<li style='margin-bottom: 5px;'>SIP2.0 over UDP\/TCP\/TLS<\/li>\n<li style='margin-bottom: 5px;'>RTP\/RTCP\/SRTP<\/li>\n<\/ul><\/div>\n<\/p><\/div>\n<\/p><\/div>\n<hr style='border: 0; border-top: 1px solid rgba(150&comma; 150&comma; 150&comma; 0.3); margin: 30px 0;'>\n<div style='display: flex; flex-direction: column; gap: 15px; margin-bottom: 30px;'>\n<div style='flex: 1 1 100%;'>\n<h3 style='font-size: 22px; border-bottom: 2px solid currentColor; padding-bottom: 5px; margin-top: 0; color: inherit; opacity: 0.8;'>Topolog\u00eda de conexi\u00f3n de bot\u00f3n de p\u00e1nico<\/h3>\n<p> <img style='width: 100%; height: auto; border: 1px solid rgba(150&comma;150&comma;150&comma;0.3); border-radius: 8px;' src='https:\/\/ftp3.syscom.mx\/usuarios\/esanchez\/FANVIL\/I12\/Captura%20de%20pantalla%202019-11-01%20a%20la%28s%29%2013.51.37.png' alt='Topolog\u00eda de conexi\u00f3n de bot\u00f3n de p\u00e1nico'> <\/div>\n<\/p><\/div>\n<\/p><\/div>\n","protected":false},"excerpt":{"rendered":"<p>Intercomunicador IP, 2 l\u00edneas SIP, 2 relevadores con 2 bot\u00f3nes para llamada, anti-vand\u00e1lico, IP65 e IK10, PoE<\/p>\n","protected":false},"featured_media":108671,"comment_status":"open","ping_status":"closed","template":"","meta":[],"product_brand":[],"product_cat":[907],"product_tag":[859,908,557],"class_list":{"0":"post-108672","1":"product","2":"type-product","3":"status-publish","4":"has-post-thumbnail","6":"product_cat-interfones","7":"product_tag-fanvil","8":"product_tag-interfones","9":"product_tag-videoporteros-e-interfonos","11":"first","12":"outofstock","13":"sale","14":"shipping-taxable","15":"purchasable","16":"product-type-simple"},"_links":{"self":[{"href":"https:\/\/soydeaqui.ddns.net\/pachuca\/index.php\/wp-json\/wp\/v2\/product\/108672","targetHints":{"allow":["GET"]}}],"collection":[{"href":"https:\/\/soydeaqui.ddns.net\/pachuca\/index.php\/wp-json\/wp\/v2\/product"}],"about":[{"href":"https:\/\/soydeaqui.ddns.net\/pachuca\/index.php\/wp-json\/wp\/v2\/types\/product"}],"replies":[{"embeddable":true,"href":"https:\/\/soydeaqui.ddns.net\/pachuca\/index.php\/wp-json\/wp\/v2\/comments?post=108672"}],"wp:featuredmedia":[{"embeddable":true,"href":"https:\/\/soydeaqui.ddns.net\/pachuca\/index.php\/wp-json\/wp\/v2\/media\/108671"}],"wp:attachment":[{"href":"https:\/\/soydeaqui.ddns.net\/pachuca\/index.php\/wp-json\/wp\/v2\/media?parent=108672"}],"wp:term":[{"taxonomy":"product_brand","embeddable":true,"href":"https:\/\/soydeaqui.ddns.net\/pachuca\/index.php\/wp-json\/wp\/v2\/product_brand?post=108672"},{"taxonomy":"product_cat","embeddable":true,"href":"https:\/\/soydeaqui.ddns.net\/pachuca\/index.php\/wp-json\/wp\/v2\/product_cat?post=108672"},{"taxonomy":"product_tag","embeddable":true,"href":"https:\/\/soydeaqui.ddns.net\/pachuca\/index.php\/wp-json\/wp\/v2\/product_tag?post=108672"}],"curies":[{"name":"wp","href":"https:\/\/api.w.org\/{rel}","templated":true}]}}