{"id":108659,"date":"2026-03-20T18:14:12","date_gmt":"2026-03-20T18:14:12","guid":{"rendered":"https:\/\/soydeaqui.ddns.net\/pachuca\/index.php\/producto\/pinza-hibrida-alta-palanca-para-corte-ponchado-pelacable-cortaperno\/"},"modified":"2026-03-20T18:14:28","modified_gmt":"2026-03-20T18:14:28","slug":"pinza-hibrida-alta-palanca-para-corte-ponchado-pelacable-cortaperno","status":"publish","type":"product","link":"https:\/\/soydeaqui.ddns.net\/pachuca\/index.php\/producto\/pinza-hibrida-alta-palanca-para-corte-ponchado-pelacable-cortaperno\/","title":{"rendered":"Pinza H\u00edbrida Alta Palanca para Corte\/ Ponchado\/ Pelacable\/ Cortaperno."},"content":{"rendered":"<div style='width: 100%; max-width: 1200px; margin: 0 auto; font-family: sans-serif; line-height: 1.6; color: inherit; background-color: transparent;'>\n<div style='margin-bottom: 30px;'>\n<h1 style='font-size: 28px; margin: 0 0 10px; color: inherit; border-bottom: 2px solid currentColor; padding-bottom: 8px; opacity: 0.9;'>Pinzas h\u00edbridas con ponchadora&comma; extractor de gu\u00eda jalacables y pelacables<\/h1>\n<h2 style='font-size: 20px; color: rgba(120&comma;120&comma;120&comma;0.8); margin: 0; font-weight: normal;'>J2159CRTP<\/h2>\n<\/p><\/div>\n<div style='margin-bottom: 30px;'>\n<h3 style='font-size: 20px; margin: 0 0 15px; color: inherit; border-bottom: 2px solid currentColor; padding-bottom: 5px; opacity: 0.8;'>Caracter\u00edsticas<\/h3>\n<ul style='padding-left: 20px; margin: 0; color: inherit;'>\n<li style='margin-bottom: 8px; font-size: 15px;'>Esta herramienta multiuso le ahorra tiempo y reduce la cantidad de herramientas<\/li>\n<li style='margin-bottom: 8px; font-size: 15px;'>Pela cable s\u00f3lido de 10-14 AWG y cable trenzado de 12-16 AWG<\/li>\n<li style='margin-bottom: 8px; font-size: 15px;'>Dise\u00f1o de alta palanca que proporciona un 34 % m\u00e1s de potencia de corte<\/li>\n<li style='margin-bottom: 8px; font-size: 15px;'>Cabeza moleteada ancha para sujetar y doblar alambres con facilidad<\/li>\n<li style='margin-bottom: 8px; font-size: 15px;'>Hechas en EE. UU.<\/li>\n<li style='margin-bottom: 8px; font-size: 15px;'>Corta pernos de 6-32 y 8-32<\/li>\n<li style='margin-bottom: 8px; font-size: 15px;'>Poncha conectores&comma; leng\u00fcetas y terminales sin aislamiento<\/li>\n<li style='margin-bottom: 8px; font-size: 15px;'>Cuchillas de gran tama\u00f1o&comma; templadas por inducci\u00f3n&comma; aptas para cortar alambres duros<\/li>\n<li style='margin-bottom: 8px; font-size: 15px;'>Agarres de doble material Journeyman que ofrecen m\u00e1s comodidad y duran m\u00e1s que otros mangos<\/li>\n<\/ul><\/div>\n<div style='margin-bottom: 30px;'>\n<p style='margin: 0 0 15px; font-size: 15px; color: inherit;'>\u00a1Pele&comma; corte&comma; doble&comma; cizalle y ponche con una sola herramienta! Con cuchillas templadas por inducci\u00f3n en toda su longitud y dise\u00f1o de alta palanca&comma; estas pinzas h\u00edbridas proporcionan una mayor potencia de corte de cables duros. Pela f\u00e1cilmente cable s\u00f3lido de 10-14 AWG y cable trenzado de 12-16 AWG.<\/p>\n<p style='margin: 0; font-size: 15px; color: inherit;'>La cabeza moleteada ancha sujeta y dobla cables con facilidad. Los pr\u00e1cticos agujeros para cortar pernos de 6-32 y 8-32 y una ponchadora para conectores&comma; leng\u00fcetas y terminales sin aislamiento la convierten en una herramienta imprescindible para su maleta.<\/p>\n<\/p><\/div>\n<h3 style='margin: 0 0 20px; font-size: 22px; color: inherit; border-bottom: 2px solid currentColor; padding-bottom: 5px; opacity: 0.8;'>Especificaciones<\/h3>\n<div style='display: grid; grid-template-columns: repeat(auto-fill&comma; minmax(300px&comma; 1fr)); gap: 20px; margin-bottom: 30px;'>\n<div style='border: 1px solid rgba(150&comma;150&comma;150&comma;0.4); border-radius: 8px; padding: 15px; background-color: rgba(120&comma;120&comma;120&comma;0.05);'>\n<h4 style='margin: 0 0 10px; font-size: 16px; color: inherit; opacity: 0.8;'>Tipo<\/h4>\n<p style='margin: 0; font-size: 15px; color: inherit;'>Pinzas h\u00edbridas de corte lateral y alta palanca para cortar&comma; ponchar y pelar cables<\/p>\n<\/p><\/div>\n<div style='border: 1px solid rgba(150&comma;150&comma;150&comma;0.4); border-radius: 8px; padding: 15px; background-color: rgba(120&comma;120&comma;120&comma;0.05);'>\n<h4 style='margin: 0 0 10px; font-size: 16px; color: inherit; opacity: 0.8;'>Aplicaci\u00f3n<\/h4>\n<p style='margin: 0; font-size: 15px; color: inherit;'>Pela (10-14 SLD)(12-16 STR)&comma; corta pernos de 6-32 y 8-32&comma; poncha conectores&comma; leng\u00fcetas y terminales sin aislamiento&comma; corta tornillos&comma; clavos y la mayor\u00eda de alambres altamente reforzados<\/p>\n<\/p><\/div>\n<div style='border: 1px solid rgba(150&comma;150&comma;150&comma;0.4); border-radius: 8px; padding: 15px; background-color: rgba(120&comma;120&comma;120&comma;0.05);'>\n<h4 style='margin: 0 0 10px; font-size: 16px; color: inherit; opacity: 0.8;'>Caracter\u00edsticas especiales<\/h4>\n<p style='margin: 0; font-size: 15px; color: inherit;'>Dise\u00f1o de alta palanca<\/p>\n<\/p><\/div>\n<div style='border: 1px solid rgba(150&comma;150&comma;150&comma;0.4); border-radius: 8px; padding: 15px; background-color: rgba(120&comma;120&comma;120&comma;0.05);'>\n<h4 style='margin: 0 0 10px; font-size: 16px; color: inherit; opacity: 0.8;'>Longitud total<\/h4>\n<p style='margin: 0; font-size: 15px; color: inherit;'>8&comma;232&#8221; (20&comma;9 cm)<\/p>\n<\/p><\/div>\n<div style='border: 1px solid rgba(150&comma;150&comma;150&comma;0.4); border-radius: 8px; padding: 15px; background-color: rgba(120&comma;120&comma;120&comma;0.05);'>\n<h4 style='margin: 0 0 10px; font-size: 16px; color: inherit; opacity: 0.8;'>Altura total<\/h4>\n<p style='margin: 0; font-size: 15px; color: inherit;'>0&comma;515&#8221; (1&comma;3 cm)<\/p>\n<\/p><\/div>\n<div style='border: 1px solid rgba(150&comma;150&comma;150&comma;0.4); border-radius: 8px; padding: 15px; background-color: rgba(120&comma;120&comma;120&comma;0.05);'>\n<h4 style='margin: 0 0 10px; font-size: 16px; color: inherit; opacity: 0.8;'>Ancho total<\/h4>\n<p style='margin: 0; font-size: 15px; color: inherit;'>3&comma;64&#8221; (9&comma;2 cm)<\/p>\n<\/p><\/div>\n<div style='border: 1px solid rgba(150&comma;150&comma;150&comma;0.4); border-radius: 8px; padding: 15px; background-color: rgba(120&comma;120&comma;120&comma;0.05);'>\n<h4 style='margin: 0 0 10px; font-size: 16px; color: inherit; opacity: 0.8;'>Longitud de la mordaza<\/h4>\n<p style='margin: 0; font-size: 15px; color: inherit;'>2&comma;04&#8221; (0 cm)<\/p>\n<\/p><\/div>\n<div style='border: 1px solid rgba(150&comma;150&comma;150&comma;0.4); border-radius: 8px; padding: 15px; background-color: rgba(120&comma;120&comma;120&comma;0.05);'>\n<h4 style='margin: 0 0 10px; font-size: 16px; color: inherit; opacity: 0.8;'>Ancho de la mordaza<\/h4>\n<p style='margin: 0; font-size: 15px; color: inherit;'>1&comma;083&#8221; (0 cm)<\/p>\n<\/p><\/div>\n<div style='border: 1px solid rgba(150&comma;150&comma;150&comma;0.4); border-radius: 8px; padding: 15px; background-color: rgba(120&comma;120&comma;120&comma;0.05);'>\n<h4 style='margin: 0 0 10px; font-size: 16px; color: inherit; opacity: 0.8;'>Grosor de la mordaza<\/h4>\n<p style='margin: 0; font-size: 15px; color: inherit;'>0&comma;5&#8221; (1&comma;3 cm)<\/p>\n<\/p><\/div>\n<div style='border: 1px solid rgba(150&comma;150&comma;150&comma;0.4); border-radius: 8px; padding: 15px; background-color: rgba(120&comma;120&comma;120&comma;0.05);'>\n<h4 style='margin: 0 0 10px; font-size: 16px; color: inherit; opacity: 0.8;'>Capacidad de la mordaza<\/h4>\n<p style='margin: 0; font-size: 15px; color: inherit;'>1&comma;5&#8221; (3&comma;8 cm)<\/p>\n<\/p><\/div>\n<div style='border: 1px solid rgba(150&comma;150&comma;150&comma;0.4); border-radius: 8px; padding: 15px; background-color: rgba(120&comma;120&comma;120&comma;0.05);'>\n<h4 style='margin: 0 0 10px; font-size: 16px; color: inherit; opacity: 0.8;'>Longitud de la cuchilla<\/h4>\n<p style='margin: 0; font-size: 15px; color: inherit;'>0&comma;73&#8221; (1&comma;9 cm)<\/p>\n<\/p><\/div>\n<div style='border: 1px solid rgba(150&comma;150&comma;150&comma;0.4); border-radius: 8px; padding: 15px; background-color: rgba(120&comma;120&comma;120&comma;0.05);'>\n<h4 style='margin: 0 0 10px; font-size: 16px; color: inherit; opacity: 0.8;'>Estilo de corte<\/h4>\n<p style='margin: 0; font-size: 15px; color: inherit;'>Corte lateral<\/p>\n<\/p><\/div>\n<div style='border: 1px solid rgba(150&comma;150&comma;150&comma;0.4); border-radius: 8px; padding: 15px; background-color: rgba(120&comma;120&comma;120&comma;0.05);'>\n<h4 style='margin: 0 0 10px; font-size: 16px; color: inherit; opacity: 0.8;'>Pela y corta cable s\u00f3lido (AWG)<\/h4>\n<p style='margin: 0; font-size: 15px; color: inherit;'>10-14<\/p>\n<\/p><\/div>\n<div style='border: 1px solid rgba(150&comma;150&comma;150&comma;0.4); border-radius: 8px; padding: 15px; background-color: rgba(120&comma;120&comma;120&comma;0.05);'>\n<h4 style='margin: 0 0 10px; font-size: 16px; color: inherit; opacity: 0.8;'>Pela y corta cable trenzado (AWG)<\/h4>\n<p style='margin: 0; font-size: 15px; color: inherit;'>12-16<\/p>\n<\/p><\/div>\n<div style='border: 1px solid rgba(150&comma;150&comma;150&comma;0.4); border-radius: 8px; padding: 15px; background-color: rgba(120&comma;120&comma;120&comma;0.05);'>\n<h4 style='margin: 0 0 10px; font-size: 16px; color: inherit; opacity: 0.8;'>Corte de tornillos<\/h4>\n<p style='margin: 0; font-size: 15px; color: inherit;'>6-32&comma; 8-32<\/p>\n<\/p><\/div>\n<div style='border: 1px solid rgba(150&comma;150&comma;150&comma;0.4); border-radius: 8px; padding: 15px; background-color: rgba(120&comma;120&comma;120&comma;0.05);'>\n<h4 style='margin: 0 0 10px; font-size: 16px; color: inherit; opacity: 0.8;'>Tipo de uni\u00f3n<\/h4>\n<p style='margin: 0; font-size: 15px; color: inherit;'>Remachada en caliente<\/p>\n<\/p><\/div>\n<div style='border: 1px solid rgba(150&comma;150&comma;150&comma;0.4); border-radius: 8px; padding: 15px; background-color: rgba(120&comma;120&comma;120&comma;0.05);'>\n<h4 style='margin: 0 0 10px; font-size: 16px; color: inherit; opacity: 0.8;'>Color del mango<\/h4>\n<p style='margin: 0; font-size: 15px; color: inherit;'>Gris\/negro<\/p>\n<\/p><\/div>\n<div style='border: 1px solid rgba(150&comma;150&comma;150&comma;0.4); border-radius: 8px; padding: 15px; background-color: rgba(120&comma;120&comma;120&comma;0.05);'>\n<h4 style='margin: 0 0 10px; font-size: 16px; color: inherit; opacity: 0.8;'>Acabado del mango<\/h4>\n<p style='margin: 0; font-size: 15px; color: inherit;'>Doble material Journeyman\u2122<\/p>\n<\/p><\/div>\n<div style='border: 1px solid rgba(150&comma;150&comma;150&comma;0.4); border-radius: 8px; padding: 15px; background-color: rgba(120&comma;120&comma;120&comma;0.05);'>\n<h4 style='margin: 0 0 10px; font-size: 16px; color: inherit; opacity: 0.8;'>Longitud del mango<\/h4>\n<p style='margin: 0; font-size: 15px; color: inherit;'>5&comma;75&#8221; (14&comma;6 cm)<\/p>\n<\/p><\/div>\n<div style='border: 1px solid rgba(150&comma;150&comma;150&comma;0.4); border-radius: 8px; padding: 15px; background-color: rgba(120&comma;120&comma;120&comma;0.05);'>\n<h4 style='margin: 0 0 10px; font-size: 16px; color: inherit; opacity: 0.8;'>Aislada<\/h4>\n<p style='margin: 0; font-size: 15px; color: inherit;'>n.\u00ba<\/p>\n<\/p><\/div>\n<div style='border: 1px solid rgba(150&comma;150&comma;150&comma;0.4); border-radius: 8px; padding: 15px; background-color: rgba(120&comma;120&comma;120&comma;0.05);'>\n<h4 style='margin: 0 0 10px; font-size: 16px; color: inherit; opacity: 0.8;'>Apta para enganchar una cuerda<\/h4>\n<p style='margin: 0; font-size: 15px; color: inherit;'>n.\u00ba<\/p>\n<\/p><\/div>\n<div style='border: 1px solid rgba(150&comma;150&comma;150&comma;0.4); border-radius: 8px; padding: 15px; background-color: rgba(120&comma;120&comma;120&comma;0.05);'>\n<h4 style='margin: 0 0 10px; font-size: 16px; color: inherit; opacity: 0.8;'>Peso<\/h4>\n<p style='margin: 0; font-size: 15px; color: inherit;'>12 oz (340 g)<\/p>\n<\/p><\/div>\n<div style='border: 1px solid rgba(150&comma;150&comma;150&comma;0.4); border-radius: 8px; padding: 15px; background-color: rgba(120&comma;120&comma;120&comma;0.05);'>\n<h4 style='margin: 0 0 10px; font-size: 16px; color: inherit; opacity: 0.8;'>UPC<\/h4>\n<p style='margin: 0; font-size: 15px; color: inherit;'>092644702587<\/p>\n<\/p><\/div>\n<\/p><\/div>\n<hr style='border: 0; border-top: 1px solid rgba(150&comma;150&comma;150&comma;0.3); margin: 30px 0;'> <\/div>\n","protected":false},"excerpt":{"rendered":"<p>Pinza H\u00edbrida Alta Palanca para Corte\/ Ponchado\/ Pelacable\/ Cortaperno.<\/p>\n","protected":false},"featured_media":108658,"comment_status":"open","ping_status":"closed","template":"","meta":[],"product_brand":[],"product_cat":[1138],"product_tag":[1058,1139,432],"class_list":{"0":"post-108659","1":"product","2":"type-product","3":"status-publish","4":"has-post-thumbnail","6":"product_cat-herramientas-mecanicas","7":"product_tag-ferreteria","8":"product_tag-herramientas-mecanicas","9":"product_tag-klein-tools","11":"first","12":"outofstock","13":"sale","14":"shipping-taxable","15":"purchasable","16":"product-type-simple"},"_links":{"self":[{"href":"https:\/\/soydeaqui.ddns.net\/pachuca\/index.php\/wp-json\/wp\/v2\/product\/108659","targetHints":{"allow":["GET"]}}],"collection":[{"href":"https:\/\/soydeaqui.ddns.net\/pachuca\/index.php\/wp-json\/wp\/v2\/product"}],"about":[{"href":"https:\/\/soydeaqui.ddns.net\/pachuca\/index.php\/wp-json\/wp\/v2\/types\/product"}],"replies":[{"embeddable":true,"href":"https:\/\/soydeaqui.ddns.net\/pachuca\/index.php\/wp-json\/wp\/v2\/comments?post=108659"}],"wp:featuredmedia":[{"embeddable":true,"href":"https:\/\/soydeaqui.ddns.net\/pachuca\/index.php\/wp-json\/wp\/v2\/media\/108658"}],"wp:attachment":[{"href":"https:\/\/soydeaqui.ddns.net\/pachuca\/index.php\/wp-json\/wp\/v2\/media?parent=108659"}],"wp:term":[{"taxonomy":"product_brand","embeddable":true,"href":"https:\/\/soydeaqui.ddns.net\/pachuca\/index.php\/wp-json\/wp\/v2\/product_brand?post=108659"},{"taxonomy":"product_cat","embeddable":true,"href":"https:\/\/soydeaqui.ddns.net\/pachuca\/index.php\/wp-json\/wp\/v2\/product_cat?post=108659"},{"taxonomy":"product_tag","embeddable":true,"href":"https:\/\/soydeaqui.ddns.net\/pachuca\/index.php\/wp-json\/wp\/v2\/product_tag?post=108659"}],"curies":[{"name":"wp","href":"https:\/\/api.w.org\/{rel}","templated":true}]}}