{"id":108626,"date":"2026-03-20T18:12:20","date_gmt":"2026-03-20T18:12:20","guid":{"rendered":"https:\/\/soydeaqui.ddns.net\/pachuca\/index.php\/producto\/cortador-multicable-acsr-con-matraca\/"},"modified":"2026-03-20T18:12:48","modified_gmt":"2026-03-20T18:12:48","slug":"cortador-multicable-acsr-con-matraca","status":"publish","type":"product","link":"https:\/\/soydeaqui.ddns.net\/pachuca\/index.php\/producto\/cortador-multicable-acsr-con-matraca\/","title":{"rendered":"Cortador Multicable ACSR con Matraca"},"content":{"rendered":"<div style='width: 100%; max-width: 1200px; margin: 0 auto; font-family: sans-serif; line-height: 1.6; color: inherit; background-color: transparent;'> <!-- Secci\u00f3n de caracter\u00edsticas --> <\/p>\n<div style='display: flex; flex-wrap: wrap; gap: 30px; margin-bottom: 30px;'>\n<div style='flex: 1 1 300px; min-width: 280px;'>\n<h3 style='font-size: 22px; border-bottom: 2px solid currentColor; padding-bottom: 5px; margin-top: 0; color: inherit; opacity: 0.8;'>Caracter\u00edsticas<\/h3>\n<ul style='padding-left: 20px; font-size: 15px; color: inherit;'>\n<li style='margin-bottom: 5px;'><span style='font-family: verdana&comma; geneva&comma; sans-serif; font-size: 10pt;'>Corta cables ACSR multifilamento de hasta 477 MCM.<\/span><\/li>\n<li style='margin-bottom: 5px;'><span style='font-family: verdana&comma; geneva&comma; sans-serif; font-size: 10pt;'>Los insertos de corte se reemplazan f\u00e1cilmente extrayendo 3 tornillos por cuchilla.<\/span><\/li>\n<li style='margin-bottom: 5px;'><span style='font-family: verdana&comma; geneva&comma; sans-serif; font-size: 10pt;'>Capacidad: ACSR 477 MCM; trenzado de Cu-Al \u00d8 1-1\/4&#8221; (32 mm); Cu s\u00f3lido \u00d8 1&#8221; (25 mm); acero trenzado \u00d8 1\/2&#8221; (13 mm) (NO APTO PARA ACERO DE ALTA RESISTENCIA).<\/span><\/li>\n<li style='margin-bottom: 5px;'><span style='font-family: verdana&comma; geneva&comma; sans-serif; font-size: 10pt;'>Mecanismo de matraca de alta palanca para facilitar el corte.<\/span><\/li>\n<li style='margin-bottom: 5px;'><span style='font-family: verdana&comma; geneva&comma; sans-serif; font-size: 10pt;'>Se puede bloquear la herramienta si no se la utiliza.<\/span><\/li>\n<li style='margin-bottom: 5px;'><span style='font-family: verdana&comma; geneva&comma; sans-serif; font-size: 10pt;'>Mangos recubiertos en pl\u00e1stico con protecci\u00f3n para manos que brindan un agarre c\u00f3modo y firme.<\/span><\/li>\n<li style='margin-bottom: 5px;'><span style='font-family: verdana&comma; geneva&comma; sans-serif; font-size: 10pt;'>Esta herramienta con un largo de solo 14&#8221; (356 mm) se puede llevar en un portaherramientas.<\/span><\/li>\n<li style='margin-bottom: 5px;'><span style='font-family: verdana&comma; geneva&comma; sans-serif; font-size: 10pt;'>Insertos de corte de repuesto con tornillos (cat. n.\u00ba 63858) disponible.<\/span><\/li>\n<\/ul><\/div>\n<\/p><\/div>\n<p> <!-- Separador --> <\/p>\n<hr style='border: 0; border-top: 1px solid rgba(150&comma; 150&comma; 150&comma; 0.3); margin: 30px 0;'> <!-- Secci\u00f3n de especificaciones --> <\/p>\n<div style='display: flex; flex-wrap: wrap; gap: 30px; margin-bottom: 30px;'>\n<div style='flex: 1 1 300px; min-width: 280px;'>\n<h3 style='font-size: 22px; border-bottom: 2px solid currentColor; padding-bottom: 5px; margin-top: 0; color: inherit; opacity: 0.8;'>Especificaciones<\/h3>\n<ul style='padding-left: 20px; font-size: 15px; color: inherit;'>\n<li style='margin-bottom: 5px;'><strong>Capacidad m\u00e1xima con respecto a cables MCM (ACSR):<\/strong> 477 MCM<\/li>\n<li style='margin-bottom: 5px;'><strong>Capacidad m\u00e1xima con respecto a cables MCM (Aluminio):<\/strong> 1 1\/4&#8242; (31.75 mm)<\/li>\n<li style='margin-bottom: 5px;'><strong>Capacidad m\u00e1xima con respecto a cables MCM (Cobre):<\/strong> 0.56&#8242; (14 mm)<\/li>\n<li style='margin-bottom: 5px;'><strong>Capacidad m\u00e1xima con respecto a cables MCM (Cable de acero trenzado):<\/strong> 1\/2&#8242; (12.7 mm)<\/li>\n<li style='margin-bottom: 5px;'><strong>Color del mango:<\/strong> Rojo<\/li>\n<li style='margin-bottom: 5px;'><strong>Longitud total:<\/strong> 13.75&#8242; (34.9 cm)<\/li>\n<li style='margin-bottom: 5px;'><strong>Peso:<\/strong> 1.5 kg (3.2 lb)<\/li>\n<\/ul><\/div>\n<\/p><\/div>\n<\/p><\/div>\n","protected":false},"excerpt":{"rendered":"<p>Cortador Multicable ACSR con Matraca<\/p>\n","protected":false},"featured_media":108625,"comment_status":"open","ping_status":"closed","template":"","meta":[],"product_brand":[],"product_cat":[713],"product_tag":[138,714,432],"class_list":{"0":"post-108626","1":"product","2":"type-product","3":"status-publish","4":"has-post-thumbnail","6":"product_cat-herramientas-para-preparacion-de-cable","7":"product_tag-cables","8":"product_tag-herramientas-para-preparacion-de-cable","9":"product_tag-klein-tools","11":"first","12":"outofstock","13":"sale","14":"shipping-taxable","15":"purchasable","16":"product-type-simple"},"_links":{"self":[{"href":"https:\/\/soydeaqui.ddns.net\/pachuca\/index.php\/wp-json\/wp\/v2\/product\/108626","targetHints":{"allow":["GET"]}}],"collection":[{"href":"https:\/\/soydeaqui.ddns.net\/pachuca\/index.php\/wp-json\/wp\/v2\/product"}],"about":[{"href":"https:\/\/soydeaqui.ddns.net\/pachuca\/index.php\/wp-json\/wp\/v2\/types\/product"}],"replies":[{"embeddable":true,"href":"https:\/\/soydeaqui.ddns.net\/pachuca\/index.php\/wp-json\/wp\/v2\/comments?post=108626"}],"wp:featuredmedia":[{"embeddable":true,"href":"https:\/\/soydeaqui.ddns.net\/pachuca\/index.php\/wp-json\/wp\/v2\/media\/108625"}],"wp:attachment":[{"href":"https:\/\/soydeaqui.ddns.net\/pachuca\/index.php\/wp-json\/wp\/v2\/media?parent=108626"}],"wp:term":[{"taxonomy":"product_brand","embeddable":true,"href":"https:\/\/soydeaqui.ddns.net\/pachuca\/index.php\/wp-json\/wp\/v2\/product_brand?post=108626"},{"taxonomy":"product_cat","embeddable":true,"href":"https:\/\/soydeaqui.ddns.net\/pachuca\/index.php\/wp-json\/wp\/v2\/product_cat?post=108626"},{"taxonomy":"product_tag","embeddable":true,"href":"https:\/\/soydeaqui.ddns.net\/pachuca\/index.php\/wp-json\/wp\/v2\/product_tag?post=108626"}],"curies":[{"name":"wp","href":"https:\/\/api.w.org\/{rel}","templated":true}]}}