{"id":108613,"date":"2026-03-20T18:11:31","date_gmt":"2026-03-20T18:11:31","guid":{"rendered":"https:\/\/soydeaqui.ddns.net\/pachuca\/index.php\/producto\/turret-ip-8-mp-lente-mot-2-7-13-5-mm-40-mts-ir-ndaa-onvif-ip67-h-265-ia-deteccion-movimiento-inteligente-merodeo-multiple-conteo-de-personas-poe-audio-y-alarmas-i-o-serie\/"},"modified":"2026-03-20T18:11:34","modified_gmt":"2026-03-20T18:11:34","slug":"turret-ip-8-mp-lente-mot-2-7-13-5-mm-40-mts-ir-ndaa-onvif-ip67-h-265-ia-deteccion-movimiento-inteligente-merodeo-multiple-conteo-de-personas-poe-audio-y-alarmas-i-o-serie","status":"publish","type":"product","link":"https:\/\/soydeaqui.ddns.net\/pachuca\/index.php\/producto\/turret-ip-8-mp-lente-mot-2-7-13-5-mm-40-mts-ir-ndaa-onvif-ip67-h-265-ia-deteccion-movimiento-inteligente-merodeo-multiple-conteo-de-personas-poe-audio-y-alarmas-i-o-serie\/","title":{"rendered":"Turret IP 8 MP \/ Lente Mot. 2.7 &#8211; 13.5 mm \/ 40 mts IR \/ NDAA \/ ONVIF \/ IP67 \/ H.265 \/ IA \/ Detecci\u00f3n Movimiento Inteligente \/ Merodeo M\u00faltiple \/ Conteo de Personas \/ PoE \/ Audio y Alarmas I\/O \/ Serie 35 \/ Honeywell Security"},"content":{"rendered":"<div style='width: 100%; max-width: 1200px; margin: 0 auto; font-family: sans-serif; line-height: 1.6; color: inherit; background-color: transparent;'> <!-- Im\u00e1genes iniciales --> <\/p>\n<div style='width: 100%; margin-bottom: 20px;'> <img style='width: 100%; height: auto; border: 1px solid rgba(150&comma;150&comma;150&comma;0.3); border-radius: 8px;' src='https:\/\/ftp3.syscom.mx\/usuarios\/pnunez\/Honeywell\/HC30WE5R2\/Imagenes\/banner-honeywell.jpg' alt='Banner Honeywell'> <\/div>\n<div style='width: 100%; margin-bottom: 20px;'> <img style='width: 100%; height: auto; border: 1px solid rgba(150&comma;150&comma;150&comma;0.3); border-radius: 8px;' src='https:\/\/ftp3.syscom.mx\/usuarios\/pnunez\/Honeywell\/Banners\/syscom-stock-disponible%20%281%29.jpg' alt='Stock disponible'> <\/div>\n<p> <!-- Secci\u00f3n de caracter\u00edsticas en tres columnas --> <\/p>\n<div style='display: flex; flex-wrap: wrap; gap: 30px; margin-bottom: 30px;'> <!-- Caracter\u00edsticas de la C\u00e1mara --> <\/p>\n<div style='flex: 1 1 300px; min-width: 280px;'>\n<h3 style='font-size: 22px; border-bottom: 2px solid currentColor; padding-bottom: 5px; margin-top: 0; color: inherit; opacity: 0.8;'>Caracter\u00edsticas de la C\u00e1mara:<\/h3>\n<ul style='padding-left: 20px; font-size: 15px; color: inherit;'>\n<li style='margin-bottom: 5px;'>Resoluci\u00f3n m\u00e1xima: <strong>8 Megap\u00edxeles (3840 x 2160) a 30 FPS<\/strong><\/li>\n<li style='margin-bottom: 5px;'>Sensor de imagen: <strong>1\/2.8 Scan Progresivo CMOS<\/strong><\/li>\n<li style='margin-bottom: 5px;'>Iluminaci\u00f3n m\u00ednima: <strong>Color: 0.007 Lux&comma; B\/N: 0 Lux con IR encendido @F1.6<\/strong><\/li>\n<li style='margin-bottom: 5px;'>D\u00eda \/ Noche: <strong>Auto ICR<\/strong><\/li>\n<li style='margin-bottom: 5px;'>Lente: <strong>Varifocal Motorizado: 2.7 &#8211; 13.5 mm<\/strong><\/li>\n<li style='margin-bottom: 5px;'>Distancia de IR: <strong>50m IR inteligente<\/strong><\/li>\n<li style='margin-bottom: 5px;'>Compresi\u00f3n: <strong>H.265&comma; H.264&comma; MJPEG<\/strong><\/li>\n<\/ul><\/div>\n<p> <!-- Caracter\u00edsticas Generales --> <\/p>\n<div style='flex: 1 1 300px; min-width: 280px;'>\n<h3 style='font-size: 22px; border-bottom: 2px solid currentColor; padding-bottom: 5px; margin-top: 0; color: inherit; opacity: 0.8;'>Caracter\u00edsticas Generales:<\/h3>\n<ul style='padding-left: 20px; font-size: 15px; color: inherit;'>\n<li style='margin-bottom: 5px;'>Compensaci\u00f3n de luz: <strong>WDR 120dB&comma; BLC&comma; HLC&comma; 3D DNR<\/strong><\/li>\n<li style='margin-bottom: 5px;'>Video anal\u00edticos embebidos: <strong>Detecci\u00f3n de Movimiento Inteligente&comma; Intrusi\u00f3n&comma; Sabotaje&comma; Contador de Personas&comma; Merodeador M\u00faltiple<\/strong><\/li>\n<li style='margin-bottom: 5px;'>\u00c1reas de privacidad: <strong>4<\/strong><\/li>\n<li style='margin-bottom: 5px;'>Almacenamiento: <strong>Soporta microSD de hasta 256GB (no incluida)<\/strong><\/li>\n<li style='margin-bottom: 5px;'>ONVIF: <strong>Profile S&comma; G&comma; T<\/strong><\/li>\n<li style='margin-bottom: 5px;'><strong>Certificaci\u00f3n NDAA<\/strong><\/li>\n<li style='margin-bottom: 5px;'><strong>Garant\u00eda 5 a\u00f1os<\/strong><\/li>\n<\/ul><\/div>\n<p> <!-- Caracter\u00edsticas F\u00edsicas y El\u00e9ctricas --> <\/p>\n<div style='flex: 1 1 300px; min-width: 280px;'>\n<h3 style='font-size: 22px; border-bottom: 2px solid currentColor; padding-bottom: 5px; margin-top: 0; color: inherit; opacity: 0.8;'>Caracter\u00edsticas F\u00edsicas y El\u00e9ctricas:<\/h3>\n<ul style='padding-left: 20px; font-size: 15px; color: inherit;'>\n<li style='margin-bottom: 5px;'>Temperatura de operaci\u00f3n: <strong>-40 a 60 \u00b0C<\/strong><\/li>\n<li style='margin-bottom: 5px;'>Alimentaci\u00f3n: <strong>12 Vcc&comma; PoE (802.3 af) Clase 0 \/ 6.7 W<\/strong><\/li>\n<li style='margin-bottom: 5px;'>Protecci\u00f3n: <strong>IP67<\/strong><\/li>\n<li style='margin-bottom: 5px;'>Dimensiones: <strong>126.1 mm x 114.0 mm<\/strong><\/li>\n<li style='margin-bottom: 5px;'>Peso: <strong>.98 Kg<\/strong><\/li>\n<li style='margin-bottom: 5px;'>Puerto Ethernet: <strong>RJ45 10\/100 Mbps<\/strong><\/li>\n<li style='margin-bottom: 5px;'>Entrada\/Salida de audio: <strong>de l\u00ednea dos v\u00edas<\/strong><\/li>\n<li style='margin-bottom: 5px;'>Entrada\/Salida de alarma: <strong>1 Entradas\/1 Salida<\/strong><\/li>\n<\/ul><\/div>\n<\/p><\/div>\n<p> <!-- Imagen de dimensiones --> <\/p>\n<div style='width: 100%; margin-bottom: 20px;'> <img style='width: 100%; height: auto; border: 1px solid rgba(150&comma;150&comma;150&comma;0.3); border-radius: 8px;' src='https:\/\/ftp3.syscom.mx\/usuarios\/diego.ramirez\/Honeywell\/HC35WE8R2\/medidasHC35WE8R2.png' alt='Dimensiones del producto'> <\/div>\n<p> <!-- Imagen NDAA --> <\/p>\n<div style='width: 100%; margin-bottom: 20px;'> <img style='width: 100%; height: auto; border: 1px solid rgba(150&comma;150&comma;150&comma;0.3); border-radius: 8px;' src='https:\/\/ftp3.syscom.mx\/usuarios\/pnunez\/Honeywell\/NDAA\/NDAA-HONEYWELL.jpg' alt='Certificaci\u00f3n NDAA'> <\/div>\n<p> <!-- Video de YouTube --> <\/p>\n<div style='position: relative; padding-bottom: 56.25%; height: 0; overflow: hidden; margin-bottom: 30px;'>   <\/div>\n<\/p><\/div>\n","protected":false},"excerpt":{"rendered":"<p>Turret IP 8 MP \/ Lente Mot. 2.7 &#8211; 13.5 mm \/ 40 mts IR \/ NDAA \/ ONVIF \/ IP67 \/ H.265 \/ IA \/ Detecci\u00f3n Movimiento Inteligente \/ Merodeo M\u00faltiple \/ Conteo de Personas \/ PoE \/ Audio y Alarmas I\/O \/ Serie 35 \/ Honeywell Security<\/p>\n","protected":false},"featured_media":108612,"comment_status":"open","ping_status":"closed","template":"","meta":[],"product_brand":[],"product_cat":[2056],"product_tag":[122,2057,209],"class_list":{"0":"post-108613","1":"product","2":"type-product","3":"status-publish","4":"has-post-thumbnail","6":"product_cat-domo-eyeball-turret","7":"product_tag-camaras-ip-y-nvrs","8":"product_tag-domo-eyeball-turret","9":"product_tag-honeywell","11":"first","12":"outofstock","13":"sale","14":"shipping-taxable","15":"purchasable","16":"product-type-simple"},"_links":{"self":[{"href":"https:\/\/soydeaqui.ddns.net\/pachuca\/index.php\/wp-json\/wp\/v2\/product\/108613","targetHints":{"allow":["GET"]}}],"collection":[{"href":"https:\/\/soydeaqui.ddns.net\/pachuca\/index.php\/wp-json\/wp\/v2\/product"}],"about":[{"href":"https:\/\/soydeaqui.ddns.net\/pachuca\/index.php\/wp-json\/wp\/v2\/types\/product"}],"replies":[{"embeddable":true,"href":"https:\/\/soydeaqui.ddns.net\/pachuca\/index.php\/wp-json\/wp\/v2\/comments?post=108613"}],"wp:featuredmedia":[{"embeddable":true,"href":"https:\/\/soydeaqui.ddns.net\/pachuca\/index.php\/wp-json\/wp\/v2\/media\/108612"}],"wp:attachment":[{"href":"https:\/\/soydeaqui.ddns.net\/pachuca\/index.php\/wp-json\/wp\/v2\/media?parent=108613"}],"wp:term":[{"taxonomy":"product_brand","embeddable":true,"href":"https:\/\/soydeaqui.ddns.net\/pachuca\/index.php\/wp-json\/wp\/v2\/product_brand?post=108613"},{"taxonomy":"product_cat","embeddable":true,"href":"https:\/\/soydeaqui.ddns.net\/pachuca\/index.php\/wp-json\/wp\/v2\/product_cat?post=108613"},{"taxonomy":"product_tag","embeddable":true,"href":"https:\/\/soydeaqui.ddns.net\/pachuca\/index.php\/wp-json\/wp\/v2\/product_tag?post=108613"}],"curies":[{"name":"wp","href":"https:\/\/api.w.org\/{rel}","templated":true}]}}