{"id":108607,"date":"2026-03-20T18:11:13","date_gmt":"2026-03-20T18:11:13","guid":{"rendered":"https:\/\/soydeaqui.ddns.net\/pachuca\/index.php\/producto\/ptz-ip-5-megapixel-30x-zoom-150-mts-ir-ultra-baja-iluminacion-h-265-ia-filtro-de-humanos-y-vehiculos-merodeo-poe-exterior-ip67-ik10-onvif-ndaa-serie-35-256-gb-microsd\/"},"modified":"2026-03-20T18:11:15","modified_gmt":"2026-03-20T18:11:15","slug":"ptz-ip-5-megapixel-30x-zoom-150-mts-ir-ultra-baja-iluminacion-h-265-ia-filtro-de-humanos-y-vehiculos-merodeo-poe-exterior-ip67-ik10-onvif-ndaa-serie-35-256-gb-microsd","status":"publish","type":"product","link":"https:\/\/soydeaqui.ddns.net\/pachuca\/index.php\/producto\/ptz-ip-5-megapixel-30x-zoom-150-mts-ir-ultra-baja-iluminacion-h-265-ia-filtro-de-humanos-y-vehiculos-merodeo-poe-exterior-ip67-ik10-onvif-ndaa-serie-35-256-gb-microsd\/","title":{"rendered":"PTZ IP 5 Megapixel \/ 30X Zoom \/ 150 mts IR \/  Ultra Baja Iluminaci\u00f3n \/  H.265 \/ IA (Filtro de Humanos y Vehiculos) \/ Merodeo \/ PoE+ \/ Exterior IP67 \/ IK10 \/ ONVIF \/ NDAA \/ Serie 35 \/ 256 GB microSD \/ Audio I\/O \/ Alarma I\/O \/ Honeywell Security"},"content":{"rendered":"<div style='width: 100%; max-width: 1200px; margin: 0 auto; font-family: sans-serif; line-height: 1.6; color: inherit; background-color: transparent;'> <!-- Im\u00e1genes iniciales --> <\/p>\n<div style='width: 100%; margin-bottom: 30px;'> <img style='width: 100%; height: auto; border: 1px solid rgba(150&comma;150&comma;150&comma;0.3); border-radius: 8px;' src='https:\/\/ftp3.syscom.mx\/usuarios\/pnunez\/Honeywell\/HC30WE5R2\/Imagenes\/banner-honeywell.jpg' alt='Banner Honeywell'> <\/div>\n<div style='width: 100%; margin-bottom: 30px;'> <img style='width: 100%; height: auto; border: 1px solid rgba(150&comma;150&comma;150&comma;0.3); border-radius: 8px;' src='https:\/\/ftp3.syscom.mx\/usuarios\/pnunez\/Honeywell\/Banners\/syscom-stock-disponible%20%281%29.jpg' alt='Stock disponible'> <\/div>\n<p> <!-- Secci\u00f3n principal con grid --> <\/p>\n<div style='display: grid; grid-template-columns: repeat(auto-fit&comma; minmax(280px&comma; 1fr)); gap: 30px; margin-bottom: 30px;'> <!-- Caracter\u00edsticas de la C\u00e1mara y PTZ --> <\/p>\n<div style='display: flex; flex-direction: column; gap: 30px;'>\n<div style='border: 1px solid rgba(150&comma; 150&comma; 150&comma; 0.4); border-radius: 8px; overflow: hidden; display: flex; flex-direction: column;'>\n<div style='padding: 15px; border-bottom: 1px solid rgba(150&comma; 150&comma; 150&comma; 0.2); font-weight: bold; font-size: 18px; color: inherit; background-color: #b01a19; color: white;'>Caracter\u00edsticas de la C\u00e1mara:<\/div>\n<div style='padding: 15px; color: inherit;'>\n<ul style='padding-left: 20px; margin: 0; font-size: 14px; list-style-type: disc; color: inherit;'>\n<li style='margin-bottom: 5px;'><strong>Resoluci\u00f3n M\u00e1xima:<\/strong> 5 Megapixel (2592 x 1944).<\/li>\n<li style='margin-bottom: 5px;'><strong>Iluminaci\u00f3n M\u00ednima:<\/strong> Color 0.005 Lux&comma; B\/N 0.0 Lux @ (F1.6).<\/li>\n<li style='margin-bottom: 5px;'><strong>Distancia focal:<\/strong> 5.3 a 159 mm (30X Zoom \u00f3ptico \/ 16X Zoom digital).<\/li>\n<li style='margin-bottom: 5px;'><strong>Distancia IR:<\/strong> 150 mts.<\/li>\n<li style='margin-bottom: 5px;'><strong>Compresi\u00f3n:<\/strong> H.265&comma; H.264&comma; MJPEG.<\/li>\n<li style='margin-bottom: 5px;'><strong>Funciones est\u00e1ndar:<\/strong> WDR real 120dB&comma; 3D-DNR&comma; BLC&comma; HLC&comma; Defog&comma; M\u00e1scara de privacidad.<\/li>\n<\/ul><\/div>\n<\/p><\/div>\n<div style='border: 1px solid rgba(150&comma; 150&comma; 150&comma; 0.4); border-radius: 8px; overflow: hidden; display: flex; flex-direction: column;'>\n<div style='padding: 15px; border-bottom: 1px solid rgba(150&comma; 150&comma; 150&comma; 0.2); font-weight: bold; font-size: 18px; color: inherit; background-color: #b01a19; color: white;'>Caracter\u00edsticas PTZ:<\/div>\n<div style='padding: 15px; color: inherit;'>\n<ul style='padding-left: 20px; margin: 0; font-size: 14px; list-style-type: disc; color: inherit;'>\n<li style='margin-bottom: 5px;'><strong>Giro panor\u00e1mico:<\/strong> 360\u00ba.<\/li>\n<li style='margin-bottom: 5px;'><strong>Giro vertical:<\/strong> -110\u00ba a +110\u00ba.<\/li>\n<li style='margin-bottom: 5px;'>256 Preset \/ 128 presets por Tour.<\/li>\n<li style='margin-bottom: 5px;'>12 Patrullajes y 6 patrones.<\/li>\n<li style='margin-bottom: 5px;'><strong>Funciones especiales:<\/strong> Regreso a posici\u00f3n de casa&comma; direcci\u00f3n de c\u00e1mara (G-Sensor).<\/li>\n<\/ul><\/div>\n<\/p><\/div>\n<\/p><\/div>\n<p> <!-- Caracter\u00edsticas Generales --> <\/p>\n<div style='display: flex; flex-direction: column; gap: 30px;'>\n<div style='border: 1px solid rgba(150&comma; 150&comma; 150&comma; 0.4); border-radius: 8px; overflow: hidden; display: flex; flex-direction: column;'>\n<div style='padding: 15px; border-bottom: 1px solid rgba(150&comma; 150&comma; 150&comma; 0.2); font-weight: bold; font-size: 18px; color: inherit; background-color: #b01a19; color: white;'>Caracter\u00edsticas Generales:<\/div>\n<div style='padding: 15px; color: inherit;'>\n<ul style='padding-left: 20px; margin: 0; font-size: 14px; list-style-type: disc; color: inherit;'>\n<li style='margin-bottom: 5px;'><strong>Video anal\u00edticos Embebidos:<\/strong> Contador de personas&comma; merodeo m\u00faltiple&comma; intrusi\u00f3n&comma; manipulaci\u00f3n&comma; detecci\u00f3n de movimiento inteligente (SMD)&comma; detecci\u00f3n de movimiento.<\/li>\n<li style='margin-bottom: 5px;'><strong>Protecci\u00f3n:<\/strong> IP66 \/ IK10 \/ IP67<\/li>\n<li style='margin-bottom: 5px;'><strong>Certificaci\u00f3n NDAA.<\/strong><\/li>\n<li style='margin-bottom: 5px;'><strong>ONVIF:<\/strong> Profile S&comma; G y T.<\/li>\n<li style='margin-bottom: 5px;'><strong>Entradas\/ Salidas de Alarma:<\/strong> 2\/2.<\/li>\n<li style='margin-bottom: 5px;'><strong>Entrada\/ Salida de Audio:<\/strong> 1\/1.<\/li>\n<li style='margin-bottom: 5px;'><strong>Garant\u00eda 5 a\u00f1os.<\/strong><\/li>\n<\/ul><\/div>\n<\/p><\/div>\n<div style='border: 1px solid rgba(150&comma; 150&comma; 150&comma; 0.4); border-radius: 8px; overflow: hidden; display: flex; flex-direction: column;'>\n<div style='padding: 15px; border-bottom: 1px solid rgba(150&comma; 150&comma; 150&comma; 0.2); font-weight: bold; font-size: 18px; color: inherit; background-color: #b01a19; color: white;'>Funciones de Red:<\/div>\n<div style='padding: 15px; color: inherit;'>\n<ul style='padding-left: 20px; margin: 0; font-size: 14px; list-style-type: disc; color: inherit;'>\n<li style='margin-bottom: 5px;'><strong>Almacenamiento:<\/strong> Soporta micro SD de hasta 256 GB (no incluida).<\/li>\n<li style='margin-bottom: 5px;'>Puerto Ethernet RJ45 10\/100 Mbps PoE+.<\/li>\n<li style='margin-bottom: 5px;'>M\u00e1ximo 10 usuarios.<\/li>\n<\/ul><\/div>\n<\/p><\/div>\n<\/p><\/div>\n<p> <!-- Caracter\u00edsticas F\u00edsicas y El\u00e9ctricas --> <\/p>\n<div style='border: 1px solid rgba(150&comma; 150&comma; 150&comma; 0.4); border-radius: 8px; overflow: hidden; display: flex; flex-direction: column;'>\n<div style='padding: 15px; border-bottom: 1px solid rgba(150&comma; 150&comma; 150&comma; 0.2); font-weight: bold; font-size: 18px; color: inherit; background-color: #b01a19; color: white;'>Caracter\u00edsticas F\u00edsicas y El\u00e9ctricas:<\/div>\n<div style='padding: 15px; color: inherit;'>\n<ul style='padding-left: 20px; margin: 0; font-size: 14px; list-style-type: disc; color: inherit;'>\n<li style='margin-bottom: 5px;'><strong>Alimentaci\u00f3n:<\/strong> 24VCA 24 Watts&comma; PoE+ (IEEE 802.3at) Clase 4.<\/li>\n<li style='margin-bottom: 5px;'><strong>Temperatura de operaci\u00f3n:<\/strong> -40\u00baC a 60\u00baC.<\/li>\n<li style='margin-bottom: 5px;'><strong>Protecci\u00f3n:<\/strong> Interior \/ Exterior&comma; IP66 \/ IP67 \/ IK10.<\/li>\n<li style='margin-bottom: 5px;'><strong>Dimensiones:<\/strong> 173.2 x 173.2 x 292.6 mm.<\/li>\n<li style='margin-bottom: 5px;'><strong>Peso:<\/strong> 3.5 Kg.<\/li>\n<li style='margin-bottom: 5px;'><strong>No incluye fuente de alimentaci\u00f3n.<\/strong><\/li>\n<li style='margin-bottom: 5px;'><strong>Montaje compatible<\/strong> HA60WLMZI.<\/li>\n<li style='margin-bottom: 5px;'>Zoom \u00f3ptico 30x&comma; digital 16x con enfoque variable<\/li>\n<\/ul><\/div>\n<\/p><\/div>\n<\/p><\/div>\n<p> <!-- Imagen esquem\u00e1tica --> <\/p>\n<div style='width: 100%; margin: 30px 0;'> <img style='width: 100%; height: auto; border: 1px solid rgba(150&comma;150&comma;150&comma;0.3); border-radius: 8px;' src='https:\/\/ftp3.syscom.mx\/usuarios\/emendoza\/elesbanmch\/HONEYWELL\/IMAGENES\/esquematico%20modelo%20HC35WZ2R25.png' alt='Esquem\u00e1tico del modelo'> <\/div>\n<p> <!-- Imagen NDAA --> <\/p>\n<div style='width: 100%; margin: 30px 0;'> <img style='width: 100%; height: auto; border: 1px solid rgba(150&comma;150&comma;150&comma;0.3); border-radius: 8px;' src='https:\/\/ftp3.syscom.mx\/usuarios\/pnunez\/Honeywell\/NDAA\/NDAA-HONEYWELL.jpg' alt='Certificaci\u00f3n NDAA Honeywell'> <\/div>\n<p> <!-- Video de YouTube --> <\/p>\n<div style='position: relative; padding-bottom: 56.25%; height: 0; overflow: hidden; margin: 30px 0;'>   <\/div>\n<\/p><\/div>\n","protected":false},"excerpt":{"rendered":"<p>PTZ IP 5 Megapixel \/ 30X Zoom \/ 150 mts IR \/  Ultra Baja Iluminaci\u00f3n \/  H.265 \/ IA (Filtro de Humanos y Vehiculos) \/ Merodeo \/ PoE+ \/ Exterior IP67 \/ IK10 \/ ONVIF \/ NDAA \/ Serie 35 \/ 256 GB microSD \/ Audio I\/O \/ Alarma I\/O \/ Honeywell Security<\/p>\n","protected":false},"featured_media":108606,"comment_status":"open","ping_status":"closed","template":"","meta":[],"product_brand":[],"product_cat":[1224],"product_tag":[122,209,1225],"class_list":{"0":"post-108607","1":"product","2":"type-product","3":"status-publish","4":"has-post-thumbnail","6":"product_cat-ptz","7":"product_tag-camaras-ip-y-nvrs","8":"product_tag-honeywell","9":"product_tag-ptz","11":"first","12":"outofstock","13":"sale","14":"shipping-taxable","15":"purchasable","16":"product-type-simple"},"_links":{"self":[{"href":"https:\/\/soydeaqui.ddns.net\/pachuca\/index.php\/wp-json\/wp\/v2\/product\/108607","targetHints":{"allow":["GET"]}}],"collection":[{"href":"https:\/\/soydeaqui.ddns.net\/pachuca\/index.php\/wp-json\/wp\/v2\/product"}],"about":[{"href":"https:\/\/soydeaqui.ddns.net\/pachuca\/index.php\/wp-json\/wp\/v2\/types\/product"}],"replies":[{"embeddable":true,"href":"https:\/\/soydeaqui.ddns.net\/pachuca\/index.php\/wp-json\/wp\/v2\/comments?post=108607"}],"wp:featuredmedia":[{"embeddable":true,"href":"https:\/\/soydeaqui.ddns.net\/pachuca\/index.php\/wp-json\/wp\/v2\/media\/108606"}],"wp:attachment":[{"href":"https:\/\/soydeaqui.ddns.net\/pachuca\/index.php\/wp-json\/wp\/v2\/media?parent=108607"}],"wp:term":[{"taxonomy":"product_brand","embeddable":true,"href":"https:\/\/soydeaqui.ddns.net\/pachuca\/index.php\/wp-json\/wp\/v2\/product_brand?post=108607"},{"taxonomy":"product_cat","embeddable":true,"href":"https:\/\/soydeaqui.ddns.net\/pachuca\/index.php\/wp-json\/wp\/v2\/product_cat?post=108607"},{"taxonomy":"product_tag","embeddable":true,"href":"https:\/\/soydeaqui.ddns.net\/pachuca\/index.php\/wp-json\/wp\/v2\/product_tag?post=108607"}],"curies":[{"name":"wp","href":"https:\/\/api.w.org\/{rel}","templated":true}]}}