{"id":108595,"date":"2026-03-20T18:10:35","date_gmt":"2026-03-20T18:10:35","guid":{"rendered":"https:\/\/soydeaqui.ddns.net\/pachuca\/index.php\/producto\/1920-gb-ssd-disenada-para-synology-nas\/"},"modified":"2026-03-20T18:10:37","modified_gmt":"2026-03-20T18:10:37","slug":"1920-gb-ssd-disenada-para-synology-nas","status":"publish","type":"product","link":"https:\/\/soydeaqui.ddns.net\/pachuca\/index.php\/producto\/1920-gb-ssd-disenada-para-synology-nas\/","title":{"rendered":"1920 GB SSD , dise\u00f1ada para Synology NAS"},"content":{"rendered":"<div style='width: 100%; max-width: 1200px; margin: 0 auto; font-family: sans-serif; line-height: 1.6; color: inherit; background-color: transparent;'>\n<h2 style='font-size: 24px; margin-top: 0; color: inherit;'>SSD de nivel empresarial dise\u00f1ada para sistemas de Synology<\/h2>\n<p style='color: inherit; margin-bottom: 30px;'>La SSD SATA SAT5210 de Synology ofrece un rendimiento de E\/S estable a la vez que reduce la latencia de los servicios y aplicaciones cr\u00edticos. Se ha dise\u00f1ado para gestionar cargas de trabajo permanentes mixtas e intensivas sin sacrificar la resistencia&comma; ofreciendo una experiencia de almacenamiento optimizada en los sistemas de Synology con las m\u00ednimas interrupciones del servicio.<\/p>\n<p> <!-- Caracter\u00edsticas destacadas --> <\/p>\n<div style='display: flex; flex-wrap: wrap; gap: 20px; margin-bottom: 30px;'>\n<div style='flex: 1 1 200px; min-width: 180px; border: 1px solid rgba(150&comma; 150&comma; 150&comma; 0.3); border-radius: 8px; padding: 15px; text-align: center;'> <img style='width: 47px; height: 47px; margin: 0 auto 10px; display: block; border: none;' src='https:\/\/ftp3.syscom.mx\/usuarios\/nortega\/synology\/imagenes\/ds216j\/SSDs\/icon_performance_ssd.png' alt='Rendimiento'> <\/p>\n<h3 style='font-size: 18px; margin: 5px 0 10px; color: inherit;'>Rendimiento<\/h3>\n<p style='margin: 0; font-size: 14px; color: inherit;'>Hasta 67 000 IOPS de escritura aleatoria 4K<\/p>\n<\/p><\/div>\n<div style='flex: 1 1 200px; min-width: 180px; border: 1px solid rgba(150&comma; 150&comma; 150&comma; 0.3); border-radius: 8px; padding: 15px; text-align: center;'> <img style='width: 48px; height: 54px; margin: 0 auto 10px; display: block; border: none;' src='https:\/\/ftp3.syscom.mx\/usuarios\/nortega\/synology\/imagenes\/ds216j\/SSDs\/icon_endurance.png' alt='Resistencia'> <\/p>\n<h3 style='font-size: 18px; margin: 5px 0 10px; color: inherit;'>Resistencia<\/h3>\n<p style='margin: 0; font-size: 14px; color: inherit;'>1&comma;3 DWPD para cargas de trabajo empresariales permanentes<\/p>\n<\/p><\/div>\n<div style='flex: 1 1 200px; min-width: 180px; border: 1px solid rgba(150&comma; 150&comma; 150&comma; 0.3); border-radius: 8px; padding: 15px; text-align: center;'> <img style='width: 48px; height: 48px; margin: 0 auto 10px; display: block; border: none;' src='https:\/\/ftp3.syscom.mx\/usuarios\/nortega\/synology\/imagenes\/ds216j\/SSDs\/icon_reliability1.png' alt='Fiabilidad'> <\/p>\n<h3 style='font-size: 18px; margin: 5px 0 10px; color: inherit;'>Fiabilidad<\/h3>\n<p style='margin: 0; font-size: 14px; color: inherit;'>Protecci\u00f3n de datos integral y protecci\u00f3n contra p\u00e9rdida de energ\u00eda<\/p>\n<\/p><\/div>\n<div style='flex: 1 1 200px; min-width: 180px; border: 1px solid rgba(150&comma; 150&comma; 150&comma; 0.3); border-radius: 8px; padding: 15px; text-align: center;'> <img style='width: 48px; height: 48px; margin: 0 auto 10px; display: block; border: none;' src='https:\/\/ftp3.syscom.mx\/usuarios\/nortega\/synology\/imagenes\/ds216j\/SSDs\/icon_lifetime_analytics.png' alt='An\u00e1lisis de vida \u00fatil'> <\/p>\n<h3 style='font-size: 18px; margin: 5px 0 10px; color: inherit;'>An\u00e1lisis de vida \u00fatil<\/h3>\n<p style='margin: 0; font-size: 14px; color: inherit;'>Informaci\u00f3n pr\u00e1ctica para un rendimiento y una longevidad \u00f3ptimos<\/p>\n<\/p><\/div>\n<\/p><\/div>\n<p> <!-- Secci\u00f3n rendimiento --> <\/p>\n<div style='display: flex; flex-wrap: wrap; gap: 30px; margin-bottom: 30px;'>\n<div style='flex: 1 1 300px; min-width: 280px;'>\n<h3 style='font-size: 22px; border-bottom: 2px solid currentColor; padding-bottom: 5px; margin-top: 0; color: inherit; opacity: 0.8;'>Alto rendimiento estable para entornos exigentes<\/h3>\n<p style='color: inherit;'>Dise\u00f1ada para entornos exigentes como bases de datos de procesamiento de transacciones en l\u00ednea (OLTP) e implementaciones de virtualizaci\u00f3n&comma; Synology SAT5200 ofrece un alto rendimiento estable de hasta 67 000 IOPS de escritura aleatoria 4K&comma; lo que permite a las empresas modernizar la infraestructura de almacenamiento existente sin esfuerzo.<\/p>\n<\/p><\/div>\n<div style='flex: 1 1 300px; min-width: 280px;'> <img style='width: 100%; height: auto; border: 1px solid rgba(150&comma;150&comma;150&comma;0.3); border-radius: 8px;' src='https:\/\/ftp3.syscom.mx\/usuarios\/nortega\/synology\/imagenes\/ds216j\/SSDs\/rendimientossd.png' alt='Rendimiento SSD'> <\/div>\n<\/p><\/div>\n<p> <!-- Secci\u00f3n resistencia y fiabilidad --> <\/p>\n<div style='display: flex; flex-wrap: wrap; gap: 30px; margin-bottom: 30px; background-color: rgba(0&comma; 0&comma; 0&comma; 0.8); padding: 20px; border-radius: 8px;'>\n<div style='flex: 1 1 300px; min-width: 280px;'> <img style='width: 100%; height: auto; border: 1px solid rgba(150&comma;150&comma;150&comma;0.3); border-radius: 8px;' src='https:\/\/ftp3.syscom.mx\/usuarios\/nortega\/synology\/imagenes\/ds216j\/SSDs\/retiro.png' alt='Resistencia y fiabilidad'> <\/div>\n<div style='flex: 1 1 300px; min-width: 280px; color: #ffffff;'>\n<h3 style='font-size: 20px; margin-top: 0; color: #ffffff;'>Resistencia y fiabilidad de nivel empresarial<\/h3>\n<h4 style='font-size: 18px; margin-top: 15px; color: #ffffff;'>1&comma;3 DWPD<\/h4>\n<p style='color: #ffffff; margin-top: 5px;'>Proporciona 1&comma;3 DWPD dentro del per\u00edodo de para soportar cargas de trabajo intensivas permanentes.<\/p>\n<h4 style='font-size: 18px; margin-top: 15px; color: #ffffff;'>Protecci\u00f3n de datos integral<\/h4>\n<p style='color: #ffffff; margin-top: 5px;'>Protege la integridad y la coherencia de los datos en toda la ruta de transferencia de datos.<\/p>\n<h4 style='font-size: 18px; margin-top: 15px; color: #ffffff;'>Dise\u00f1o del circuito de protecci\u00f3n contra p\u00e9rdida de energ\u00eda<\/h4>\n<p style='color: #ffffff; margin-top: 5px;'>Los condensadores espec\u00edficos proporcionan alimentaci\u00f3n suficiente para pasar los datos en curso a flash NAND en caso de p\u00e9rdida de energ\u00eda&comma; con lo que se evita mejor que los datos de da\u00f1en.<\/p>\n<\/p><\/div>\n<\/p><\/div>\n<p> <!-- An\u00e1lisis de vida \u00fatil --> <\/p>\n<div style='display: flex; flex-wrap: wrap; gap: 30px; margin-bottom: 30px;'>\n<div style='flex: 1 1 300px; min-width: 280px;'>\n<h3 style='font-size: 22px; border-bottom: 2px solid currentColor; padding-bottom: 5px; margin-top: 0; color: inherit; opacity: 0.8;'>An\u00e1lisis de vida \u00fatil basados en la carga de trabajo real<\/h3>\n<p style='color: inherit;'>La integraci\u00f3n completa con DiskStation Manager (DSM) de Synology permite realizar an\u00e1lisis de vida \u00fatil de cada unidad SAT5200 bas\u00e1ndose en cargas de trabajo reales:<\/p>\n<h4 style='font-size: 18px; margin-top: 15px; color: inherit;'>Notificaciones oportunas<\/h4>\n<p style='color: inherit; margin-top: 5px;'>Planifique con m\u00e1s antelaci\u00f3n el rendimiento y la longevidad del sistema sin interrupciones con notificaciones oportunas.<\/p>\n<h4 style='font-size: 18px; margin-top: 15px; color: inherit;'>Uso \u00f3ptimo<\/h4>\n<p style='color: inherit; margin-top: 5px;'>La monitorizaci\u00f3n sencilla permite un uso \u00f3ptimo de cada SSD.<\/p>\n<\/p><\/div>\n<div style='flex: 1 1 300px; min-width: 280px;'> <img style='width: 100%; height: auto; border: 1px solid rgba(150&comma;150&comma;150&comma;0.3); border-radius: 8px;' src='https:\/\/ftp3.syscom.mx\/usuarios\/nortega\/synology\/imagenes\/ds216j\/SSDs\/SNV_lifetime.gif' alt='An\u00e1lisis de vida \u00fatil'> <\/div>\n<\/p><\/div>\n<p> <!-- Dise\u00f1ada para Synology --> <\/p>\n<div style='text-align: center; margin-bottom: 30px;'> <img style='width: 100%; max-width: 600px; height: auto; border: 1px solid rgba(150&comma;150&comma;150&comma;0.3); border-radius: 8px; margin: 0 auto 10px; display: block;' src='http:\/\/172.31.13.99\/usuarios\/nortega\/synology\/imagenes\/ds216j\/SSDs\/purpose_built.png' alt='Dise\u00f1ada para Synology'> <\/p>\n<h3 style='font-size: 20px; margin-top: 15px; margin-bottom: 10px; color: inherit;'>Dise\u00f1ada a medida para Synology NAS<\/h3>\n<p style='color: inherit; max-width: 800px; margin: 0 auto;'>La compatibilidad de Synology SAT5210 con nuestros sistemas se comprueba exhaustivamente tras cada cambio de ingenier\u00eda&comma; mientras que los cambios de firmware y componentes se gestionan de forma estricta. Las pruebas intensivas de tensi\u00f3n de E\/S&comma; ciclos de encendido\/apagado y temperatura garantizan que todos los productos cumplen nuestros m\u00e1s estrictos est\u00e1ndares de calidad y fiabilidad.<\/p>\n<\/p><\/div>\n<p> <!-- Especificaciones --> <\/p>\n<div style='margin-bottom: 30px;'>\n<div style='border: 1px solid rgba(150&comma; 150&comma; 150&comma; 0.4); border-radius: 8px; overflow: hidden;'>\n<div style='padding: 15px; border-bottom: 1px solid rgba(150&comma; 150&comma; 150&comma; 0.2); font-weight: bold; font-size: 18px; color: inherit;'>Especificaciones<\/div>\n<div style='padding: 15px; color: inherit;'>\n<ul style='padding-left: 20px; margin: 0; font-size: 14px; list-style-type: disc;'>\n<li style='margin-bottom: 5px;'><strong>Capacidad:<\/strong> 1920 GB<\/li>\n<li style='margin-bottom: 5px;'><strong>Factor de forma:<\/strong> 2.5&#8242; 7mm<\/li>\n<li style='margin-bottom: 5px;'><strong>Interfaz:<\/strong> SATA 6Gb\/s<\/li>\n<li style='margin-bottom: 5px;'><strong>Consumo:<\/strong> 5.1 W<\/li>\n<li style='margin-bottom: 5px;'><strong>Temp. de operaci\u00f3n:<\/strong> 0\u00b0C a 70\u00b0C<\/li>\n<li style='margin-bottom: 5px;'><strong>Temp. de almacenamiento:<\/strong> -40\u00b0C a 85\u00b0C<\/li>\n<li style='margin-bottom: 5px;'><strong>Tama\u00f1o:<\/strong> 7 mm x 69.85 mm x 100 mm<\/li>\n<li style='margin-bottom: 5px;'><strong>Garant\u00eda:<\/strong> 5 a\u00f1os<\/li>\n<\/ul><\/div>\n<\/p><\/div>\n<\/p><\/div>\n<\/p><\/div>\n","protected":false},"excerpt":{"rendered":"<p>1920 GB SSD , dise\u00f1ada para Synology NAS<\/p>\n","protected":false},"featured_media":108594,"comment_status":"open","ping_status":"closed","template":"","meta":[],"product_brand":[],"product_cat":[2199],"product_tag":[2065,1976,2139],"class_list":{"0":"post-108595","1":"product","2":"type-product","3":"status-publish","4":"has-post-thumbnail","6":"product_cat-unidades-de-estado-solido-ssd-servidores-almacenamiento","7":"product_tag-servidores-almacenamiento","8":"product_tag-synology","9":"product_tag-unidades-de-estado-solido-ssd","11":"first","12":"outofstock","13":"sale","14":"shipping-taxable","15":"purchasable","16":"product-type-simple"},"_links":{"self":[{"href":"https:\/\/soydeaqui.ddns.net\/pachuca\/index.php\/wp-json\/wp\/v2\/product\/108595","targetHints":{"allow":["GET"]}}],"collection":[{"href":"https:\/\/soydeaqui.ddns.net\/pachuca\/index.php\/wp-json\/wp\/v2\/product"}],"about":[{"href":"https:\/\/soydeaqui.ddns.net\/pachuca\/index.php\/wp-json\/wp\/v2\/types\/product"}],"replies":[{"embeddable":true,"href":"https:\/\/soydeaqui.ddns.net\/pachuca\/index.php\/wp-json\/wp\/v2\/comments?post=108595"}],"wp:featuredmedia":[{"embeddable":true,"href":"https:\/\/soydeaqui.ddns.net\/pachuca\/index.php\/wp-json\/wp\/v2\/media\/108594"}],"wp:attachment":[{"href":"https:\/\/soydeaqui.ddns.net\/pachuca\/index.php\/wp-json\/wp\/v2\/media?parent=108595"}],"wp:term":[{"taxonomy":"product_brand","embeddable":true,"href":"https:\/\/soydeaqui.ddns.net\/pachuca\/index.php\/wp-json\/wp\/v2\/product_brand?post=108595"},{"taxonomy":"product_cat","embeddable":true,"href":"https:\/\/soydeaqui.ddns.net\/pachuca\/index.php\/wp-json\/wp\/v2\/product_cat?post=108595"},{"taxonomy":"product_tag","embeddable":true,"href":"https:\/\/soydeaqui.ddns.net\/pachuca\/index.php\/wp-json\/wp\/v2\/product_tag?post=108595"}],"curies":[{"name":"wp","href":"https:\/\/api.w.org\/{rel}","templated":true}]}}