{"id":10858,"date":"2026-03-18T07:42:13","date_gmt":"2026-03-18T07:42:13","guid":{"rendered":"https:\/\/soydeaqui.ddns.net\/pachuca\/index.php\/producto\/rack-de-dos-postes-estandar-de-19-in-rieles-numerados-y-roscados-12-24-fabricado-en-aluminio-42-unidades-de-rack-color-negro\/"},"modified":"2026-03-18T07:42:13","modified_gmt":"2026-03-18T07:42:13","slug":"rack-de-dos-postes-estandar-de-19-in-rieles-numerados-y-roscados-12-24-fabricado-en-aluminio-42-unidades-de-rack-color-negro","status":"publish","type":"product","link":"https:\/\/soydeaqui.ddns.net\/pachuca\/index.php\/producto\/rack-de-dos-postes-estandar-de-19-in-rieles-numerados-y-roscados-12-24-fabricado-en-aluminio-42-unidades-de-rack-color-negro\/","title":{"rendered":"Rack de Dos Postes Est\u00e1ndar de 19 in, Rieles Numerados y Roscados #12-24, Fabricado en Aluminio, 42 Unidades de Rack, Color Negro"},"content":{"rendered":"<div style='width: 100%; max-width: 1200px; margin: 0 auto; font-family: sans-serif; line-height: 1.6; color: inherit; background-color: transparent;'>\n<div style='display: flex; flex-wrap: wrap; gap: 30px; margin-bottom: 30px;'>\n<div style='flex: 1 1 300px; min-width: 280px;'>\n<h3 style='font-size: 22px; border-bottom: 2px solid currentColor; padding-bottom: 5px; margin-top: 0; color: inherit; opacity: 0.8;'>Descripci\u00f3n<\/h3>\n<p style='font-size: 15px; color: inherit; margin-bottom: 15px;'>El rack de aluminio cumple con los est\u00e1ndares EIA-310D&comma; construido en aluminio capaz de aceptar equipamiento de 19&#8242; EIA. El m\u00e9todo de construcci\u00f3n del rack asegura una estructura el\u00e9ctricamente unida para facilitar la conexi\u00f3n a tierra.<\/p>\n<\/p><\/div>\n<\/p><\/div>\n<div style='display: flex; flex-wrap: wrap; gap: 30px; margin-bottom: 30px;'>\n<div style='flex: 1 1 300px; min-width: 280px;'>\n<h3 style='font-size: 22px; border-bottom: 2px solid currentColor; padding-bottom: 5px; margin-top: 0; color: inherit; opacity: 0.8;'>Aplicaciones<\/h3>\n<ul style='padding-left: 20px; font-size: 15px; color: inherit;'>\n<li style='margin-bottom: 5px;'>Uso en Equipamiento de Red&comma; Servidores&comma; Switches&comma; etc.<\/li>\n<li style='margin-bottom: 5px;'>Ideal para cuartos de telecomunicaciones certificados<\/li>\n<\/ul><\/div>\n<\/p><\/div>\n<div style='display: flex; flex-wrap: wrap; gap: 30px; margin-bottom: 30px;'>\n<div style='flex: 1 1 300px; min-width: 280px;'>\n<h3 style='font-size: 22px; border-bottom: 2px solid currentColor; padding-bottom: 5px; margin-top: 0; color: inherit; opacity: 0.8;'>Caracter\u00edsticas F\u00edsicas<\/h3>\n<ul style='padding-left: 20px; font-size: 15px; color: inherit;'>\n<li style='margin-bottom: 5px;'><strong>Tipo:<\/strong> Rack de dos postes<\/li>\n<li style='margin-bottom: 5px;'><strong>Unidades de Rack:<\/strong> 42<\/li>\n<li style='margin-bottom: 5px;'><strong>Color:<\/strong> Negro<\/li>\n<li style='margin-bottom: 5px;'><strong>Ancho del sistema:<\/strong> 19&#8242;<\/li>\n<li style='margin-bottom: 5px;'><strong>Material:<\/strong> Aluminio<\/li>\n<li style='margin-bottom: 5px;'><strong>Rieles numerados:<\/strong> De abajo hacia arriba<\/li>\n<li style='margin-bottom: 5px;'><strong>Dimensiones exteriores:<\/strong> 514 x 2007 x 76mm (Ancho x Alto x Profundidad)<\/li>\n<li style='margin-bottom: 5px;'><strong>Capacidad de carga:<\/strong> 1000 Lbs (453Kg.)<\/li>\n<\/ul><\/div>\n<\/p><\/div>\n<hr style='border: 0; border-top: 1px solid rgba(150&comma; 150&comma; 150&comma; 0.3); margin: 30px 0;'> <\/div>\n","protected":false},"excerpt":{"rendered":"<p>Rack de Dos Postes Est\u00e1ndar de 19 in, Rieles Numerados y Roscados #12-24, Fabricado en Aluminio, 42 Unidades de Rack, Color Negro<\/p>\n","protected":false},"featured_media":10857,"comment_status":"open","ping_status":"closed","template":"","meta":[],"product_brand":[],"product_cat":[680],"product_tag":[445,660,605],"class_list":{"0":"post-10858","1":"product","2":"type-product","3":"status-publish","4":"has-post-thumbnail","6":"product_cat-racks-abiertos-racks-y-gabinetes","7":"product_tag-panduit","8":"product_tag-racks-abiertos","9":"product_tag-racks-y-gabinetes","11":"first","12":"outofstock","13":"sale","14":"shipping-taxable","15":"purchasable","16":"product-type-simple"},"_links":{"self":[{"href":"https:\/\/soydeaqui.ddns.net\/pachuca\/index.php\/wp-json\/wp\/v2\/product\/10858","targetHints":{"allow":["GET"]}}],"collection":[{"href":"https:\/\/soydeaqui.ddns.net\/pachuca\/index.php\/wp-json\/wp\/v2\/product"}],"about":[{"href":"https:\/\/soydeaqui.ddns.net\/pachuca\/index.php\/wp-json\/wp\/v2\/types\/product"}],"replies":[{"embeddable":true,"href":"https:\/\/soydeaqui.ddns.net\/pachuca\/index.php\/wp-json\/wp\/v2\/comments?post=10858"}],"wp:featuredmedia":[{"embeddable":true,"href":"https:\/\/soydeaqui.ddns.net\/pachuca\/index.php\/wp-json\/wp\/v2\/media\/10857"}],"wp:attachment":[{"href":"https:\/\/soydeaqui.ddns.net\/pachuca\/index.php\/wp-json\/wp\/v2\/media?parent=10858"}],"wp:term":[{"taxonomy":"product_brand","embeddable":true,"href":"https:\/\/soydeaqui.ddns.net\/pachuca\/index.php\/wp-json\/wp\/v2\/product_brand?post=10858"},{"taxonomy":"product_cat","embeddable":true,"href":"https:\/\/soydeaqui.ddns.net\/pachuca\/index.php\/wp-json\/wp\/v2\/product_cat?post=10858"},{"taxonomy":"product_tag","embeddable":true,"href":"https:\/\/soydeaqui.ddns.net\/pachuca\/index.php\/wp-json\/wp\/v2\/product_tag?post=10858"}],"curies":[{"name":"wp","href":"https:\/\/api.w.org\/{rel}","templated":true}]}}