{"id":108574,"date":"2026-03-20T18:09:26","date_gmt":"2026-03-20T18:09:26","guid":{"rendered":"https:\/\/soydeaqui.ddns.net\/pachuca\/index.php\/producto\/proteccion-activa-ptz-ip-8-megapixel-12x-zoom-colorvu-100-mts-luz-blanca-150-mts-ir-acusense-evita-falsas-alarmas-ip66-ik10-alerta-audible-30-metros-y-luz-estroboscopica-autose\/"},"modified":"2026-03-20T18:09:27","modified_gmt":"2026-03-20T18:09:27","slug":"proteccion-activa-ptz-ip-8-megapixel-12x-zoom-colorvu-100-mts-luz-blanca-150-mts-ir-acusense-evita-falsas-alarmas-ip66-ik10-alerta-audible-30-metros-y-luz-estroboscopica-autose","status":"publish","type":"product","link":"https:\/\/soydeaqui.ddns.net\/pachuca\/index.php\/producto\/proteccion-activa-ptz-ip-8-megapixel-12x-zoom-colorvu-100-mts-luz-blanca-150-mts-ir-acusense-evita-falsas-alarmas-ip66-ik10-alerta-audible-30-metros-y-luz-estroboscopica-autose\/","title":{"rendered":"[ PROTECCI\u00d3N ACTIVA ] PTZ IP 8 Megapixel \/ 12X Zoom \/ ColorVu \/ 100 mts Luz Blanca \/ 150 mts IR \/ ACUSENSE (Evita Falsas Alarmas) \/ IP66 \/ IK10 \/ Alerta Audible 30 metros y Luz Estrobosc\u00f3pica \/ Autoseguimiento 2.0 \/ Hi-PoE \/ Rapid Focus \/ mi"},"content":{"rendered":"<div style='width: 100%; max-width: 1200px; margin: 0 auto; font-family: sans-serif; line-height: 1.6; color: inherit; background-color: transparent;'> <!-- Banner inicial --> <\/p>\n<div style='text-align: center; margin-bottom: 30px;'> <img style='width: 45%; height: auto; border: 1px solid rgba(150&comma;150&comma;150&comma;0.3); border-radius: 8px;' src='https:\/\/ftp3.syscom.mx\/usuarios\/jsosa\/HIKVISION\/imagenes\/logo\/hikvision%20see%20far.png' alt='Banner Inicial'> <\/div>\n<p> <!-- T\u00edtulo --> <\/p>\n<div style='text-align: center; margin: 40px 0;'>\n<h1 style='font-size: 24px; border-bottom: 2px solid currentColor; padding-bottom: 8px; margin: 0; color: inherit; opacity: 0.8;'>Especif\u00edcaciones<\/h1>\n<\/p><\/div>\n<p> <!-- Secci\u00f3n de caracter\u00edsticas principales --> <\/p>\n<div style='display: flex; flex-wrap: wrap; gap: 20px; margin-bottom: 40px;'>\n<div style='flex: 1 1 480px; min-width: 300px;'>\n<div style='border: 1px solid rgba(150&comma; 150&comma; 150&comma; 0.4); border-radius: 8px; overflow: hidden;'>\n<div style='padding: 15px; background-color: #df001e; border-bottom: 1px solid rgba(150&comma; 150&comma; 150&comma; 0.2); color: #ffffff; font-size: 18px; font-weight: bold;'>Caracter\u00edsticas Principales<\/div>\n<div style='padding: 15px;'>\n<ul style='padding-left: 20px; margin: 0; list-style-type: disc; color: inherit;'>\n<li style='margin-bottom: 8px; font-size: 14px;'>Resoluci\u00f3n m\u00e1xima: 8 Megapixel (3840 \u00d7 2160).<\/li>\n<li style='margin-bottom: 8px; font-size: 14px;'>Iluminaci\u00f3n m\u00ednima: color 0.005 Lux @ (F1.2&comma; AGC ON).<\/li>\n<li style='margin-bottom: 8px; font-size: 14px;'>D\u00eda \/ Noche Real (filtro ICR).<\/li>\n<li style='margin-bottom: 8px; font-size: 14px;'>Distancia focal: 6.7 a 80.4 mm (12X zoom \u00f3ptico \/ 16X zoom digital).<\/li>\n<li style='margin-bottom: 8px; font-size: 14px;'>Distancia de infrarrojo: 150 mts Smart IR.<\/li>\n<li style='margin-bottom: 8px; font-size: 14px;'>Funciones normales: HLC \/ ROI \/ WDR 120 dB \/ BLC \/ Intrusi\u00f3n de \u00e1rea \/ Cruece de l\u00ednea \/ Defog \/ EIS.<\/li>\n<li style='margin-bottom: 8px; font-size: 14px;'>Compresi\u00f3n: H.265+ \/ H.265 \/ H.264+ \/ H.264.<\/li>\n<li style='margin-bottom: 8px; font-size: 14px;'>Compatible con la plataforma de Hik-Connect <a style='color: inherit; text-decoration: underline;' href='https:\/\/appstore.hikvision.com\/' target='_blank' rel='noopener'>https:\/\/appstore.hikvision.com\/<\/a><\/li>\n<li style='margin-bottom: 8px; font-size: 14px; font-weight: bold;'>Alerta audible (bocina integrada).<\/li>\n<li style='margin-bottom: 8px; font-size: 14px; font-weight: bold;'>Luz estrobosc\u00f3pica (luz blanca).<\/li>\n<\/ul><\/div>\n<\/p><\/div>\n<\/p><\/div>\n<p> <!-- Caracter\u00edsticas f\u00edsicas y el\u00e9ctricas --> <\/p>\n<div style='flex: 1 1 480px; min-width: 300px;'>\n<div style='border: 1px solid rgba(150&comma; 150&comma; 150&comma; 0.4); border-radius: 8px; overflow: hidden;'>\n<div style='padding: 15px; background-color: #df001e; border-bottom: 1px solid rgba(150&comma; 150&comma; 150&comma; 0.2); color: #ffffff; font-size: 18px; font-weight: bold;'>Caracter\u00edsticas F\u00edsicas y El\u00e9ctricas<\/div>\n<div style='padding: 15px;'>\n<ul style='padding-left: 20px; margin: 0; list-style-type: disc; color: inherit;'>\n<li style='margin-bottom: 8px; font-size: 14px;'>Alimentaci\u00f3n: 24 VCA \/ Hi-PoE \/ 42 W.<\/li>\n<li style='margin-bottom: 8px; font-size: 14px;'>Temperatura de operaci\u00f3n: -30\u00b0C a 65\u00b0C \/ Humedad al 90% m\u00e1ximo.<\/li>\n<li style='margin-bottom: 8px; font-size: 14px;'>Uso en exterior IP66.<\/li>\n<li style='margin-bottom: 8px; font-size: 14px;'>Antivand\u00e1lico IK10.<\/li>\n<li style='margin-bottom: 8px; font-size: 14px;'>El PTZ incluye brazo de pared <a style='color: inherit; text-decoration: underline;' href='https:\/\/www.syscom.mx\/producto\/DS-1602ZJ-HIKVISION-77700.html' target='_blank' rel='noopener'>DS-1602ZJ<\/a>.<\/li>\n<li style='margin-bottom: 8px; font-size: 14px;'>Protecci\u00f3n contra sobretensiones y protecci\u00f3n contra voltajes transistorios.<\/li>\n<li style='margin-bottom: 8px; font-size: 14px;'>Dimensiones: 220 x 363.3 mm.<\/li>\n<li style='margin-bottom: 8px; font-size: 14px;'>Peso: 5 Kgs.<\/li>\n<li style='margin-bottom: 8px; font-size: 14px; font-weight: bold;'>NO funcionar\u00e1 con un switch PoE est\u00e1ndar (802.3af&comma; max 15.4W). Requiere Hi-PoE o 24VAC con una fuente<\/li>\n<li style='margin-bottom: 8px; font-size: 14px; font-weight: bold;'>Se recomienda usar el modelo <a style='color: inherit; text-decoration: underline;' href='https:\/\/www.syscom.mx\/producto\/LAS60-57CN-RJ45-HIKVISION-72655.html' target='_blank' rel='noopener'>LAS-6057-CNRJ45<\/a> en caso de que requieran alimentar el domo por medio de PoE.<\/li>\n<li style='margin-bottom: 8px; font-size: 14px; font-weight: bold;'>No incluye fuente de alimentaci\u00f3n&comma; Se recomieda usar <a style='color: inherit; text-decoration: underline;' href='https:\/\/www.syscom.mx\/products\/229336' target='_blank' rel='noopener'>RT2470LS<\/a><\/li>\n<li style='margin-bottom: 8px; font-size: 14px; font-weight: bold;'>Consulte la ficha t\u00e9cnica para validar los accesorios compatibles&comma; de clic <a style='color: inherit; text-decoration: underline;' href='https:\/\/ftp3.syscom.mx\/usuarios\/fcarrillo\/Hikvision\/Specs\/Especificaciones%20Tecnicas%20DS-2DE7A812MCG-EB_V5.7.10_20220928.pdf' target='_blank' rel='noopener'>Aqu\u00ed<\/a><\/li>\n<\/ul><\/div>\n<\/p><\/div>\n<\/p><\/div>\n<\/p><\/div>\n<p> <!-- Secci\u00f3n de interfaces y caracter\u00edsticas generales --> <\/p>\n<div style='display: flex; flex-wrap: wrap; gap: 20px; margin-bottom: 40px;'>\n<div style='flex: 1 1 480px; min-width: 300px;'>\n<div style='border: 1px solid rgba(150&comma; 150&comma; 150&comma; 0.4); border-radius: 8px; overflow: hidden;'>\n<div style='padding: 15px; background-color: #df001e; border-bottom: 1px solid rgba(150&comma; 150&comma; 150&comma; 0.2); color: #ffffff; font-size: 18px; font-weight: bold;'>Interfaces Entradas y Salidas<\/div>\n<div style='padding: 15px;'>\n<ul style='padding-left: 20px; margin: 0; list-style-type: disc; color: inherit;'>\n<li style='margin-bottom: 8px; font-size: 14px;'>Entradas de alarma: 2.<\/li>\n<li style='margin-bottom: 8px; font-size: 14px;'>Salidas de alarma: 1.<\/li>\n<li style='margin-bottom: 8px; font-size: 14px;'>Entradas de audio: 1.<\/li>\n<li style='margin-bottom: 8px; font-size: 14px;'>Salidas de audio: 1.<\/li>\n<li style='margin-bottom: 8px; font-size: 14px;'>Puerto de red: 1 (10 \/ 100 Mbps \/ Hi-PoE).<\/li>\n<li style='margin-bottom: 8px; font-size: 14px;'>Almacenamiento micro SD de hasta 256 GB \/ ANR (Automatic Network Recovery).<\/li>\n<li style='margin-bottom: 8px; font-size: 14px;'>Soporta ONVIF (Profile S&comma; Profile G&comma; Profile T) \/ ISUP.<\/li>\n<\/ul><\/div>\n<\/p><\/div>\n<\/p><\/div>\n<p> <!-- Caracter\u00edsticas generales --> <\/p>\n<div style='flex: 1 1 480px; min-width: 300px;'>\n<div style='border: 1px solid rgba(150&comma; 150&comma; 150&comma; 0.4); border-radius: 8px; overflow: hidden;'>\n<div style='padding: 15px; background-color: #df001e; border-bottom: 1px solid rgba(150&comma; 150&comma; 150&comma; 0.2); color: #ffffff; font-size: 18px; font-weight: bold;'>Caracter\u00edsticas Generales<\/div>\n<div style='padding: 15px;'>\n<ul style='padding-left: 20px; margin: 0; list-style-type: disc; color: inherit;'>\n<li style='margin-bottom: 8px; font-size: 14px;'>Paneo: 360\u00b0.<\/li>\n<li style='margin-bottom: 8px; font-size: 14px;'>Tildeo: -15\u00b0 a 90\u00ba (auto flip).<\/li>\n<li style='margin-bottom: 8px; font-size: 14px;'>Preset \/ Patrol \/ Pattern: 300 \/ 8 \/ 4.<\/li>\n<li style='margin-bottom: 8px; font-size: 14px;'>Reducci\u00f3n de falsas alarmas (ACUSENSE).<\/li>\n<li style='margin-bottom: 8px; font-size: 14px;'>Funci\u00f3n de PARK ACTION (o Acci\u00f3n de Estacionamiento).<\/li>\n<li style='margin-bottom: 8px; font-size: 14px;'>Soporta tareas calendarizadas.<\/li>\n<li style='margin-bottom: 8px; font-size: 14px;'>Soporta hasta 20 usuarios simult\u00e1neos.<\/li>\n<\/ul><\/div>\n<\/p><\/div>\n<\/p><\/div>\n<\/p><\/div>\n<p> <!-- Secci\u00f3n de caracter\u00edsticas destacadas --> <\/p>\n<div style='margin-bottom: 40px;'>\n<div style='border: 1px solid rgba(150&comma; 150&comma; 150&comma; 0.4); border-radius: 8px; overflow: hidden;'>\n<div style='padding: 15px; background-color: #df001e; border-bottom: 1px solid rgba(150&comma; 150&comma; 150&comma; 0.2); color: #ffffff; font-size: 18px; font-weight: bold;'>Caracter\u00edsticas Destacadas<\/div>\n<div style='padding: 15px;'>\n<div style='margin-bottom: 25px;'>\n<h3 style='font-size: 20px; margin: 0 0 10px 0; color: inherit; font-weight: bold;'>Doble iluminaci\u00f3n: IR hasta 150m + Luz blanca hasta 100m<\/h3>\n<ul style='padding-left: 20px; margin: 0; list-style-type: disc; color: inherit;'>\n<li style='margin-bottom: 8px; font-size: 14px;'>Visi\u00f3n nocturna en color 24\/7: Incorpora un h\u00edbrido de luz infrarroja (IR) y luz blanca. La luz blanca permite ver im\u00e1genes a color durante la noche y act\u00faa como elemento disuasorio.<\/li>\n<\/ul><\/div>\n<div style='margin-bottom: 25px;'>\n<h3 style='font-size: 20px; margin: 0 0 10px 0; color: inherit; font-weight: bold;'>Inteligencia artificial avanzada con AcuSense y captura facial<\/h3>\n<ul style='padding-left: 20px; margin: 0; list-style-type: disc; color: inherit;'>\n<li style='margin-bottom: 8px; font-size: 14px;'>Clasificaci\u00f3n de objetivos: Usa deep learning para diferenciar entre personas&comma; veh\u00edculos y otros objetos&comma; reduciendo falsas alarmas.<\/li>\n<li style='margin-bottom: 8px; font-size: 14px;'>Captura facial simult\u00e1nea: Detecta y captura hasta 5 rostros al mismo tiempo&comma; seleccionando autom\u00e1ticamente la mejor imagen de cada uno.<\/li>\n<li style='margin-bottom: 8px; font-size: 14px;'>Seguimiento inteligente (Smart Tracking): Sigue autom\u00e1ticamente a un objetivo seleccionado dentro de su campo de visi\u00f3n.<\/li>\n<\/ul><\/div>\n<div style='margin-bottom: 25px;'>\n<h3 style='font-size: 20px; margin: 0 0 10px 0; color: inherit; font-weight: bold;'>Alarma audiovisual activa (disuasi\u00f3n f\u00edsica)<\/h3>\n<ul style='padding-left: 20px; margin: 0; list-style-type: disc; color: inherit;'>\n<li style='margin-bottom: 8px; font-size: 14px;'>Elemento de seguridad proactiva: Cuando detecta una intrusi\u00f3n (por ejemplo)&comma; puede activar:<\/li>\n<li style='margin-bottom: 8px; font-size: 14px;'>Luz blanca intermitente (strobe) para alertar y deslumbrar.<\/li>\n<li style='margin-bottom: 8px; font-size: 14px;'>Alerta sonora a trav\u00e9s de su altavoz integrado (alcance de hasta 30 metros).<\/li>\n<li style='margin-bottom: 8px; font-size: 14px;'>Funciona como un sistema de videovigilancia y alarma combinados.<\/li>\n<\/ul><\/div>\n<div>\n<h3 style='font-size: 16px; margin: 0 0 10px 0; color: inherit; font-weight: bold;'>Compatibilidad con NVRs:<\/h3>\n<ul style='padding-left: 20px; margin: 0; list-style-type: disc; color: inherit;'>\n<li style='font-size: 14px;'>Se recomienda usar NVR&#8217;s NXI-K&comma; NI-K&comma; NI-I&comma; NI-M&comma; NXI-I&comma; NXI-M.<\/li>\n<\/ul><\/div>\n<\/p><\/div>\n<\/p><\/div>\n<\/p><\/div>\n<p> <!-- Secci\u00f3n de videos --> <\/p>\n<div style='margin-bottom: 40px;'>\n<h3 style='font-size: 22px; border-bottom: 2px solid currentColor; padding-bottom: 5px; margin-top: 0; margin-bottom: 20px; color: inherit; opacity: 0.8;'>Videos Informativos<\/h3>\n<div style='display: flex; flex-wrap: wrap; gap: 20px;'>\n<div style='flex: 1 1 300px; min-width: 280px;'>\n<div style='position: relative; padding-bottom: 56.25%; height: 0; overflow: hidden; margin-bottom: 30px;'>   <\/div>\n<p style='text-align: center; font-size: 14px; margin: 0;'>AcuSense \u00c1reas Restringidas<\/p>\n<\/p><\/div>\n<div style='flex: 1 1 300px; min-width: 280px;'>\n<div style='position: relative; padding-bottom: 56.25%; height: 0; overflow: hidden; margin-bottom: 30px;'>   <\/div>\n<p style='text-align: center; font-size: 14px; margin: 0;'>AcuSense Almacenes<\/p>\n<\/p><\/div>\n<div style='flex: 1 1 300px; min-width: 280px;'>\n<div style='position: relative; padding-bottom: 56.25%; height: 0; overflow: hidden; margin-bottom: 30px;'>   <\/div>\n<p style='text-align: center; font-size: 14px; margin: 0;'>Zoom \u00d3ptico<\/p>\n<\/p><\/div>\n<div style='flex: 1 1 300px; min-width: 280px;'>\n<div style='position: relative; padding-bottom: 56.25%; height: 0; overflow: hidden; margin-bottom: 30px;'>   <\/div>\n<p style='text-align: center; font-size: 14px; margin: 0;'>DARK FIGHTER Evidencia a Color<\/p>\n<\/p><\/div>\n<div style='flex: 1 1 300px; min-width: 280px;'>\n<div style='position: relative; padding-bottom: 56.25%; height: 0; overflow: hidden; margin-bottom: 30px;'>   <\/div>\n<p style='text-align: center; font-size: 14px; margin: 0;'>Hikvision DARK FIGHTER<\/p>\n<\/p><\/div>\n<div style='flex: 1 1 300px; min-width: 280px;'>\n<div style='position: relative; padding-bottom: 56.25%; height: 0; overflow: hidden; margin-bottom: 30px;'>   <\/div>\n<p style='text-align: center; font-size: 14px; margin: 0;'>Auto Seguimiento de Noche<\/p>\n<\/p><\/div>\n<div style='flex: 1 1 300px; min-width: 280px;'>\n<div style='position: relative; padding-bottom: 56.25%; height: 0; overflow: hidden; margin-bottom: 30px;'>   <\/div>\n<p style='text-align: center; font-size: 14px; margin: 0;'>DARK FIGHTER 8MP<\/p>\n<\/p><\/div>\n<div style='flex: 1 1 300px; min-width: 280px;'>\n<div style='position: relative; padding-bottom: 56.25%; height: 0; overflow: hidden; margin-bottom: 30px;'>   <\/div>\n<p style='text-align: center; font-size: 14px; margin: 0;'>DARK FIGHTER 2MP<\/p>\n<\/p><\/div>\n<\/p><\/div>\n<\/p><\/div>\n<p> <!-- Secci\u00f3n DARKFIGHTER --> <\/p>\n<div style='margin-bottom: 40px;'>\n<div style='display: flex; flex-wrap: wrap; gap: 20px;'>\n<div style='flex: 1 1 300px; min-width: 280px;'>\n<h3 style='font-size: 20px; margin: 0 0 15px 0; color: inherit; font-weight: bold;'>DARKFIGHTER<\/h3>\n<ul style='padding-left: 20px; margin: 0; list-style-type: disc; color: inherit;'>\n<li style='margin-bottom: 8px; font-size: 14px;'>Imagen a color con muy poca iluminaci\u00f3n.<\/li>\n<li style='margin-bottom: 8px; font-size: 14px;'>Con la iluminaci\u00f3n natural o con el poco alumbrado p\u00fablico logra mostrar mayor detalle en la imagen.<\/li>\n<\/ul><\/div>\n<div style='flex: 1 1 300px; min-width: 280px;'> <img style='width: 100%; height: auto; border: 1px solid rgba(150&comma;150&comma;150&comma;0.3); border-radius: 8px;' src='https:\/\/ftp3.syscom.mx\/usuarios\/jsosa\/HIKVISION\/videos\/4%20MP%20DarkFighter%20Performance%20Test.gif' alt='DARKFIGHTER Performance'> <\/div>\n<\/p><\/div>\n<\/p><\/div>\n<p> <!-- Banner final --> <\/p>\n<div style='margin-bottom: 40px;'> <img style='width: 100%; height: auto; border: 1px solid rgba(150&comma;150&comma;150&comma;0.3); border-radius: 8px;' src='https:\/\/ftp3.syscom.mx\/usuarios\/jsosa\/HIKVISION\/imagenes\/banners\/solution%20complete.png' alt='Banner Final'> <\/div>\n<\/p><\/div>\n","protected":false},"excerpt":{"rendered":"<p>[ PROTECCI\u00d3N ACTIVA ] PTZ IP 8 Megapixel \/ 12X Zoom \/ ColorVu \/ 100 mts Luz Blanca \/ 150 mts IR \/ ACUSENSE (Evita Falsas Alarmas) \/ IP66 \/ IK10 \/ Alerta Audible 30 metros y Luz Estrobosc\u00f3pica \/ Autoseguimiento 2.0 \/ Hi-PoE \/ Rapid Focus \/ mi<\/p>\n","protected":false},"featured_media":108573,"comment_status":"open","ping_status":"closed","template":"","meta":[],"product_brand":[],"product_cat":[1224],"product_tag":[122,54,1225],"class_list":{"0":"post-108574","1":"product","2":"type-product","3":"status-publish","4":"has-post-thumbnail","6":"product_cat-ptz","7":"product_tag-camaras-ip-y-nvrs","8":"product_tag-hikvision","9":"product_tag-ptz","11":"first","12":"instock","13":"sale","14":"shipping-taxable","15":"purchasable","16":"product-type-simple"},"_links":{"self":[{"href":"https:\/\/soydeaqui.ddns.net\/pachuca\/index.php\/wp-json\/wp\/v2\/product\/108574","targetHints":{"allow":["GET"]}}],"collection":[{"href":"https:\/\/soydeaqui.ddns.net\/pachuca\/index.php\/wp-json\/wp\/v2\/product"}],"about":[{"href":"https:\/\/soydeaqui.ddns.net\/pachuca\/index.php\/wp-json\/wp\/v2\/types\/product"}],"replies":[{"embeddable":true,"href":"https:\/\/soydeaqui.ddns.net\/pachuca\/index.php\/wp-json\/wp\/v2\/comments?post=108574"}],"wp:featuredmedia":[{"embeddable":true,"href":"https:\/\/soydeaqui.ddns.net\/pachuca\/index.php\/wp-json\/wp\/v2\/media\/108573"}],"wp:attachment":[{"href":"https:\/\/soydeaqui.ddns.net\/pachuca\/index.php\/wp-json\/wp\/v2\/media?parent=108574"}],"wp:term":[{"taxonomy":"product_brand","embeddable":true,"href":"https:\/\/soydeaqui.ddns.net\/pachuca\/index.php\/wp-json\/wp\/v2\/product_brand?post=108574"},{"taxonomy":"product_cat","embeddable":true,"href":"https:\/\/soydeaqui.ddns.net\/pachuca\/index.php\/wp-json\/wp\/v2\/product_cat?post=108574"},{"taxonomy":"product_tag","embeddable":true,"href":"https:\/\/soydeaqui.ddns.net\/pachuca\/index.php\/wp-json\/wp\/v2\/product_tag?post=108574"}],"curies":[{"name":"wp","href":"https:\/\/api.w.org\/{rel}","templated":true}]}}