{"id":108566,"date":"2026-03-20T18:09:03","date_gmt":"2026-03-20T18:09:03","guid":{"rendered":"https:\/\/soydeaqui.ddns.net\/pachuca\/index.php\/producto\/bala-ip-dual-termica-3-1-mm-160-x-120-optico-4-mm-4-megapixel-termometrica-deteccion-de-temperatura-poe-exterior-ip66-sirena-y-luz-intermitente-integrada-microsd\/"},"modified":"2026-03-20T18:09:05","modified_gmt":"2026-03-20T18:09:05","slug":"bala-ip-dual-termica-3-1-mm-160-x-120-optico-4-mm-4-megapixel-termometrica-deteccion-de-temperatura-poe-exterior-ip66-sirena-y-luz-intermitente-integrada-microsd","status":"publish","type":"product","link":"https:\/\/soydeaqui.ddns.net\/pachuca\/index.php\/producto\/bala-ip-dual-termica-3-1-mm-160-x-120-optico-4-mm-4-megapixel-termometrica-deteccion-de-temperatura-poe-exterior-ip66-sirena-y-luz-intermitente-integrada-microsd\/","title":{"rendered":"Bala IP Dual \/ T\u00e9rmica 3.1 mm (160 x 120) \/ \u00d3ptico 4 mm (4 Megapixel) \/ Termom\u00e9trica \/ Detecci\u00f3n de Temperatura \/ PoE \/Exterior IP66 \/ Sirena y Luz Intermitente Integrada \/ MicroSD"},"content":{"rendered":"<div style='width: 100%; max-width: 1200px; margin: 0 auto; font-family: sans-serif; line-height: 1.6; color: inherit; background-color: transparent;'>\n<div style='text-align: center; margin-bottom: 20px;'> <img style='width: 45%; height: auto; border: 1px solid rgba(150&comma;150&comma;150&comma;0.3); border-radius: 8px;' src='https:\/\/ftp3.syscom.mx\/usuarios\/jsosa\/HIKVISION\/imagenes\/logo\/hikvision%20see%20far.png' alt='Logo Hikvision'> <\/div>\n<div style='text-align: center; margin-bottom: 20px;'> <img style='width: 100%; max-width: 1080px; height: auto; border: 1px solid rgba(150&comma;150&comma;150&comma;0.3); border-radius: 8px;' src='https:\/\/ftp3.syscom.mx\/usuarios\/fotos\/DS2TD11173\/PA\/195296-3.1.png' alt='Producto'> <\/div>\n<div style='position: relative; padding-bottom: 56.25%; height: 0; overflow: hidden; margin-bottom: 30px;'>   <\/div>\n<div style='display: flex; flex-wrap: wrap; justify-content: space-between; margin-bottom: 30px;'>\n<div style='width: 49%; margin-bottom: 20px;'>\n<div style='position: relative; padding-bottom: 56.25%; height: 0; overflow: hidden;'>   <\/div>\n<\/p><\/div>\n<div style='width: 49%; margin-bottom: 20px;'>\n<div style='position: relative; padding-bottom: 56.25%; height: 0; overflow: hidden;'>   <\/div>\n<\/p><\/div>\n<\/p><\/div>\n<div style='display: flex; flex-wrap: wrap; gap: 30px; margin-bottom: 30px;'>\n<div style='flex: 1 1 300px; min-width: 280px;'>\n<div style='border-left: 5px solid #ff0000; border-radius: 8px; padding: 15px; box-shadow: 2px 2px 10px rgba(216&comma; 216&comma; 216&comma; 0.5);'>\n<h3 style='font-size: 18px; margin-top: 0; margin-bottom: 15px; color: inherit; font-family: Verdana&comma; Geneva&comma; sans-serif;'><strong>Caracter\u00edsticas principales de la camara termica<\/strong><\/h3>\n<ul style='padding-left: 20px; font-size: 14px; color: inherit; list-style-type: disc;'>\n<li style='margin-bottom: 8px;'><strong>Lente fijo:<\/strong> 3.1 mm<\/li>\n<li style='margin-bottom: 8px;'><strong>Resoluci\u00f3n:<\/strong> 160 x 120<\/li>\n<li style='margin-bottom: 8px;'><strong>Sensor de imagen:<\/strong> \u00f3xido de vanadio&comma; detector de plano focal no refrigerado<\/li>\n<li style='margin-bottom: 8px;'><strong>Entradas y salidas de alarma:<\/strong> S\u00ed<\/li>\n<li style='margin-bottom: 8px;'><strong>Identificaci\u00f3n de personas:<\/strong> 11 mts aproximado<\/li>\n<li style='margin-bottom: 8px;'><strong>Identificaci\u00f3n de veh\u00edculos:<\/strong> 35 mts aproximado<\/li>\n<\/ul><\/div>\n<\/p><\/div>\n<div style='flex: 1 1 300px; min-width: 280px;'>\n<div style='border-left: 5px solid #ff0000; border-radius: 8px; padding: 15px; box-shadow: 2px 2px 10px rgba(216&comma; 216&comma; 216&comma; 0.5);'>\n<h3 style='font-size: 18px; margin-top: 0; margin-bottom: 15px; color: inherit; font-family: Verdana&comma; Geneva&comma; sans-serif;'><strong>Caracter\u00edsticas principales de la c\u00e1mara \u00f3ptica<\/strong><\/h3>\n<ul style='padding-left: 20px; font-size: 14px; color: inherit; list-style-type: disc;'>\n<li style='margin-bottom: 8px;'><strong>Lente fijo:<\/strong> 4 mm (84\u00ba de apertura)<\/li>\n<li style='margin-bottom: 8px;'><strong>Resoluci\u00f3n:<\/strong> 4 Megapixel (2688 x 1520)<\/li>\n<li style='margin-bottom: 8px;'><strong>Sensor de imagen:<\/strong> 1\/2.7&#8242; CMOS Scan Progresivo<\/li>\n<li style='margin-bottom: 8px;'><strong>Iluminaci\u00f3n m\u00ednima:<\/strong> Color: 0.0089 Lux @ (F1.6&comma; AGC ON)<\/li>\n<li style='margin-bottom: 8px;'><strong>WDR:<\/strong> 120dB \/ Cruce de l\u00ednea \/ Entrada y salida de regi\u00f3n<\/li>\n<li style='margin-bottom: 8px;'><strong>Visi\u00f3n nocturna:<\/strong> 40 mts IR<\/li>\n<\/ul><\/div>\n<\/p><\/div>\n<div style='flex: 1 1 300px; min-width: 280px;'>\n<div style='border-left: 5px solid #ff0000; border-radius: 8px; padding: 15px; box-shadow: 2px 2px 10px rgba(216&comma; 216&comma; 216&comma; 0.5);'>\n<h3 style='font-size: 18px; margin-top: 0; margin-bottom: 15px; color: inherit; font-family: Verdana&comma; Geneva&comma; sans-serif;'><strong>Caracter\u00edsticas F\u00edsicas y El\u00e9ctricas<\/strong><\/h3>\n<ul style='padding-left: 20px; font-size: 14px; color: inherit; list-style-type: disc;'>\n<li style='margin-bottom: 8px;'><strong>Alimentaci\u00f3n:<\/strong> 12 Vcc \/ PoE (802.3 af) \/ 6 Watts<\/li>\n<li style='margin-bottom: 8px;'><strong>Temperatura de operaci\u00f3n:<\/strong> -40\u00baC a 65\u00baC<\/li>\n<li style='margin-bottom: 8px;'><strong>Protecci\u00f3n:<\/strong> IP66<\/li>\n<li style='margin-bottom: 8px;'><strong>Dimensiones:<\/strong> 358.3 x 113.5 x 115.2 mm<\/li>\n<li style='margin-bottom: 8px;'><strong>Peso:<\/strong> 1.76 Kg<\/li>\n<\/ul><\/div>\n<\/p><\/div>\n<div style='flex: 1 1 300px; min-width: 280px;'>\n<div style='border-left: 5px solid #ff0000; border-radius: 8px; padding: 15px; box-shadow: 2px 2px 10px rgba(216&comma; 216&comma; 216&comma; 0.5);'>\n<h3 style='font-size: 18px; margin-top: 0; margin-bottom: 15px; color: inherit; font-family: Verdana&comma; Geneva&comma; sans-serif;'><strong>Funciones avanzadas<\/strong><\/h3>\n<ul style='padding-left: 20px; font-size: 14px; color: inherit; list-style-type: disc;'>\n<li style='margin-bottom: 8px;'>4 Videoanal\u00edticos integrados (Cruce de l\u00ednea \/ Intrusi\u00f3n de \u00e1rea \/ Regi\u00f3n de entrada \/ Regi\u00f3n de salida)<\/li>\n<li style='margin-bottom: 8px;'><strong>Rango de temperatura:<\/strong> -20\u00baC a 150\u00baC (-4\u00baF a 302\u00baF)<\/li>\n<li style='margin-bottom: 8px;'><strong>Eficiencia de rango:<\/strong> 8\u00baC<\/li>\n<li style='margin-bottom: 8px;'>Muestra la temperatura del escenario a visualizar<\/li>\n<li style='margin-bottom: 8px;'><strong>Memoria Micro SD:<\/strong> Hasta 256 GB (no incluida)<\/li>\n<li style='margin-bottom: 8px;'><strong>Alerta:<\/strong> Luz intermitente y audio pregrabado \/ personalizable (ligado a evento por medio de altavoz integrado)<\/li>\n<\/ul><\/div>\n<\/p><\/div>\n<\/p><\/div>\n<div style='position: relative; padding-bottom: 56.25%; height: 0; overflow: hidden; margin-bottom: 30px;'> <img style='position: absolute; top: 0; left: 0; width: 100%; height: 100%; object-fit: contain; border: 1px solid rgba(150&comma;150&comma;150&comma;0.3); border-radius: 8px;' src='https:\/\/ftp3.syscom.mx\/usuarios\/fotos\/DS2TD26176\/PA\/188756-captura_de_pantalla_2021-05-15_a_la(s)_12.09.10.png' alt='Captura de pantalla'> <\/div>\n<\/p><\/div>\n","protected":false},"excerpt":{"rendered":"<p>Bala IP Dual \/ T\u00e9rmica 3.1 mm (160 x 120) \/ \u00d3ptico 4 mm (4 Megapixel) \/ Termom\u00e9trica \/ Detecci\u00f3n de Temperatura \/ PoE \/Exterior IP66 \/ Sirena y Luz Intermitente Integrada \/ MicroSD<\/p>\n","protected":false},"featured_media":108565,"comment_status":"open","ping_status":"closed","template":"","meta":[],"product_brand":[],"product_cat":[1049],"product_tag":[122,54,1050],"class_list":{"0":"post-108566","1":"product","2":"type-product","3":"status-publish","4":"has-post-thumbnail","6":"product_cat-termicas","7":"product_tag-camaras-ip-y-nvrs","8":"product_tag-hikvision","9":"product_tag-termicas","11":"first","12":"outofstock","13":"sale","14":"shipping-taxable","15":"purchasable","16":"product-type-simple"},"_links":{"self":[{"href":"https:\/\/soydeaqui.ddns.net\/pachuca\/index.php\/wp-json\/wp\/v2\/product\/108566","targetHints":{"allow":["GET"]}}],"collection":[{"href":"https:\/\/soydeaqui.ddns.net\/pachuca\/index.php\/wp-json\/wp\/v2\/product"}],"about":[{"href":"https:\/\/soydeaqui.ddns.net\/pachuca\/index.php\/wp-json\/wp\/v2\/types\/product"}],"replies":[{"embeddable":true,"href":"https:\/\/soydeaqui.ddns.net\/pachuca\/index.php\/wp-json\/wp\/v2\/comments?post=108566"}],"wp:featuredmedia":[{"embeddable":true,"href":"https:\/\/soydeaqui.ddns.net\/pachuca\/index.php\/wp-json\/wp\/v2\/media\/108565"}],"wp:attachment":[{"href":"https:\/\/soydeaqui.ddns.net\/pachuca\/index.php\/wp-json\/wp\/v2\/media?parent=108566"}],"wp:term":[{"taxonomy":"product_brand","embeddable":true,"href":"https:\/\/soydeaqui.ddns.net\/pachuca\/index.php\/wp-json\/wp\/v2\/product_brand?post=108566"},{"taxonomy":"product_cat","embeddable":true,"href":"https:\/\/soydeaqui.ddns.net\/pachuca\/index.php\/wp-json\/wp\/v2\/product_cat?post=108566"},{"taxonomy":"product_tag","embeddable":true,"href":"https:\/\/soydeaqui.ddns.net\/pachuca\/index.php\/wp-json\/wp\/v2\/product_tag?post=108566"}],"curies":[{"name":"wp","href":"https:\/\/api.w.org\/{rel}","templated":true}]}}