{"id":108562,"date":"2026-03-20T18:08:50","date_gmt":"2026-03-20T18:08:50","guid":{"rendered":"https:\/\/soydeaqui.ddns.net\/pachuca\/index.php\/producto\/camara-ip-multisensor-20mp-4-sensores-de-5mp-wdr-120-db-lente-motorizado-4-13-9-4-mm-12vcc-hpoe-ip66-ik10\/"},"modified":"2026-03-20T18:08:59","modified_gmt":"2026-03-20T18:08:59","slug":"camara-ip-multisensor-20mp-4-sensores-de-5mp-wdr-120-db-lente-motorizado-4-13-9-4-mm-12vcc-hpoe-ip66-ik10","status":"publish","type":"product","link":"https:\/\/soydeaqui.ddns.net\/pachuca\/index.php\/producto\/camara-ip-multisensor-20mp-4-sensores-de-5mp-wdr-120-db-lente-motorizado-4-13-9-4-mm-12vcc-hpoe-ip66-ik10\/","title":{"rendered":"Camara IP Multisensor 20MP (4 Sensores de 5MP), WDR 120 DB Lente Motorizado 4.13 &#8211; 9.4 MM  12Vcc\/ HPOE \/IP66 \/IK10"},"content":{"rendered":"<div style='width: 100%; max-width: 1200px; margin: 0 auto; font-family: sans-serif; line-height: 1.6; color: inherit; background-color: transparent;'> <!-- Imagen de header --> <\/p>\n<div style='width: 100%; margin-bottom: 30px;'> <img style='width: 100%; height: auto; border: 1px solid rgba(150&comma;150&comma;150&comma;0.3); border-radius: 8px;' src='https:\/\/ftp3.syscom.mx\/usuarios\/ftp\/single_page\/hanwha\/wisenet_p\/header-wisenet.jpg' alt=''> <\/div>\n<p> <!-- Secci\u00f3n de descripci\u00f3n --> <\/p>\n<div style='display: flex; flex-wrap: wrap; gap: 30px; margin-bottom: 30px;'>\n<div style='flex: 1 1 300px; min-width: 280px;'>\n<h3 style='font-size: 22px; border-bottom: 2px solid currentColor; padding-bottom: 5px; margin-top: 0; color: inherit; opacity: 0.8;'>Cubra grandes \u00e1reas con una sola c\u00e1mara<\/h3>\n<p style='font-size: 15px; color: inherit; margin-bottom: 15px;'>Las c\u00e1maras de serie Wisenet P est\u00e1n equipadas con m\u00faltiples sensores&comma; lo que significa una cobertura efectiva de grandes \u00e1reas con una sola c\u00e1mara.<\/p>\n<ul style='padding-left: 20px; font-size: 15px; color: inherit; margin-bottom: 15px;'>\n<li style='margin-bottom: 5px;'>Estos dispositivos pueden monitorear simult\u00e1neamente m\u00faltiples direcciones sin puntos ciegos. Cuando se combinan con una c\u00e1mara PTZ provee un gran detalle de la imagen deseada a trav\u00e9s de su efectiva funci\u00f3n de zoom-in.<\/li>\n<li style='margin-bottom: 5px;'>Las c\u00e1maras panor\u00e1micas proveen una amplia imagen con un solo dispositivo al unificar 4 im\u00e1genes de los sensores disponibles.<\/li>\n<\/ul>\n<p style='font-size: 15px; color: inherit;'>Al instalar c\u00e1maras multisensor Wisenet&comma; el costo de la instalaci\u00f3n y mantenimiento del sistema se reduce mientras monitoreamos grandes \u00e1reas con menos dispositivos.<\/p>\n<\/p><\/div>\n<\/p><\/div>\n<p> <!-- Separador --> <\/p>\n<hr style='border: 0; border-top: 1px solid rgba(150&comma; 150&comma; 150&comma; 0.3); margin: 30px 0;'> <!-- Secci\u00f3n de PTRZ --> <\/p>\n<div style='display: flex; flex-wrap: wrap; gap: 30px; margin-bottom: 30px;'>\n<div style='flex: 1 1 300px; min-width: 280px;'>\n<h3 style='font-size: 22px; border-bottom: 2px solid currentColor; padding-bottom: 5px; margin-top: 0; color: inherit; opacity: 0.8;'>Funci\u00f3n avanzada de PTRZ<\/h3>\n<p> <img style='width: 100%; height: auto; border: 1px solid rgba(150&comma;150&comma;150&comma;0.3); border-radius: 8px; margin: 15px 0;' src='https:\/\/ftp3.syscom.mx\/usuarios\/fotos\/PNM9085RQZ\/184419-feature_1-min.gif' alt=''> <\/p>\n<p style='font-size: 15px; color: inherit;'>Control remoto motorizado PTRZ&comma; El modelo PNM-9085RQZ se ha convertido en un dispositivo mas ligero y compacto que sus predecesores&comma; cuenta con la funcion de ajuste remoto de paneo&comma; tildeo&comma; rotacion y zoom para agilizar la instalacion y puesta en marcha del dispositivo.<\/p>\n<\/p><\/div>\n<\/p><\/div>\n<p> <!-- Secci\u00f3n de contenido con im\u00e1genes y texto --> <\/p>\n<div style='display: grid; grid-template-columns: 1fr; gap: 30px; margin-bottom: 30px;'>\n<div style='display: flex; flex-direction: column; align-items: center;'>\n<h3 style='font-size: 22px; border-bottom: 2px solid currentColor; padding-bottom: 5px; margin-top: 0; color: inherit; opacity: 0.8; text-align: center;'>H.265 + <span style='color: #f37934;'>WiseStream II<\/span><\/h3>\n<div style='display: flex; flex-wrap: wrap; gap: 30px; justify-content: center; margin-top: 15px;'> <img style='width: 45%; min-width: 250px; height: auto; border: 1px solid rgba(150&comma;150&comma;150&comma;0.3); border-radius: 8px;' src='https:\/\/ftp3.syscom.mx\/usuarios\/imendez\/Hanwha\/Serie%20X\/GIF\/WiseStream.gif' alt=''> <\/p>\n<div style='width: 45%; min-width: 250px;'>\n<p style='font-size: 15px; color: inherit; text-align: justify;'>Mediante WiseStream II&comma; la tecnolog\u00eda de compresi\u00f3n de v\u00eddeo de Hanwha Techwin&comma; la serie Wisenet X <span style='color: #f37934;'>reduce el almacenamiento de datos hasta un <strong style='color: inherit;'>99%<\/strong><\/span> en comparaci\u00f3n con la actual tecnolog\u00eda H.264&comma; cuando se combina con la compresi\u00f3n H.265. Los costes del sistema se reducen enormemente sin comprometer la calidad de las im\u00e1genes.<\/p>\n<\/p><\/div>\n<\/p><\/div>\n<\/p><\/div>\n<div style='display: flex; flex-direction: column; align-items: center;'>\n<h3 style='font-size: 22px; border-bottom: 2px solid currentColor; padding-bottom: 5px; margin-top: 0; color: inherit; opacity: 0.8; text-align: center;'>WDR <span style='color: #f37934;'>150 dB<\/span><\/h3>\n<div style='display: flex; flex-wrap: wrap; gap: 30px; justify-content: center; margin-top: 15px;'> <img style='width: 45%; min-width: 250px; height: auto; border: 1px solid rgba(150&comma;150&comma;150&comma;0.3); border-radius: 8px;' src='https:\/\/ftp3.syscom.mx\/usuarios\/imendez\/Hanwha\/Serie%20X\/GIF\/WDR%20150dB%20GIF.gif' alt=''> <\/p>\n<div style='width: 45%; min-width: 250px;'>\n<p style='font-size: 15px; color: inherit; text-align: justify;'>Una imagen de amplio rango din\u00e1mico se forma combinando 2 capturas con distintas exposiciones. La serie Wisenet X con un amplio rango din\u00e1mico de <span style='color: #f37934;'>150 dB<\/span> utiliza 4 capturas para crear im\u00e1genes m\u00e1s naturales. Las zonas borrosas son un punto d\u00e9bil cr\u00edtico asociado al amplio rango din\u00e1mico&comma; pero esta nueva tecnolog\u00eda elimina todo tipo de movimientos&comma; proporcionando im\u00e1genes vistosas y claras.<\/p>\n<p style='font-size: 15px; color: inherit; text-align: justify; margin-top: 15px;'><em>* Las c\u00e1maras de la serie Wisenet X de 5MP tienen 120dB.<\/em><\/p>\n<\/p><\/div>\n<\/p><\/div>\n<\/p><\/div>\n<div style='display: flex; flex-direction: column; align-items: center;'>\n<h3 style='font-size: 22px; border-bottom: 2px solid currentColor; padding-bottom: 5px; margin-top: 0; color: inherit; opacity: 0.8; text-align: center;'>Iluminaci\u00f3n a Color<\/h3>\n<div style='display: flex; flex-wrap: wrap; gap: 30px; justify-content: center; margin-top: 15px;'> <img style='width: 45%; min-width: 250px; height: auto; border: 1px solid rgba(150&comma;150&comma;150&comma;0.3); border-radius: 8px;' src='https:\/\/ftp3.syscom.mx\/usuarios\/imendez\/Hanwha\/Serie%20X\/GIF\/Luz%20GIF.gif' alt=''> <\/p>\n<div style='width: 45%; min-width: 250px;'>\n<p style='font-size: 15px; color: inherit; text-align: justify;'>Con el potente nuevo chipset de la serie Wisenet X y la asombrosa tecnolog\u00eda de lentes de Hanwha Techwin&comma; se pueden supervisar im\u00e1genes en entornos de poca luz&comma; incluso en color sin utilizar LED IR. Ahora se pueden capturar im\u00e1genes vistosas con independencia de la zona y de la hora del d\u00eda.<\/p>\n<\/p><\/div>\n<\/p><\/div>\n<\/p><\/div>\n<\/p><\/div>\n<p> <!-- Separador --> <\/p>\n<hr style='border: 0; border-top: 1px solid rgba(150&comma; 150&comma; 150&comma; 0.3); margin: 30px 0;'> <!-- Secci\u00f3n de especificaciones --> <\/p>\n<div style='display: flex; flex-wrap: wrap; gap: 20px; margin-bottom: 30px;'>\n<div style='flex: 1 1 250px; border: 1px solid rgba(150&comma; 150&comma; 150&comma; 0.4); border-radius: 8px; overflow: hidden; display: flex; flex-direction: column;'>\n<div style='padding: 15px; border-bottom: 1px solid rgba(150&comma; 150&comma; 150&comma; 0.2); font-weight: bold; font-size: 18px; color: inherit;'>Compresi\u00f3n de video y resoluci\u00f3n<\/div>\n<div style='padding: 15px; color: inherit;'>\n<ul style='padding-left: 20px; margin: 0; font-size: 14px; list-style-type: disc;'>\n<li style='margin-bottom: 5px;'><strong style='color: inherit;'>Compresi\u00f3n:<\/strong> H.265 \/ H.264 \/ MJPEG \/ Wisestream II<\/li>\n<li style='margin-bottom: 5px;'><strong style='color: inherit;'>Resoluci\u00f3n:<\/strong> 4 Lentes 5MP (2560 x 1920) de resoluci\u00f3n (M\u00e1x. 20MP)<\/li>\n<li style='margin-bottom: 5px;'><strong style='color: inherit;'>Lentes:<\/strong> 4 lentes varifocales motorizadas de 4.13 a 9.4 mm (2.3x)<\/li>\n<li style='margin-bottom: 5px;'><strong style='color: inherit;'>Velocidad:<\/strong> 4 x M\u00e1x. 30 ips a 5 MP<\/li>\n<li style='margin-bottom: 5px;'><strong style='color: inherit;'>Estabilizaci\u00f3n:<\/strong> Digital de imagen con sensor girosc\u00f3pico integrado<\/li>\n<li style='margin-bottom: 5px;'><strong style='color: inherit;'>Funciones:<\/strong> D\u00eda\/Noche (ICR) y WDR (120 dB)<\/li>\n<li style='margin-bottom: 5px;'><strong style='color: inherit;'>Iluminaci\u00f3n:<\/strong> Infraroja 30m<\/li>\n<li style='margin-bottom: 5px;'><strong style='color: inherit;'>Memoria RAM:<\/strong> 5 GB<\/li>\n<li style='margin-bottom: 5px;'><strong style='color: inherit;'>ONVIF:<\/strong> Profile S&comma; SUNAPI<\/li>\n<\/ul><\/div>\n<\/p><\/div>\n<div style='flex: 1 1 250px; border: 1px solid rgba(150&comma; 150&comma; 150&comma; 0.4); border-radius: 8px; overflow: hidden; display: flex; flex-direction: column;'>\n<div style='padding: 15px; border-bottom: 1px solid rgba(150&comma; 150&comma; 150&comma; 0.2); font-weight: bold; font-size: 18px; color: inherit;'>Interfaces<\/div>\n<div style='padding: 15px; color: inherit;'>\n<ul style='padding-left: 20px; margin: 0; font-size: 14px; list-style-type: disc;'>\n<li style='margin-bottom: 5px;'><strong style='color: inherit;'>Red:<\/strong> 1 puerto RJ45 10 \/ 100 \/ 1000 Mbps<\/li>\n<li style='margin-bottom: 5px;'><strong style='color: inherit;'>Audio:<\/strong> Entrada y salida de audio<\/li>\n<li style='margin-bottom: 5px;'><strong style='color: inherit;'>Almacenamiento:<\/strong> Ranura para tarjeta de memoria Micro SD \/ SDHC \/ SDXC<\/li>\n<li style='margin-bottom: 5px;'><strong style='color: inherit;'>Capacidad:<\/strong> Soporta hasta 4 tarjetas de 256 GB C\/U<\/li>\n<\/ul><\/div>\n<\/p><\/div>\n<div style='flex: 1 1 250px; border: 1px solid rgba(150&comma; 150&comma; 150&comma; 0.4); border-radius: 8px; overflow: hidden; display: flex; flex-direction: column;'>\n<div style='padding: 15px; border-bottom: 1px solid rgba(150&comma; 150&comma; 150&comma; 0.2); font-weight: bold; font-size: 18px; color: inherit;'>Caracter\u00edsticas f\u00edsicas y el\u00e9ctricas<\/div>\n<div style='padding: 15px; color: inherit;'>\n<ul style='padding-left: 20px; margin: 0; font-size: 14px; list-style-type: disc;'>\n<li style='margin-bottom: 5px;'><strong style='color: inherit;'>Temperatura de operaci\u00f3n:<\/strong> -40 a 55 \u00b0C<\/li>\n<li style='margin-bottom: 5px;'><strong style='color: inherit;'>Alimentaci\u00f3n:<\/strong> HPoE or 12VDC Max. 45 W<\/li>\n<li style='margin-bottom: 5px;'><strong style='color: inherit;'>Protecci\u00f3n:<\/strong> IP66&comma; IK10&comma; NEMA4X<\/li>\n<li style='margin-bottom: 5px;'><strong style='color: inherit;'>Dimensiones:<\/strong> \u00d8 315 x 145.9mm<\/li>\n<li style='margin-bottom: 5px;'><strong style='color: inherit;'>Peso:<\/strong> 5.2 kg<\/li>\n<\/ul><\/div>\n<\/p><\/div>\n<\/p><\/div>\n<p> <!-- Separador --> <\/p>\n<hr style='border: 0; border-top: 1px solid rgba(150&comma; 150&comma; 150&comma; 0.3); margin: 30px 0;'> <!-- Secci\u00f3n de anal\u00edticos avanzados --> <\/p>\n<div style='display: flex; flex-wrap: wrap; gap: 30px; margin-bottom: 30px;'>\n<div style='flex: 1 1 300px; min-width: 280px;'>\n<h3 style='font-size: 22px; border-bottom: 2px solid currentColor; padding-bottom: 5px; margin-top: 0; color: inherit; opacity: 0.8;'>Video Anal\u00edticos Avanzados<\/h3>\n<ul style='padding-left: 20px; font-size: 15px; color: inherit; margin-bottom: 15px;'>\n<li style='margin-bottom: 5px;'>Manipulaci\u00f3n<\/li>\n<li style='margin-bottom: 5px;'>Merodeo<\/li>\n<li style='margin-bottom: 5px;'>Detecci\u00f3n de direcci\u00f3n<\/li>\n<li style='margin-bottom: 5px;'><strong style='color: inherit;'>Cruce de l\u00ednea<\/strong><\/li>\n<li style='margin-bottom: 5px;'>Entrada \/ Salida<\/li>\n<li style='margin-bottom: 5px;'>Aparici\u00f3n \/ Desaparici\u00f3n<\/li>\n<li style='margin-bottom: 5px;'><strong style='color: inherit;'>Detecci\u00f3n de Rostros<\/strong><\/li>\n<li style='margin-bottom: 5px;'>Detecci\u00f3n de Movimiento<\/li>\n<li style='margin-bottom: 5px;'><strong style='color: inherit;'>Clasificaci\u00f3n de Sonido<\/strong><\/li>\n<li style='margin-bottom: 5px;'><strong style='color: inherit;'>Detecci\u00f3n de Audio<\/strong><\/li>\n<\/ul>\n<p style='font-size: 15px; color: inherit; text-align: center; margin-top: 20px;'><a style='color: #f37934; text-decoration: none; font-weight: bold;' href='https:\/\/ftp3.syscom.mx\/usuarios\/ftp\/2017\/03\/24\/b8351\/XNO-8080R_datasheet_170126.pdf' target='_blank' rel='noopener'>Para m\u00e1s informaci\u00f3n sobre caracter\u00edsticas t\u00e9cnicas<\/a><\/p>\n<\/p><\/div>\n<\/p><\/div>\n<p> <!-- Separador --> <\/p>\n<hr style='border: 0; border-top: 1px solid rgba(150&comma; 150&comma; 150&comma; 0.3); margin: 30px 0;'> <!-- Secci\u00f3n de caracter\u00edsticas adicionales --> <\/p>\n<div style='display: flex; flex-wrap: wrap; gap: 20px; margin-bottom: 30px;'>\n<div style='flex: 1 1 250px; border: 1px solid rgba(150&comma; 150&comma; 150&comma; 0.4); border-radius: 8px; overflow: hidden; display: flex; flex-direction: column; align-items: center; padding: 15px;'> <strong style='color: inherit;'>H.265 &amp; WiseStream II<\/strong> <\/div>\n<div style='flex: 1 1 250px; border: 1px solid rgba(150&comma; 150&comma; 150&comma; 0.4); border-radius: 8px; overflow: hidden; display: flex; flex-direction: column; align-items: center; padding: 15px;'> <strong style='color: inherit;'>Anal\u00edticos de Audio<\/strong> <\/div>\n<div style='flex: 1 1 250px; border: 1px solid rgba(150&comma; 150&comma; 150&comma; 0.4); border-radius: 8px; overflow: hidden; display: flex; flex-direction: column; align-items: center; padding: 15px;'> <strong style='color: inherit;'>Auto-Seguimiento Digital<\/strong> <\/div>\n<\/p><\/div>\n<p> <!-- Secci\u00f3n de videos --> <\/p>\n<div style='display: flex; flex-wrap: wrap; gap: 30px; margin-bottom: 30px; justify-content: center;'>\n<div style='flex: 1 1 300px; min-width: 280px;'>\n<div style='position: relative; padding-bottom: 56.25%; height: 0; overflow: hidden; margin-bottom: 30px;'>   <\/div>\n<div style='text-align: center; font-size: 16px; color: inherit; margin-bottom: 20px;'><strong style='color: inherit;'>Demostraci\u00f3n WDR 150dB<\/strong><\/div>\n<\/p><\/div>\n<div style='flex: 1 1 300px; min-width: 280px;'>\n<div style='position: relative; padding-bottom: 56.25%; height: 0; overflow: hidden; margin-bottom: 30px;'>   <\/div>\n<div style='text-align: center; font-size: 16px; color: inherit; margin-bottom: 20px;'><strong style='color: inherit;'>Detecci\u00f3n de Rostros<\/strong><\/div>\n<\/p><\/div>\n<div style='flex: 1 1 300px; min-width: 280px;'>\n<div style='position: relative; padding-bottom: 56.25%; height: 0; overflow: hidden; margin-bottom: 30px;'>   <\/div>\n<div style='text-align: center; font-size: 16px; color: inherit; margin-bottom: 20px;'><strong style='color: inherit;'>Funci\u00f3n Handover<\/strong><\/div>\n<\/p><\/div>\n<div style='flex: 1 1 300px; min-width: 280px;'>\n<div style='position: relative; padding-bottom: 56.25%; height: 0; overflow: hidden; margin-bottom: 30px;'>   <\/div>\n<div style='text-align: center; font-size: 16px; color: inherit; margin-bottom: 20px;'><strong style='color: inherit;'>Demostraci\u00f3n WDR 150dB<\/strong><\/div>\n<\/p><\/div>\n<div style='flex: 1 1 300px; min-width: 280px;'>\n<div style='position: relative; padding-bottom: 56.25%; height: 0; overflow: hidden; margin-bottom: 30px;'>   <\/div>\n<div style='text-align: center; font-size: 16px; color: inherit; margin-bottom: 20px;'><strong style='color: inherit;'>Detecci\u00f3n de Rostros<\/strong><\/div>\n<\/p><\/div>\n<div style='flex: 1 1 300px; min-width: 280px;'>\n<div style='position: relative; padding-bottom: 56.25%; height: 0; overflow: hidden; margin-bottom: 30px;'>   <\/div>\n<div style='text-align: center; font-size: 16px; color: inherit; margin-bottom: 20px;'><strong style='color: inherit;'>Funci\u00f3n Handover<\/strong><\/div>\n<\/p><\/div>\n<\/p><\/div>\n<\/p><\/div>\n","protected":false},"excerpt":{"rendered":"<p>Camara IP Multisensor 20MP (4 Sensores de 5MP), WDR 120 DB Lente Motorizado 4.13 &#8211; 9.4 MM  12Vcc\/ HPOE \/IP66 \/IK10<\/p>\n","protected":false},"featured_media":108561,"comment_status":"open","ping_status":"closed","template":"","meta":[],"product_brand":[],"product_cat":[2248],"product_tag":[122,2249,1055],"class_list":{"0":"post-108562","1":"product","2":"type-product","3":"status-publish","4":"has-post-thumbnail","6":"product_cat-fisheye-y-hemisfericas","7":"product_tag-camaras-ip-y-nvrs","8":"product_tag-fisheye-y-hemisfericas","9":"product_tag-hanwha-vision","11":"first","12":"outofstock","13":"sale","14":"shipping-taxable","15":"purchasable","16":"product-type-simple"},"_links":{"self":[{"href":"https:\/\/soydeaqui.ddns.net\/pachuca\/index.php\/wp-json\/wp\/v2\/product\/108562","targetHints":{"allow":["GET"]}}],"collection":[{"href":"https:\/\/soydeaqui.ddns.net\/pachuca\/index.php\/wp-json\/wp\/v2\/product"}],"about":[{"href":"https:\/\/soydeaqui.ddns.net\/pachuca\/index.php\/wp-json\/wp\/v2\/types\/product"}],"replies":[{"embeddable":true,"href":"https:\/\/soydeaqui.ddns.net\/pachuca\/index.php\/wp-json\/wp\/v2\/comments?post=108562"}],"wp:featuredmedia":[{"embeddable":true,"href":"https:\/\/soydeaqui.ddns.net\/pachuca\/index.php\/wp-json\/wp\/v2\/media\/108561"}],"wp:attachment":[{"href":"https:\/\/soydeaqui.ddns.net\/pachuca\/index.php\/wp-json\/wp\/v2\/media?parent=108562"}],"wp:term":[{"taxonomy":"product_brand","embeddable":true,"href":"https:\/\/soydeaqui.ddns.net\/pachuca\/index.php\/wp-json\/wp\/v2\/product_brand?post=108562"},{"taxonomy":"product_cat","embeddable":true,"href":"https:\/\/soydeaqui.ddns.net\/pachuca\/index.php\/wp-json\/wp\/v2\/product_cat?post=108562"},{"taxonomy":"product_tag","embeddable":true,"href":"https:\/\/soydeaqui.ddns.net\/pachuca\/index.php\/wp-json\/wp\/v2\/product_tag?post=108562"}],"curies":[{"name":"wp","href":"https:\/\/api.w.org\/{rel}","templated":true}]}}