{"id":108556,"date":"2026-03-20T18:08:28","date_gmt":"2026-03-20T18:08:28","guid":{"rendered":"https:\/\/soydeaqui.ddns.net\/pachuca\/index.php\/producto\/switch-cctv-poe-para-exterior-no-administrable-con-8-puertos-gigabit-poe-af-at-2-x-gigabit-sfp-presupuesto-120w-ideal-para-aplicaciones-de-videovigilancia\/"},"modified":"2026-03-20T18:08:45","modified_gmt":"2026-03-20T18:08:45","slug":"switch-cctv-poe-para-exterior-no-administrable-con-8-puertos-gigabit-poe-af-at-2-x-gigabit-sfp-presupuesto-120w-ideal-para-aplicaciones-de-videovigilancia","status":"publish","type":"product","link":"https:\/\/soydeaqui.ddns.net\/pachuca\/index.php\/producto\/switch-cctv-poe-para-exterior-no-administrable-con-8-puertos-gigabit-poe-af-at-2-x-gigabit-sfp-presupuesto-120w-ideal-para-aplicaciones-de-videovigilancia\/","title":{"rendered":"Switch CCTV PoE para exterior \/ No administrable \/ Con 8 puertos Gigabit PoE af\/at + 2 x Gigabit SFP \/  Presupuesto 120W \/ Ideal para Aplicaciones de Videovigilancia"},"content":{"rendered":"<div style='width: 100%; max-width: 1200px; margin: 0 auto; font-family: sans-serif; line-height: 1.6; color: inherit; background-color: transparent;'> <!-- Imagen principal --> <\/p>\n<div style='width: 100%; margin: 30px 0;'> <img style='width: 100%; height: auto; border: 1px solid rgba(150&comma;150&comma;150&comma;0.3); border-radius: 8px;' src='https:\/\/ftp3.syscom.mx\/usuarios\/fotos\/WIPS309GFO\/210172-20220708092815_61361.jpeg' alt=''> <\/div>\n<p> <!-- Secciones con contenido --> <\/p>\n<div style='display: flex; flex-direction: column; gap: 40px; margin-bottom: 30px;'> <!-- Secci\u00f3n 1 --> <\/p>\n<div style='text-align: center;'>\n<h2 style='font-size: 24px; margin-bottom: 15px; color: inherit;'>Switch PoE af\/at de hasta 30W<\/h2>\n<p style='font-size: 18px; color: inherit; opacity: 0.8; margin-bottom: 20px; max-width: 800px; margin-left: auto; margin-right: auto;'> Los puertos PoE <strong style='color: inherit;'>NO pueden energizar equipos con PoE 24V pasivo<\/strong>&comma; la aplicaci\u00f3n es ideal para la instalaci\u00f3n de c\u00e1maras de seguridad que acepten el PoE estandarizado. <\/p>\n<p> <img style='width: 100%; max-width: 600px; height: auto; border: 1px solid rgba(150&comma;150&comma;150&comma;0.3); border-radius: 8px;' src='https:\/\/ftp3.syscom.mx\/usuarios\/fotos\/WIPS309GFO\/210172-20220708092832_68453.jpeg' alt=''> <\/div>\n<p> <!-- Secci\u00f3n 2 --> <\/p>\n<div style='text-align: center;'>\n<h2 style='font-size: 24px; margin-bottom: 15px; color: inherit;'>Instalaciones en Pared o Poste<\/h2>\n<p style='font-size: 18px; color: inherit; opacity: 0.8; margin-bottom: 20px; max-width: 800px; margin-left: auto; margin-right: auto;'> Se adapta a cualquier aplicaci\u00f3n de CCTV&comma; esto para que sea m\u00e1s practico el medio de instalaci\u00f3n del Switch. <\/p>\n<p> <img style='width: 100%; max-width: 600px; height: auto; border: 1px solid rgba(150&comma;150&comma;150&comma;0.3); border-radius: 8px;' src='https:\/\/ftp3.syscom.mx\/usuarios\/fotos\/WIPS309GFO\/210172-20220708092856_49457.jpeg' alt=''> <\/div>\n<p> <!-- Secci\u00f3n 3 --> <\/p>\n<div style='text-align: center;'>\n<h2 style='font-size: 24px; margin-bottom: 15px; color: inherit;'>Todo en un mismo dispositivo<\/h2>\n<p style='font-size: 18px; color: inherit; opacity: 0.8; margin-bottom: 20px; max-width: 800px; margin-left: auto; margin-right: auto;'> Plug and play&comma; el equipo ya cuenta con todo lo necesario para solamente llegar&comma; instalar y conectar las c\u00e1maras. En las aplicaciones tradicionales&comma; es necesario contar con una mayor cantidad de elementos&comma; esto para la misma aplicaci\u00f3n. <\/p>\n<p> <img style='width: 100%; max-width: 600px; height: auto; border: 1px solid rgba(150&comma;150&comma;150&comma;0.3); border-radius: 8px;' src='https:\/\/ftp3.syscom.mx\/usuarios\/fotos\/WIPS309GFO\/210172-20220708092843_38034_copia.jpg' alt=''> <\/div>\n<\/p><\/div>\n<p> <!-- Separador --> <\/p>\n<hr style='border: 0; border-top: 1px solid rgba(150&comma; 150&comma; 150&comma; 0.3); margin: 30px 0;'> <!-- Tabla de especificaciones --> <\/p>\n<div style='display: flex; flex-direction: column; gap: 20px; margin-bottom: 30px;'>\n<h3 style='font-size: 22px; border-bottom: 2px solid currentColor; padding-bottom: 5px; margin-top: 0; color: inherit; opacity: 0.8;'>Especificaciones<\/h3>\n<div style='display: flex; flex-wrap: wrap; gap: 20px;'>\n<div style='flex: 1 1 250px; border: 1px solid rgba(150&comma; 150&comma; 150&comma; 0.4); border-radius: 8px; overflow: hidden; display: flex; flex-direction: column;'>\n<div style='padding: 15px; border-bottom: 1px solid rgba(150&comma; 150&comma; 150&comma; 0.2); font-weight: bold; font-size: 18px; color: inherit;'>Especificaciones Generales<\/div>\n<div style='padding: 15px; color: inherit;'>\n<ul style='padding-left: 20px; margin: 0; font-size: 14px; list-style-type: disc;'>\n<li style='margin-bottom: 5px;'><strong style='color: inherit;'>Dimensiones:<\/strong> 215 x 354 x 48 mm<\/li>\n<li style='margin-bottom: 5px;'><strong style='color: inherit;'>Fuente de alimentaci\u00f3n interna:<\/strong> AC 100-240 V&comma; 50\/60Hz<\/li>\n<li style='margin-bottom: 5px;'><strong style='color: inherit;'>Bandwidth:<\/strong> 20 Gbps<\/li>\n<li style='margin-bottom: 5px;'><strong style='color: inherit;'>Mac Address Table:<\/strong> 4K<\/li>\n<li style='margin-bottom: 5px;'><strong style='color: inherit;'>Packet Forwarding Rate:<\/strong> 11.9 Mpps<\/li>\n<\/ul><\/div>\n<\/p><\/div>\n<div style='flex: 1 1 250px; border: 1px solid rgba(150&comma; 150&comma; 150&comma; 0.4); border-radius: 8px; overflow: hidden; display: flex; flex-direction: column;'>\n<div style='padding: 15px; border-bottom: 1px solid rgba(150&comma; 150&comma; 150&comma; 0.2); font-weight: bold; font-size: 18px; color: inherit;'>Puertos<\/div>\n<div style='padding: 15px; color: inherit;'>\n<ul style='padding-left: 20px; margin: 0; font-size: 14px; list-style-type: disc;'>\n<li style='margin-bottom: 5px;'><strong style='color: inherit;'>Interfaces de Red:<\/strong> (8) 10\/100\/1000 Mbps<br \/>(2) SFP 10\/100\/1000 Mbps<\/li>\n<li style='margin-bottom: 5px;'><strong style='color: inherit;'>Puertos PoE (RJ45):<\/strong> Puertos 1-8: Hasta 30W<br \/>Presupuesto de PoE: 120W<\/li>\n<\/ul><\/div>\n<\/p><\/div>\n<div style='flex: 1 1 250px; border: 1px solid rgba(150&comma; 150&comma; 150&comma; 0.4); border-radius: 8px; overflow: hidden; display: flex; flex-direction: column;'>\n<div style='padding: 15px; border-bottom: 1px solid rgba(150&comma; 150&comma; 150&comma; 0.2); font-weight: bold; font-size: 18px; color: inherit;'>Caracter\u00edsticas F\u00edsicas<\/div>\n<div style='padding: 15px; color: inherit;'>\n<ul style='padding-left: 20px; margin: 0; font-size: 14px; list-style-type: disc;'>\n<li style='margin-bottom: 5px;'><strong style='color: inherit;'>Nivel de protecci\u00f3n:<\/strong> Lightning protection 6KV<br \/>6KV ESD Contact discharge<\/li>\n<li style='margin-bottom: 5px;'><strong style='color: inherit;'>Temperatura de operaci\u00f3n:<\/strong> -30 to 70\u00b0 C<\/li>\n<li style='margin-bottom: 5px;'><strong style='color: inherit;'>Certificaciones:<\/strong> CE&comma; FCC&comma; RoHS<\/li>\n<\/ul><\/div>\n<\/p><\/div>\n<div style='flex: 1 1 250px; border: 1px solid rgba(150&comma; 150&comma; 150&comma; 0.4); border-radius: 8px; overflow: hidden; display: flex; flex-direction: column;'>\n<div style='padding: 15px; border-bottom: 1px solid rgba(150&comma; 150&comma; 150&comma; 0.2); font-weight: bold; font-size: 18px; color: inherit;'>Contenido del Paquete<\/div>\n<div style='padding: 15px; color: inherit;'>\n<ul style='padding-left: 20px; margin: 0; font-size: 14px; list-style-type: disc;'>\n<li style='margin-bottom: 5px;'><strong style='color: inherit;'>Contenido del Paquete:<\/strong> Switch PoE<br \/>Kit de Montaje<br \/>Gu\u00eda de Usuario\/Garant\u00eda<\/li>\n<\/ul><\/div>\n<\/p><\/div>\n<div style='flex: 1 1 250px; border: 1px solid rgba(150&comma; 150&comma; 150&comma; 0.4); border-radius: 8px; overflow: hidden; display: flex; flex-direction: column;'>\n<div style='padding: 15px; border-bottom: 1px solid rgba(150&comma; 150&comma; 150&comma; 0.2); font-weight: bold; font-size: 18px; color: inherit;'>Funciones Avanzadas<\/div>\n<div style='padding: 15px; color: inherit;'>\n<ul style='padding-left: 20px; margin: 0; font-size: 14px; list-style-type: disc;'>\n<li style='margin-bottom: 5px;'><strong style='color: inherit;'>M\u00e9todo de Transmisi\u00f3n:<\/strong> Store-And-Forward<\/li>\n<li style='margin-bottom: 5px;'><strong style='color: inherit;'>Funciones Avanzadas:<\/strong> Mac Address Auto-Learning<br \/>IEEE802.3x flow control for Full-duplex mode<br \/>Backpressure for Half-duplex mode<\/li>\n<\/ul><\/div>\n<\/p><\/div>\n<\/p><\/div>\n<\/p><\/div>\n<p> <!-- Separador --> <\/p>\n<hr style='border: 0; border-top: 1px solid rgba(150&comma; 150&comma; 150&comma; 0.3); margin: 30px 0;'> <\/div>\n","protected":false},"excerpt":{"rendered":"<p>Switch CCTV PoE para exterior \/ No administrable \/ Con 8 puertos Gigabit PoE af\/at + 2 x Gigabit SFP \/  Presupuesto 120W \/ Ideal para Aplicaciones de Videovigilancia<\/p>\n","protected":false},"featured_media":108555,"comment_status":"open","ping_status":"closed","template":"","meta":[],"product_brand":[],"product_cat":[1986],"product_tag":[664,1987,1262],"class_list":{"0":"post-108556","1":"product","2":"type-product","3":"status-publish","4":"has-post-thumbnail","6":"product_cat-switches-poe","7":"product_tag-networking","8":"product_tag-switches-poe","9":"product_tag-wi-tek","11":"first","12":"outofstock","13":"sale","14":"shipping-taxable","15":"purchasable","16":"product-type-simple"},"_links":{"self":[{"href":"https:\/\/soydeaqui.ddns.net\/pachuca\/index.php\/wp-json\/wp\/v2\/product\/108556","targetHints":{"allow":["GET"]}}],"collection":[{"href":"https:\/\/soydeaqui.ddns.net\/pachuca\/index.php\/wp-json\/wp\/v2\/product"}],"about":[{"href":"https:\/\/soydeaqui.ddns.net\/pachuca\/index.php\/wp-json\/wp\/v2\/types\/product"}],"replies":[{"embeddable":true,"href":"https:\/\/soydeaqui.ddns.net\/pachuca\/index.php\/wp-json\/wp\/v2\/comments?post=108556"}],"wp:featuredmedia":[{"embeddable":true,"href":"https:\/\/soydeaqui.ddns.net\/pachuca\/index.php\/wp-json\/wp\/v2\/media\/108555"}],"wp:attachment":[{"href":"https:\/\/soydeaqui.ddns.net\/pachuca\/index.php\/wp-json\/wp\/v2\/media?parent=108556"}],"wp:term":[{"taxonomy":"product_brand","embeddable":true,"href":"https:\/\/soydeaqui.ddns.net\/pachuca\/index.php\/wp-json\/wp\/v2\/product_brand?post=108556"},{"taxonomy":"product_cat","embeddable":true,"href":"https:\/\/soydeaqui.ddns.net\/pachuca\/index.php\/wp-json\/wp\/v2\/product_cat?post=108556"},{"taxonomy":"product_tag","embeddable":true,"href":"https:\/\/soydeaqui.ddns.net\/pachuca\/index.php\/wp-json\/wp\/v2\/product_tag?post=108556"}],"curies":[{"name":"wp","href":"https:\/\/api.w.org\/{rel}","templated":true}]}}