{"id":108554,"date":"2026-03-20T18:08:23","date_gmt":"2026-03-20T18:08:23","guid":{"rendered":"https:\/\/soydeaqui.ddns.net\/pachuca\/index.php\/producto\/carrete-de-cable-305-metros-1000-pies-4-x-18-awg-cable-direct-burial-para-uso-en-intemperie-uso-en-aplicaciones-en-sistemas-de-deteccin-de-incendio-sistemas-de-evacuacin-control-de-acces\/"},"modified":"2026-03-20T18:08:24","modified_gmt":"2026-03-20T18:08:24","slug":"carrete-de-cable-305-metros-1000-pies-4-x-18-awg-cable-direct-burial-para-uso-en-intemperie-uso-en-aplicaciones-en-sistemas-de-deteccin-de-incendio-sistemas-de-evacuacin-control-de-acces","status":"publish","type":"product","link":"https:\/\/soydeaqui.ddns.net\/pachuca\/index.php\/producto\/carrete-de-cable-305-metros-1000-pies-4-x-18-awg-cable-direct-burial-para-uso-en-intemperie-uso-en-aplicaciones-en-sistemas-de-deteccin-de-incendio-sistemas-de-evacuacin-control-de-acces\/","title":{"rendered":"Carrete de Cable 305 Metros (1000 Pies) \/ 4 x 18 AWG \/ Cable Direct Burial \/ Para Uso en Intemperie \/ Uso en Aplicaciones en Sistemas de Detecci?n de Incendio, Sistemas de Evacuaci?n, Control de Acceso"},"content":{"rendered":"<div style='width: 100%; max-width: 1200px; margin: 0 auto; font-family: sans-serif; line-height: 1.6; color: inherit; background-color: transparent;'> <!-- Descripci\u00f3n principal --> <\/p>\n<div style='margin-bottom: 30px;'>\n<p style='font-size: 16px; margin-bottom: 15px;'><strong>CABLE DE 4 CONDUCTORES CALIBRE 18 CON FORRO NEGRO APLICACIONES EN ALARMAS&comma; SISTEMAS DE SEGURIDAD. AUTOMATIZACI\u00d3N&comma; MULTIPROP\u00d3SITO.<\/strong><\/p>\n<p style='font-size: 16px; margin-bottom: 15px;'>Conductores de cobre suave s\u00f3lido aislamiento de PVC&comma; identificado por c\u00f3digo de colores&comma; y forro total de PVC.<\/p>\n<p style='font-size: 16px; margin-bottom: 15px;'>Uso en aplicaciones de alarmas y sistemas de seguridad&comma; aplicaci\u00f3n multiprop\u00f3sito.<\/p>\n<\/p><\/div>\n<p> <!-- Secci\u00f3n de caracter\u00edsticas --> <\/p>\n<div style='display: flex; flex-wrap: wrap; gap: 30px; margin-bottom: 30px;'>\n<div style='flex: 1 1 300px; min-width: 280px;'>\n<div style='border-left: 5px solid #F52207; border-radius: 5px; padding: 15px; background-color: rgba(245&comma; 34&comma; 7&comma; 0.05);'>\n<h3 style='font-size: 18px; margin-top: 0; margin-bottom: 15px; color: inherit;'><strong>Caracter\u00edsticas<\/strong><\/h3>\n<ul style='padding-left: 20px; font-size: 15px; color: inherit; list-style-type: disc;'>\n<li style='margin-bottom: 8px;'>Alarmas de detecci\u00f3n de robo<\/li>\n<li style='margin-bottom: 8px;'>Paneles con tecnolog\u00eda convencional<\/li>\n<li style='margin-bottom: 8px;'>Sistemas de seguridad<\/li>\n<li style='margin-bottom: 8px;'>Aplicaci\u00f3n multiprop\u00f3sito<\/li>\n<\/ul><\/div>\n<\/p><\/div>\n<div style='flex: 1 1 300px; min-width: 280px;'>\n<div style='border-left: 5px solid #F52207; border-radius: 5px; padding: 15px; background-color: rgba(245&comma; 34&comma; 7&comma; 0.05);'>\n<h3 style='font-size: 18px; margin-top: 0; margin-bottom: 15px; color: inherit;'><strong>Caracter\u00edsticas f\u00edsicas y el\u00e9ctricas<\/strong><\/h3>\n<ul style='padding-left: 20px; font-size: 15px; color: inherit; list-style-type: disc;'>\n<li style='margin-bottom: 8px;'><strong>Tipo:<\/strong> 4 x 18 AWG<\/li>\n<li style='margin-bottom: 8px;'><strong>Impedancia (\u03a9):<\/strong> 36<\/li>\n<li style='margin-bottom: 8px;'><strong>Color externo:<\/strong> Negro<\/li>\n<li style='margin-bottom: 8px;'><strong>Color interno:<\/strong> Negro&comma; Rojo&comma; Verde&comma; Amarillo<\/li>\n<li style='margin-bottom: 8px;'><strong>Di\u00e1metro exterior (mm):<\/strong> 7.49<\/li>\n<li style='margin-bottom: 8px;'><strong>FPL<\/strong> = (Fire Power Limited): Cable de uso general en aplicaci\u00f3n de incendio<\/li>\n<li style='margin-bottom: 8px;'><strong>Temperatura de operaci\u00f3n:<\/strong> -20\u00b0C a 75\u00b0C<\/li>\n<\/ul><\/div>\n<\/p><\/div>\n<div style='flex: 1 1 300px; min-width: 280px;'>\n<div style='border-left: 5px solid #F52207; border-radius: 5px; padding: 15px; background-color: rgba(245&comma; 34&comma; 7&comma; 0.05);'>\n<h3 style='font-size: 18px; margin-top: 0; margin-bottom: 15px; color: inherit;'><strong>Est\u00e1ndares<\/strong><\/h3>\n<ul style='padding-left: 20px; font-size: 15px; color: inherit; list-style-type: disc;'>\n<li style='margin-bottom: 8px;'>UL<\/li>\n<li style='margin-bottom: 8px;'>FPL&comma; CL2&comma; Enterrado Directo<\/li>\n<\/ul><\/div>\n<\/p><\/div>\n<\/p><\/div>\n<p> <!-- Nota final --> <\/p>\n<div style='margin-top: 20px;'>\n<p style='font-size: 15px; margin: 0; color: inherit;'><strong>* Precio por bobina de 305 metros.<\/strong><\/p>\n<\/p><\/div>\n<\/p><\/div>\n","protected":false},"excerpt":{"rendered":"<p>Carrete de Cable 305 Metros (1000 Pies) \/ 4 x 18 AWG \/ Cable Direct Burial \/ Para Uso en Intemperie \/ Uso en Aplicaciones en Sistemas de Detecci?n de Incendio, Sistemas de Evacuaci?n, Control de Acceso<\/p>\n","protected":false},"featured_media":108553,"comment_status":"open","ping_status":"closed","template":"","meta":[],"product_brand":[],"product_cat":[691],"product_tag":[692,488,139],"class_list":{"0":"post-108554","1":"product","2":"type-product","3":"status-publish","4":"has-post-thumbnail","6":"product_cat-audio-y-video-cables-y-conectores","7":"product_tag-audio-y-video","8":"product_tag-cables-y-conectores","9":"product_tag-genesis","11":"first","12":"instock","13":"sale","14":"shipping-taxable","15":"purchasable","16":"product-type-simple"},"_links":{"self":[{"href":"https:\/\/soydeaqui.ddns.net\/pachuca\/index.php\/wp-json\/wp\/v2\/product\/108554","targetHints":{"allow":["GET"]}}],"collection":[{"href":"https:\/\/soydeaqui.ddns.net\/pachuca\/index.php\/wp-json\/wp\/v2\/product"}],"about":[{"href":"https:\/\/soydeaqui.ddns.net\/pachuca\/index.php\/wp-json\/wp\/v2\/types\/product"}],"replies":[{"embeddable":true,"href":"https:\/\/soydeaqui.ddns.net\/pachuca\/index.php\/wp-json\/wp\/v2\/comments?post=108554"}],"wp:featuredmedia":[{"embeddable":true,"href":"https:\/\/soydeaqui.ddns.net\/pachuca\/index.php\/wp-json\/wp\/v2\/media\/108553"}],"wp:attachment":[{"href":"https:\/\/soydeaqui.ddns.net\/pachuca\/index.php\/wp-json\/wp\/v2\/media?parent=108554"}],"wp:term":[{"taxonomy":"product_brand","embeddable":true,"href":"https:\/\/soydeaqui.ddns.net\/pachuca\/index.php\/wp-json\/wp\/v2\/product_brand?post=108554"},{"taxonomy":"product_cat","embeddable":true,"href":"https:\/\/soydeaqui.ddns.net\/pachuca\/index.php\/wp-json\/wp\/v2\/product_cat?post=108554"},{"taxonomy":"product_tag","embeddable":true,"href":"https:\/\/soydeaqui.ddns.net\/pachuca\/index.php\/wp-json\/wp\/v2\/product_tag?post=108554"}],"curies":[{"name":"wp","href":"https:\/\/api.w.org\/{rel}","templated":true}]}}