{"id":108550,"date":"2026-03-20T18:08:10","date_gmt":"2026-03-20T18:08:10","guid":{"rendered":"https:\/\/soydeaqui.ddns.net\/pachuca\/index.php\/producto\/metro-de-cable-coaxial-de-75-ohms-de-baja-prdida-lmr600-75\/"},"modified":"2026-03-20T18:08:12","modified_gmt":"2026-03-20T18:08:12","slug":"metro-de-cable-coaxial-de-75-ohms-de-baja-prdida-lmr600-75","status":"publish","type":"product","link":"https:\/\/soydeaqui.ddns.net\/pachuca\/index.php\/producto\/metro-de-cable-coaxial-de-75-ohms-de-baja-prdida-lmr600-75\/","title":{"rendered":"Metro de Cable Coaxial de 75 Ohms de Baja P?rdida, LMR600-75"},"content":{"rendered":"<div style='width: 100%; max-width: 1200px; margin: 0 auto; font-family: sans-serif; line-height: 1.6; color: inherit; background-color: transparent;'> <!-- Descripci\u00f3n general --> <\/p>\n<div style='margin-bottom: 30px;'>\n<p style='margin-top: 0; margin-bottom: 15px; color: inherit;'> Cable coaxial Times LMR de alto desempe\u00f1o. Dise\u00f1o superior con gran flexibilidad y baja p\u00e9rdida&comma; recomendado para una gran variedad de aplicaciones que requieran un cable RF de baja p\u00e9rdida y de f\u00e1cil instalaci\u00f3n. <\/p>\n<\/p><\/div>\n<p> <!-- Ventajas --> <\/p>\n<div style='display: flex; flex-wrap: wrap; gap: 30px; margin-bottom: 30px;'>\n<div style='flex: 1 1 300px; min-width: 280px;'>\n<h3 style='font-size: 22px; border-bottom: 2px solid currentColor; padding-bottom: 5px; margin-top: 0; color: inherit; opacity: 0.8;'>Ventajas<\/h3>\n<ul style='padding-left: 20px; font-size: 15px; color: inherit;'>\n<li style='margin-bottom: 5px;'>Desempe\u00f1o similar al ofrecido por cables de cobre corrugado<\/li>\n<li style='margin-bottom: 5px;'>Flexibilidad superior<\/li>\n<li style='margin-bottom: 5px;'>Mayor facilidad y rapidez de instalaci\u00f3n<\/li>\n<li style='margin-bottom: 5px;'>Mejor blindaje y menor p\u00e9rdida comparado con otros cables del tipo RG<\/li>\n<\/ul><\/div>\n<p> <!-- Aplicaciones --> <\/p>\n<div style='flex: 1 1 300px; min-width: 280px;'>\n<h3 style='font-size: 22px; border-bottom: 2px solid currentColor; padding-bottom: 5px; margin-top: 0; color: inherit; opacity: 0.8;'>Aplicaciones<\/h3>\n<ul style='padding-left: 20px; font-size: 15px; color: inherit;'>\n<li style='margin-bottom: 5px;'>Aplicaciones satelitales<\/li>\n<li style='margin-bottom: 5px;'>Aplicaciones de Video&comma; CCTV&comma; CATV<\/li>\n<li style='margin-bottom: 5px;'>Jumpers para sistemas de video<\/li>\n<li style='margin-bottom: 5px;'>Cualquier aplicaci\u00f3n que requiera cable coaxial de 75 Ohms<\/li>\n<\/ul><\/div>\n<\/p><\/div>\n<p> <!-- Especificaciones --> <\/p>\n<div style='display: flex; flex-wrap: wrap; gap: 20px; margin-bottom: 30px;'>\n<div style='flex: 1 1 250px; border: 1px solid rgba(150&comma; 150&comma; 150&comma; 0.4); border-radius: 8px; overflow: hidden; display: flex; flex-direction: column;'>\n<div style='padding: 15px; border-bottom: 1px solid rgba(150&comma; 150&comma; 150&comma; 0.2); font-weight: bold; font-size: 18px; color: inherit;'>Especificaciones El\u00e9ctricas<\/div>\n<div style='padding: 15px; color: inherit;'>\n<ul style='padding-left: 20px; margin: 0; font-size: 14px; list-style-type: disc;'>\n<li style='margin-bottom: 5px;'><strong>Impedancia:<\/strong> 75 Ohms<\/li>\n<li style='margin-bottom: 5px;'><strong>Factor de Velocidad:<\/strong> 87%<\/li>\n<li style='margin-bottom: 5px;'><strong>Atenuaci\u00f3n en 30 mts. a 450 MHz:<\/strong> 1.6 dB<\/li>\n<li style='margin-bottom: 5px;'><strong>Atenuaci\u00f3n en 30 mts. a 900 MHz:<\/strong> 2.3 dB<\/li>\n<li style='margin-bottom: 5px;'><strong>Blindaje:<\/strong> Malla Cobre Esta\u00f1ado + 100% Cinta Laminada de Aluminio<\/li>\n<li style='margin-bottom: 5px;'><strong>Efectividad de Blindaje:<\/strong> mayor a 90 dB<\/li>\n<li style='margin-bottom: 5px;'><strong>Frecuencia M\u00e1xima:<\/strong> 6 GHz<\/li>\n<li style='margin-bottom: 5px;'><strong>Potencia Nominal:<\/strong> 1.16 kW a 450 MHz<\/li>\n<\/ul><\/div>\n<\/p><\/div>\n<div style='flex: 1 1 250px; border: 1px solid rgba(150&comma; 150&comma; 150&comma; 0.4); border-radius: 8px; overflow: hidden; display: flex; flex-direction: column;'>\n<div style='padding: 15px; border-bottom: 1px solid rgba(150&comma; 150&comma; 150&comma; 0.2); font-weight: bold; font-size: 18px; color: inherit;'>Especificaciones F\u00edsicas<\/div>\n<div style='padding: 15px; color: inherit;'>\n<ul style='padding-left: 20px; margin: 0; font-size: 14px; list-style-type: disc;'>\n<li style='margin-bottom: 5px;'><strong>Di\u00e1metro Exterior del Cable:<\/strong> 14.99 mm<\/li>\n<li style='margin-bottom: 5px;'><strong>Di\u00e1metro del Conductor Interno:<\/strong> 2.74 mm<\/li>\n<li style='margin-bottom: 5px;'><strong>Material del Conductor Central:<\/strong> Aluminio s\u00f3lido recubierto de cobre<\/li>\n<li style='margin-bottom: 5px;'><strong>Aislamiento Diel\u00e9ctrico:<\/strong> Polietileno Espumado de Alta Densidad<\/li>\n<li style='margin-bottom: 5px;'><strong>Radio M\u00ednimo de Doblez:<\/strong> 152.4 mm<\/li>\n<li style='margin-bottom: 5px;'><strong>Peso por metro:<\/strong> 0.2 Kg<\/li>\n<li style='margin-bottom: 5px;'><strong>Temperatura de Operaci\u00f3n:<\/strong> -40 \u00baC a +85 \u00baC<\/li>\n<\/ul><\/div>\n<\/p><\/div>\n<\/p><\/div>\n<p> <!-- Separador --> <\/p>\n<hr style='border: 0; border-top: 1px solid rgba(150&comma; 150&comma; 150&comma; 0.3); margin: 30px 0;'> <\/div>\n","protected":false},"excerpt":{"rendered":"<p>Metro de Cable Coaxial de 75 Ohms de Baja P?rdida, LMR600-75<\/p>\n","protected":false},"featured_media":108549,"comment_status":"open","ping_status":"closed","template":"","meta":[],"product_brand":[],"product_cat":[1558],"product_tag":[138,1559,1306],"class_list":{"0":"post-108550","1":"product","2":"type-product","3":"status-publish","4":"has-post-thumbnail","6":"product_cat-coaxiales","7":"product_tag-cables","8":"product_tag-coaxiales","9":"product_tag-times-microwave","11":"first","12":"outofstock","13":"sale","14":"shipping-taxable","15":"purchasable","16":"product-type-simple"},"_links":{"self":[{"href":"https:\/\/soydeaqui.ddns.net\/pachuca\/index.php\/wp-json\/wp\/v2\/product\/108550","targetHints":{"allow":["GET"]}}],"collection":[{"href":"https:\/\/soydeaqui.ddns.net\/pachuca\/index.php\/wp-json\/wp\/v2\/product"}],"about":[{"href":"https:\/\/soydeaqui.ddns.net\/pachuca\/index.php\/wp-json\/wp\/v2\/types\/product"}],"replies":[{"embeddable":true,"href":"https:\/\/soydeaqui.ddns.net\/pachuca\/index.php\/wp-json\/wp\/v2\/comments?post=108550"}],"wp:featuredmedia":[{"embeddable":true,"href":"https:\/\/soydeaqui.ddns.net\/pachuca\/index.php\/wp-json\/wp\/v2\/media\/108549"}],"wp:attachment":[{"href":"https:\/\/soydeaqui.ddns.net\/pachuca\/index.php\/wp-json\/wp\/v2\/media?parent=108550"}],"wp:term":[{"taxonomy":"product_brand","embeddable":true,"href":"https:\/\/soydeaqui.ddns.net\/pachuca\/index.php\/wp-json\/wp\/v2\/product_brand?post=108550"},{"taxonomy":"product_cat","embeddable":true,"href":"https:\/\/soydeaqui.ddns.net\/pachuca\/index.php\/wp-json\/wp\/v2\/product_cat?post=108550"},{"taxonomy":"product_tag","embeddable":true,"href":"https:\/\/soydeaqui.ddns.net\/pachuca\/index.php\/wp-json\/wp\/v2\/product_tag?post=108550"}],"curies":[{"name":"wp","href":"https:\/\/api.w.org\/{rel}","templated":true}]}}